{"id":379,"date":"2017-08-21T14:50:19","date_gmt":"2017-08-21T17:50:19","guid":{"rendered":"https:\/\/wp.ufpel.edu.br\/lencibio\/?page_id=379"},"modified":"2017-08-21T15:46:30","modified_gmt":"2017-08-21T18:46:30","slug":"linhas-2","status":"publish","type":"page","link":"https:\/\/wp.ufpel.edu.br\/lencibio\/linhas-2\/","title":{"rendered":"Linhas"},"content":{"rendered":"<ul>\n<li>Forma\u00e7\u00e3o de Educadores Ambientais;<\/li>\n<li>Forma\u00e7\u00e3o de Professores de Ci\u00eancias e Biologia;<\/li>\n<li>Pedagogia Universit\u00e1ria;<\/li>\n<li>Educa\u00e7\u00e3o em Sa\u00fade;<\/li>\n<li>Educa\u00e7\u00e3o Sexual;<\/li>\n<\/ul>\n","protected":false},"excerpt":{"rendered":"<p>Forma\u00e7\u00e3o de Educadores Ambientais; Forma\u00e7\u00e3o de Professores de Ci\u00eancias e Biologia; Pedagogia Universit\u00e1ria; Educa\u00e7\u00e3o em Sa\u00fade; Educa\u00e7\u00e3o Sexual;<\/p>\n","protected":false},"author":780,"featured_media":0,"parent":0,"menu_order":0,"comment_status":"closed","ping_status":"closed","template":"","meta":{"jetpack_post_was_ever_published":false,"footnotes":""},"class_list":["post-379","page","type-page","status-publish","hentry"],"jetpack_sharing_enabled":true,"jetpack_shortlink":"https:\/\/wp.me\/P90WYW-67","jetpack-related-posts":[],"_links":{"self":[{"href":"https:\/\/wp.ufpel.edu.br\/lencibio\/wp-json\/wp\/v2\/pages\/379","targetHints":{"allow":["GET"]}}],"collection":[{"href":"https:\/\/wp.ufpel.edu.br\/lencibio\/wp-json\/wp\/v2\/pages"}],"about":[{"href":"https:\/\/wp.ufpel.edu.br\/lencibio\/wp-json\/wp\/v2\/types\/page"}],"author":[{"embeddable":true,"href":"https:\/\/wp.ufpel.edu.br\/lencibio\/wp-json\/wp\/v2\/users\/780"}],"replies":[{"embeddable":true,"href":"https:\/\/wp.ufpel.edu.br\/lencibio\/wp-json\/wp\/v2\/comments?post=379"}],"version-history":[{"count":3,"href":"https:\/\/wp.ufpel.edu.br\/lencibio\/wp-json\/wp\/v2\/pages\/379\/revisions"}],"predecessor-version":[{"id":444,"href":"https:\/\/wp.ufpel.edu.br\/lencibio\/wp-json\/wp\/v2\/pages\/379\/revisions\/444"}],"wp:attachment":[{"href":"https:\/\/wp.ufpel.edu.br\/lencibio\/wp-json\/wp\/v2\/media?parent=379"}],"curies":[{"name":"wp","href":"https:\/\/api.w.org\/{rel}","templated":true}]}}