{"id":374,"date":"2017-08-21T14:49:59","date_gmt":"2017-08-21T17:49:59","guid":{"rendered":"https:\/\/wp.ufpel.edu.br\/lencibio\/?page_id=374"},"modified":"2017-08-24T16:47:12","modified_gmt":"2017-08-24T19:47:12","slug":"projetos","status":"publish","type":"page","link":"https:\/\/wp.ufpel.edu.br\/lencibio\/projetos\/","title":{"rendered":"Projetos"},"content":{"rendered":"<p style=\"text-align: center\"><strong>AN\u00c1LISE DAS POL\u00cdTICAS P\u00daBLICAS E OS IMPACTOS NA QUALIDADE DO ENSINO NA EDUCA\u00c7\u00c3O B\u00c1SICA DA REGI\u00c3O SUL DO ESTADO DO RS<\/strong><\/p>\n<p><strong>Coordenador: <\/strong>Rita de Cassia Morem Cossio Rodriguez<\/p>\n<p style=\"text-align: justify\"><strong>Cronograma:<\/strong> 1. janeiro a julho de 2017 -Diagn\u00f3stico da realidade escolar, com aplica\u00e7\u00e3o de instrumento de coleta de dados, realizados em contexto escolar, envolvendo question\u00e1rio, vislumbrando posi\u00e7\u00f5es de gestores e professores sobre Gest\u00e3o democr\u00e1tica, curr\u00edculo, programa e projetos e Programa Nacional do Livro Did\u00e1tico. 2. janeiro a julho de 2017 -Organiza\u00e7\u00e3o dos dados coletados, para an\u00e1lise coletiva nas escolas 3. abril de 2017 a julho de 2018 &#8211; Realiza\u00e7\u00e3o de grupos focais, grupos de estudos, sites e outros meios de divulga\u00e7\u00e3o e contato,com professores, gestores das escolas e dos sistemas, dos resultados da pesquisa, buscando planejamento de a\u00e7\u00f5es conjuntas. 4. Socializa\u00e7\u00e3o dos resultados atrav\u00e9s de semin\u00e1rios, participa\u00e7\u00e3o em eventos, publica\u00e7\u00f5es.<\/p>\n","protected":false},"excerpt":{"rendered":"<p>AN\u00c1LISE DAS POL\u00cdTICAS P\u00daBLICAS E OS IMPACTOS NA QUALIDADE DO ENSINO NA EDUCA\u00c7\u00c3O B\u00c1SICA DA REGI\u00c3O SUL DO ESTADO DO RS Coordenador: Rita de Cassia Morem Cossio Rodriguez Cronograma: 1. janeiro a julho de 2017 -Diagn\u00f3stico da realidade escolar, com aplica\u00e7\u00e3o de instrumento de coleta de dados, realizados em contexto escolar, envolvendo question\u00e1rio, vislumbrando posi\u00e7\u00f5es [&hellip;]<\/p>\n","protected":false},"author":780,"featured_media":0,"parent":0,"menu_order":0,"comment_status":"closed","ping_status":"closed","template":"","meta":{"jetpack_post_was_ever_published":false,"footnotes":""},"class_list":["post-374","page","type-page","status-publish","hentry"],"jetpack_sharing_enabled":true,"jetpack_shortlink":"https:\/\/wp.me\/P90WYW-62","jetpack-related-posts":[],"_links":{"self":[{"href":"https:\/\/wp.ufpel.edu.br\/lencibio\/wp-json\/wp\/v2\/pages\/374","targetHints":{"allow":["GET"]}}],"collection":[{"href":"https:\/\/wp.ufpel.edu.br\/lencibio\/wp-json\/wp\/v2\/pages"}],"about":[{"href":"https:\/\/wp.ufpel.edu.br\/lencibio\/wp-json\/wp\/v2\/types\/page"}],"author":[{"embeddable":true,"href":"https:\/\/wp.ufpel.edu.br\/lencibio\/wp-json\/wp\/v2\/users\/780"}],"replies":[{"embeddable":true,"href":"https:\/\/wp.ufpel.edu.br\/lencibio\/wp-json\/wp\/v2\/comments?post=374"}],"version-history":[{"count":10,"href":"https:\/\/wp.ufpel.edu.br\/lencibio\/wp-json\/wp\/v2\/pages\/374\/revisions"}],"predecessor-version":[{"id":567,"href":"https:\/\/wp.ufpel.edu.br\/lencibio\/wp-json\/wp\/v2\/pages\/374\/revisions\/567"}],"wp:attachment":[{"href":"https:\/\/wp.ufpel.edu.br\/lencibio\/wp-json\/wp\/v2\/media?parent=374"}],"curies":[{"name":"wp","href":"https:\/\/api.w.org\/{rel}","templated":true}]}}