{"id":369,"date":"2017-08-21T14:49:41","date_gmt":"2017-08-21T17:49:41","guid":{"rendered":"https:\/\/wp.ufpel.edu.br\/lencibio\/?page_id=369"},"modified":"2017-08-21T15:43:16","modified_gmt":"2017-08-21T18:43:16","slug":"linhas","status":"publish","type":"page","link":"https:\/\/wp.ufpel.edu.br\/lencibio\/linhas\/","title":{"rendered":"Linhas"},"content":{"rendered":"<ul>\n<li>Constru\u00e7\u00e3o de Conhecimentos;<\/li>\n<li>Metodologia e Estrat\u00e9gias de Ensino;<\/li>\n<li>Avalia\u00e7\u00e3o da Aprendizagem;<\/li>\n<li>Politicas P\u00fablicas;<\/li>\n<li>Ensino de Biologia;<\/li>\n<li>Educa\u00e7\u00e3o Ambiental;<\/li>\n<li>Educa\u00e7\u00e3o em Sa\u00fade;<\/li>\n<li>Educa\u00e7\u00e3o Sexual;<\/li>\n<\/ul>\n","protected":false},"excerpt":{"rendered":"<p>Constru\u00e7\u00e3o de Conhecimentos; Metodologia e Estrat\u00e9gias de Ensino; Avalia\u00e7\u00e3o da Aprendizagem; Politicas P\u00fablicas; Ensino de Biologia; Educa\u00e7\u00e3o Ambiental; Educa\u00e7\u00e3o em Sa\u00fade; Educa\u00e7\u00e3o Sexual;<\/p>\n","protected":false},"author":780,"featured_media":0,"parent":0,"menu_order":0,"comment_status":"closed","ping_status":"closed","template":"","meta":{"jetpack_post_was_ever_published":false,"footnotes":""},"class_list":["post-369","page","type-page","status-publish","hentry"],"jetpack_sharing_enabled":true,"jetpack_shortlink":"https:\/\/wp.me\/P90WYW-5X","jetpack-related-posts":[],"_links":{"self":[{"href":"https:\/\/wp.ufpel.edu.br\/lencibio\/wp-json\/wp\/v2\/pages\/369","targetHints":{"allow":["GET"]}}],"collection":[{"href":"https:\/\/wp.ufpel.edu.br\/lencibio\/wp-json\/wp\/v2\/pages"}],"about":[{"href":"https:\/\/wp.ufpel.edu.br\/lencibio\/wp-json\/wp\/v2\/types\/page"}],"author":[{"embeddable":true,"href":"https:\/\/wp.ufpel.edu.br\/lencibio\/wp-json\/wp\/v2\/users\/780"}],"replies":[{"embeddable":true,"href":"https:\/\/wp.ufpel.edu.br\/lencibio\/wp-json\/wp\/v2\/comments?post=369"}],"version-history":[{"count":5,"href":"https:\/\/wp.ufpel.edu.br\/lencibio\/wp-json\/wp\/v2\/pages\/369\/revisions"}],"predecessor-version":[{"id":440,"href":"https:\/\/wp.ufpel.edu.br\/lencibio\/wp-json\/wp\/v2\/pages\/369\/revisions\/440"}],"wp:attachment":[{"href":"https:\/\/wp.ufpel.edu.br\/lencibio\/wp-json\/wp\/v2\/media?parent=369"}],"curies":[{"name":"wp","href":"https:\/\/api.w.org\/{rel}","templated":true}]}}