{"id":331,"date":"2017-08-21T11:49:06","date_gmt":"2017-08-21T14:49:06","guid":{"rendered":"https:\/\/wp.ufpel.edu.br\/lencibio\/?page_id=331"},"modified":"2017-08-21T16:38:35","modified_gmt":"2017-08-21T19:38:35","slug":"3-ano","status":"publish","type":"page","link":"https:\/\/wp.ufpel.edu.br\/lencibio\/3-ano\/","title":{"rendered":"3\u00b0 ano"},"content":{"rendered":"<p>&nbsp;<\/p>\n<p style=\"text-align: justify\"><img data-recalc-dims=\"1\" data-attachment-id=\"343\" data-permalink=\"https:\/\/wp.ufpel.edu.br\/lencibio\/3-ano\/whatsapp-image-2017-08-21-at-11-51-03\/\" data-orig-file=\"https:\/\/i0.wp.com\/wp.ufpel.edu.br\/lencibio\/files\/2017\/08\/WhatsApp-Image-2017-08-21-at-11.51.03.jpeg?fit=401%2C391&amp;ssl=1\" data-orig-size=\"401,391\" data-comments-opened=\"0\" data-image-meta=\"{&quot;aperture&quot;:&quot;0&quot;,&quot;credit&quot;:&quot;&quot;,&quot;camera&quot;:&quot;&quot;,&quot;caption&quot;:&quot;&quot;,&quot;created_timestamp&quot;:&quot;0&quot;,&quot;copyright&quot;:&quot;&quot;,&quot;focal_length&quot;:&quot;0&quot;,&quot;iso&quot;:&quot;0&quot;,&quot;shutter_speed&quot;:&quot;0&quot;,&quot;title&quot;:&quot;&quot;,&quot;orientation&quot;:&quot;0&quot;}\" data-image-title=\"WhatsApp Image 2017-08-21 at 11.51.03\" data-image-description=\"\" data-image-caption=\"\" data-medium-file=\"https:\/\/i0.wp.com\/wp.ufpel.edu.br\/lencibio\/files\/2017\/08\/WhatsApp-Image-2017-08-21-at-11.51.03.jpeg?fit=400%2C390&amp;ssl=1\" data-large-file=\"https:\/\/i0.wp.com\/wp.ufpel.edu.br\/lencibio\/files\/2017\/08\/WhatsApp-Image-2017-08-21-at-11.51.03.jpeg?fit=401%2C391&amp;ssl=1\" class=\"size-medium wp-image-343 alignleft\" src=\"https:\/\/i0.wp.com\/wp.ufpel.edu.br\/lencibio\/files\/2017\/08\/WhatsApp-Image-2017-08-21-at-11.51.03.jpeg?resize=400%2C390&#038;ssl=1\" alt=\"\" width=\"400\" height=\"390\" srcset=\"https:\/\/i0.wp.com\/wp.ufpel.edu.br\/lencibio\/files\/2017\/08\/WhatsApp-Image-2017-08-21-at-11.51.03.jpeg?resize=400%2C390&amp;ssl=1 400w, https:\/\/i0.wp.com\/wp.ufpel.edu.br\/lencibio\/files\/2017\/08\/WhatsApp-Image-2017-08-21-at-11.51.03.jpeg?w=401&amp;ssl=1 401w\" sizes=\"(max-width: 400px) 100vw, 400px\" \/>1- Biologia Hoje (S\u00e9rgio Linhares e Fernando Gewandsznajder)<\/p>\n<p style=\"text-align: justify\">2- Biologia &#8211; Biologia das Popula\u00e7\u00f5es (Jos\u00e9 Mariano Amabis e Gilberto Rodrigues Martho)<\/p>\n<p style=\"text-align: justify\">3- Bio (S\u00f4nia Lopes)<\/p>\n<p style=\"text-align: justify\">4- Biologia Hoje &#8211; Gen\u00e9tica, Evolu\u00e7\u00e3o e Ecologia (S\u00e9rgio\u00a0Linhares e Fernando Gewandsznajder)<\/p>\n<p>&nbsp;<\/p>\n<p>&nbsp;<\/p>\n","protected":false},"excerpt":{"rendered":"<p>&nbsp; 1- Biologia Hoje (S\u00e9rgio Linhares e Fernando Gewandsznajder) 2- Biologia &#8211; Biologia das Popula\u00e7\u00f5es (Jos\u00e9 Mariano Amabis e Gilberto Rodrigues Martho) 3- Bio (S\u00f4nia Lopes) 4- Biologia Hoje &#8211; Gen\u00e9tica, Evolu\u00e7\u00e3o e Ecologia (S\u00e9rgio\u00a0Linhares e Fernando Gewandsznajder) &nbsp; &nbsp;<\/p>\n","protected":false},"author":780,"featured_media":0,"parent":0,"menu_order":0,"comment_status":"closed","ping_status":"closed","template":"","meta":{"jetpack_post_was_ever_published":false,"footnotes":""},"class_list":["post-331","page","type-page","status-publish","hentry"],"jetpack_sharing_enabled":true,"jetpack_shortlink":"https:\/\/wp.me\/P90WYW-5l","jetpack-related-posts":[],"_links":{"self":[{"href":"https:\/\/wp.ufpel.edu.br\/lencibio\/wp-json\/wp\/v2\/pages\/331","targetHints":{"allow":["GET"]}}],"collection":[{"href":"https:\/\/wp.ufpel.edu.br\/lencibio\/wp-json\/wp\/v2\/pages"}],"about":[{"href":"https:\/\/wp.ufpel.edu.br\/lencibio\/wp-json\/wp\/v2\/types\/page"}],"author":[{"embeddable":true,"href":"https:\/\/wp.ufpel.edu.br\/lencibio\/wp-json\/wp\/v2\/users\/780"}],"replies":[{"embeddable":true,"href":"https:\/\/wp.ufpel.edu.br\/lencibio\/wp-json\/wp\/v2\/comments?post=331"}],"version-history":[{"count":5,"href":"https:\/\/wp.ufpel.edu.br\/lencibio\/wp-json\/wp\/v2\/pages\/331\/revisions"}],"predecessor-version":[{"id":496,"href":"https:\/\/wp.ufpel.edu.br\/lencibio\/wp-json\/wp\/v2\/pages\/331\/revisions\/496"}],"wp:attachment":[{"href":"https:\/\/wp.ufpel.edu.br\/lencibio\/wp-json\/wp\/v2\/media?parent=331"}],"curies":[{"name":"wp","href":"https:\/\/api.w.org\/{rel}","templated":true}]}}