{"id":326,"date":"2017-08-21T11:48:17","date_gmt":"2017-08-21T14:48:17","guid":{"rendered":"https:\/\/wp.ufpel.edu.br\/lencibio\/?page_id=326"},"modified":"2017-08-21T16:32:44","modified_gmt":"2017-08-21T19:32:44","slug":"1-ano-2","status":"publish","type":"page","link":"https:\/\/wp.ufpel.edu.br\/lencibio\/1-ano-2\/","title":{"rendered":"1\u00b0 ano"},"content":{"rendered":"<p style=\"text-align: justify\"><img data-recalc-dims=\"1\" data-attachment-id=\"337\" data-permalink=\"https:\/\/wp.ufpel.edu.br\/lencibio\/1-ano-2\/whatsapp-image-2017-08-21-at-11-46-42\/\" data-orig-file=\"https:\/\/i0.wp.com\/wp.ufpel.edu.br\/lencibio\/files\/2017\/08\/WhatsApp-Image-2017-08-21-at-11.46.42.jpeg?fit=398%2C389&amp;ssl=1\" data-orig-size=\"398,389\" data-comments-opened=\"0\" data-image-meta=\"{&quot;aperture&quot;:&quot;0&quot;,&quot;credit&quot;:&quot;&quot;,&quot;camera&quot;:&quot;&quot;,&quot;caption&quot;:&quot;&quot;,&quot;created_timestamp&quot;:&quot;0&quot;,&quot;copyright&quot;:&quot;&quot;,&quot;focal_length&quot;:&quot;0&quot;,&quot;iso&quot;:&quot;0&quot;,&quot;shutter_speed&quot;:&quot;0&quot;,&quot;title&quot;:&quot;&quot;,&quot;orientation&quot;:&quot;0&quot;}\" data-image-title=\"WhatsApp Image 2017-08-21 at 11.46.42\" data-image-description=\"\" data-image-caption=\"\" data-medium-file=\"https:\/\/i0.wp.com\/wp.ufpel.edu.br\/lencibio\/files\/2017\/08\/WhatsApp-Image-2017-08-21-at-11.46.42.jpeg?fit=398%2C389&amp;ssl=1\" data-large-file=\"https:\/\/i0.wp.com\/wp.ufpel.edu.br\/lencibio\/files\/2017\/08\/WhatsApp-Image-2017-08-21-at-11.46.42.jpeg?fit=398%2C389&amp;ssl=1\" class=\"size-full wp-image-337 alignleft\" src=\"https:\/\/i0.wp.com\/wp.ufpel.edu.br\/lencibio\/files\/2017\/08\/WhatsApp-Image-2017-08-21-at-11.46.42.jpeg?resize=398%2C389&#038;ssl=1\" alt=\"\" width=\"398\" height=\"389\" \/>1- Biologia das C\u00e9lulas (Jos\u00e9 Mariano Amabis e Gilberto Rodrigues Martho)<\/p>\n<p style=\"text-align: justify\">2- Biologia das C\u00e9lulas (Jos\u00e9 Mariano Amabis e Gilberto Rodrigues Martho)<\/p>\n<p style=\"text-align: justify\">3- Biologia 1 (C\u00e9sar da Silva J\u00fanior; Sezar Sasson e Nelson Caldini J\u00fanior)<\/p>\n<p style=\"text-align: justify\">4- Biologia das C\u00e9lulas (Jos\u00e9 Mariano Amabis e Gilberto Rodrigues Martho)<\/p>\n<p style=\"text-align: justify\">5- Biologia Hoje (S\u00e9rio Linhares e Fernando Gewandsznajder)<\/p>\n<p style=\"text-align: justify\">6- Biologia Hoje (S\u00e9rio Linhares e Fernando Gewandsznajder)<\/p>\n<p>&nbsp;<\/p>\n","protected":false},"excerpt":{"rendered":"<p>1- Biologia das C\u00e9lulas (Jos\u00e9 Mariano Amabis e Gilberto Rodrigues Martho) 2- Biologia das C\u00e9lulas (Jos\u00e9 Mariano Amabis e Gilberto Rodrigues Martho) 3- Biologia 1 (C\u00e9sar da Silva J\u00fanior; Sezar Sasson e Nelson Caldini J\u00fanior) 4- Biologia das C\u00e9lulas (Jos\u00e9 Mariano Amabis e Gilberto Rodrigues Martho) 5- Biologia Hoje (S\u00e9rio Linhares e Fernando Gewandsznajder) 6- [&hellip;]<\/p>\n","protected":false},"author":780,"featured_media":0,"parent":0,"menu_order":0,"comment_status":"closed","ping_status":"closed","template":"","meta":{"jetpack_post_was_ever_published":false,"footnotes":""},"class_list":["post-326","page","type-page","status-publish","hentry"],"jetpack_sharing_enabled":true,"jetpack_shortlink":"https:\/\/wp.me\/P90WYW-5g","jetpack-related-posts":[],"_links":{"self":[{"href":"https:\/\/wp.ufpel.edu.br\/lencibio\/wp-json\/wp\/v2\/pages\/326","targetHints":{"allow":["GET"]}}],"collection":[{"href":"https:\/\/wp.ufpel.edu.br\/lencibio\/wp-json\/wp\/v2\/pages"}],"about":[{"href":"https:\/\/wp.ufpel.edu.br\/lencibio\/wp-json\/wp\/v2\/types\/page"}],"author":[{"embeddable":true,"href":"https:\/\/wp.ufpel.edu.br\/lencibio\/wp-json\/wp\/v2\/users\/780"}],"replies":[{"embeddable":true,"href":"https:\/\/wp.ufpel.edu.br\/lencibio\/wp-json\/wp\/v2\/comments?post=326"}],"version-history":[{"count":5,"href":"https:\/\/wp.ufpel.edu.br\/lencibio\/wp-json\/wp\/v2\/pages\/326\/revisions"}],"predecessor-version":[{"id":494,"href":"https:\/\/wp.ufpel.edu.br\/lencibio\/wp-json\/wp\/v2\/pages\/326\/revisions\/494"}],"wp:attachment":[{"href":"https:\/\/wp.ufpel.edu.br\/lencibio\/wp-json\/wp\/v2\/media?parent=326"}],"curies":[{"name":"wp","href":"https:\/\/api.w.org\/{rel}","templated":true}]}}