{"id":308,"date":"2017-08-21T11:38:26","date_gmt":"2017-08-21T14:38:26","guid":{"rendered":"https:\/\/wp.ufpel.edu.br\/lencibio\/?page_id=308"},"modified":"2017-08-21T16:46:37","modified_gmt":"2017-08-21T19:46:37","slug":"ensino-medio","status":"publish","type":"page","link":"https:\/\/wp.ufpel.edu.br\/lencibio\/ensino-medio\/","title":{"rendered":"Volume \u00fanico"},"content":{"rendered":"<p style=\"text-align: justify\"><img data-recalc-dims=\"1\" data-attachment-id=\"346\" data-permalink=\"https:\/\/wp.ufpel.edu.br\/lencibio\/ensino-medio\/whatsapp-image-2017-08-21-at-11-58-59\/\" data-orig-file=\"https:\/\/i0.wp.com\/wp.ufpel.edu.br\/lencibio\/files\/2017\/08\/WhatsApp-Image-2017-08-21-at-11.58.59.jpeg?fit=401%2C597&amp;ssl=1\" data-orig-size=\"401,597\" data-comments-opened=\"0\" data-image-meta=\"{&quot;aperture&quot;:&quot;0&quot;,&quot;credit&quot;:&quot;&quot;,&quot;camera&quot;:&quot;&quot;,&quot;caption&quot;:&quot;&quot;,&quot;created_timestamp&quot;:&quot;0&quot;,&quot;copyright&quot;:&quot;&quot;,&quot;focal_length&quot;:&quot;0&quot;,&quot;iso&quot;:&quot;0&quot;,&quot;shutter_speed&quot;:&quot;0&quot;,&quot;title&quot;:&quot;&quot;,&quot;orientation&quot;:&quot;0&quot;}\" data-image-title=\"WhatsApp Image 2017-08-21 at 11.58.59\" data-image-description=\"\" data-image-caption=\"\" data-medium-file=\"https:\/\/i0.wp.com\/wp.ufpel.edu.br\/lencibio\/files\/2017\/08\/WhatsApp-Image-2017-08-21-at-11.58.59.jpeg?fit=269%2C400&amp;ssl=1\" data-large-file=\"https:\/\/i0.wp.com\/wp.ufpel.edu.br\/lencibio\/files\/2017\/08\/WhatsApp-Image-2017-08-21-at-11.58.59.jpeg?fit=401%2C597&amp;ssl=1\" class=\"size-medium wp-image-346 alignleft\" src=\"https:\/\/i0.wp.com\/wp.ufpel.edu.br\/lencibio\/files\/2017\/08\/WhatsApp-Image-2017-08-21-at-11.58.59.jpeg?resize=269%2C400&#038;ssl=1\" alt=\"\" width=\"269\" height=\"400\" srcset=\"https:\/\/i0.wp.com\/wp.ufpel.edu.br\/lencibio\/files\/2017\/08\/WhatsApp-Image-2017-08-21-at-11.58.59.jpeg?resize=269%2C400&amp;ssl=1 269w, https:\/\/i0.wp.com\/wp.ufpel.edu.br\/lencibio\/files\/2017\/08\/WhatsApp-Image-2017-08-21-at-11.58.59.jpeg?w=401&amp;ssl=1 401w\" sizes=\"(max-width: 269px) 100vw, 269px\" \/>1- Biologia (Wilson Roberto Paulino)<\/p>\n<p style=\"text-align: justify\">2- Biologia Integrada (Luiz Eduardo Cheida)<\/p>\n<p style=\"text-align: justify\">3- Biologia em Contexto &#8211; Suplemento para o professor (Jos\u00e9 Mariano Amabis e Gilberto Rodrigues Martho)<\/p>\n<p style=\"text-align: justify\">4- Biologia (Jos\u00e9 Lu\u00eds Soares)<\/p>\n<p style=\"text-align: justify\">5-\u00a0Biologia Integrada &#8211; Caderno de Atividades (Luiz Eduardo Cheida)<\/p>\n<p style=\"text-align: justify\">6- Biologia Moderna (Jos\u00e9 Mariano Amabis e Gilberto Rodrigues Martho)<\/p>\n<p style=\"text-align: justify\">7- Biologia (S\u00e9rgio Linhares e Fernando Gewanbsznajder)<\/p>\n<p style=\"text-align: justify\">8- Biologia (Jos\u00e9 Lu\u00eds Soares)<\/p>\n<p style=\"text-align: justify\">9- Biologia (S\u00f4nia Lopes e S\u00e9rgio Rosso)<\/p>\n<p>&nbsp;<\/p>\n","protected":false},"excerpt":{"rendered":"<p>1- Biologia (Wilson Roberto Paulino) 2- Biologia Integrada (Luiz Eduardo Cheida) 3- Biologia em Contexto &#8211; Suplemento para o professor (Jos\u00e9 Mariano Amabis e Gilberto Rodrigues Martho) 4- Biologia (Jos\u00e9 Lu\u00eds Soares) 5-\u00a0Biologia Integrada &#8211; Caderno de Atividades (Luiz Eduardo Cheida) 6- Biologia Moderna (Jos\u00e9 Mariano Amabis e Gilberto Rodrigues Martho) 7- Biologia (S\u00e9rgio Linhares [&hellip;]<\/p>\n","protected":false},"author":780,"featured_media":0,"parent":0,"menu_order":0,"comment_status":"closed","ping_status":"closed","template":"","meta":{"jetpack_post_was_ever_published":false,"footnotes":""},"class_list":["post-308","page","type-page","status-publish","hentry"],"jetpack_sharing_enabled":true,"jetpack_shortlink":"https:\/\/wp.me\/P90WYW-4Y","jetpack-related-posts":[],"_links":{"self":[{"href":"https:\/\/wp.ufpel.edu.br\/lencibio\/wp-json\/wp\/v2\/pages\/308","targetHints":{"allow":["GET"]}}],"collection":[{"href":"https:\/\/wp.ufpel.edu.br\/lencibio\/wp-json\/wp\/v2\/pages"}],"about":[{"href":"https:\/\/wp.ufpel.edu.br\/lencibio\/wp-json\/wp\/v2\/types\/page"}],"author":[{"embeddable":true,"href":"https:\/\/wp.ufpel.edu.br\/lencibio\/wp-json\/wp\/v2\/users\/780"}],"replies":[{"embeddable":true,"href":"https:\/\/wp.ufpel.edu.br\/lencibio\/wp-json\/wp\/v2\/comments?post=308"}],"version-history":[{"count":9,"href":"https:\/\/wp.ufpel.edu.br\/lencibio\/wp-json\/wp\/v2\/pages\/308\/revisions"}],"predecessor-version":[{"id":503,"href":"https:\/\/wp.ufpel.edu.br\/lencibio\/wp-json\/wp\/v2\/pages\/308\/revisions\/503"}],"wp:attachment":[{"href":"https:\/\/wp.ufpel.edu.br\/lencibio\/wp-json\/wp\/v2\/media?parent=308"}],"curies":[{"name":"wp","href":"https:\/\/api.w.org\/{rel}","templated":true}]}}