{"id":139,"date":"2017-08-03T12:31:21","date_gmt":"2017-08-03T15:31:21","guid":{"rendered":"https:\/\/wp.ufpel.edu.br\/lencibio\/?page_id=139"},"modified":"2017-08-03T12:32:26","modified_gmt":"2017-08-03T15:32:26","slug":"biologia-sob-a-lente","status":"publish","type":"page","link":"https:\/\/wp.ufpel.edu.br\/lencibio\/biologia-sob-a-lente\/","title":{"rendered":"Biologia Sob a Lente"},"content":{"rendered":"<p style=\"text-align: justify\">A forma\u00e7\u00e3o de professores e a doc\u00eancia propriamente dita s\u00e3o foco de discuss\u00f5es e cr\u00edticas ao longo dos tempos, buscando-se melhorias na forma\u00e7\u00e3o inicial e continuada. Discuss\u00f5es procuram qualificar a doc\u00eancia nos cursos de forma\u00e7\u00e3o superior e nas institui\u00e7\u00f5es de ensino b\u00e1sico, fomentando indicativos de mudan\u00e7as. A pesquisa tem como objetivo avaliar o curr\u00edculo em a\u00e7\u00e3o, as rela\u00e7\u00f5es professor-aluno, o ensino e aprendizagem no contexto do Curso de Licenciatura em Ci\u00eancias Biol\u00f3gicas da UFPEL. Os resultados ser\u00e3o utilizados para promo\u00e7\u00e3o de debates, reflex\u00f5es e a\u00e7\u00f5es para a melhoria do curso em quest\u00e3o, com intuito de envolver a comunidade acad\u00eamica. Esta pesquisa articula-se com as atividades do NDE, do PIBID, dos Novos Talentos, do OBEDUC, do Mestrado Profissional em Ensino de Ci\u00eancias (PPGECM\/UFPEL) e do Laborat\u00f3rio de Ensino de Ci\u00eancias e Biologia (LENCIBIO\/UFPEL).<\/p>\n","protected":false},"excerpt":{"rendered":"<p>A forma\u00e7\u00e3o de professores e a doc\u00eancia propriamente dita s\u00e3o foco de discuss\u00f5es e cr\u00edticas ao longo dos tempos, buscando-se melhorias na forma\u00e7\u00e3o inicial e continuada. Discuss\u00f5es procuram qualificar a doc\u00eancia nos cursos de forma\u00e7\u00e3o superior e nas institui\u00e7\u00f5es de ensino b\u00e1sico, fomentando indicativos de mudan\u00e7as. A pesquisa tem como objetivo avaliar o curr\u00edculo em [&hellip;]<\/p>\n","protected":false},"author":780,"featured_media":0,"parent":0,"menu_order":0,"comment_status":"closed","ping_status":"closed","template":"","meta":{"jetpack_post_was_ever_published":false,"footnotes":""},"class_list":["post-139","page","type-page","status-publish","hentry"],"jetpack_sharing_enabled":true,"jetpack_shortlink":"https:\/\/wp.me\/P90WYW-2f","jetpack-related-posts":[],"_links":{"self":[{"href":"https:\/\/wp.ufpel.edu.br\/lencibio\/wp-json\/wp\/v2\/pages\/139","targetHints":{"allow":["GET"]}}],"collection":[{"href":"https:\/\/wp.ufpel.edu.br\/lencibio\/wp-json\/wp\/v2\/pages"}],"about":[{"href":"https:\/\/wp.ufpel.edu.br\/lencibio\/wp-json\/wp\/v2\/types\/page"}],"author":[{"embeddable":true,"href":"https:\/\/wp.ufpel.edu.br\/lencibio\/wp-json\/wp\/v2\/users\/780"}],"replies":[{"embeddable":true,"href":"https:\/\/wp.ufpel.edu.br\/lencibio\/wp-json\/wp\/v2\/comments?post=139"}],"version-history":[{"count":1,"href":"https:\/\/wp.ufpel.edu.br\/lencibio\/wp-json\/wp\/v2\/pages\/139\/revisions"}],"predecessor-version":[{"id":150,"href":"https:\/\/wp.ufpel.edu.br\/lencibio\/wp-json\/wp\/v2\/pages\/139\/revisions\/150"}],"wp:attachment":[{"href":"https:\/\/wp.ufpel.edu.br\/lencibio\/wp-json\/wp\/v2\/media?parent=139"}],"curies":[{"name":"wp","href":"https:\/\/api.w.org\/{rel}","templated":true}]}}