{"id":9,"date":"2025-08-16T22:49:56","date_gmt":"2025-08-17T01:49:56","guid":{"rendered":"https:\/\/wp.ufpel.edu.br\/lema\/?page_id=9"},"modified":"2026-01-12T15:48:04","modified_gmt":"2026-01-12T18:48:04","slug":"documentacao","status":"publish","type":"page","link":"https:\/\/wp.ufpel.edu.br\/lema\/documentacao\/","title":{"rendered":"Documenta\u00e7\u00e3o"},"content":{"rendered":"<p><a href=\"https:\/\/wp.ufpel.edu.br\/lema\/files\/2026\/01\/RegulamentoLEMA.pdf\">RegulamentoLEMA<\/a><\/p>\n<p>Disciplinas de Laborat\u00f3rio de Educa\u00e7\u00e3o Matem\u00e1tica (curr\u00edculo vigente at\u00e9 2025\/2):<\/p>\n<p><a href=\"https:\/\/institucional.ufpel.edu.br\/disciplinas\/id\/33111\">LEMA I<\/a><\/p>\n<p><a href=\"https:\/\/institucional.ufpel.edu.br\/disciplinas\/id\/33113\">LEMA II<\/a><\/p>\n<p><a href=\"https:\/\/institucional.ufpel.edu.br\/disciplinas\/id\/33120\">LEMA III<\/a><\/p>\n<p><a href=\"https:\/\/institucional.ufpel.edu.br\/disciplinas\/id\/33124\">LEMA IV<\/a><\/p>\n<p><a href=\"https:\/\/institucional.ufpel.edu.br\/projetos\/id\/9174\">Projeto de Extens\u00e3o Laborat\u00f3rio de Educa\u00e7\u00e3o Matem\u00e1tica<\/a><\/p>\n","protected":false},"excerpt":{"rendered":"<p>RegulamentoLEMA Disciplinas de Laborat\u00f3rio de Educa\u00e7\u00e3o Matem\u00e1tica (curr\u00edculo vigente at\u00e9 2025\/2): LEMA I LEMA II LEMA III LEMA IV Projeto de Extens\u00e3o Laborat\u00f3rio de Educa\u00e7\u00e3o Matem\u00e1tica<\/p>\n","protected":false},"author":291,"featured_media":0,"parent":0,"menu_order":0,"comment_status":"closed","ping_status":"closed","template":"","meta":{"footnotes":""},"class_list":["post-9","page","type-page","status-publish","hentry"],"_links":{"self":[{"href":"https:\/\/wp.ufpel.edu.br\/lema\/wp-json\/wp\/v2\/pages\/9","targetHints":{"allow":["GET"]}}],"collection":[{"href":"https:\/\/wp.ufpel.edu.br\/lema\/wp-json\/wp\/v2\/pages"}],"about":[{"href":"https:\/\/wp.ufpel.edu.br\/lema\/wp-json\/wp\/v2\/types\/page"}],"author":[{"embeddable":true,"href":"https:\/\/wp.ufpel.edu.br\/lema\/wp-json\/wp\/v2\/users\/291"}],"replies":[{"embeddable":true,"href":"https:\/\/wp.ufpel.edu.br\/lema\/wp-json\/wp\/v2\/comments?post=9"}],"version-history":[{"count":3,"href":"https:\/\/wp.ufpel.edu.br\/lema\/wp-json\/wp\/v2\/pages\/9\/revisions"}],"predecessor-version":[{"id":12,"href":"https:\/\/wp.ufpel.edu.br\/lema\/wp-json\/wp\/v2\/pages\/9\/revisions\/12"}],"wp:attachment":[{"href":"https:\/\/wp.ufpel.edu.br\/lema\/wp-json\/wp\/v2\/media?parent=9"}],"curies":[{"name":"wp","href":"https:\/\/api.w.org\/{rel}","templated":true}]}}