{"id":2,"date":"2025-08-11T11:13:08","date_gmt":"2025-08-11T14:13:08","guid":{"rendered":"https:\/\/wp.ufpel.edu.br\/lema\/?page_id=2"},"modified":"2025-08-16T22:49:39","modified_gmt":"2025-08-17T01:49:39","slug":"pagina-exemplo","status":"publish","type":"page","link":"https:\/\/wp.ufpel.edu.br\/lema\/pagina-exemplo\/","title":{"rendered":"O Laborat\u00f3rio de Educa\u00e7\u00e3o Matem\u00e1tica"},"content":{"rendered":"\r\n<p>O Laborat\u00f3rio de Educa\u00e7\u00e3o Matem\u00e1tica (LEMA) do Departamento de Educa\u00e7\u00e3o Matem\u00e1tica, da Universidade Federal de Pelotas, destina-se ao desenvolvimento de a\u00e7\u00f5es de ensino, pesquisa e extens\u00e3o dos cursos de gradua\u00e7\u00e3o em Matem\u00e1tica e de p\u00f3s-gradua\u00e7\u00e3o em Educa\u00e7\u00e3o Matem\u00e1tica.<\/p>\r\n<p><span style=\"font-weight: 400;\">O Laborat\u00f3rio de Educa\u00e7\u00e3o Matem\u00e1tica \u00e9 composto por duas (2) salas: uma localizada no Campus Anglo \u2013 sala 307 e uma localizada no Campus Cap\u00e3o do Le\u00e3o \u2013 sala 211.<\/span><\/p>\r\n","protected":false},"excerpt":{"rendered":"<p>O Laborat\u00f3rio de Educa\u00e7\u00e3o Matem\u00e1tica (LEMA) do Departamento de Educa\u00e7\u00e3o Matem\u00e1tica, da Universidade Federal de Pelotas, destina-se ao desenvolvimento de a\u00e7\u00f5es de ensino, pesquisa e extens\u00e3o dos cursos de gradua\u00e7\u00e3o em Matem\u00e1tica e de p\u00f3s-gradua\u00e7\u00e3o em Educa\u00e7\u00e3o Matem\u00e1tica. O Laborat\u00f3rio de Educa\u00e7\u00e3o Matem\u00e1tica \u00e9 composto por duas (2) salas: uma localizada no Campus Anglo \u2013 [&hellip;]<\/p>\n","protected":false},"author":1491,"featured_media":0,"parent":0,"menu_order":0,"comment_status":"closed","ping_status":"closed","template":"","meta":{"footnotes":""},"class_list":["post-2","page","type-page","status-publish","hentry"],"_links":{"self":[{"href":"https:\/\/wp.ufpel.edu.br\/lema\/wp-json\/wp\/v2\/pages\/2","targetHints":{"allow":["GET"]}}],"collection":[{"href":"https:\/\/wp.ufpel.edu.br\/lema\/wp-json\/wp\/v2\/pages"}],"about":[{"href":"https:\/\/wp.ufpel.edu.br\/lema\/wp-json\/wp\/v2\/types\/page"}],"author":[{"embeddable":true,"href":"https:\/\/wp.ufpel.edu.br\/lema\/wp-json\/wp\/v2\/users\/1491"}],"replies":[{"embeddable":true,"href":"https:\/\/wp.ufpel.edu.br\/lema\/wp-json\/wp\/v2\/comments?post=2"}],"version-history":[{"count":2,"href":"https:\/\/wp.ufpel.edu.br\/lema\/wp-json\/wp\/v2\/pages\/2\/revisions"}],"predecessor-version":[{"id":8,"href":"https:\/\/wp.ufpel.edu.br\/lema\/wp-json\/wp\/v2\/pages\/2\/revisions\/8"}],"wp:attachment":[{"href":"https:\/\/wp.ufpel.edu.br\/lema\/wp-json\/wp\/v2\/media?parent=2"}],"curies":[{"name":"wp","href":"https:\/\/api.w.org\/{rel}","templated":true}]}}