{"id":87,"date":"2020-11-04T19:42:04","date_gmt":"2020-11-04T22:42:04","guid":{"rendered":"https:\/\/wp.ufpel.edu.br\/leiturasufpel\/?page_id=87"},"modified":"2023-04-22T19:26:06","modified_gmt":"2023-04-22T22:26:06","slug":"oficina-praticas-em-leituras-compartilhadas-de-textos-dramaticos","status":"publish","type":"page","link":"https:\/\/wp.ufpel.edu.br\/leiturasufpel\/leituras-do-drama-contemporaneo\/oficina-praticas-em-leituras-compartilhadas-de-textos-dramaticos\/","title":{"rendered":"Oficinas"},"content":{"rendered":"<p style=\"text-align: justify;\">As oficinas t\u00eam como objetivo propiciar, atrav\u00e9s de exerc\u00edcios pr\u00e1ticos, experie\u0302ncias de leituras dram\u00e1ticas, incentivando a formac\u0327a\u0303o de jovens e adultos leitores\/ouvintes cri\u0301ticos e reflexivos,<span class=\"text_exposed_show\"> enriquecendo o reperto\u0301rio cultural, arti\u0301stico e litera\u0301rio dos sujeitos envolvidos e possibilitando aos mesmos o contato com a literatura e o teatro em geral. A oficina podem ser abertas \u00e0 comunidade universit\u00e1ria e externa, n\u00e3o \u00e9 necess\u00e1rio ter experi\u00eancia com teatro, ou podem ainda ser realizadas para p\u00fablicos espec\u00edficos, tais como escolas e outras institui\u00e7\u00f5es.<\/span><\/p>\n<p>&nbsp;<\/p>\n<p><strong>Oficina de leitura dram\u00e1tica UFPel (Oficina presencial, 1\u00aa edi\u00e7\u00e3o)<\/strong><\/p>\n<p><img class=\"alignnone size-medium wp-image-289\" src=\"https:\/\/wp.ufpel.edu.br\/leiturasufpel\/files\/2023\/04\/Cartaz-oficina-oficial-400x335.png\" alt=\"\" width=\"400\" height=\"335\" srcset=\"https:\/\/wp.ufpel.edu.br\/leiturasufpel\/files\/2023\/04\/Cartaz-oficina-oficial-400x335.png 400w, https:\/\/wp.ufpel.edu.br\/leiturasufpel\/files\/2023\/04\/Cartaz-oficina-oficial-768x644.png 768w, https:\/\/wp.ufpel.edu.br\/leiturasufpel\/files\/2023\/04\/Cartaz-oficina-oficial.png 940w\" sizes=\"(max-width: 400px) 100vw, 400px\" \/><\/p>\n<p>&nbsp;<\/p>\n<p><strong>3\u00aa edi\u00e7\u00e3o da oficina &#8211; outubro\/novembro de 2020 (Oficina on-line)<\/strong><\/p>\n<p><img class=\"alignnone size-medium wp-image-91\" src=\"https:\/\/wp.ufpel.edu.br\/leiturasufpel\/files\/2020\/11\/Voce-e-meu-companheiro_-400x335.png\" alt=\"\" width=\"400\" height=\"335\" srcset=\"https:\/\/wp.ufpel.edu.br\/leiturasufpel\/files\/2020\/11\/Voce-e-meu-companheiro_-400x335.png 400w, https:\/\/wp.ufpel.edu.br\/leiturasufpel\/files\/2020\/11\/Voce-e-meu-companheiro_-768x644.png 768w, https:\/\/wp.ufpel.edu.br\/leiturasufpel\/files\/2020\/11\/Voce-e-meu-companheiro_.png 940w\" sizes=\"(max-width: 400px) 100vw, 400px\" \/><\/p>\n<p>&nbsp;<\/p>\n<p><strong>2\u00aa edi\u00e7\u00e3o da oficina &#8211; agosto\/setembro de 2020 (Oficina on-line)<\/strong><\/p>\n<p><img class=\"alignnone size-medium wp-image-90\" src=\"https:\/\/wp.ufpel.edu.br\/leiturasufpel\/files\/2020\/11\/Cartaz-2-400x335.png\" alt=\"\" width=\"400\" height=\"335\" srcset=\"https:\/\/wp.ufpel.edu.br\/leiturasufpel\/files\/2020\/11\/Cartaz-2-400x335.png 400w, https:\/\/wp.ufpel.edu.br\/leiturasufpel\/files\/2020\/11\/Cartaz-2-768x644.png 768w, https:\/\/wp.ufpel.edu.br\/leiturasufpel\/files\/2020\/11\/Cartaz-2.png 940w\" sizes=\"(max-width: 400px) 100vw, 400px\" \/><\/p>\n<p>&nbsp;<\/p>\n<p><strong>1\u00aa edi\u00e7\u00e3o da oficina &#8211; junho\/julho de 2020 (Oficina on-line)<\/strong><\/p>\n<p><img class=\"alignnone size-medium wp-image-89\" src=\"https:\/\/wp.ufpel.edu.br\/leiturasufpel\/files\/2020\/11\/Cartaz-oficina-400x335.png\" alt=\"\" width=\"400\" height=\"335\" srcset=\"https:\/\/wp.ufpel.edu.br\/leiturasufpel\/files\/2020\/11\/Cartaz-oficina-400x335.png 400w, https:\/\/wp.ufpel.edu.br\/leiturasufpel\/files\/2020\/11\/Cartaz-oficina-768x644.png 768w, https:\/\/wp.ufpel.edu.br\/leiturasufpel\/files\/2020\/11\/Cartaz-oficina.png 940w\" sizes=\"(max-width: 400px) 100vw, 400px\" \/><\/p>\n","protected":false},"excerpt":{"rendered":"<p>As oficinas t\u00eam como objetivo propiciar, atrav\u00e9s de exerc\u00edcios pr\u00e1ticos, experie\u0302ncias de leituras dram\u00e1ticas, incentivando a formac\u0327a\u0303o de jovens e adultos leitores\/ouvintes cri\u0301ticos e reflexivos, enriquecendo o reperto\u0301rio cultural, arti\u0301stico e litera\u0301rio dos sujeitos envolvidos e possibilitando aos mesmos o contato com a literatura e o teatro em geral. A oficina podem ser abertas \u00e0 [&hellip;]<\/p>\n","protected":false},"author":1091,"featured_media":0,"parent":10,"menu_order":0,"comment_status":"closed","ping_status":"closed","template":"","meta":{"footnotes":""},"class_list":["post-87","page","type-page","status-publish","hentry"],"_links":{"self":[{"href":"https:\/\/wp.ufpel.edu.br\/leiturasufpel\/wp-json\/wp\/v2\/pages\/87","targetHints":{"allow":["GET"]}}],"collection":[{"href":"https:\/\/wp.ufpel.edu.br\/leiturasufpel\/wp-json\/wp\/v2\/pages"}],"about":[{"href":"https:\/\/wp.ufpel.edu.br\/leiturasufpel\/wp-json\/wp\/v2\/types\/page"}],"author":[{"embeddable":true,"href":"https:\/\/wp.ufpel.edu.br\/leiturasufpel\/wp-json\/wp\/v2\/users\/1091"}],"replies":[{"embeddable":true,"href":"https:\/\/wp.ufpel.edu.br\/leiturasufpel\/wp-json\/wp\/v2\/comments?post=87"}],"version-history":[{"count":5,"href":"https:\/\/wp.ufpel.edu.br\/leiturasufpel\/wp-json\/wp\/v2\/pages\/87\/revisions"}],"predecessor-version":[{"id":290,"href":"https:\/\/wp.ufpel.edu.br\/leiturasufpel\/wp-json\/wp\/v2\/pages\/87\/revisions\/290"}],"up":[{"embeddable":true,"href":"https:\/\/wp.ufpel.edu.br\/leiturasufpel\/wp-json\/wp\/v2\/pages\/10"}],"wp:attachment":[{"href":"https:\/\/wp.ufpel.edu.br\/leiturasufpel\/wp-json\/wp\/v2\/media?parent=87"}],"curies":[{"name":"wp","href":"https:\/\/api.w.org\/{rel}","templated":true}]}}