{"id":82,"date":"2020-11-04T19:32:46","date_gmt":"2020-11-04T22:32:46","guid":{"rendered":"https:\/\/wp.ufpel.edu.br\/leiturasufpel\/?page_id=82"},"modified":"2023-04-26T15:49:36","modified_gmt":"2023-04-26T18:49:36","slug":"podcast-falando-em-drama","status":"publish","type":"page","link":"https:\/\/wp.ufpel.edu.br\/leiturasufpel\/leituras-do-drama-contemporaneo\/podcast-falando-em-drama\/","title":{"rendered":"Podcast: Falando em drama"},"content":{"rendered":"<p style=\"text-align: justify;\">O podcast <em>Falando em drama<\/em> tem como objetivo divulgar textos teatrais brasileiros e estrangeiros, bem como seus criadores e criadoras. Al\u00e9m disso, proporciona a divulga\u00e7\u00e3o da literatura dram\u00e1tica para sujeitos externos e promove a forma\u00e7\u00e3o de leitores e ouvintes.<\/p>\n<p style=\"text-align: justify;\">A cada epis\u00f3dio, os colaboradores e colaboradoras do projeto apresentar\u00e3o ao p\u00fablico um pouco da vida e obra de dramaturgos e dramaturgas da contemporaneidade. Os epis\u00f3dios est\u00e3o dispon\u00edveis no Spotify.<\/p>\n<p><iframe title=\"Spotify Embed: Vem a\u00ed: Falando em Drama\" style=\"border-radius: 12px\" width=\"100%\" height=\"152\" frameborder=\"0\" allowfullscreen allow=\"autoplay; clipboard-write; encrypted-media; fullscreen; picture-in-picture\" loading=\"lazy\" src=\"https:\/\/open.spotify.com\/embed\/episode\/7teLoEAr14aIJnqqOgAgeR?si=c1qA99ckQxecrl4qYa65QA&#038;utm_source=oembed\"><\/iframe><\/p>\n<p><iframe title=\"Spotify Embed: Bernard-Marie Kolt\u00e8s, por Fernanda Vieira Fernandes\" style=\"border-radius: 12px\" width=\"100%\" height=\"152\" frameborder=\"0\" allowfullscreen allow=\"autoplay; clipboard-write; encrypted-media; fullscreen; picture-in-picture\" loading=\"lazy\" src=\"https:\/\/open.spotify.com\/embed\/episode\/6rf4IGMtdKpXl4sUyGdcLl?si=9iPeyQvQTJS-s7sg5HqSPQ&#038;utm_source=oembed\"><\/iframe><\/p>\n<p><iframe title=\"Spotify Embed: Sarah Kane, por Brenda Seneme\" style=\"border-radius: 12px\" width=\"100%\" height=\"152\" frameborder=\"0\" allowfullscreen allow=\"autoplay; clipboard-write; encrypted-media; fullscreen; picture-in-picture\" loading=\"lazy\" src=\"https:\/\/open.spotify.com\/embed\/episode\/0R4WODj7V3P8Q8tNrI3Xy0?si=Hx_0IcPHQ8iZXqmULo0_pA&#038;utm_source=oembed\"><\/iframe><\/p>\n<p><iframe title=\"Spotify Embed: Felipe Rocha, por Lorena Zanetti \" style=\"border-radius: 12px\" width=\"100%\" height=\"152\" frameborder=\"0\" allowfullscreen allow=\"autoplay; clipboard-write; encrypted-media; fullscreen; picture-in-picture\" loading=\"lazy\" src=\"https:\/\/open.spotify.com\/embed\/episode\/1sF6vNvv2TwNH1qWvAmFCv?si=PQAnXbHeQVK1KPuoeh1T-g&#038;utm_source=oembed\"><\/iframe><\/p>\n<p><iframe title=\"Spotify Embed: Mohamed El Khatib, por Mario Celso\" style=\"border-radius: 12px\" width=\"100%\" height=\"152\" frameborder=\"0\" allowfullscreen allow=\"autoplay; clipboard-write; encrypted-media; fullscreen; picture-in-picture\" loading=\"lazy\" src=\"https:\/\/open.spotify.com\/embed\/episode\/271iCvFoZyrnHj2wTZE2WW?si=k6qWqk0BRU6UCBNkugM0JQ&#038;utm_source=oembed\"><\/iframe><\/p>\n<p><iframe title=\"Spotify Embed: J\u00e9ssica Barbosa, por Kelvin Marum Machado\" style=\"border-radius: 12px\" width=\"100%\" height=\"152\" frameborder=\"0\" allowfullscreen allow=\"autoplay; clipboard-write; encrypted-media; fullscreen; picture-in-picture\" loading=\"lazy\" src=\"https:\/\/open.spotify.com\/embed\/episode\/2DXhY4YDPYGIgeQhG3WeiL?si=3kHvjZCISUKBqwqPVY0GWA&#038;utm_source=oembed\"><\/iframe><\/p>\n<p><iframe title=\"Spotify Embed: Pedro Br\u00edcio, por Jo\u00e3o Vitor\" style=\"border-radius: 12px\" width=\"100%\" height=\"152\" frameborder=\"0\" allowfullscreen allow=\"autoplay; clipboard-write; encrypted-media; fullscreen; picture-in-picture\" loading=\"lazy\" src=\"https:\/\/open.spotify.com\/embed\/episode\/6R76Ph95XO4QoigEZYTAro?si=BQjShuf6S2y3foExlz4EPg&#038;utm_source=oembed\"><\/iframe><\/p>\n<p><iframe title=\"Spotify Embed: Elisa Lucas, por Milena Vaz\" style=\"border-radius: 12px\" width=\"100%\" height=\"152\" frameborder=\"0\" allowfullscreen allow=\"autoplay; clipboard-write; encrypted-media; fullscreen; picture-in-picture\" loading=\"lazy\" src=\"https:\/\/open.spotify.com\/embed\/episode\/0fF2nFazXTaKOZVL9sFly6?si=pdSSai4YR2-8Qo66bkXwOQ&#038;utm_source=oembed\"><\/iframe><\/p>\n<p><iframe title=\"Spotify Embed: Ivo Bender, por Gabryel Pioner (Py\u00e3)\" style=\"border-radius: 12px\" width=\"100%\" height=\"152\" frameborder=\"0\" allowfullscreen allow=\"autoplay; clipboard-write; encrypted-media; fullscreen; picture-in-picture\" loading=\"lazy\" src=\"https:\/\/open.spotify.com\/embed\/episode\/22c322eOeZWLuF18otoiKk?si=ZRC0d7FNS-aKLGclooL4aw&#038;utm_source=oembed\"><\/iframe><\/p>\n<p><iframe title=\"Spotify Embed: Rodrigo Nogueira, por Thalles Echeverry\" style=\"border-radius: 12px\" width=\"100%\" height=\"152\" frameborder=\"0\" allowfullscreen allow=\"autoplay; clipboard-write; encrypted-media; fullscreen; picture-in-picture\" loading=\"lazy\" src=\"https:\/\/open.spotify.com\/embed\/episode\/7MDMh0P6U8zFwU0Tz8mNvc?si=bIjfS0HaQs2rYZId7IFtTg&#038;utm_source=oembed\"><\/iframe><\/p>\n<p><iframe title=\"Spotify Embed: Gabriel C\u00e2ndido, por Milena Vaz\" style=\"border-radius: 12px\" width=\"100%\" height=\"152\" frameborder=\"0\" allowfullscreen allow=\"autoplay; clipboard-write; encrypted-media; fullscreen; picture-in-picture\" loading=\"lazy\" src=\"https:\/\/open.spotify.com\/embed\/episode\/6XU5fEh8wz0nEvkUVvYzjG?si=G5kiVwFgSMOQuqqDxafOhA&#038;utm_source=oembed\"><\/iframe><\/p>\n<p><iframe title=\"Spotify Embed: Mill\u00f4r Fernandes, por Gabryel Pioner (Py\u00e3)\" style=\"border-radius: 12px\" width=\"100%\" height=\"152\" frameborder=\"0\" allowfullscreen allow=\"autoplay; clipboard-write; encrypted-media; fullscreen; picture-in-picture\" loading=\"lazy\" src=\"https:\/\/open.spotify.com\/embed\/episode\/675cWwBcT66QZ1hxR9ck9Q?si=t1cjH0qfTSeiZ2jCMi-y-Q&#038;utm_source=oembed\"><\/iframe><\/p>\n<p><iframe title=\"Spotify Embed: Vinicius Calderoni, por Mario Celso\" style=\"border-radius: 12px\" width=\"100%\" height=\"152\" frameborder=\"0\" allowfullscreen allow=\"autoplay; clipboard-write; encrypted-media; fullscreen; picture-in-picture\" loading=\"lazy\" src=\"https:\/\/open.spotify.com\/embed\/episode\/28goBdclpMV9WL8odcIEce?si=ZFHmIw6KSWmmrffcSkVcdQ&#038;dl_branch=1&#038;utm_source=oembed\"><\/iframe><\/p>\n<p><iframe title=\"Spotify Embed: Tim Crouch, por Kelvin Marum Machado \" style=\"border-radius: 12px\" width=\"100%\" height=\"152\" frameborder=\"0\" allowfullscreen allow=\"autoplay; clipboard-write; encrypted-media; fullscreen; picture-in-picture\" loading=\"lazy\" src=\"https:\/\/open.spotify.com\/embed\/episode\/162RHaMZ8ViBIIrinx84L1?si=5Zbq9WYlR5K3aP1QFdHmkQ&#038;context=spotify%3Ashow%3A5SJnjtSO9mZgQDrqHSSwwE&#038;dl_branch=1&#038;utm_source=oembed\"><\/iframe><\/p>\n<p><iframe title=\"Spotify Embed: Vera Karam, por Brenda Seneme\" style=\"border-radius: 12px\" width=\"100%\" height=\"152\" frameborder=\"0\" allowfullscreen allow=\"autoplay; clipboard-write; encrypted-media; fullscreen; picture-in-picture\" loading=\"lazy\" src=\"https:\/\/open.spotify.com\/embed\/episode\/4uWpKZMdvEM0bKBzGBwHdy?si=wnp3EzvlROq5Rk7L2ks1_A&#038;dl_branch=1&#038;utm_source=oembed\"><\/iframe><\/p>\n<p><iframe title=\"Spotify Embed: Assis Benevenuto, por Jo\u00e3o Vitor \" style=\"border-radius: 12px\" width=\"100%\" height=\"152\" frameborder=\"0\" allowfullscreen allow=\"autoplay; clipboard-write; encrypted-media; fullscreen; picture-in-picture\" loading=\"lazy\" src=\"https:\/\/open.spotify.com\/embed\/episode\/3AHlbZnMphZRxq1UyzLj7e?si=9kcjnzAuQVyVI_lbVW8o1g&#038;dl_branch=1&#038;utm_source=oembed\"><\/iframe><\/p>\n<p><iframe title=\"Spotify Embed: Coletivo As DramaturgAs, por Milena Vaz\" style=\"border-radius: 12px\" width=\"100%\" height=\"152\" frameborder=\"0\" allowfullscreen allow=\"autoplay; clipboard-write; encrypted-media; fullscreen; picture-in-picture\" loading=\"lazy\" src=\"https:\/\/open.spotify.com\/embed\/episode\/5oi2daBSVnIph49Iog0ufO?si=4CXj6CEeT0yb2kGror6uKw&#038;nd=1&#038;utm_source=oembed\"><\/iframe><\/p>\n<p><iframe title=\"Spotify Embed: Vika Schabbach, por C\u00e2ndida Canielas\" style=\"border-radius: 12px\" width=\"100%\" height=\"152\" frameborder=\"0\" allowfullscreen allow=\"autoplay; clipboard-write; encrypted-media; fullscreen; picture-in-picture\" loading=\"lazy\" src=\"https:\/\/open.spotify.com\/embed\/episode\/4ZloRZOjeIyUnXwWQNA1Zp?si=il3xtVIWQtGzLAmNoaFUvg&#038;utm_source=oembed\"><\/iframe><\/p>\n","protected":false},"excerpt":{"rendered":"<p>O podcast Falando em drama tem como objetivo divulgar textos teatrais brasileiros e estrangeiros, bem como seus criadores e criadoras. Al\u00e9m disso, proporciona a divulga\u00e7\u00e3o da literatura dram\u00e1tica para sujeitos externos e promove a forma\u00e7\u00e3o de leitores e ouvintes. A cada epis\u00f3dio, os colaboradores e colaboradoras do projeto apresentar\u00e3o ao p\u00fablico um pouco da vida [&hellip;]<\/p>\n","protected":false},"author":1091,"featured_media":0,"parent":10,"menu_order":4,"comment_status":"closed","ping_status":"closed","template":"","meta":{"footnotes":""},"class_list":["post-82","page","type-page","status-publish","hentry"],"_links":{"self":[{"href":"https:\/\/wp.ufpel.edu.br\/leiturasufpel\/wp-json\/wp\/v2\/pages\/82","targetHints":{"allow":["GET"]}}],"collection":[{"href":"https:\/\/wp.ufpel.edu.br\/leiturasufpel\/wp-json\/wp\/v2\/pages"}],"about":[{"href":"https:\/\/wp.ufpel.edu.br\/leiturasufpel\/wp-json\/wp\/v2\/types\/page"}],"author":[{"embeddable":true,"href":"https:\/\/wp.ufpel.edu.br\/leiturasufpel\/wp-json\/wp\/v2\/users\/1091"}],"replies":[{"embeddable":true,"href":"https:\/\/wp.ufpel.edu.br\/leiturasufpel\/wp-json\/wp\/v2\/comments?post=82"}],"version-history":[{"count":18,"href":"https:\/\/wp.ufpel.edu.br\/leiturasufpel\/wp-json\/wp\/v2\/pages\/82\/revisions"}],"predecessor-version":[{"id":314,"href":"https:\/\/wp.ufpel.edu.br\/leiturasufpel\/wp-json\/wp\/v2\/pages\/82\/revisions\/314"}],"up":[{"embeddable":true,"href":"https:\/\/wp.ufpel.edu.br\/leiturasufpel\/wp-json\/wp\/v2\/pages\/10"}],"wp:attachment":[{"href":"https:\/\/wp.ufpel.edu.br\/leiturasufpel\/wp-json\/wp\/v2\/media?parent=82"}],"curies":[{"name":"wp","href":"https:\/\/api.w.org\/{rel}","templated":true}]}}