{"id":60,"date":"2020-11-04T19:22:45","date_gmt":"2020-11-04T22:22:45","guid":{"rendered":"https:\/\/wp.ufpel.edu.br\/leiturasufpel\/?page_id=60"},"modified":"2024-03-11T10:18:13","modified_gmt":"2024-03-11T13:18:13","slug":"leituras-dramaticas","status":"publish","type":"page","link":"https:\/\/wp.ufpel.edu.br\/leiturasufpel\/leituras-do-drama-contemporaneo\/leituras-dramaticas\/","title":{"rendered":"Leituras dram\u00e1ticas"},"content":{"rendered":"<p style=\"text-align: justify;\">Durante os encontros e reuni\u00f5es do projeto de pesquisa, os participantes e a coordenadora realizam estudos diversos sobre dramaturgia contempor\u00e2nea, autores e textos teatrais. Est\u00e1 previsto neste projeto, como forma de ampliar o alcance dos estudos e divulgar a dramaturgia, a realiza\u00e7\u00e3o de leituras dram\u00e1ticas em sess\u00f5es p\u00fablicas.<\/p>\n<p style=\"text-align: justify;\">*Devido \u00e0 pandemia de COVID-19, durante os anos de 2020 e 2021 o grupo realizou leituras de forma virtual, em sess\u00e3o \u00fanica transmitida pela internet, no nosso canal do Youtube.<\/p>\n<p>&nbsp;<\/p>\n<p><strong><em>O debate<\/em>, de Guel Arraes e Jorge Furtado &#8211; mar\u00e7o de 2024<\/strong><\/p>\n<p><img class=\"alignnone size-medium wp-image-367\" src=\"https:\/\/wp.ufpel.edu.br\/leiturasufpel\/files\/2024\/03\/WhatsApp-Image-2024-03-03-at-17.28.24-283x400.jpeg\" alt=\"\" width=\"283\" height=\"400\" srcset=\"https:\/\/wp.ufpel.edu.br\/leiturasufpel\/files\/2024\/03\/WhatsApp-Image-2024-03-03-at-17.28.24-283x400.jpeg 283w, https:\/\/wp.ufpel.edu.br\/leiturasufpel\/files\/2024\/03\/WhatsApp-Image-2024-03-03-at-17.28.24-724x1024.jpeg 724w, https:\/\/wp.ufpel.edu.br\/leiturasufpel\/files\/2024\/03\/WhatsApp-Image-2024-03-03-at-17.28.24-768x1086.jpeg 768w, https:\/\/wp.ufpel.edu.br\/leiturasufpel\/files\/2024\/03\/WhatsApp-Image-2024-03-03-at-17.28.24-1086x1536.jpeg 1086w, https:\/\/wp.ufpel.edu.br\/leiturasufpel\/files\/2024\/03\/WhatsApp-Image-2024-03-03-at-17.28.24.jpeg 1131w\" sizes=\"(max-width: 283px) 100vw, 283px\" \/><\/p>\n<p>&nbsp;<\/p>\n<p><strong><em>No antes, naquele dia e agora \u2013 Invis\u00edvel<\/em>, <\/strong><strong>de Virg\u00ednia Schabbach &#8211; abril de 2023<\/strong><\/p>\n<p><img class=\"alignnone size-medium wp-image-292\" src=\"https:\/\/wp.ufpel.edu.br\/leiturasufpel\/files\/2023\/04\/NO-ANTES-NAQUELE-DIA-E-AGORA-283x400.png\" alt=\"\" width=\"283\" height=\"400\" srcset=\"https:\/\/wp.ufpel.edu.br\/leiturasufpel\/files\/2023\/04\/NO-ANTES-NAQUELE-DIA-E-AGORA-283x400.png 283w, https:\/\/wp.ufpel.edu.br\/leiturasufpel\/files\/2023\/04\/NO-ANTES-NAQUELE-DIA-E-AGORA-724x1024.png 724w, https:\/\/wp.ufpel.edu.br\/leiturasufpel\/files\/2023\/04\/NO-ANTES-NAQUELE-DIA-E-AGORA-768x1086.png 768w, https:\/\/wp.ufpel.edu.br\/leiturasufpel\/files\/2023\/04\/NO-ANTES-NAQUELE-DIA-E-AGORA-1086x1536.png 1086w, https:\/\/wp.ufpel.edu.br\/leiturasufpel\/files\/2023\/04\/NO-ANTES-NAQUELE-DIA-E-AGORA-1448x2048.png 1448w, https:\/\/wp.ufpel.edu.br\/leiturasufpel\/files\/2023\/04\/NO-ANTES-NAQUELE-DIA-E-AGORA.png 1587w\" sizes=\"(max-width: 283px) 100vw, 283px\" \/><\/p>\n<p><strong><em>By hea<\/em><em>rt<\/em>, de Tiago Rodrigues &#8211; outubro de 2022<\/strong><\/p>\n<p><img class=\"alignnone size-medium wp-image-266\" src=\"https:\/\/wp.ufpel.edu.br\/leiturasufpel\/files\/2022\/10\/By-Heart-Face-283x400.jpg\" alt=\"\" width=\"283\" height=\"400\" srcset=\"https:\/\/wp.ufpel.edu.br\/leiturasufpel\/files\/2022\/10\/By-Heart-Face-283x400.jpg 283w, https:\/\/wp.ufpel.edu.br\/leiturasufpel\/files\/2022\/10\/By-Heart-Face-724x1024.jpg 724w, https:\/\/wp.ufpel.edu.br\/leiturasufpel\/files\/2022\/10\/By-Heart-Face-768x1086.jpg 768w, https:\/\/wp.ufpel.edu.br\/leiturasufpel\/files\/2022\/10\/By-Heart-Face-1086x1536.jpg 1086w, https:\/\/wp.ufpel.edu.br\/leiturasufpel\/files\/2022\/10\/By-Heart-Face-1448x2048.jpg 1448w, https:\/\/wp.ufpel.edu.br\/leiturasufpel\/files\/2022\/10\/By-Heart-Face.jpg 1587w\" sizes=\"(max-width: 283px) 100vw, 283px\" \/><\/p>\n<p><strong><em>Fedegunda<\/em><\/strong><strong>, de Karen Acioly &#8211; novembro de 2021 (Leitura dram\u00e1tica on-line)<\/strong><\/p>\n<p><a href=\"https:\/\/youtu.be\/gJavjsGMaDY\">https:\/\/youtu.be\/gJavjsGMaDY<\/a><\/p>\n<p><img class=\"alignnone size-medium wp-image-253\" src=\"https:\/\/wp.ufpel.edu.br\/leiturasufpel\/files\/2021\/11\/Fedegunda-cartaz-283x400.png\" alt=\"\" width=\"283\" height=\"400\" srcset=\"https:\/\/wp.ufpel.edu.br\/leiturasufpel\/files\/2021\/11\/Fedegunda-cartaz-283x400.png 283w, https:\/\/wp.ufpel.edu.br\/leiturasufpel\/files\/2021\/11\/Fedegunda-cartaz-724x1024.png 724w, https:\/\/wp.ufpel.edu.br\/leiturasufpel\/files\/2021\/11\/Fedegunda-cartaz-768x1086.png 768w, https:\/\/wp.ufpel.edu.br\/leiturasufpel\/files\/2021\/11\/Fedegunda-cartaz-1086x1536.png 1086w, https:\/\/wp.ufpel.edu.br\/leiturasufpel\/files\/2021\/11\/Fedegunda-cartaz-1448x2048.png 1448w, https:\/\/wp.ufpel.edu.br\/leiturasufpel\/files\/2021\/11\/Fedegunda-cartaz.png 1587w\" sizes=\"(max-width: 283px) 100vw, 283px\" \/><\/p>\n<p><strong><em>Trilogia Sul Invertido<\/em> &#8211; agosto de 2021 (Leituras dram\u00e1ticas on-line)<\/strong><\/p>\n<p><img class=\"alignnone size-medium wp-image-217\" src=\"https:\/\/wp.ufpel.edu.br\/leiturasufpel\/files\/2021\/08\/20210729_193911_0000-400x400.png\" alt=\"\" width=\"400\" height=\"400\" srcset=\"https:\/\/wp.ufpel.edu.br\/leiturasufpel\/files\/2021\/08\/20210729_193911_0000-400x400.png 400w, https:\/\/wp.ufpel.edu.br\/leiturasufpel\/files\/2021\/08\/20210729_193911_0000-1024x1024.png 1024w, https:\/\/wp.ufpel.edu.br\/leiturasufpel\/files\/2021\/08\/20210729_193911_0000-200x200.png 200w, https:\/\/wp.ufpel.edu.br\/leiturasufpel\/files\/2021\/08\/20210729_193911_0000-768x768.png 768w, https:\/\/wp.ufpel.edu.br\/leiturasufpel\/files\/2021\/08\/20210729_193911_0000.png 1080w\" sizes=\"(max-width: 400px) 100vw, 400px\" \/><\/p>\n<p class=\"title style-scope ytd-video-primary-info-renderer\"><strong><em>ENTRANHAS: aqui ao menos estamos s\u00f3s<\/em>, de Thalles Echeverry<\/strong><\/p>\n<p><a href=\"https:\/\/youtu.be\/Y1QLgwhEs3c\">https:\/\/youtu.be\/Y1QLgwhEs3c<\/a><\/p>\n<p class=\"title style-scope ytd-video-primary-info-renderer\"><em><strong>DENG\u00d4: O encontro de Aysha e Gaz\u00e2nia,<\/strong><\/em><strong> de Ingrid Duarte\u00a0<\/strong><\/p>\n<p><a href=\"https:\/\/youtu.be\/IHTbn5q0HsY\">https:\/\/youtu.be\/IHTbn5q0HsY<\/a><\/p>\n<p class=\"title style-scope ytd-video-primary-info-renderer\"><strong><em>Quadrado de tr\u00eas pontas<\/em><em>,<\/em>\u00a0de Mario Celso<\/strong><\/p>\n<p><a href=\"https:\/\/youtu.be\/fVB8KC_xGrI\">https:\/\/youtu.be\/fVB8KC_xGrI<\/a><\/p>\n<p>&#8212;<\/p>\n<p><em><strong>Zool\u00f3gico a c\u00e9u aberto<\/strong><\/em><strong>, de Fernando de Carvalho &#8211; julho de 2021 (Leitura dram\u00e1tica on-line)<\/strong><\/p>\n<p><a href=\"https:\/\/youtu.be\/-9sMXI8Z4CU\">https:\/\/youtu.be\/-9sMXI8Z4CU<\/a><\/p>\n<p><img class=\"alignnone size-medium wp-image-213\" src=\"https:\/\/wp.ufpel.edu.br\/leiturasufpel\/files\/2021\/06\/zoologico-cartaz-283x400.png\" alt=\"\" width=\"283\" height=\"400\" srcset=\"https:\/\/wp.ufpel.edu.br\/leiturasufpel\/files\/2021\/06\/zoologico-cartaz-283x400.png 283w, https:\/\/wp.ufpel.edu.br\/leiturasufpel\/files\/2021\/06\/zoologico-cartaz-724x1024.png 724w, https:\/\/wp.ufpel.edu.br\/leiturasufpel\/files\/2021\/06\/zoologico-cartaz-768x1086.png 768w, https:\/\/wp.ufpel.edu.br\/leiturasufpel\/files\/2021\/06\/zoologico-cartaz-1086x1536.png 1086w, https:\/\/wp.ufpel.edu.br\/leiturasufpel\/files\/2021\/06\/zoologico-cartaz-1448x2048.png 1448w, https:\/\/wp.ufpel.edu.br\/leiturasufpel\/files\/2021\/06\/zoologico-cartaz.png 1587w\" sizes=\"(max-width: 283px) 100vw, 283px\" \/><\/p>\n<p><em><strong>Desculpe o transtorno<\/strong><\/em><strong>, de Jonatan Magella &#8211; maio de 2021 (Leitura dram\u00e1tica on-line)<\/strong><\/p>\n<p><a href=\"https:\/\/youtu.be\/Xhigk_A18DM\">https:\/\/youtu.be\/Xhigk_A18DM<\/a><\/p>\n<p><img class=\"alignnone size-medium wp-image-193\" src=\"https:\/\/wp.ufpel.edu.br\/leiturasufpel\/files\/2021\/05\/desculpe-o-transtorno-283x400.png\" alt=\"\" width=\"283\" height=\"400\" srcset=\"https:\/\/wp.ufpel.edu.br\/leiturasufpel\/files\/2021\/05\/desculpe-o-transtorno-283x400.png 283w, https:\/\/wp.ufpel.edu.br\/leiturasufpel\/files\/2021\/05\/desculpe-o-transtorno-724x1024.png 724w, https:\/\/wp.ufpel.edu.br\/leiturasufpel\/files\/2021\/05\/desculpe-o-transtorno-768x1086.png 768w, https:\/\/wp.ufpel.edu.br\/leiturasufpel\/files\/2021\/05\/desculpe-o-transtorno-1086x1536.png 1086w, https:\/\/wp.ufpel.edu.br\/leiturasufpel\/files\/2021\/05\/desculpe-o-transtorno-1448x2048.png 1448w, https:\/\/wp.ufpel.edu.br\/leiturasufpel\/files\/2021\/05\/desculpe-o-transtorno.png 1587w\" sizes=\"(max-width: 283px) 100vw, 283px\" \/><\/p>\n<p><strong><em>L\u00facia,\u00a0<\/em>de Jo\u00e3o Vitor &#8211; dezembro de 2020 (Leitura dram\u00e1tica on-line)<\/strong><\/p>\n<p><a href=\"https:\/\/youtu.be\/njK76pi8zug\">https:\/\/youtu.be\/njK76pi8zug<\/a><\/p>\n<p><img class=\"alignnone size-medium wp-image-172\" src=\"https:\/\/wp.ufpel.edu.br\/leiturasufpel\/files\/2020\/12\/lucia-cartaz-283x400.png\" alt=\"\" width=\"283\" height=\"400\" srcset=\"https:\/\/wp.ufpel.edu.br\/leiturasufpel\/files\/2020\/12\/lucia-cartaz-283x400.png 283w, https:\/\/wp.ufpel.edu.br\/leiturasufpel\/files\/2020\/12\/lucia-cartaz-724x1024.png 724w, https:\/\/wp.ufpel.edu.br\/leiturasufpel\/files\/2020\/12\/lucia-cartaz-768x1086.png 768w, https:\/\/wp.ufpel.edu.br\/leiturasufpel\/files\/2020\/12\/lucia-cartaz-1086x1536.png 1086w, https:\/\/wp.ufpel.edu.br\/leiturasufpel\/files\/2020\/12\/lucia-cartaz-1448x2048.png 1448w, https:\/\/wp.ufpel.edu.br\/leiturasufpel\/files\/2020\/12\/lucia-cartaz.png 1587w\" sizes=\"(max-width: 283px) 100vw, 283px\" \/><\/p>\n<p><strong><i>A hist\u00f3ria dos ursos pandas contada por um saxofonista que tem uma namorada em Frankfurt<\/i>, de Mat\u00e9i Visniec &#8211; novembro de 2020 (Leitura dram\u00e1tica on-line)<\/strong><\/p>\n<p><a href=\"https:\/\/youtu.be\/QIlPM--KKd8\">https:\/\/youtu.be\/QIlPM&#8211;KKd8<\/a><\/p>\n<p><img class=\"alignnone size-medium wp-image-141\" src=\"https:\/\/wp.ufpel.edu.br\/leiturasufpel\/files\/2020\/11\/ursos-pandas-cartaz-283x400.png\" alt=\"\" width=\"283\" height=\"400\" srcset=\"https:\/\/wp.ufpel.edu.br\/leiturasufpel\/files\/2020\/11\/ursos-pandas-cartaz-283x400.png 283w, https:\/\/wp.ufpel.edu.br\/leiturasufpel\/files\/2020\/11\/ursos-pandas-cartaz-724x1024.png 724w, https:\/\/wp.ufpel.edu.br\/leiturasufpel\/files\/2020\/11\/ursos-pandas-cartaz-768x1086.png 768w, https:\/\/wp.ufpel.edu.br\/leiturasufpel\/files\/2020\/11\/ursos-pandas-cartaz-1086x1536.png 1086w, https:\/\/wp.ufpel.edu.br\/leiturasufpel\/files\/2020\/11\/ursos-pandas-cartaz-1448x2048.png 1448w, https:\/\/wp.ufpel.edu.br\/leiturasufpel\/files\/2020\/11\/ursos-pandas-cartaz.png 1587w\" sizes=\"(max-width: 283px) 100vw, 283px\" \/><\/p>\n<p>&nbsp;<\/p>\n<p><strong><em>Conselho de classe,<\/em><\/strong><strong> de J\u00f4 Bilac &#8211; setembro de 2020 (Leitura dram\u00e1tica on-line)<\/strong><\/p>\n<p><a href=\"https:\/\/youtu.be\/DRrpWHdfVQM\">https:\/\/youtu.be\/DRrpWHdfVQM<\/a><\/p>\n<p><img class=\"alignnone size-medium wp-image-78\" src=\"https:\/\/wp.ufpel.edu.br\/leiturasufpel\/files\/2020\/11\/Conselho-de-classe-cartaz-283x400.png\" alt=\"\" width=\"283\" height=\"400\" srcset=\"https:\/\/wp.ufpel.edu.br\/leiturasufpel\/files\/2020\/11\/Conselho-de-classe-cartaz-283x400.png 283w, https:\/\/wp.ufpel.edu.br\/leiturasufpel\/files\/2020\/11\/Conselho-de-classe-cartaz-724x1024.png 724w, https:\/\/wp.ufpel.edu.br\/leiturasufpel\/files\/2020\/11\/Conselho-de-classe-cartaz-768x1086.png 768w, https:\/\/wp.ufpel.edu.br\/leiturasufpel\/files\/2020\/11\/Conselho-de-classe-cartaz-1086x1536.png 1086w, https:\/\/wp.ufpel.edu.br\/leiturasufpel\/files\/2020\/11\/Conselho-de-classe-cartaz-1448x2048.png 1448w, https:\/\/wp.ufpel.edu.br\/leiturasufpel\/files\/2020\/11\/Conselho-de-classe-cartaz.png 1587w\" sizes=\"(max-width: 283px) 100vw, 283px\" \/><\/p>\n<p>&nbsp;<\/p>\n<p><strong><em>Mergulho cego em piscina vazia<\/em><\/strong>,\u00a0<strong>de J\u00e9ssica Barbosa &#8211; agosto de 2020 (Leitura dram\u00e1tica on-line)<\/strong><\/p>\n<p><a href=\"https:\/\/youtu.be\/5LQpmYNVDAU\">https:\/\/youtu.be\/5LQpmYNVDAU<\/a><\/p>\n<p><img class=\"alignnone size-medium wp-image-77\" src=\"https:\/\/wp.ufpel.edu.br\/leiturasufpel\/files\/2020\/11\/Mergulho-cego-em-piscina-vazia-cartaz-283x400.png\" alt=\"\" width=\"283\" height=\"400\" srcset=\"https:\/\/wp.ufpel.edu.br\/leiturasufpel\/files\/2020\/11\/Mergulho-cego-em-piscina-vazia-cartaz-283x400.png 283w, https:\/\/wp.ufpel.edu.br\/leiturasufpel\/files\/2020\/11\/Mergulho-cego-em-piscina-vazia-cartaz-724x1024.png 724w, https:\/\/wp.ufpel.edu.br\/leiturasufpel\/files\/2020\/11\/Mergulho-cego-em-piscina-vazia-cartaz-768x1086.png 768w, https:\/\/wp.ufpel.edu.br\/leiturasufpel\/files\/2020\/11\/Mergulho-cego-em-piscina-vazia-cartaz-1086x1536.png 1086w, https:\/\/wp.ufpel.edu.br\/leiturasufpel\/files\/2020\/11\/Mergulho-cego-em-piscina-vazia-cartaz-1448x2048.png 1448w, https:\/\/wp.ufpel.edu.br\/leiturasufpel\/files\/2020\/11\/Mergulho-cego-em-piscina-vazia-cartaz.png 1587w\" sizes=\"(max-width: 283px) 100vw, 283px\" \/><\/p>\n<p>&nbsp;<\/p>\n<p><em><strong>Teresa e o aqu\u00e1rio<\/strong><\/em><strong>, de Diones Camargo &#8211; julho de 2020 (Leitura dram\u00e1tica on-line)<\/strong><\/p>\n<p><a href=\"https:\/\/youtu.be\/NJWZkjCJpBc\">https:\/\/youtu.be\/NJWZkjCJpBc<\/a><\/p>\n<p><img class=\"alignnone size-medium wp-image-76\" src=\"https:\/\/wp.ufpel.edu.br\/leiturasufpel\/files\/2020\/11\/Teresa-Cartaz-283x400.png\" alt=\"\" width=\"283\" height=\"400\" srcset=\"https:\/\/wp.ufpel.edu.br\/leiturasufpel\/files\/2020\/11\/Teresa-Cartaz-283x400.png 283w, https:\/\/wp.ufpel.edu.br\/leiturasufpel\/files\/2020\/11\/Teresa-Cartaz-724x1024.png 724w, https:\/\/wp.ufpel.edu.br\/leiturasufpel\/files\/2020\/11\/Teresa-Cartaz-768x1086.png 768w, https:\/\/wp.ufpel.edu.br\/leiturasufpel\/files\/2020\/11\/Teresa-Cartaz-1086x1536.png 1086w, https:\/\/wp.ufpel.edu.br\/leiturasufpel\/files\/2020\/11\/Teresa-Cartaz-1448x2048.png 1448w, https:\/\/wp.ufpel.edu.br\/leiturasufpel\/files\/2020\/11\/Teresa-Cartaz.png 1587w\" sizes=\"(max-width: 283px) 100vw, 283px\" \/><\/p>\n<p>&nbsp;<\/p>\n<p><em><strong>Passport<\/strong><\/em><strong>, de Gustavo Ott &#8211; julho de 2020 (Leitura dram\u00e1tica on-line)<\/strong><\/p>\n<p><a href=\"https:\/\/youtu.be\/4UcOxnVtbXw\">https:\/\/youtu.be\/4UcOxnVtbXw<\/a><\/p>\n<p><img class=\"alignnone size-medium wp-image-75\" src=\"https:\/\/wp.ufpel.edu.br\/leiturasufpel\/files\/2020\/11\/passport-270x400.png\" alt=\"\" width=\"270\" height=\"400\" srcset=\"https:\/\/wp.ufpel.edu.br\/leiturasufpel\/files\/2020\/11\/passport-270x400.png 270w, https:\/\/wp.ufpel.edu.br\/leiturasufpel\/files\/2020\/11\/passport.png 647w\" sizes=\"(max-width: 270px) 100vw, 270px\" \/><\/p>\n<p>&nbsp;<\/p>\n<p><strong><em>Os arque\u00f3logos<\/em><\/strong>,\u00a0<strong>de Vinicius Calderoni &#8211; julho de 2019<\/strong><\/p>\n<p><img class=\"alignnone size-medium wp-image-74\" src=\"https:\/\/wp.ufpel.edu.br\/leiturasufpel\/files\/2020\/11\/os-arqeologs-azul-2-270x400.png\" alt=\"\" width=\"270\" height=\"400\" srcset=\"https:\/\/wp.ufpel.edu.br\/leiturasufpel\/files\/2020\/11\/os-arqeologs-azul-2-270x400.png 270w, https:\/\/wp.ufpel.edu.br\/leiturasufpel\/files\/2020\/11\/os-arqeologs-azul-2.png 647w\" sizes=\"(max-width: 270px) 100vw, 270px\" \/><\/p>\n<p>&nbsp;<\/p>\n<p><strong><em>As rainhas da aldeia, de<\/em> Tomson Highway &#8211; abril de 2019 (Convite feito pela FURG)<\/strong><\/p>\n<p><img class=\"alignnone size-medium wp-image-79\" src=\"https:\/\/wp.ufpel.edu.br\/leiturasufpel\/files\/2020\/11\/WhatsApp-Image-2020-11-04-at-19.14.00-400x300.jpeg\" alt=\"\" width=\"400\" height=\"300\" srcset=\"https:\/\/wp.ufpel.edu.br\/leiturasufpel\/files\/2020\/11\/WhatsApp-Image-2020-11-04-at-19.14.00-400x300.jpeg 400w, https:\/\/wp.ufpel.edu.br\/leiturasufpel\/files\/2020\/11\/WhatsApp-Image-2020-11-04-at-19.14.00.jpeg 640w\" sizes=\"(max-width: 400px) 100vw, 400px\" \/><\/p>\n<p>&nbsp;<\/p>\n<p><em><strong>Ramal 340: sobre a migra\u00e7\u00e3o das sardinhas ou porque as pessoas simplesmente v\u00e3o embora<\/strong><\/em><strong>, de Francisco Gick &#8211; novembro de 2018<\/strong><\/p>\n<p><img class=\"alignnone size-medium wp-image-73\" src=\"https:\/\/wp.ufpel.edu.br\/leiturasufpel\/files\/2020\/11\/ramal-340-2-270x400.png\" alt=\"\" width=\"270\" height=\"400\" srcset=\"https:\/\/wp.ufpel.edu.br\/leiturasufpel\/files\/2020\/11\/ramal-340-2-270x400.png 270w, https:\/\/wp.ufpel.edu.br\/leiturasufpel\/files\/2020\/11\/ramal-340-2.png 647w\" sizes=\"(max-width: 270px) 100vw, 270px\" \/><\/p>\n<p>&nbsp;<\/p>\n<p><em><strong>Nem um dia se passa sem not\u00edcias suas<\/strong><\/em><strong>, de Daniela Pereira de Carvalho &#8211; setembro de 2018<\/strong><\/p>\n<p><img class=\"alignnone size-medium wp-image-72\" src=\"https:\/\/wp.ufpel.edu.br\/leiturasufpel\/files\/2020\/11\/nem-um-dia-se-passa-sem-noticias-suas-270x400.png\" alt=\"\" width=\"270\" height=\"400\" srcset=\"https:\/\/wp.ufpel.edu.br\/leiturasufpel\/files\/2020\/11\/nem-um-dia-se-passa-sem-noticias-suas-270x400.png 270w, https:\/\/wp.ufpel.edu.br\/leiturasufpel\/files\/2020\/11\/nem-um-dia-se-passa-sem-noticias-suas.png 647w\" sizes=\"(max-width: 270px) 100vw, 270px\" \/><\/p>\n<p>&nbsp;<\/p>\n<p><em><strong>Cara de cavalo<\/strong><\/em><strong>, de Pedro Kosovski &#8211; junho de 2018<\/strong><\/p>\n<p><img class=\"alignnone size-medium wp-image-71\" src=\"https:\/\/wp.ufpel.edu.br\/leiturasufpel\/files\/2020\/11\/34782960_2201734633446013_6011784256718635008_n-270x400.png\" alt=\"\" width=\"270\" height=\"400\" srcset=\"https:\/\/wp.ufpel.edu.br\/leiturasufpel\/files\/2020\/11\/34782960_2201734633446013_6011784256718635008_n-270x400.png 270w, https:\/\/wp.ufpel.edu.br\/leiturasufpel\/files\/2020\/11\/34782960_2201734633446013_6011784256718635008_n.png 647w\" sizes=\"(max-width: 270px) 100vw, 270px\" \/><\/p>\n<p>&nbsp;<\/p>\n<p><em><strong>Ningu\u00e9m falou que seria f\u00e1cil<\/strong><\/em><strong>, de Felipe Rocha &#8211; maio de 2018<\/strong><\/p>\n<p><img class=\"alignnone size-medium wp-image-70\" src=\"https:\/\/wp.ufpel.edu.br\/leiturasufpel\/files\/2020\/11\/31688832_2179784438974366_2646277540322213888_n-270x400.jpg\" alt=\"\" width=\"270\" height=\"400\" srcset=\"https:\/\/wp.ufpel.edu.br\/leiturasufpel\/files\/2020\/11\/31688832_2179784438974366_2646277540322213888_n-270x400.jpg 270w, https:\/\/wp.ufpel.edu.br\/leiturasufpel\/files\/2020\/11\/31688832_2179784438974366_2646277540322213888_n.jpg 647w\" sizes=\"(max-width: 270px) 100vw, 270px\" \/><\/p>\n<p>&nbsp;<\/p>\n<p><em><strong>Por Elise<\/strong><\/em><strong>, de Grace Pass\u00f4 &#8211; novembro de 2017<\/strong><\/p>\n<p><img class=\"alignnone size-medium wp-image-69\" src=\"https:\/\/wp.ufpel.edu.br\/leiturasufpel\/files\/2020\/11\/23435157_2075586739394137_2157551856090127530_n-270x400.png\" alt=\"\" width=\"270\" height=\"400\" srcset=\"https:\/\/wp.ufpel.edu.br\/leiturasufpel\/files\/2020\/11\/23435157_2075586739394137_2157551856090127530_n-270x400.png 270w, https:\/\/wp.ufpel.edu.br\/leiturasufpel\/files\/2020\/11\/23435157_2075586739394137_2157551856090127530_n.png 647w\" sizes=\"(max-width: 270px) 100vw, 270px\" \/><\/p>\n<p>&nbsp;<\/p>\n<p><em><strong>Algu\u00e9m acaba de morrer l\u00e1 fora<\/strong><\/em><strong>, de J\u00f4 Bilac &#8211; outubro de 2017<\/strong><\/p>\n<p><img class=\"alignnone size-medium wp-image-68\" src=\"https:\/\/wp.ufpel.edu.br\/leiturasufpel\/files\/2020\/11\/22365181_859141757582822_8372716852318192338_n-270x400.jpg\" alt=\"\" width=\"270\" height=\"400\" srcset=\"https:\/\/wp.ufpel.edu.br\/leiturasufpel\/files\/2020\/11\/22365181_859141757582822_8372716852318192338_n-270x400.jpg 270w, https:\/\/wp.ufpel.edu.br\/leiturasufpel\/files\/2020\/11\/22365181_859141757582822_8372716852318192338_n.jpg 647w\" sizes=\"(max-width: 270px) 100vw, 270px\" \/><\/p>\n<p>&nbsp;<\/p>\n<p><strong><em>O nome<\/em>, de Jon Fosse &#8211; agosto de 2017<\/strong><\/p>\n<p><img class=\"alignnone size-medium wp-image-67\" src=\"https:\/\/wp.ufpel.edu.br\/leiturasufpel\/files\/2020\/11\/o-nome-270x400.jpg\" alt=\"\" width=\"270\" height=\"400\" srcset=\"https:\/\/wp.ufpel.edu.br\/leiturasufpel\/files\/2020\/11\/o-nome-270x400.jpg 270w, https:\/\/wp.ufpel.edu.br\/leiturasufpel\/files\/2020\/11\/o-nome.jpg 647w\" sizes=\"(max-width: 270px) 100vw, 270px\" \/><\/p>\n<p>&nbsp;<\/p>\n<p><strong><em>F.R.A.M.E.S<\/em>., de Diones Camargo &#8211; julho de 2017<\/strong><\/p>\n<p><img class=\"alignnone size-medium wp-image-66\" src=\"https:\/\/wp.ufpel.edu.br\/leiturasufpel\/files\/2020\/11\/frames-270x400.jpg\" alt=\"\" width=\"270\" height=\"400\" srcset=\"https:\/\/wp.ufpel.edu.br\/leiturasufpel\/files\/2020\/11\/frames-270x400.jpg 270w, https:\/\/wp.ufpel.edu.br\/leiturasufpel\/files\/2020\/11\/frames.jpg 647w\" sizes=\"(max-width: 270px) 100vw, 270px\" \/><\/p>\n<p>&nbsp;<\/p>\n<p><strong><em>Suspens\u00e3o<\/em>, de Lucas Arantes &#8211; maio de 2017<\/strong><\/p>\n<p><img class=\"alignnone size-medium wp-image-65\" src=\"https:\/\/wp.ufpel.edu.br\/leiturasufpel\/files\/2020\/11\/suspensao-270x400.jpg\" alt=\"\" width=\"270\" height=\"400\" srcset=\"https:\/\/wp.ufpel.edu.br\/leiturasufpel\/files\/2020\/11\/suspensao-270x400.jpg 270w, https:\/\/wp.ufpel.edu.br\/leiturasufpel\/files\/2020\/11\/suspensao.jpg 647w\" sizes=\"(max-width: 270px) 100vw, 270px\" \/><\/p>\n<p>&nbsp;<\/p>\n<p><strong><em>M\u00fasica para cortar os pulsos: mon\u00f3logos sentimentais para cora\u00e7\u00f5es juvenis<\/em>, de Rafael Gomes &#8211; setembro 2016<\/strong><\/p>\n<p><img class=\"alignnone size-medium wp-image-64\" src=\"https:\/\/wp.ufpel.edu.br\/leiturasufpel\/files\/2020\/11\/musica-270x400.jpg\" alt=\"\" width=\"270\" height=\"400\" srcset=\"https:\/\/wp.ufpel.edu.br\/leiturasufpel\/files\/2020\/11\/musica-270x400.jpg 270w, https:\/\/wp.ufpel.edu.br\/leiturasufpel\/files\/2020\/11\/musica.jpg 647w\" sizes=\"(max-width: 270px) 100vw, 270px\" \/><\/p>\n<p>&nbsp;<\/p>\n<p><strong><em>\u00c2nsia<\/em>, de Sarah Kane &#8211; agosto de 2016<\/strong><\/p>\n<p><img class=\"alignnone size-medium wp-image-63\" src=\"https:\/\/wp.ufpel.edu.br\/leiturasufpel\/files\/2020\/11\/ansia-270x400.jpg\" alt=\"\" width=\"270\" height=\"400\" srcset=\"https:\/\/wp.ufpel.edu.br\/leiturasufpel\/files\/2020\/11\/ansia-270x400.jpg 270w, https:\/\/wp.ufpel.edu.br\/leiturasufpel\/files\/2020\/11\/ansia.jpg 647w\" sizes=\"(max-width: 270px) 100vw, 270px\" \/><\/p>\n<p>&nbsp;<\/p>\n<p><strong><em>Mosaico Kolt\u00e8s<\/em> (compilado de textos de Bernard-Marie Kolt\u00e8s) &#8211; maio de 2016<\/strong><\/p>\n<p><img class=\"alignnone size-medium wp-image-62\" src=\"https:\/\/wp.ufpel.edu.br\/leiturasufpel\/files\/2020\/11\/13178835_1092227017501876_4871761689998251744_n-270x400.jpg\" alt=\"\" width=\"270\" height=\"400\" srcset=\"https:\/\/wp.ufpel.edu.br\/leiturasufpel\/files\/2020\/11\/13178835_1092227017501876_4871761689998251744_n-270x400.jpg 270w, https:\/\/wp.ufpel.edu.br\/leiturasufpel\/files\/2020\/11\/13178835_1092227017501876_4871761689998251744_n.jpg 647w\" sizes=\"(max-width: 270px) 100vw, 270px\" \/><\/p>\n","protected":false},"excerpt":{"rendered":"<p>Durante os encontros e reuni\u00f5es do projeto de pesquisa, os participantes e a coordenadora realizam estudos diversos sobre dramaturgia contempor\u00e2nea, autores e textos teatrais. Est\u00e1 previsto neste projeto, como forma de ampliar o alcance dos estudos e divulgar a dramaturgia, a realiza\u00e7\u00e3o de leituras dram\u00e1ticas em sess\u00f5es p\u00fablicas. *Devido \u00e0 pandemia de COVID-19, durante os [&hellip;]<\/p>\n","protected":false},"author":1091,"featured_media":0,"parent":10,"menu_order":0,"comment_status":"closed","ping_status":"closed","template":"","meta":{"footnotes":""},"class_list":["post-60","page","type-page","status-publish","hentry"],"_links":{"self":[{"href":"https:\/\/wp.ufpel.edu.br\/leiturasufpel\/wp-json\/wp\/v2\/pages\/60","targetHints":{"allow":["GET"]}}],"collection":[{"href":"https:\/\/wp.ufpel.edu.br\/leiturasufpel\/wp-json\/wp\/v2\/pages"}],"about":[{"href":"https:\/\/wp.ufpel.edu.br\/leiturasufpel\/wp-json\/wp\/v2\/types\/page"}],"author":[{"embeddable":true,"href":"https:\/\/wp.ufpel.edu.br\/leiturasufpel\/wp-json\/wp\/v2\/users\/1091"}],"replies":[{"embeddable":true,"href":"https:\/\/wp.ufpel.edu.br\/leiturasufpel\/wp-json\/wp\/v2\/comments?post=60"}],"version-history":[{"count":13,"href":"https:\/\/wp.ufpel.edu.br\/leiturasufpel\/wp-json\/wp\/v2\/pages\/60\/revisions"}],"predecessor-version":[{"id":140,"href":"https:\/\/wp.ufpel.edu.br\/leiturasufpel\/wp-json\/wp\/v2\/pages\/60\/revisions\/140"}],"up":[{"embeddable":true,"href":"https:\/\/wp.ufpel.edu.br\/leiturasufpel\/wp-json\/wp\/v2\/pages\/10"}],"wp:attachment":[{"href":"https:\/\/wp.ufpel.edu.br\/leiturasufpel\/wp-json\/wp\/v2\/media?parent=60"}],"curies":[{"name":"wp","href":"https:\/\/api.w.org\/{rel}","templated":true}]}}