{"id":57,"date":"2020-11-04T17:58:14","date_gmt":"2020-11-04T20:58:14","guid":{"rendered":"https:\/\/wp.ufpel.edu.br\/leiturasufpel\/?page_id=57"},"modified":"2023-04-22T19:36:06","modified_gmt":"2023-04-22T22:36:06","slug":"drama-em-drops","status":"publish","type":"page","link":"https:\/\/wp.ufpel.edu.br\/leiturasufpel\/leituras-do-drama-contemporaneo\/drama-em-drops\/","title":{"rendered":"Drama em drops"},"content":{"rendered":"<p style=\"text-align: justify;\">A a\u00e7\u00e3o <em>Drama em drops<\/em> consiste em grava\u00e7\u00f5es de v\u00eddeos curtos dos participantes com leituras de fragmentos de textos teatrais contempor\u00e2neos. Os v\u00eddeos servem para difundir os estudos que os colaboradores fazem sobre autores\/autoras e textos dram\u00e1ticos. Cada membro realiza a grava\u00e7\u00e3o individual do seu v\u00eddeo e, coletivamente,\u00a0 discutimos sobre os formatos mais interessantes e melhorias poss\u00edveis. Os v\u00eddeos s\u00e3o divulgados nas redes do grupo (youtube, facebook, instagram).<\/p>\n<p><strong>Drama em drops &#8211; \u201cKaos\u201d, de Mill\u00f4r Fernandes &#8211; Leitor: Py\u00e3<\/strong><\/p>\n<p><iframe title=\"Drama em drops - \u201cKaos\u201d, de Mill\u00f4r Fernandes\" width=\"500\" height=\"281\" src=\"https:\/\/www.youtube.com\/embed\/AViCwryCzsw?feature=oembed\" frameborder=\"0\" allow=\"accelerometer; autoplay; clipboard-write; encrypted-media; gyroscope; picture-in-picture; web-share\" referrerpolicy=\"strict-origin-when-cross-origin\" allowfullscreen><\/iframe><\/p>\n<p><strong>Drama em drops &#8211; \u201cSil\u00eancio.doc\u201d, de Marcelo Varzea &#8211; Leitor: Mario Celso<\/strong><\/p>\n<p><iframe title=\"Drama em drops - \u201cSil\u00eancio.doc\u201d, de Marcelo Varzea\" width=\"500\" height=\"281\" src=\"https:\/\/www.youtube.com\/embed\/b2-BwNAdURM?feature=oembed\" frameborder=\"0\" allow=\"accelerometer; autoplay; clipboard-write; encrypted-media; gyroscope; picture-in-picture; web-share\" referrerpolicy=\"strict-origin-when-cross-origin\" allowfullscreen><\/iframe><\/p>\n<p><strong>Drama em drops &#8211; \u201cS\u00edsifo\u201d, de Greg\u00f3rio Duvivier e Vin\u00edcius Calderoni &#8211; Leitora: Fernanda Vieira Fernandes<\/strong><\/p>\n<p><iframe title=\"Drama em drops - \u201cS\u00edsifo\u201d, de Greg\u00f3rio Duvivier e Vin\u00edcius Calderoni\" width=\"500\" height=\"281\" src=\"https:\/\/www.youtube.com\/embed\/X3OC6daRHnc?feature=oembed\" frameborder=\"0\" allow=\"accelerometer; autoplay; clipboard-write; encrypted-media; gyroscope; picture-in-picture; web-share\" referrerpolicy=\"strict-origin-when-cross-origin\" allowfullscreen><\/iframe><\/p>\n<p class=\"title style-scope ytd-video-primary-info-renderer\"><strong>Drama em drops &#8211; \u201cCliff (Precip\u00edcio)\u201d, de Alberto Conejero L\u00f3pez &#8211; Leitor: Kelvin Machado<\/strong><\/p>\n<p><iframe title=\"Drama em drops - \u201cCliff (Precip\u00edcio)\u201d, de Alberto Conejero L\u00f3pez\" width=\"500\" height=\"281\" src=\"https:\/\/www.youtube.com\/embed\/8eNcRr8HOl8?feature=oembed\" frameborder=\"0\" allow=\"accelerometer; autoplay; clipboard-write; encrypted-media; gyroscope; picture-in-picture; web-share\" referrerpolicy=\"strict-origin-when-cross-origin\" allowfullscreen><\/iframe><\/p>\n<p>&nbsp;<\/p>\n<p class=\"title style-scope ytd-video-primary-info-renderer\"><strong>Drama em drops &#8211; \u201cMarta, Rosa e Jo\u00e3o\u201d, de Malu Galli &#8211; Leitora: Brenda Seneme<\/strong><\/p>\n<p><iframe title=\"Drama em drops - \u201cMarta, Rosa e Jo\u00e3o\u201d, de Malu Galli\" width=\"500\" height=\"281\" src=\"https:\/\/www.youtube.com\/embed\/QK0PfSwBSqk?start=20&#038;feature=oembed\" frameborder=\"0\" allow=\"accelerometer; autoplay; clipboard-write; encrypted-media; gyroscope; picture-in-picture; web-share\" referrerpolicy=\"strict-origin-when-cross-origin\" allowfullscreen><\/iframe><\/p>\n<p>&nbsp;<\/p>\n<p class=\"title style-scope ytd-video-primary-info-renderer\"><strong>Drama em drops &#8211; \u201c\u00c2nsia\u201d, de Sarah Kane &#8211; Leitora: Milena Vaz<\/strong><\/p>\n<p><iframe title=\"Drama em drops - \u201c\u00c2nsia\u201d, de Sarah Kane\" width=\"500\" height=\"281\" src=\"https:\/\/www.youtube.com\/embed\/l88B-jXg78U?feature=oembed\" frameborder=\"0\" allow=\"accelerometer; autoplay; clipboard-write; encrypted-media; gyroscope; picture-in-picture; web-share\" referrerpolicy=\"strict-origin-when-cross-origin\" allowfullscreen><\/iframe><\/p>\n<p>&nbsp;<\/p>\n<p class=\"title style-scope ytd-video-primary-info-renderer\"><strong>Drama em drops &#8211; \u201cFiz bem?\u201d, de Pauline Sales &#8211; Leitor: Kelvin Machado<\/strong><\/p>\n<p><iframe title=\"Drama em drops - \u201cFiz bem?\u201d, de Pauline Sales\" width=\"500\" height=\"281\" src=\"https:\/\/www.youtube.com\/embed\/0bb53QTfA5g?feature=oembed\" frameborder=\"0\" allow=\"accelerometer; autoplay; clipboard-write; encrypted-media; gyroscope; picture-in-picture; web-share\" referrerpolicy=\"strict-origin-when-cross-origin\" allowfullscreen><\/iframe><\/p>\n<p>&nbsp;<\/p>\n<p class=\"title style-scope ytd-video-primary-info-renderer\"><strong>Drama em drops &#8211; \u201cRamal 340\u201d, de Francisco Gick &#8211; Leitora: Lorena Zanetti<\/strong><\/p>\n<p><iframe title=\"Drama em drops - \u201cRamal 340\u201d, de Francisco Gick\" width=\"500\" height=\"281\" src=\"https:\/\/www.youtube.com\/embed\/udEjLY0wpas?feature=oembed\" frameborder=\"0\" allow=\"accelerometer; autoplay; clipboard-write; encrypted-media; gyroscope; picture-in-picture; web-share\" referrerpolicy=\"strict-origin-when-cross-origin\" allowfullscreen><\/iframe><\/p>\n<p>&nbsp;<\/p>\n<p class=\"title style-scope ytd-video-primary-info-renderer\"><strong>Drama em drops &#8211; \u201cOs son\u00e2mbulos\u201d, de J\u00e9ssica Barbosa &#8211; Leitor: Py\u00e3<\/strong><\/p>\n<p><iframe title=\"Drama em drops - \u201cOs son\u00e2mbulos\u201d, de J\u00e9ssica Barbosa\" width=\"500\" height=\"281\" src=\"https:\/\/www.youtube.com\/embed\/4w9sQcrHduY?feature=oembed\" frameborder=\"0\" allow=\"accelerometer; autoplay; clipboard-write; encrypted-media; gyroscope; picture-in-picture; web-share\" referrerpolicy=\"strict-origin-when-cross-origin\" allowfullscreen><\/iframe><\/p>\n<p>&nbsp;<\/p>\n<p class=\"title style-scope ytd-video-primary-info-renderer\"><strong>Drama em drops &#8211; \u201cA hist\u00f3ria do comunismo contada aos doentes mentais\u201d, de Mat\u00e9i Visniec &#8211; Leitor: Mario Celso<\/strong><\/p>\n<p><iframe title=\"Drama em drops - \u201cA hist\u00f3ria do comunismo contada aos doentes mentais\u201d, de Mat\u00e9i Visniec\" width=\"500\" height=\"281\" src=\"https:\/\/www.youtube.com\/embed\/vgF7U5eC0ws?feature=oembed\" frameborder=\"0\" allow=\"accelerometer; autoplay; clipboard-write; encrypted-media; gyroscope; picture-in-picture; web-share\" referrerpolicy=\"strict-origin-when-cross-origin\" allowfullscreen><\/iframe><\/p>\n<p>&nbsp;<\/p>\n<p class=\"title style-scope ytd-video-primary-info-renderer\"><strong>Drama em drops &#8211; \u201cS\u00f3 percebo que estou correndo quando vejo que estou caindo\u201d, de Lane Lopes &#8211; Leitora: Brenda Seneme<\/strong><\/p>\n<p><iframe title=\"Drama em drops - \u201cS\u00f3 percebo que estou correndo quando vejo que estou caindo\u201d, de Lane Lopes\" width=\"500\" height=\"281\" src=\"https:\/\/www.youtube.com\/embed\/7PjM0SkeMDc?feature=oembed\" frameborder=\"0\" allow=\"accelerometer; autoplay; clipboard-write; encrypted-media; gyroscope; picture-in-picture; web-share\" referrerpolicy=\"strict-origin-when-cross-origin\" allowfullscreen><\/iframe><\/p>\n<p>&nbsp;<\/p>\n<p class=\"title style-scope ytd-video-primary-info-renderer\"><strong>Drama em drops &#8211; \u201cNa solid\u00e3o dos campos de algod\u00e3o\u201d, de Bernard-Marie Kolt\u00e8s &#8211; Leitor: Jo\u00e3o Vitor<\/strong><\/p>\n<p><iframe title=\"Drama em drops - \u201cNa solid\u00e3o dos campos de algod\u00e3o\u201d, de Bernard-Marie Kolt\u00e8s\" width=\"500\" height=\"281\" src=\"https:\/\/www.youtube.com\/embed\/JwjEDgp48vY?feature=oembed\" frameborder=\"0\" allow=\"accelerometer; autoplay; clipboard-write; encrypted-media; gyroscope; picture-in-picture; web-share\" referrerpolicy=\"strict-origin-when-cross-origin\" allowfullscreen><\/iframe><\/p>\n<p>&nbsp;<\/p>\n<p class=\"title style-scope ytd-video-primary-info-renderer\"><strong>Drama em drops &#8211; \u201cCachorro morto na lavanderia: Os fortes\u201d, de Ang\u00e9lica Liddell &#8211; Leitora: Fernanda Vieira Fernandes<\/strong><\/p>\n<p><iframe title=\"Drama em drops - \u201cCachorro morto na lavanderia: Os fortes\u201d, de Ang\u00e9lica Liddell\" width=\"500\" height=\"281\" src=\"https:\/\/www.youtube.com\/embed\/RMdBDEKXRkc?feature=oembed\" frameborder=\"0\" allow=\"accelerometer; autoplay; clipboard-write; encrypted-media; gyroscope; picture-in-picture; web-share\" referrerpolicy=\"strict-origin-when-cross-origin\" allowfullscreen><\/iframe><\/p>\n<p>&nbsp;<\/p>\n<p class=\"title style-scope ytd-video-primary-info-renderer\"><strong>Drama em drops &#8211; \u201cInf\u00e2ncia, tiros e plumas\u201d, de J\u00f4 Bilac &#8211; Leitor: Kelvin Machado<\/strong><\/p>\n<p><iframe title=\"Drama em drops - \u201cInf\u00e2ncia, tiros e plumas\u201d, de J\u00f4 Bilac\" width=\"500\" height=\"281\" src=\"https:\/\/www.youtube.com\/embed\/rX6_KB6tUrQ?feature=oembed\" frameborder=\"0\" allow=\"accelerometer; autoplay; clipboard-write; encrypted-media; gyroscope; picture-in-picture; web-share\" referrerpolicy=\"strict-origin-when-cross-origin\" allowfullscreen><\/iframe><\/p>\n<p>&nbsp;<\/p>\n<p class=\"title style-scope ytd-video-primary-info-renderer\"><strong>Drama em drops &#8211; \u201cApenas o fim do mundo\u201d, de Jean-Luc Lagarce &#8211; Leitor: Py\u00e3<\/strong><\/p>\n<p><iframe title=\"Drama em drops - \u201cApenas o fim do mundo\u201d, de Jean-Luc Lagarce\" width=\"500\" height=\"281\" src=\"https:\/\/www.youtube.com\/embed\/1e23-MGeseM?feature=oembed\" frameborder=\"0\" allow=\"accelerometer; autoplay; clipboard-write; encrypted-media; gyroscope; picture-in-picture; web-share\" referrerpolicy=\"strict-origin-when-cross-origin\" allowfullscreen><\/iframe><\/p>\n<p>&nbsp;<\/p>\n<p class=\"title style-scope ytd-video-primary-info-renderer\"><strong>Drama em drops &#8211; \u201cChorume\u201d, de Vinicius Calderoni &#8211; Leitor: Jo\u00e3o Vitor<\/strong><\/p>\n<p><iframe title=\"Drama em drops - \u201cChorume\u201d, de Vinicius Calderoni\" width=\"500\" height=\"281\" src=\"https:\/\/www.youtube.com\/embed\/mQllrAe4fa0?feature=oembed\" frameborder=\"0\" allow=\"accelerometer; autoplay; clipboard-write; encrypted-media; gyroscope; picture-in-picture; web-share\" referrerpolicy=\"strict-origin-when-cross-origin\" allowfullscreen><\/iframe><\/p>\n<p>&nbsp;<\/p>\n<p class=\"title style-scope ytd-video-primary-info-renderer\"><strong>Drama em drops &#8211; \u201cBuraquinhos\u201d, de Jhonny Salaberg &#8211; Leitor: Mario Celso<\/strong><\/p>\n<p><iframe title=\"Drama em drops - \u201cBuraquinhos\u201d, de Jhonny Salaberg\" width=\"500\" height=\"281\" src=\"https:\/\/www.youtube.com\/embed\/Oz2CIQnyDZk?feature=oembed\" frameborder=\"0\" allow=\"accelerometer; autoplay; clipboard-write; encrypted-media; gyroscope; picture-in-picture; web-share\" referrerpolicy=\"strict-origin-when-cross-origin\" allowfullscreen><\/iframe><\/p>\n<p>&nbsp;<\/p>\n<p class=\"title style-scope ytd-video-primary-info-renderer\"><strong>Drama em drops &#8211; &#8220;Por Elise&#8221;, de Grace Pass\u00f4 &#8211; Leitora: Lorena Zanetti<\/strong><\/p>\n<p><iframe title=\"Drama em drops - &quot;Por Elise&quot;, de Grace Pass\u00f4\" width=\"500\" height=\"281\" src=\"https:\/\/www.youtube.com\/embed\/mfyU_Ta4SZI?feature=oembed\" frameborder=\"0\" allow=\"accelerometer; autoplay; clipboard-write; encrypted-media; gyroscope; picture-in-picture; web-share\" referrerpolicy=\"strict-origin-when-cross-origin\" allowfullscreen><\/iframe><\/p>\n<p>&nbsp;<\/p>\n<p class=\"title style-scope ytd-video-primary-info-renderer\"><strong>Drama em drops &#8211; &#8220;Em um tempo aberto&#8221;, de Patr\u00edcia Silveira &#8211; Leitora: Milena Vaz<\/strong><\/p>\n<p><iframe title=\"Drama em drops - &quot;Em um tempo aberto&quot;, de Patr\u00edcia Silveira\" width=\"500\" height=\"281\" src=\"https:\/\/www.youtube.com\/embed\/jj-2PjmN6Jw?feature=oembed\" frameborder=\"0\" allow=\"accelerometer; autoplay; clipboard-write; encrypted-media; gyroscope; picture-in-picture; web-share\" referrerpolicy=\"strict-origin-when-cross-origin\" allowfullscreen><\/iframe><\/p>\n<p>&nbsp;<\/p>\n<p class=\"title style-scope ytd-video-primary-info-renderer\"><strong>Drama em drops &#8211; &#8220;Ningu\u00e9m falou que seria f\u00e1cil&#8221;, de Felipe Rocha &#8211; Leitora: Brenda Seneme<\/strong><\/p>\n<p><iframe title=\"Drama em drops - &quot;Ningu\u00e9m falou que seria f\u00e1cil&quot;, de Felipe Rocha\" width=\"500\" height=\"281\" src=\"https:\/\/www.youtube.com\/embed\/hrTbNRH3KJ4?feature=oembed\" frameborder=\"0\" allow=\"accelerometer; autoplay; clipboard-write; encrypted-media; gyroscope; picture-in-picture; web-share\" referrerpolicy=\"strict-origin-when-cross-origin\" allowfullscreen><\/iframe><\/p>\n<p>&nbsp;<\/p>\n","protected":false},"excerpt":{"rendered":"<p>A a\u00e7\u00e3o Drama em drops consiste em grava\u00e7\u00f5es de v\u00eddeos curtos dos participantes com leituras de fragmentos de textos teatrais contempor\u00e2neos. Os v\u00eddeos servem para difundir os estudos que os colaboradores fazem sobre autores\/autoras e textos dram\u00e1ticos. Cada membro realiza a grava\u00e7\u00e3o individual do seu v\u00eddeo e, coletivamente,\u00a0 discutimos sobre os formatos mais interessantes e [&hellip;]<\/p>\n","protected":false},"author":1091,"featured_media":0,"parent":10,"menu_order":2,"comment_status":"closed","ping_status":"closed","template":"","meta":{"footnotes":""},"class_list":["post-57","page","type-page","status-publish","hentry"],"_links":{"self":[{"href":"https:\/\/wp.ufpel.edu.br\/leiturasufpel\/wp-json\/wp\/v2\/pages\/57","targetHints":{"allow":["GET"]}}],"collection":[{"href":"https:\/\/wp.ufpel.edu.br\/leiturasufpel\/wp-json\/wp\/v2\/pages"}],"about":[{"href":"https:\/\/wp.ufpel.edu.br\/leiturasufpel\/wp-json\/wp\/v2\/types\/page"}],"author":[{"embeddable":true,"href":"https:\/\/wp.ufpel.edu.br\/leiturasufpel\/wp-json\/wp\/v2\/users\/1091"}],"replies":[{"embeddable":true,"href":"https:\/\/wp.ufpel.edu.br\/leiturasufpel\/wp-json\/wp\/v2\/comments?post=57"}],"version-history":[{"count":7,"href":"https:\/\/wp.ufpel.edu.br\/leiturasufpel\/wp-json\/wp\/v2\/pages\/57\/revisions"}],"predecessor-version":[{"id":303,"href":"https:\/\/wp.ufpel.edu.br\/leiturasufpel\/wp-json\/wp\/v2\/pages\/57\/revisions\/303"}],"up":[{"embeddable":true,"href":"https:\/\/wp.ufpel.edu.br\/leiturasufpel\/wp-json\/wp\/v2\/pages\/10"}],"wp:attachment":[{"href":"https:\/\/wp.ufpel.edu.br\/leiturasufpel\/wp-json\/wp\/v2\/media?parent=57"}],"curies":[{"name":"wp","href":"https:\/\/api.w.org\/{rel}","templated":true}]}}