{"id":49,"date":"2020-11-04T17:34:41","date_gmt":"2020-11-04T20:34:41","guid":{"rendered":"https:\/\/wp.ufpel.edu.br\/leiturasufpel\/?page_id=49"},"modified":"2021-11-09T10:25:29","modified_gmt":"2021-11-09T13:25:29","slug":"conversa-dramatica","status":"publish","type":"page","link":"https:\/\/wp.ufpel.edu.br\/leiturasufpel\/leituras-do-drama-contemporaneo\/conversa-dramatica\/","title":{"rendered":"Conversa dram\u00e1tica"},"content":{"rendered":"<p style=\"text-align: justify\">Entre as a\u00e7\u00f5es presenciais do projeto de pesquisa Leituras do drama contempor\u00e2neo estava prevista a realiza\u00e7\u00e3o de atividades de entrevistas com alguns nomes importantes da dramaturgia local, estadual e nacional. As atividades ocorreriam em ambiente acad\u00eamico da UFPel, em sess\u00f5es abertas \u00e0 comunidade acad\u00eamica e externa. Devido \u00e0 pandemia, a a\u00e7\u00e3o foi adaptada para o formato on-line, totalmente remoto. As <em>Conversas dram\u00e1ticas<\/em> s\u00e3o realizadas de modo virtual pela coordenadora do grupo e alguns participantes e transmitidas ao vivo pelo nosso canal do Youtube.<\/p>\n<p><strong>Conversa dram\u00e1tica &#8211; Trilogia Sul Invertido &#8211; 21\/08\/2021 (Ingrid Duarte, Mario Celso e Thalles Echeverry)<\/strong><\/p>\n<p><a href=\"https:\/\/youtu.be\/-KlUiosB0Ck\">https:\/\/youtu.be\/-KlUiosB0Ck<\/a><\/p>\n<p><img class=\"alignnone size-medium wp-image-223\" src=\"https:\/\/wp.ufpel.edu.br\/leiturasufpel\/files\/2021\/08\/WhatsApp-Image-2021-08-18-at-16.49.53-400x335.jpeg\" alt=\"\" width=\"400\" height=\"335\" srcset=\"https:\/\/wp.ufpel.edu.br\/leiturasufpel\/files\/2021\/08\/WhatsApp-Image-2021-08-18-at-16.49.53-400x335.jpeg 400w, https:\/\/wp.ufpel.edu.br\/leiturasufpel\/files\/2021\/08\/WhatsApp-Image-2021-08-18-at-16.49.53-768x644.jpeg 768w, https:\/\/wp.ufpel.edu.br\/leiturasufpel\/files\/2021\/08\/WhatsApp-Image-2021-08-18-at-16.49.53.jpeg 940w\" sizes=\"(max-width: 400px) 100vw, 400px\" \/><\/p>\n<p><strong>Conversa dram\u00e1tica &#8211; Vika Schabbach &#8211; 24\/04\/2021<\/strong><\/p>\n<p><a href=\"https:\/\/youtu.be\/EyQh813t6Nk\">https:\/\/youtu.be\/EyQh813t6Nk<\/a><\/p>\n<p><img class=\"alignnone size-medium wp-image-186\" src=\"https:\/\/wp.ufpel.edu.br\/leiturasufpel\/files\/2021\/04\/cartaz-400x335.png\" alt=\"\" width=\"400\" height=\"335\" srcset=\"https:\/\/wp.ufpel.edu.br\/leiturasufpel\/files\/2021\/04\/cartaz-400x335.png 400w, https:\/\/wp.ufpel.edu.br\/leiturasufpel\/files\/2021\/04\/cartaz-768x644.png 768w, https:\/\/wp.ufpel.edu.br\/leiturasufpel\/files\/2021\/04\/cartaz.png 940w\" sizes=\"(max-width: 400px) 100vw, 400px\" \/><\/p>\n<p><strong>Conversa dram\u00e1tica &#8211; Malcon Bauer &#8211; 08\/12\/2020<\/strong><\/p>\n<p><a href=\"https:\/\/youtu.be\/WrBeSp3wWlU\">https:\/\/youtu.be\/WrBeSp3wWlU<\/a><\/p>\n<p><img class=\"alignnone size-medium wp-image-168\" src=\"https:\/\/wp.ufpel.edu.br\/leiturasufpel\/files\/2020\/12\/cartaz-novo-1-400x335.png\" alt=\"\" width=\"400\" height=\"335\" srcset=\"https:\/\/wp.ufpel.edu.br\/leiturasufpel\/files\/2020\/12\/cartaz-novo-1-400x335.png 400w, https:\/\/wp.ufpel.edu.br\/leiturasufpel\/files\/2020\/12\/cartaz-novo-1-768x644.png 768w, https:\/\/wp.ufpel.edu.br\/leiturasufpel\/files\/2020\/12\/cartaz-novo-1.png 940w\" sizes=\"(max-width: 400px) 100vw, 400px\" \/><\/p>\n<p>&nbsp;<\/p>\n<p class=\"title style-scope ytd-video-primary-info-renderer\"><strong>Conversa dram\u00e1tica &#8211; Diones Camargo &#8211; 03\/11\/2020<\/strong><\/p>\n<p><a href=\"https:\/\/youtu.be\/ifYgvMU9YxM\">https:\/\/youtu.be\/ifYgvMU9YxM<\/a><\/p>\n<p><img class=\"alignnone size-medium wp-image-55\" src=\"https:\/\/wp.ufpel.edu.br\/leiturasufpel\/files\/2020\/11\/Copia-de-capa-youtube-400x225.png\" alt=\"\" width=\"400\" height=\"225\" srcset=\"https:\/\/wp.ufpel.edu.br\/leiturasufpel\/files\/2020\/11\/Copia-de-capa-youtube-400x225.png 400w, https:\/\/wp.ufpel.edu.br\/leiturasufpel\/files\/2020\/11\/Copia-de-capa-youtube-1024x576.png 1024w, https:\/\/wp.ufpel.edu.br\/leiturasufpel\/files\/2020\/11\/Copia-de-capa-youtube-768x432.png 768w, https:\/\/wp.ufpel.edu.br\/leiturasufpel\/files\/2020\/11\/Copia-de-capa-youtube.png 1280w\" sizes=\"(max-width: 400px) 100vw, 400px\" \/><\/p>\n<p>&nbsp;<\/p>\n<p class=\"title style-scope ytd-video-primary-info-renderer\"><strong>Conversa dram\u00e1tica &#8211; Pedro Delgado (Teatro Queer) &#8211; 25\/08\/2020<\/strong><\/p>\n<p><a href=\"https:\/\/youtu.be\/RmutW0NVYQc\">https:\/\/youtu.be\/RmutW0NVYQc<\/a><\/p>\n<p><img class=\"alignnone size-medium wp-image-54\" src=\"https:\/\/wp.ufpel.edu.br\/leiturasufpel\/files\/2020\/11\/cartaz-youtube-400x225.png\" alt=\"\" width=\"400\" height=\"225\" srcset=\"https:\/\/wp.ufpel.edu.br\/leiturasufpel\/files\/2020\/11\/cartaz-youtube-400x225.png 400w, https:\/\/wp.ufpel.edu.br\/leiturasufpel\/files\/2020\/11\/cartaz-youtube-1024x576.png 1024w, https:\/\/wp.ufpel.edu.br\/leiturasufpel\/files\/2020\/11\/cartaz-youtube-768x432.png 768w, https:\/\/wp.ufpel.edu.br\/leiturasufpel\/files\/2020\/11\/cartaz-youtube.png 1280w\" sizes=\"(max-width: 400px) 100vw, 400px\" \/><\/p>\n<p>&nbsp;<\/p>\n<p class=\"title style-scope ytd-video-primary-info-renderer\"><strong>Conversa dram\u00e1tica &#8211; Viviane Rosa Juguero\u00a0 &#8211; 11\/08\/2020<\/strong><\/p>\n<p><a href=\"https:\/\/youtu.be\/KrQC814CJJ8\">https:\/\/youtu.be\/KrQC814CJJ8<\/a><\/p>\n<p><img class=\"alignnone size-medium wp-image-53\" src=\"https:\/\/wp.ufpel.edu.br\/leiturasufpel\/files\/2020\/11\/capa-youtube-1-400x225.png\" alt=\"\" width=\"400\" height=\"225\" srcset=\"https:\/\/wp.ufpel.edu.br\/leiturasufpel\/files\/2020\/11\/capa-youtube-1-400x225.png 400w, https:\/\/wp.ufpel.edu.br\/leiturasufpel\/files\/2020\/11\/capa-youtube-1-1024x576.png 1024w, https:\/\/wp.ufpel.edu.br\/leiturasufpel\/files\/2020\/11\/capa-youtube-1-768x432.png 768w, https:\/\/wp.ufpel.edu.br\/leiturasufpel\/files\/2020\/11\/capa-youtube-1.png 1280w\" sizes=\"(max-width: 400px) 100vw, 400px\" \/><\/p>\n<p>&nbsp;<\/p>\n<p class=\"title style-scope ytd-video-primary-info-renderer\"><strong>Conversa Dram\u00e1tica &#8211; Patr\u00edcia Silveira\u00a0 &#8211; 14\/07\/2020<\/strong><\/p>\n<p><a href=\"https:\/\/youtu.be\/B8c7D6fTCo8\">https:\/\/youtu.be\/B8c7D6fTCo8<\/a><\/p>\n<p><img class=\"alignnone size-medium wp-image-52\" src=\"https:\/\/wp.ufpel.edu.br\/leiturasufpel\/files\/2020\/11\/capa-youtube-400x225.png\" alt=\"\" width=\"400\" height=\"225\" srcset=\"https:\/\/wp.ufpel.edu.br\/leiturasufpel\/files\/2020\/11\/capa-youtube-400x225.png 400w, https:\/\/wp.ufpel.edu.br\/leiturasufpel\/files\/2020\/11\/capa-youtube-1024x576.png 1024w, https:\/\/wp.ufpel.edu.br\/leiturasufpel\/files\/2020\/11\/capa-youtube-768x432.png 768w, https:\/\/wp.ufpel.edu.br\/leiturasufpel\/files\/2020\/11\/capa-youtube.png 1280w\" sizes=\"(max-width: 400px) 100vw, 400px\" \/><\/p>\n<p>&nbsp;<\/p>\n<p class=\"title style-scope ytd-video-primary-info-renderer\"><strong>Conversa Dram\u00e1tica &#8211; Thalles Echeverry\u00a0 &#8211; 23\/06\/2020<\/strong><\/p>\n<p><a href=\"https:\/\/youtu.be\/u94KCqdNOkQ\">https:\/\/youtu.be\/u94KCqdNOkQ<\/a><\/p>\n<p><img class=\"alignnone size-medium wp-image-51\" src=\"https:\/\/wp.ufpel.edu.br\/leiturasufpel\/files\/2020\/11\/conversa-com-thalles-capa-do-youtube-400x225.png\" alt=\"\" width=\"400\" height=\"225\" srcset=\"https:\/\/wp.ufpel.edu.br\/leiturasufpel\/files\/2020\/11\/conversa-com-thalles-capa-do-youtube-400x225.png 400w, https:\/\/wp.ufpel.edu.br\/leiturasufpel\/files\/2020\/11\/conversa-com-thalles-capa-do-youtube-1024x576.png 1024w, https:\/\/wp.ufpel.edu.br\/leiturasufpel\/files\/2020\/11\/conversa-com-thalles-capa-do-youtube-768x432.png 768w, https:\/\/wp.ufpel.edu.br\/leiturasufpel\/files\/2020\/11\/conversa-com-thalles-capa-do-youtube.png 1280w\" sizes=\"(max-width: 400px) 100vw, 400px\" \/><\/p>\n","protected":false},"excerpt":{"rendered":"<p>Entre as a\u00e7\u00f5es presenciais do projeto de pesquisa Leituras do drama contempor\u00e2neo estava prevista a realiza\u00e7\u00e3o de atividades de entrevistas com alguns nomes importantes da dramaturgia local, estadual e nacional. As atividades ocorreriam em ambiente acad\u00eamico da UFPel, em sess\u00f5es abertas \u00e0 comunidade acad\u00eamica e externa. Devido \u00e0 pandemia, a a\u00e7\u00e3o foi adaptada para o [&hellip;]<\/p>\n","protected":false},"author":1091,"featured_media":0,"parent":10,"menu_order":1,"comment_status":"closed","ping_status":"closed","template":"","meta":{"footnotes":""},"class_list":["post-49","page","type-page","status-publish","hentry"],"_links":{"self":[{"href":"https:\/\/wp.ufpel.edu.br\/leiturasufpel\/wp-json\/wp\/v2\/pages\/49","targetHints":{"allow":["GET"]}}],"collection":[{"href":"https:\/\/wp.ufpel.edu.br\/leiturasufpel\/wp-json\/wp\/v2\/pages"}],"about":[{"href":"https:\/\/wp.ufpel.edu.br\/leiturasufpel\/wp-json\/wp\/v2\/types\/page"}],"author":[{"embeddable":true,"href":"https:\/\/wp.ufpel.edu.br\/leiturasufpel\/wp-json\/wp\/v2\/users\/1091"}],"replies":[{"embeddable":true,"href":"https:\/\/wp.ufpel.edu.br\/leiturasufpel\/wp-json\/wp\/v2\/comments?post=49"}],"version-history":[{"count":5,"href":"https:\/\/wp.ufpel.edu.br\/leiturasufpel\/wp-json\/wp\/v2\/pages\/49\/revisions"}],"predecessor-version":[{"id":255,"href":"https:\/\/wp.ufpel.edu.br\/leiturasufpel\/wp-json\/wp\/v2\/pages\/49\/revisions\/255"}],"up":[{"embeddable":true,"href":"https:\/\/wp.ufpel.edu.br\/leiturasufpel\/wp-json\/wp\/v2\/pages\/10"}],"wp:attachment":[{"href":"https:\/\/wp.ufpel.edu.br\/leiturasufpel\/wp-json\/wp\/v2\/media?parent=49"}],"curies":[{"name":"wp","href":"https:\/\/api.w.org\/{rel}","templated":true}]}}