{"id":46,"date":"2020-11-04T17:11:37","date_gmt":"2020-11-04T20:11:37","guid":{"rendered":"https:\/\/wp.ufpel.edu.br\/leiturasufpel\/?page_id=46"},"modified":"2020-11-04T17:35:02","modified_gmt":"2020-11-04T20:35:02","slug":"leituras-memorias-e-afetos","status":"publish","type":"page","link":"https:\/\/wp.ufpel.edu.br\/leiturasufpel\/leituras-do-drama-contemporaneo\/leituras-memorias-e-afetos\/","title":{"rendered":"Leituras, mem\u00f3rias e afetos"},"content":{"rendered":"<p style=\"text-align: justify\">A a\u00e7\u00e3o <em>Leituras, mem\u00f3rias e afetos<\/em> tem como objetivo resgatar as mem\u00f3rias do projeto de pesquisa Leituras do drama contempor\u00e2neo, atrav\u00e9s da participa\u00e7\u00e3o de ex-colaboradores. Com isso, comentar sobre a import\u00e2ncia desta participa\u00e7\u00e3o em sua forma\u00e7\u00e3o acad\u00eamica.<\/p>\n<p>Os ex-colaboradores do projeto de pesquisa foram convidados a gravarem v\u00eddeos curtos comentando sobre sua participa\u00e7\u00e3o, aprendizado, trocas e afetos que se estabeleceram. Tamb\u00e9m gravaram a leitura de um pequeno trecho de texto dram\u00e1tico.<\/p>\n<p class=\"title style-scope ytd-video-primary-info-renderer\"><strong>Leituras, mem\u00f3rias e afetos: Thalles Echeverry<\/strong><\/p>\n<p><iframe title=\"Leituras, mem\u00f3rias e afetos: Thalles Echeverry\" width=\"500\" height=\"281\" src=\"https:\/\/www.youtube.com\/embed\/aJA4GPKl304?feature=oembed\" frameborder=\"0\" allow=\"accelerometer; autoplay; clipboard-write; encrypted-media; gyroscope; picture-in-picture; web-share\" referrerpolicy=\"strict-origin-when-cross-origin\" allowfullscreen><\/iframe><\/p>\n<p>&nbsp;<\/p>\n<p class=\"title style-scope ytd-video-primary-info-renderer\"><strong>Leituras, mem\u00f3rias e afetos: Marcos Kuszner<\/strong><\/p>\n<p><iframe title=\"Leituras, mem\u00f3rias e afetos: Marcos Kuszner\" width=\"500\" height=\"281\" src=\"https:\/\/www.youtube.com\/embed\/CqZ0oHOKU-0?feature=oembed\" frameborder=\"0\" allow=\"accelerometer; autoplay; clipboard-write; encrypted-media; gyroscope; picture-in-picture; web-share\" referrerpolicy=\"strict-origin-when-cross-origin\" allowfullscreen><\/iframe><\/p>\n<p>&nbsp;<\/p>\n<p class=\"title style-scope ytd-video-primary-info-renderer\"><strong>Leituras, mem\u00f3rias e afetos: Caju<\/strong><\/p>\n<p><iframe title=\"Leituras, mem\u00f3rias e afetos: Caju\" width=\"500\" height=\"281\" src=\"https:\/\/www.youtube.com\/embed\/Eeqttq4An2Q?feature=oembed\" frameborder=\"0\" allow=\"accelerometer; autoplay; clipboard-write; encrypted-media; gyroscope; picture-in-picture; web-share\" referrerpolicy=\"strict-origin-when-cross-origin\" allowfullscreen><\/iframe><\/p>\n","protected":false},"excerpt":{"rendered":"<p>A a\u00e7\u00e3o Leituras, mem\u00f3rias e afetos tem como objetivo resgatar as mem\u00f3rias do projeto de pesquisa Leituras do drama contempor\u00e2neo, atrav\u00e9s da participa\u00e7\u00e3o de ex-colaboradores. Com isso, comentar sobre a import\u00e2ncia desta participa\u00e7\u00e3o em sua forma\u00e7\u00e3o acad\u00eamica. Os ex-colaboradores do projeto de pesquisa foram convidados a gravarem v\u00eddeos curtos comentando sobre sua participa\u00e7\u00e3o, aprendizado, trocas [&hellip;]<\/p>\n","protected":false},"author":1091,"featured_media":0,"parent":10,"menu_order":3,"comment_status":"closed","ping_status":"closed","template":"","meta":{"footnotes":""},"class_list":["post-46","page","type-page","status-publish","hentry"],"_links":{"self":[{"href":"https:\/\/wp.ufpel.edu.br\/leiturasufpel\/wp-json\/wp\/v2\/pages\/46","targetHints":{"allow":["GET"]}}],"collection":[{"href":"https:\/\/wp.ufpel.edu.br\/leiturasufpel\/wp-json\/wp\/v2\/pages"}],"about":[{"href":"https:\/\/wp.ufpel.edu.br\/leiturasufpel\/wp-json\/wp\/v2\/types\/page"}],"author":[{"embeddable":true,"href":"https:\/\/wp.ufpel.edu.br\/leiturasufpel\/wp-json\/wp\/v2\/users\/1091"}],"replies":[{"embeddable":true,"href":"https:\/\/wp.ufpel.edu.br\/leiturasufpel\/wp-json\/wp\/v2\/comments?post=46"}],"version-history":[{"count":1,"href":"https:\/\/wp.ufpel.edu.br\/leiturasufpel\/wp-json\/wp\/v2\/pages\/46\/revisions"}],"predecessor-version":[{"id":48,"href":"https:\/\/wp.ufpel.edu.br\/leiturasufpel\/wp-json\/wp\/v2\/pages\/46\/revisions\/48"}],"up":[{"embeddable":true,"href":"https:\/\/wp.ufpel.edu.br\/leiturasufpel\/wp-json\/wp\/v2\/pages\/10"}],"wp:attachment":[{"href":"https:\/\/wp.ufpel.edu.br\/leiturasufpel\/wp-json\/wp\/v2\/media?parent=46"}],"curies":[{"name":"wp","href":"https:\/\/api.w.org\/{rel}","templated":true}]}}