{"id":41,"date":"2020-11-04T17:02:48","date_gmt":"2020-11-04T20:02:48","guid":{"rendered":"https:\/\/wp.ufpel.edu.br\/leiturasufpel\/?page_id=41"},"modified":"2023-04-22T19:32:32","modified_gmt":"2023-04-22T22:32:32","slug":"leituras-compartilhadas","status":"publish","type":"page","link":"https:\/\/wp.ufpel.edu.br\/leiturasufpel\/leituras-compartilhadas\/","title":{"rendered":"Leituras compartilhadas (extens\u00e3o)"},"content":{"rendered":"<p>O projeto de extens\u00e3o\u00a0<em>Leituras compartilhadas: pr\u00e1ticas de leitura e escuta de dramaturgias<\/em> foi realizado entre os anos de 2020 e 2021, vinculado ao curso de Teatro-Licenciatura da Universidade Federal de Pelotas, e teve como foco principal a forma\u00e7\u00e3o de leitores e ouvintes a partir de oficinas e viv\u00eancias de leituras dram\u00e1ticas em escolas e outros espa\u00e7os institucionais p\u00fablicos e privados da cidade de Pelotas e regi\u00e3o. Atrav\u00e9s do projeto de extens\u00e3o, buscou-se colocar outros sujeitos no protagonismo da leitura, acessibilizando o contato com a literatura e o teatro.<\/p>\n<p><strong>Equipe 2020\/2021:<\/strong><\/p>\n<p>Coordena\u00e7\u00e3o: Profa. Dra. Fernanda Vieira Fernandes<\/p>\n<p>Discentes: Brenda Seneme (bolsista UFPel), Gabryel Pioner, Jo\u00e3o Vitor Soares, Kelvin Machado, Lorena Zanetti e Milena Vaz<\/p>\n<p>Membro externo: Prof. Mario Celso.<\/p>\n","protected":false},"excerpt":{"rendered":"<p>O projeto de extens\u00e3o\u00a0Leituras compartilhadas: pr\u00e1ticas de leitura e escuta de dramaturgias foi realizado entre os anos de 2020 e 2021, vinculado ao curso de Teatro-Licenciatura da Universidade Federal de Pelotas, e teve como foco principal a forma\u00e7\u00e3o de leitores e ouvintes a partir de oficinas e viv\u00eancias de leituras dram\u00e1ticas em escolas e outros [&hellip;]<\/p>\n","protected":false},"author":1091,"featured_media":0,"parent":0,"menu_order":1,"comment_status":"closed","ping_status":"closed","template":"","meta":{"footnotes":""},"class_list":["post-41","page","type-page","status-publish","hentry"],"_links":{"self":[{"href":"https:\/\/wp.ufpel.edu.br\/leiturasufpel\/wp-json\/wp\/v2\/pages\/41","targetHints":{"allow":["GET"]}}],"collection":[{"href":"https:\/\/wp.ufpel.edu.br\/leiturasufpel\/wp-json\/wp\/v2\/pages"}],"about":[{"href":"https:\/\/wp.ufpel.edu.br\/leiturasufpel\/wp-json\/wp\/v2\/types\/page"}],"author":[{"embeddable":true,"href":"https:\/\/wp.ufpel.edu.br\/leiturasufpel\/wp-json\/wp\/v2\/users\/1091"}],"replies":[{"embeddable":true,"href":"https:\/\/wp.ufpel.edu.br\/leiturasufpel\/wp-json\/wp\/v2\/comments?post=41"}],"version-history":[{"count":6,"href":"https:\/\/wp.ufpel.edu.br\/leiturasufpel\/wp-json\/wp\/v2\/pages\/41\/revisions"}],"predecessor-version":[{"id":297,"href":"https:\/\/wp.ufpel.edu.br\/leiturasufpel\/wp-json\/wp\/v2\/pages\/41\/revisions\/297"}],"wp:attachment":[{"href":"https:\/\/wp.ufpel.edu.br\/leiturasufpel\/wp-json\/wp\/v2\/media?parent=41"}],"curies":[{"name":"wp","href":"https:\/\/api.w.org\/{rel}","templated":true}]}}