{"id":38,"date":"2020-11-04T16:25:41","date_gmt":"2020-11-04T19:25:41","guid":{"rendered":"https:\/\/wp.ufpel.edu.br\/leiturasufpel\/?page_id=38"},"modified":"2024-09-04T12:09:26","modified_gmt":"2024-09-04T15:09:26","slug":"tecitura","status":"publish","type":"page","link":"https:\/\/wp.ufpel.edu.br\/leiturasufpel\/leituras-do-drama-contemporaneo\/tecitura\/","title":{"rendered":"Tecitura"},"content":{"rendered":"<p style=\"text-align: justify;\">A a\u00e7\u00e3o <em>Tecitura: encontro de vozes que leem dramaturgia<\/em> engloba as atividades extensionistas do projeto, proporcionando que mais pessoas tenham acesso \u00e0 leitura de textos teatrais, e, com isso, \u00e0 literatura e cultura. Atrav\u00e9s do espa\u00e7o coletivo de leitura de dramaturgias, o acesso ao texto se d\u00e1 de forma diferente da leitura silenciosa e torna-se um elemento a mais no incentivo \u00e0 forma\u00e7\u00e3o de leitores e ouvintes. A a\u00e7\u00e3o prev\u00ea encontros de compartilhamento de leitura de um texto teatral, preparando os participantes para que fa\u00e7am uma leitura dram\u00e1tica.<\/p>\n<p>&nbsp;<\/p>\n<p><strong>1\u00aa Edi\u00e7\u00e3o (on-line): <em>Por Elise<\/em>, de Grace Pass\u00f4 (agosto\/2020)<\/strong><\/p>\n<p><iframe title=\"Tecitura: Encontro de vozes que leem dramaturgia (UFPel) - &quot;Por Elise&quot; (1\u00aa edi\u00e7\u00e3o)\" width=\"500\" height=\"281\" src=\"https:\/\/www.youtube.com\/embed\/IxUjasEfchk?feature=oembed\" frameborder=\"0\" allow=\"accelerometer; autoplay; clipboard-write; encrypted-media; gyroscope; picture-in-picture; web-share\" referrerpolicy=\"strict-origin-when-cross-origin\" allowfullscreen><\/iframe><\/p>\n<p><strong>2\u00aa edi\u00e7\u00e3o (on-line): <em>Algu\u00e9m acaba de morrer l\u00e1 fora<\/em>, de J\u00f4 Bilac (agosto e setembro\/2020)<\/strong><\/p>\n<p><iframe title=\"Tecitura: encontro de vozes que leem dramaturgia (UFPel) - &quot;Algu\u00e9m acaba de morrer l\u00e1 fora&quot;\" width=\"500\" height=\"281\" src=\"https:\/\/www.youtube.com\/embed\/d5-OSSOsjmA?feature=oembed\" frameborder=\"0\" allow=\"accelerometer; autoplay; clipboard-write; encrypted-media; gyroscope; picture-in-picture; web-share\" referrerpolicy=\"strict-origin-when-cross-origin\" allowfullscreen><\/iframe><\/p>\n<p><strong>3\u00aa edi\u00e7\u00e3o (on-line): <em>Ano novo, vida nova<\/em>, de Vera Karam (novembro e dezembro\/2020)<\/strong><\/p>\n<p><iframe title=\"Tecitura: encontro de vozes que leem dramaturgia (UFPel) - &quot;Ano novo, vida nova&quot;\" width=\"500\" height=\"281\" src=\"https:\/\/www.youtube.com\/embed\/6QrDv00PUUs?feature=oembed\" frameborder=\"0\" allow=\"accelerometer; autoplay; clipboard-write; encrypted-media; gyroscope; picture-in-picture; web-share\" referrerpolicy=\"strict-origin-when-cross-origin\" allowfullscreen><\/iframe><\/p>\n<p><strong>4\u00aa edi\u00e7\u00e3o (on-line): <em>M\u00fasica para cortar os pulsos<\/em>, de Rafael Gomes (junho\/2021)<\/strong><\/p>\n<p><iframe title=\"Tecitura: Encontro de vozes que leem dramaturgia (UFPel) - &quot;M\u00fasica para cortar os pulsos&quot;\" width=\"500\" height=\"281\" src=\"https:\/\/www.youtube.com\/embed\/BUpQVFr87EM?feature=oembed\" frameborder=\"0\" allow=\"accelerometer; autoplay; clipboard-write; encrypted-media; gyroscope; picture-in-picture; web-share\" referrerpolicy=\"strict-origin-when-cross-origin\" allowfullscreen><\/iframe><\/p>\n<p><strong>5\u00aa edi\u00e7\u00e3o (on-line): <i>A casa da maga,<\/i> de Diego Molina (setembro\/2021)<\/strong><\/p>\n<p><iframe title=\"Tecitura: encontro de vozes que leem dramaturgia (UFPel) - &quot;A casa da maga&quot;\" width=\"500\" height=\"281\" src=\"https:\/\/www.youtube.com\/embed\/gRM18XPXg8Q?feature=oembed\" frameborder=\"0\" allow=\"accelerometer; autoplay; clipboard-write; encrypted-media; gyroscope; picture-in-picture; web-share\" referrerpolicy=\"strict-origin-when-cross-origin\" allowfullscreen><\/iframe><\/p>\n<p><strong>6\u00aa edi\u00e7\u00e3o (presencial):\u00a0<em>O abacaxi<\/em>, de Ver\u00f4nica Debom<\/strong><\/p>\n<p><img class=\"alignnone size-medium wp-image-393\" src=\"https:\/\/wp.ufpel.edu.br\/leiturasufpel\/files\/2024\/08\/WhatsApp-Image-2024-08-17-at-14.24.29-320x400.jpeg\" alt=\"\" width=\"320\" height=\"400\" srcset=\"https:\/\/wp.ufpel.edu.br\/leiturasufpel\/files\/2024\/08\/WhatsApp-Image-2024-08-17-at-14.24.29-320x400.jpeg 320w, https:\/\/wp.ufpel.edu.br\/leiturasufpel\/files\/2024\/08\/WhatsApp-Image-2024-08-17-at-14.24.29-819x1024.jpeg 819w, https:\/\/wp.ufpel.edu.br\/leiturasufpel\/files\/2024\/08\/WhatsApp-Image-2024-08-17-at-14.24.29-768x960.jpeg 768w, https:\/\/wp.ufpel.edu.br\/leiturasufpel\/files\/2024\/08\/WhatsApp-Image-2024-08-17-at-14.24.29.jpeg 1080w\" sizes=\"(max-width: 320px) 100vw, 320px\" \/> <img class=\"alignnone size-medium wp-image-398\" src=\"https:\/\/wp.ufpel.edu.br\/leiturasufpel\/files\/2024\/09\/Cartaz-Leitura-O-abacaxi-320x400.jpg\" alt=\"\" width=\"320\" height=\"400\" srcset=\"https:\/\/wp.ufpel.edu.br\/leiturasufpel\/files\/2024\/09\/Cartaz-Leitura-O-abacaxi-320x400.jpg 320w, https:\/\/wp.ufpel.edu.br\/leiturasufpel\/files\/2024\/09\/Cartaz-Leitura-O-abacaxi-819x1024.jpg 819w, https:\/\/wp.ufpel.edu.br\/leiturasufpel\/files\/2024\/09\/Cartaz-Leitura-O-abacaxi-768x960.jpg 768w, https:\/\/wp.ufpel.edu.br\/leiturasufpel\/files\/2024\/09\/Cartaz-Leitura-O-abacaxi.jpg 1080w\" sizes=\"(max-width: 320px) 100vw, 320px\" \/><\/p>\n<p>&nbsp;<\/p>\n","protected":false},"excerpt":{"rendered":"<p>A a\u00e7\u00e3o Tecitura: encontro de vozes que leem dramaturgia engloba as atividades extensionistas do projeto, proporcionando que mais pessoas tenham acesso \u00e0 leitura de textos teatrais, e, com isso, \u00e0 literatura e cultura. Atrav\u00e9s do espa\u00e7o coletivo de leitura de dramaturgias, o acesso ao texto se d\u00e1 de forma diferente da leitura silenciosa e torna-se [&hellip;]<\/p>\n","protected":false},"author":1091,"featured_media":0,"parent":10,"menu_order":1,"comment_status":"closed","ping_status":"closed","template":"","meta":{"footnotes":""},"class_list":["post-38","page","type-page","status-publish","hentry"],"_links":{"self":[{"href":"https:\/\/wp.ufpel.edu.br\/leiturasufpel\/wp-json\/wp\/v2\/pages\/38","targetHints":{"allow":["GET"]}}],"collection":[{"href":"https:\/\/wp.ufpel.edu.br\/leiturasufpel\/wp-json\/wp\/v2\/pages"}],"about":[{"href":"https:\/\/wp.ufpel.edu.br\/leiturasufpel\/wp-json\/wp\/v2\/types\/page"}],"author":[{"embeddable":true,"href":"https:\/\/wp.ufpel.edu.br\/leiturasufpel\/wp-json\/wp\/v2\/users\/1091"}],"replies":[{"embeddable":true,"href":"https:\/\/wp.ufpel.edu.br\/leiturasufpel\/wp-json\/wp\/v2\/comments?post=38"}],"version-history":[{"count":8,"href":"https:\/\/wp.ufpel.edu.br\/leiturasufpel\/wp-json\/wp\/v2\/pages\/38\/revisions"}],"predecessor-version":[{"id":407,"href":"https:\/\/wp.ufpel.edu.br\/leiturasufpel\/wp-json\/wp\/v2\/pages\/38\/revisions\/407"}],"up":[{"embeddable":true,"href":"https:\/\/wp.ufpel.edu.br\/leiturasufpel\/wp-json\/wp\/v2\/pages\/10"}],"wp:attachment":[{"href":"https:\/\/wp.ufpel.edu.br\/leiturasufpel\/wp-json\/wp\/v2\/media?parent=38"}],"curies":[{"name":"wp","href":"https:\/\/api.w.org\/{rel}","templated":true}]}}