{"id":316,"date":"2023-05-17T19:17:17","date_gmt":"2023-05-17T22:17:17","guid":{"rendered":"https:\/\/wp.ufpel.edu.br\/leiturasufpel\/?page_id=316"},"modified":"2023-05-17T19:19:04","modified_gmt":"2023-05-17T22:19:04","slug":"oficinas-em-escolas-e-comunidade","status":"publish","type":"page","link":"https:\/\/wp.ufpel.edu.br\/leiturasufpel\/leituras-do-drama-contemporaneo\/oficina-praticas-em-leituras-compartilhadas-de-textos-dramaticos\/oficinas-em-escolas-e-comunidade\/","title":{"rendered":"Oficinas em escolas e comunidade"},"content":{"rendered":"<p><strong>Oficina no Col\u00e9gio Estadual F\u00e9lix da Cunha &#8211; Pelotas\/RS (1\u00aa edi\u00e7\u00e3o)<\/strong><\/p>\n<p>Turma: 3\u00ba ano do Ensino M\u00e9dio (Profa. Ang\u00e9li Olachea de Oliveira)<\/p>\n<p>Per\u00edodo: abril e maio\/2023 (4 encontros)<\/p>\n<p>Ministrantes: Milena de Castro Vaz e C\u00e2ndida Canielas<\/p>\n<p>Orienta\u00e7\u00e3o: Profa. Fernanda Vieira Fernandes<\/p>\n<p><img class=\"size-medium wp-image-318 aligncenter\" src=\"https:\/\/wp.ufpel.edu.br\/leiturasufpel\/files\/2023\/05\/IMG_2119-400x300.jpg\" alt=\"\" width=\"400\" height=\"300\" srcset=\"https:\/\/wp.ufpel.edu.br\/leiturasufpel\/files\/2023\/05\/IMG_2119-400x300.jpg 400w, https:\/\/wp.ufpel.edu.br\/leiturasufpel\/files\/2023\/05\/IMG_2119-1024x768.jpg 1024w, https:\/\/wp.ufpel.edu.br\/leiturasufpel\/files\/2023\/05\/IMG_2119-768x576.jpg 768w, https:\/\/wp.ufpel.edu.br\/leiturasufpel\/files\/2023\/05\/IMG_2119-1536x1152.jpg 1536w, https:\/\/wp.ufpel.edu.br\/leiturasufpel\/files\/2023\/05\/IMG_2119-2048x1536.jpg 2048w\" sizes=\"(max-width: 400px) 100vw, 400px\" \/><\/p>\n<p style=\"text-align: justify;\">\u00a0<img class=\"alignnone wp-image-319\" src=\"https:\/\/wp.ufpel.edu.br\/leiturasufpel\/files\/2023\/05\/IMG_2114-300x400.jpg\" alt=\"\" width=\"227\" height=\"303\" srcset=\"https:\/\/wp.ufpel.edu.br\/leiturasufpel\/files\/2023\/05\/IMG_2114-300x400.jpg 300w, https:\/\/wp.ufpel.edu.br\/leiturasufpel\/files\/2023\/05\/IMG_2114-768x1024.jpg 768w, https:\/\/wp.ufpel.edu.br\/leiturasufpel\/files\/2023\/05\/IMG_2114-1152x1536.jpg 1152w, https:\/\/wp.ufpel.edu.br\/leiturasufpel\/files\/2023\/05\/IMG_2114-1536x2048.jpg 1536w, https:\/\/wp.ufpel.edu.br\/leiturasufpel\/files\/2023\/05\/IMG_2114-scaled.jpg 1920w\" sizes=\"(max-width: 227px) 100vw, 227px\" \/> <img class=\"alignnone wp-image-320\" src=\"https:\/\/wp.ufpel.edu.br\/leiturasufpel\/files\/2023\/05\/IMG_2112-300x400.jpg\" alt=\"\" width=\"226\" height=\"301\" srcset=\"https:\/\/wp.ufpel.edu.br\/leiturasufpel\/files\/2023\/05\/IMG_2112-300x400.jpg 300w, https:\/\/wp.ufpel.edu.br\/leiturasufpel\/files\/2023\/05\/IMG_2112-768x1024.jpg 768w, https:\/\/wp.ufpel.edu.br\/leiturasufpel\/files\/2023\/05\/IMG_2112-1152x1536.jpg 1152w, https:\/\/wp.ufpel.edu.br\/leiturasufpel\/files\/2023\/05\/IMG_2112-1536x2048.jpg 1536w, https:\/\/wp.ufpel.edu.br\/leiturasufpel\/files\/2023\/05\/IMG_2112-scaled.jpg 1920w\" sizes=\"(max-width: 226px) 100vw, 226px\" \/> <img class=\"alignnone wp-image-321\" src=\"https:\/\/wp.ufpel.edu.br\/leiturasufpel\/files\/2023\/05\/IMG_2109-300x400.jpg\" alt=\"\" width=\"227\" height=\"303\" srcset=\"https:\/\/wp.ufpel.edu.br\/leiturasufpel\/files\/2023\/05\/IMG_2109-300x400.jpg 300w, https:\/\/wp.ufpel.edu.br\/leiturasufpel\/files\/2023\/05\/IMG_2109-768x1024.jpg 768w, https:\/\/wp.ufpel.edu.br\/leiturasufpel\/files\/2023\/05\/IMG_2109-1152x1536.jpg 1152w, https:\/\/wp.ufpel.edu.br\/leiturasufpel\/files\/2023\/05\/IMG_2109-1536x2048.jpg 1536w, https:\/\/wp.ufpel.edu.br\/leiturasufpel\/files\/2023\/05\/IMG_2109-scaled.jpg 1920w\" sizes=\"(max-width: 227px) 100vw, 227px\" \/>\u00a0 \u00a0 \u00a0<img class=\"wp-image-323 aligncenter\" src=\"https:\/\/wp.ufpel.edu.br\/leiturasufpel\/files\/2023\/05\/IMG_2092-400x300.jpg\" alt=\"\" width=\"460\" height=\"345\" srcset=\"https:\/\/wp.ufpel.edu.br\/leiturasufpel\/files\/2023\/05\/IMG_2092-400x300.jpg 400w, https:\/\/wp.ufpel.edu.br\/leiturasufpel\/files\/2023\/05\/IMG_2092-1024x768.jpg 1024w, https:\/\/wp.ufpel.edu.br\/leiturasufpel\/files\/2023\/05\/IMG_2092-768x576.jpg 768w, https:\/\/wp.ufpel.edu.br\/leiturasufpel\/files\/2023\/05\/IMG_2092-1536x1152.jpg 1536w, https:\/\/wp.ufpel.edu.br\/leiturasufpel\/files\/2023\/05\/IMG_2092-2048x1536.jpg 2048w\" sizes=\"(max-width: 460px) 100vw, 460px\" \/><\/p>\n<p><img class=\"alignnone wp-image-324\" src=\"https:\/\/wp.ufpel.edu.br\/leiturasufpel\/files\/2023\/05\/IMG_2084-300x400.jpg\" alt=\"\" width=\"212\" height=\"283\" srcset=\"https:\/\/wp.ufpel.edu.br\/leiturasufpel\/files\/2023\/05\/IMG_2084-300x400.jpg 300w, https:\/\/wp.ufpel.edu.br\/leiturasufpel\/files\/2023\/05\/IMG_2084-768x1024.jpg 768w, https:\/\/wp.ufpel.edu.br\/leiturasufpel\/files\/2023\/05\/IMG_2084-1152x1536.jpg 1152w, https:\/\/wp.ufpel.edu.br\/leiturasufpel\/files\/2023\/05\/IMG_2084-1536x2048.jpg 1536w, https:\/\/wp.ufpel.edu.br\/leiturasufpel\/files\/2023\/05\/IMG_2084-scaled.jpg 1920w\" sizes=\"(max-width: 212px) 100vw, 212px\" \/> <img class=\"alignnone wp-image-325\" src=\"https:\/\/wp.ufpel.edu.br\/leiturasufpel\/files\/2023\/05\/IMG_2083-300x400.jpg\" alt=\"\" width=\"211\" height=\"281\" srcset=\"https:\/\/wp.ufpel.edu.br\/leiturasufpel\/files\/2023\/05\/IMG_2083-300x400.jpg 300w, https:\/\/wp.ufpel.edu.br\/leiturasufpel\/files\/2023\/05\/IMG_2083-768x1024.jpg 768w, https:\/\/wp.ufpel.edu.br\/leiturasufpel\/files\/2023\/05\/IMG_2083-1152x1536.jpg 1152w, https:\/\/wp.ufpel.edu.br\/leiturasufpel\/files\/2023\/05\/IMG_2083-1536x2048.jpg 1536w, https:\/\/wp.ufpel.edu.br\/leiturasufpel\/files\/2023\/05\/IMG_2083-scaled.jpg 1920w\" sizes=\"(max-width: 211px) 100vw, 211px\" \/> <img class=\"alignnone wp-image-322\" src=\"https:\/\/wp.ufpel.edu.br\/leiturasufpel\/files\/2023\/05\/IMG_2098-300x400.jpg\" alt=\"\" width=\"214\" height=\"285\" srcset=\"https:\/\/wp.ufpel.edu.br\/leiturasufpel\/files\/2023\/05\/IMG_2098-300x400.jpg 300w, https:\/\/wp.ufpel.edu.br\/leiturasufpel\/files\/2023\/05\/IMG_2098-768x1024.jpg 768w, https:\/\/wp.ufpel.edu.br\/leiturasufpel\/files\/2023\/05\/IMG_2098-1152x1536.jpg 1152w, https:\/\/wp.ufpel.edu.br\/leiturasufpel\/files\/2023\/05\/IMG_2098-1536x2048.jpg 1536w, https:\/\/wp.ufpel.edu.br\/leiturasufpel\/files\/2023\/05\/IMG_2098-scaled.jpg 1920w\" sizes=\"(max-width: 214px) 100vw, 214px\" \/><\/p>\n","protected":false},"excerpt":{"rendered":"<p>Oficina no Col\u00e9gio Estadual F\u00e9lix da Cunha &#8211; Pelotas\/RS (1\u00aa edi\u00e7\u00e3o) Turma: 3\u00ba ano do Ensino M\u00e9dio (Profa. Ang\u00e9li Olachea de Oliveira) Per\u00edodo: abril e maio\/2023 (4 encontros) Ministrantes: Milena de Castro Vaz e C\u00e2ndida Canielas Orienta\u00e7\u00e3o: Profa. Fernanda Vieira Fernandes \u00a0 \u00a0 \u00a0 \u00a0<\/p>\n","protected":false},"author":1091,"featured_media":0,"parent":87,"menu_order":0,"comment_status":"closed","ping_status":"closed","template":"","meta":{"footnotes":""},"class_list":["post-316","page","type-page","status-publish","hentry"],"_links":{"self":[{"href":"https:\/\/wp.ufpel.edu.br\/leiturasufpel\/wp-json\/wp\/v2\/pages\/316","targetHints":{"allow":["GET"]}}],"collection":[{"href":"https:\/\/wp.ufpel.edu.br\/leiturasufpel\/wp-json\/wp\/v2\/pages"}],"about":[{"href":"https:\/\/wp.ufpel.edu.br\/leiturasufpel\/wp-json\/wp\/v2\/types\/page"}],"author":[{"embeddable":true,"href":"https:\/\/wp.ufpel.edu.br\/leiturasufpel\/wp-json\/wp\/v2\/users\/1091"}],"replies":[{"embeddable":true,"href":"https:\/\/wp.ufpel.edu.br\/leiturasufpel\/wp-json\/wp\/v2\/comments?post=316"}],"version-history":[{"count":4,"href":"https:\/\/wp.ufpel.edu.br\/leiturasufpel\/wp-json\/wp\/v2\/pages\/316\/revisions"}],"predecessor-version":[{"id":329,"href":"https:\/\/wp.ufpel.edu.br\/leiturasufpel\/wp-json\/wp\/v2\/pages\/316\/revisions\/329"}],"up":[{"embeddable":true,"href":"https:\/\/wp.ufpel.edu.br\/leiturasufpel\/wp-json\/wp\/v2\/pages\/87"}],"wp:attachment":[{"href":"https:\/\/wp.ufpel.edu.br\/leiturasufpel\/wp-json\/wp\/v2\/media?parent=316"}],"curies":[{"name":"wp","href":"https:\/\/api.w.org\/{rel}","templated":true}]}}