{"id":10,"date":"2020-11-04T10:31:06","date_gmt":"2020-11-04T13:31:06","guid":{"rendered":"https:\/\/wp.ufpel.edu.br\/leiturasufpel\/?page_id=10"},"modified":"2026-04-27T12:47:47","modified_gmt":"2026-04-27T15:47:47","slug":"leituras-do-drama-contemporaneo","status":"publish","type":"page","link":"https:\/\/wp.ufpel.edu.br\/leiturasufpel\/leituras-do-drama-contemporaneo\/","title":{"rendered":"Leituras do drama contempor\u00e2neo"},"content":{"rendered":"<p style=\"text-align: justify;\">O projeto de pesquisa <em>Leituras do drama contempor\u00e2neo<\/em> surgiu em 2015, vinculado ao curso de Teatro-Licenciatura da Universidade Federal de Pelotas, e tem como foco principal o estudo de textos dram\u00e1ticos contempor\u00e2neos, bem como de seus autores e autoras, debru\u00e7ando-se sobre os conceitos e caracter\u00edsticas principais que surgem na literatura dram\u00e1tica a partir do final do s\u00e9culo XX. A partir da descoberta de pe\u00e7as teatrais e da an\u00e1lise das mesmas, o grupo busca disseminar o seu estudo atrav\u00e9s de leituras dram\u00e1ticas, interven\u00e7\u00f5es liter\u00e1rias, entre outras propostas.<\/p>\n<p><strong>Equipe 2026:<\/strong><\/p>\n<p>Coordena\u00e7\u00e3o: Profa. Dra. Fernanda Vieira Fernandes<\/p>\n<p>Discentes: Davi Herculano (bolsista PBIP-AF UFPel), \u00a0Kimberlly Isquierdo Bongalhardo (bolsista PIBIC CNPq) e Mirella Encarna\u00e7\u00e3o.<\/p>\n<p>Membros externos: C\u00e2ndida Canielas, Eduarda Pereira, Mario Celso e Prof. Gabryel Pioner,<\/p>\n<p>&#8212;<\/p>\n<p>Ex-participantes do projeto: Agatha Nery, Brenda Seneme, Jo\u00e3o Vitor Soares, Juliana Caroline da Silva, Kelvin Machado,\u00a0 Lorena Zanetti, Marcos Kuszner, Milena Vaz, Nicolas Beidacki, Nicole Gonzales, Patr\u00edcia Bicoski, S\u00e1 de Moares Pretto, Samara Coutinho, Ta\u00eds Galindo e Thalles Echeverry,<\/p>\n<p>&nbsp;<\/p>\n<p>&nbsp;<\/p>\n<p>&nbsp;<\/p>\n","protected":false},"excerpt":{"rendered":"<p>O projeto de pesquisa Leituras do drama contempor\u00e2neo surgiu em 2015, vinculado ao curso de Teatro-Licenciatura da Universidade Federal de Pelotas, e tem como foco principal o estudo de textos dram\u00e1ticos contempor\u00e2neos, bem como de seus autores e autoras, debru\u00e7ando-se sobre os conceitos e caracter\u00edsticas principais que surgem na literatura dram\u00e1tica a partir do final [&hellip;]<\/p>\n","protected":false},"author":1091,"featured_media":6,"parent":0,"menu_order":0,"comment_status":"closed","ping_status":"closed","template":"","meta":{"footnotes":""},"class_list":["post-10","page","type-page","status-publish","has-post-thumbnail","hentry"],"_links":{"self":[{"href":"https:\/\/wp.ufpel.edu.br\/leiturasufpel\/wp-json\/wp\/v2\/pages\/10","targetHints":{"allow":["GET"]}}],"collection":[{"href":"https:\/\/wp.ufpel.edu.br\/leiturasufpel\/wp-json\/wp\/v2\/pages"}],"about":[{"href":"https:\/\/wp.ufpel.edu.br\/leiturasufpel\/wp-json\/wp\/v2\/types\/page"}],"author":[{"embeddable":true,"href":"https:\/\/wp.ufpel.edu.br\/leiturasufpel\/wp-json\/wp\/v2\/users\/1091"}],"replies":[{"embeddable":true,"href":"https:\/\/wp.ufpel.edu.br\/leiturasufpel\/wp-json\/wp\/v2\/comments?post=10"}],"version-history":[{"count":3,"href":"https:\/\/wp.ufpel.edu.br\/leiturasufpel\/wp-json\/wp\/v2\/pages\/10\/revisions"}],"predecessor-version":[{"id":455,"href":"https:\/\/wp.ufpel.edu.br\/leiturasufpel\/wp-json\/wp\/v2\/pages\/10\/revisions\/455"}],"wp:featuredmedia":[{"embeddable":true,"href":"https:\/\/wp.ufpel.edu.br\/leiturasufpel\/wp-json\/wp\/v2\/media\/6"}],"wp:attachment":[{"href":"https:\/\/wp.ufpel.edu.br\/leiturasufpel\/wp-json\/wp\/v2\/media?parent=10"}],"curies":[{"name":"wp","href":"https:\/\/api.w.org\/{rel}","templated":true}]}}