{"id":196,"date":"2022-04-19T11:03:36","date_gmt":"2022-04-19T14:03:36","guid":{"rendered":"https:\/\/wp.ufpel.edu.br\/leicma\/?page_id=196"},"modified":"2022-04-19T11:03:36","modified_gmt":"2022-04-19T14:03:36","slug":"exposicoes-e-danca-afro","status":"publish","type":"page","link":"https:\/\/wp.ufpel.edu.br\/leicma\/?page_id=196","title":{"rendered":"Exposi\u00e7\u00f5es e Dan\u00e7a Afro"},"content":{"rendered":"","protected":false},"excerpt":{"rendered":"","protected":false},"author":954,"featured_media":0,"parent":0,"menu_order":0,"comment_status":"closed","ping_status":"closed","template":"","meta":{"footnotes":""},"class_list":["post-196","page","type-page","status-publish","hentry","nodate","item-wrap"],"_links":{"self":[{"href":"https:\/\/wp.ufpel.edu.br\/leicma\/index.php?rest_route=\/wp\/v2\/pages\/196","targetHints":{"allow":["GET"]}}],"collection":[{"href":"https:\/\/wp.ufpel.edu.br\/leicma\/index.php?rest_route=\/wp\/v2\/pages"}],"about":[{"href":"https:\/\/wp.ufpel.edu.br\/leicma\/index.php?rest_route=\/wp\/v2\/types\/page"}],"author":[{"embeddable":true,"href":"https:\/\/wp.ufpel.edu.br\/leicma\/index.php?rest_route=\/wp\/v2\/users\/954"}],"replies":[{"embeddable":true,"href":"https:\/\/wp.ufpel.edu.br\/leicma\/index.php?rest_route=%2Fwp%2Fv2%2Fcomments&post=196"}],"version-history":[{"count":1,"href":"https:\/\/wp.ufpel.edu.br\/leicma\/index.php?rest_route=\/wp\/v2\/pages\/196\/revisions"}],"predecessor-version":[{"id":202,"href":"https:\/\/wp.ufpel.edu.br\/leicma\/index.php?rest_route=\/wp\/v2\/pages\/196\/revisions\/202"}],"wp:attachment":[{"href":"https:\/\/wp.ufpel.edu.br\/leicma\/index.php?rest_route=%2Fwp%2Fv2%2Fmedia&parent=196"}],"curies":[{"name":"wp","href":"https:\/\/api.w.org\/{rel}","templated":true}]}}