{"id":162,"date":"2019-07-31T13:05:31","date_gmt":"2019-07-31T16:05:31","guid":{"rendered":"https:\/\/wp.ufpel.edu.br\/leicma\/?page_id=162"},"modified":"2022-04-20T09:50:14","modified_gmt":"2022-04-20T12:50:14","slug":"pagina-inicial","status":"publish","type":"page","link":"https:\/\/wp.ufpel.edu.br\/leicma\/","title":{"rendered":"LEICMA"},"content":{"rendered":"<div id=\"pl-162\"  class=\"panel-layout\" ><div id=\"pg-162-0\"  class=\"panel-grid panel-has-style\" ><div class=\"wide-grey siteorigin-panels-stretch panel-row-style panel-row-style-for-162-0\" data-stretch-type=\"full\" ><div id=\"pgc-162-0-0\"  class=\"panel-grid-cell\" ><div id=\"panel-162-0-0-0\" class=\"so-panel widget widget_text panel-first-child panel-last-child\" data-index=\"0\" ><div class=\"panel-widget-style panel-widget-style-for-162-0-0-0\" >\t\t\t<div class=\"textwidget\"><p>O Laborat\u00f3rio de Estudos Interdisciplinares de Cultura Material (LEICMA) integra a estrutura acad\u00eamica do Instituto de Ci\u00eancias Humanas da Universidade Federal de Pelotas \u2013 ICH\/UFPel. O LEICMA \u00e9 interdisciplinar e serve aos projetos de pesquisa e extens\u00e3o, tanto em n\u00edvel de gradua\u00e7\u00e3o quanto de p\u00f3s-gradua\u00e7\u00e3o da \u00e1rea de arqueologia e dos demais campos dedicados ao estudo da cultura material e do patrim\u00f4nio cultural. Busca favorecer uma maior aproxima\u00e7\u00e3o entre a arqueologia e a sociedade. Trabalha em prol da descoloniza\u00e7\u00e3o da arqueologia, das pesquisas comunit\u00e1rias e do ativismo social.<\/p>\n<p>A principal pesquisa desenvolvida no LEICMA \u00e9 dedicada \u00e0 arqueologia da di\u00e1spora africana. Entre suas a\u00e7\u00f5es de extens\u00e3o e comunit\u00e1ria, figuram o projeto com a Companhia de Dan\u00e7a Daniel Amaro e a institucionaliza\u00e7\u00e3o e manuten\u00e7\u00e3o do Museu Afro-Brasil-Sul (MAB-Sul).<\/p>\n<\/div>\n\t\t<\/div><\/div><\/div><\/div><\/div><div id=\"pg-162-1\"  class=\"panel-grid panel-no-style\" ><div id=\"pgc-162-1-0\"  class=\"panel-grid-cell\" ><div id=\"panel-162-1-0-0\" class=\"so-panel widget widget_category-posts cat-post-widget panel-first-child panel-last-child\" data-index=\"1\" ><h3 class=\"widget-title\">Estamos em constru\u00e7\u00e3o!<\/h3><ul id=\"category-posts-1-internal\" class=\"category-posts-internal\">\n<\/ul>\n<\/div><\/div><div id=\"pgc-162-1-1\"  class=\"panel-grid-cell\" ><div id=\"panel-162-1-1-0\" class=\"so-panel widget widget_media_video panel-first-child panel-last-child\" data-index=\"2\" ><div style=\"width:100%;\" class=\"wp-video\"><video class=\"wp-video-shortcode\" id=\"video-162-1\" preload=\"metadata\" controls=\"controls\"><source type=\"video\/youtube\" src=\"https:\/\/www.youtube.com\/watch?v=VDdvdtfGYx8&#038;_=1\" \/><a href=\"https:\/\/www.youtube.com\/watch?v=VDdvdtfGYx8\">https:\/\/www.youtube.com\/watch?v=VDdvdtfGYx8<\/a><\/video><\/div><\/div><\/div><\/div><\/div>","protected":false},"excerpt":{"rendered":"<p>O Laborat\u00f3rio de Estudos Interdisciplinares de Cultura Material (LEICMA) integra a estrutura acad\u00eamica do Instituto de Ci\u00eancias Humanas da Universidade Federal de Pelotas \u2013 ICH\/UFPel. O LEICMA \u00e9 interdisciplinar e serve aos projetos de pesquisa e extens\u00e3o, tanto em n\u00edvel de gradua\u00e7\u00e3o quanto de p\u00f3s-gradua\u00e7\u00e3o da \u00e1rea de arqueologia e dos demais campos dedicados ao &hellip; <\/p>\n<p><a class=\"more-link btn\" href=\"https:\/\/wp.ufpel.edu.br\/leicma\/\">Continue lendo<\/a><\/p>\n","protected":false},"author":954,"featured_media":0,"parent":0,"menu_order":0,"comment_status":"closed","ping_status":"closed","template":"","meta":{"footnotes":""},"class_list":["post-162","page","type-page","status-publish","hentry","nodate","item-wrap"],"_links":{"self":[{"href":"https:\/\/wp.ufpel.edu.br\/leicma\/index.php?rest_route=\/wp\/v2\/pages\/162","targetHints":{"allow":["GET"]}}],"collection":[{"href":"https:\/\/wp.ufpel.edu.br\/leicma\/index.php?rest_route=\/wp\/v2\/pages"}],"about":[{"href":"https:\/\/wp.ufpel.edu.br\/leicma\/index.php?rest_route=\/wp\/v2\/types\/page"}],"author":[{"embeddable":true,"href":"https:\/\/wp.ufpel.edu.br\/leicma\/index.php?rest_route=\/wp\/v2\/users\/954"}],"replies":[{"embeddable":true,"href":"https:\/\/wp.ufpel.edu.br\/leicma\/index.php?rest_route=%2Fwp%2Fv2%2Fcomments&post=162"}],"version-history":[{"count":30,"href":"https:\/\/wp.ufpel.edu.br\/leicma\/index.php?rest_route=\/wp\/v2\/pages\/162\/revisions"}],"predecessor-version":[{"id":265,"href":"https:\/\/wp.ufpel.edu.br\/leicma\/index.php?rest_route=\/wp\/v2\/pages\/162\/revisions\/265"}],"wp:attachment":[{"href":"https:\/\/wp.ufpel.edu.br\/leicma\/index.php?rest_route=%2Fwp%2Fv2%2Fmedia&parent=162"}],"curies":[{"name":"wp","href":"https:\/\/api.w.org\/{rel}","templated":true}]}}