{"id":570,"date":"2024-07-29T09:05:43","date_gmt":"2024-07-29T12:05:43","guid":{"rendered":"https:\/\/wp.ufpel.edu.br\/leiaa\/?page_id=570"},"modified":"2024-07-29T09:05:43","modified_gmt":"2024-07-29T12:05:43","slug":"justificativa","status":"publish","type":"page","link":"https:\/\/wp.ufpel.edu.br\/leiaa\/justificativa\/","title":{"rendered":"Justificativa"},"content":{"rendered":"<p>A principal justificativa para o desenvolvimento deste projeto repousa sobre as dificuldades de progresso dos estudantes na \u00e1rea de matem\u00e1tica. Alguns desafios apontados em diversas pesquisas e que certamente perpassam o cotidiano de in\u00fameros estudantes ingressantes em cursos superiores, especialmente na \u00e1rea de exatas e engenharias, podem ser listados: 1) dificuldade em matem\u00e1tica acumulada nos n\u00edveis educacionais anteriores; 2) dificuldades intr\u00ednsecas relacionadas \u00e0 aprendizagem dos novos conte\u00fados a serem estudados (especialmente em disciplinas de c\u00e1lculo, aritm\u00e9tica, \u00e1lgebra e geometria); 3) dificuldades de adapta\u00e7\u00e3o \u00e0s exig\u00eancias de estudo e desempenho impostas pela academia; 4) e o fr\u00e1gil repert\u00f3rio de estrat\u00e9gias de aprendizagem para estudar e aprender matem\u00e1tica. Este cen\u00e1rio se torna ainda mais complexo quando se trata de cursos de licenciatura nas chamadas \u201c\u00e1reas duras\u201d (como matem\u00e1tica, f\u00edsica e qu\u00edmica, por exemplo) pois o baixo interesse atual dos jovens pela profiss\u00e3o docente agrega-se aos itens listados acima.<\/p>\n<p>Neste contexto, diversas pesquisas destacam a import\u00e2ncia de realizar interven\u00e7\u00f5es sistem\u00e1ticas e permanentes orientadas ao \u201caprender a aprender\u201d. Por fim, sublinhamos este projeto justifica-se, em particular, por representar mais uma forma de agregar elementos importantes \u00e0 forma\u00e7\u00e3o dos estudantes de gradua\u00e7\u00e3o da UFPel, especialmente em cursos de licenciatura. Acredita-se que, no campo da forma\u00e7\u00e3o de professores, as atividades desenvolvidas pelo LEIAA poder\u00e3o integrar-se \u00e0s demais atividades j\u00e1 desenvolvidas pelos cursos de licenciatura da UFPel e possibilitar, assim, maior embasamento te\u00f3rico e pr\u00e1tico para o efetivo exerc\u00edcio da doc\u00eancia. Nesta perspectiva, entende-se que o tema da autorregula\u00e7\u00e3o da aprendizagem, considerado um marco na psicologia educacional, tem muito a contribuir com a forma\u00e7\u00e3o dos estudantes participantes.<\/p>\n","protected":false},"excerpt":{"rendered":"<p>A principal justificativa para o desenvolvimento deste projeto repousa sobre as dificuldades de progresso dos estudantes na \u00e1rea de matem\u00e1tica. Alguns desafios apontados em diversas pesquisas e que certamente perpassam o cotidiano de in\u00fameros estudantes ingressantes em cursos superiores, especialmente na \u00e1rea de exatas e engenharias, podem ser listados: 1) dificuldade em matem\u00e1tica acumulada nos [&hellip;]<\/p>\n","protected":false},"author":1127,"featured_media":0,"parent":0,"menu_order":0,"comment_status":"closed","ping_status":"closed","template":"","meta":{"footnotes":""},"class_list":["post-570","page","type-page","status-publish","hentry"],"_links":{"self":[{"href":"https:\/\/wp.ufpel.edu.br\/leiaa\/wp-json\/wp\/v2\/pages\/570","targetHints":{"allow":["GET"]}}],"collection":[{"href":"https:\/\/wp.ufpel.edu.br\/leiaa\/wp-json\/wp\/v2\/pages"}],"about":[{"href":"https:\/\/wp.ufpel.edu.br\/leiaa\/wp-json\/wp\/v2\/types\/page"}],"author":[{"embeddable":true,"href":"https:\/\/wp.ufpel.edu.br\/leiaa\/wp-json\/wp\/v2\/users\/1127"}],"replies":[{"embeddable":true,"href":"https:\/\/wp.ufpel.edu.br\/leiaa\/wp-json\/wp\/v2\/comments?post=570"}],"version-history":[{"count":1,"href":"https:\/\/wp.ufpel.edu.br\/leiaa\/wp-json\/wp\/v2\/pages\/570\/revisions"}],"predecessor-version":[{"id":572,"href":"https:\/\/wp.ufpel.edu.br\/leiaa\/wp-json\/wp\/v2\/pages\/570\/revisions\/572"}],"wp:attachment":[{"href":"https:\/\/wp.ufpel.edu.br\/leiaa\/wp-json\/wp\/v2\/media?parent=570"}],"curies":[{"name":"wp","href":"https:\/\/api.w.org\/{rel}","templated":true}]}}