{"id":25,"date":"2021-04-11T08:37:58","date_gmt":"2021-04-11T11:37:58","guid":{"rendered":"https:\/\/wp.ufpel.edu.br\/leiaa\/?page_id=25"},"modified":"2024-07-29T09:05:31","modified_gmt":"2024-07-29T12:05:31","slug":"objetivos","status":"publish","type":"page","link":"https:\/\/wp.ufpel.edu.br\/leiaa\/objetivos\/","title":{"rendered":"Objetivos"},"content":{"rendered":"<p>Este projeto visa apoiar os participantes (graduandos da UFPel e estudantes da rede b\u00e1sica de ensino) a diversificarem os seus repert\u00f3rios de estrat\u00e9gias de aprendizagem e, com isso, fomentar a Aprendizagem Autorregulada possibilitando melhores condi\u00e7\u00f5es para a aprendizagem em matem\u00e1tica.<\/p>\n<p>Em especial, pretende-se investir na forma\u00e7\u00e3o te\u00f3rica de futuros professores, especialmente nas \u00e1reas que possuem a matem\u00e1tica como componente b\u00e1sica, contribuindo para a forma\u00e7\u00e3o de estudantes e professores estrategicamente autorregulados.<\/p>\n<p>Por meio das experi\u00eancias realizadas no LEIAA, pretende-se tamb\u00e9m contribuir para o aprofundamento das pesquisas no campo da Aprendizagem Autorregulada integrando assim, numa mesma perspectiva, o trip\u00e9 ensino, pesquisa e extens\u00e3o.<\/p>\n","protected":false},"excerpt":{"rendered":"<p>Este projeto visa apoiar os participantes (graduandos da UFPel e estudantes da rede b\u00e1sica de ensino) a diversificarem os seus repert\u00f3rios de estrat\u00e9gias de aprendizagem e, com isso, fomentar a Aprendizagem Autorregulada possibilitando melhores condi\u00e7\u00f5es para a aprendizagem em matem\u00e1tica. Em especial, pretende-se investir na forma\u00e7\u00e3o te\u00f3rica de futuros professores, especialmente nas \u00e1reas que possuem [&hellip;]<\/p>\n","protected":false},"author":1127,"featured_media":0,"parent":0,"menu_order":0,"comment_status":"closed","ping_status":"closed","template":"","meta":{"footnotes":""},"class_list":["post-25","page","type-page","status-publish","hentry"],"_links":{"self":[{"href":"https:\/\/wp.ufpel.edu.br\/leiaa\/wp-json\/wp\/v2\/pages\/25","targetHints":{"allow":["GET"]}}],"collection":[{"href":"https:\/\/wp.ufpel.edu.br\/leiaa\/wp-json\/wp\/v2\/pages"}],"about":[{"href":"https:\/\/wp.ufpel.edu.br\/leiaa\/wp-json\/wp\/v2\/types\/page"}],"author":[{"embeddable":true,"href":"https:\/\/wp.ufpel.edu.br\/leiaa\/wp-json\/wp\/v2\/users\/1127"}],"replies":[{"embeddable":true,"href":"https:\/\/wp.ufpel.edu.br\/leiaa\/wp-json\/wp\/v2\/comments?post=25"}],"version-history":[{"count":4,"href":"https:\/\/wp.ufpel.edu.br\/leiaa\/wp-json\/wp\/v2\/pages\/25\/revisions"}],"predecessor-version":[{"id":569,"href":"https:\/\/wp.ufpel.edu.br\/leiaa\/wp-json\/wp\/v2\/pages\/25\/revisions\/569"}],"wp:attachment":[{"href":"https:\/\/wp.ufpel.edu.br\/leiaa\/wp-json\/wp\/v2\/media?parent=25"}],"curies":[{"name":"wp","href":"https:\/\/api.w.org\/{rel}","templated":true}]}}