{"id":21,"date":"2021-04-11T08:35:10","date_gmt":"2021-04-11T11:35:10","guid":{"rendered":"https:\/\/wp.ufpel.edu.br\/leiaa\/?page_id=21"},"modified":"2024-07-29T08:29:00","modified_gmt":"2024-07-29T11:29:00","slug":"depoimentos","status":"publish","type":"page","link":"https:\/\/wp.ufpel.edu.br\/leiaa\/depoimentos\/","title":{"rendered":"Depoimentos"},"content":{"rendered":"<p>Este espa\u00e7o \u00e9 destinado para que voc\u00ea que participou do projeto LEIAA possa deixar seu sua impress\u00e3o, coment\u00e1rio, sugest\u00e3o ou cr\u00edtica.<\/p>\n<p>Fique \u00e0 vontade!<\/p>\n<p>Para deixar um depoimento sobre o projeto LEIAA, clique <a href=\"https:\/\/docs.google.com\/forms\/d\/1uRoR8inrCYmItoQO6IgRko6J7bk_95QOANrDGmZ8J7g\/\"><span style=\"color: #0000ff;\">AQUI<\/span><\/a>.<\/p>\n<p>&nbsp;<\/p>\n<p><strong>Depoimentos:<\/strong><\/p>\n<p>&nbsp;<\/p>\n<p style=\"text-align: center;\">&#8220;Nunca tinha tido a oportunidade de ter aula com o professor C\u00edcero e fico muito feliz dele ser parte desse projeto, muito querido e acolhedor, as cartas de Gerv\u00e1sio s\u00e3o identific\u00e1veis e todos do projeto s\u00e3o super fofos.&#8221;<\/p>\n<p style=\"text-align: right;\">Estudante do curso de Meteorologia &#8211; Julho de 2024.<\/p>\n<p>&nbsp;<\/p>\n<p style=\"text-align: center;\">&#8220;Adorei participar desses encontros, poder conhecer um pouco sobre as cartas de Gerv\u00e1sio, me fez refletir sobre minha pr\u00f3pria vida dentro da universidade. Me mostrando que \u00e9 poss\u00edvel sim conquistar meus objetivos, mas que para isso preciso de disciplina e autoconhecimento. S\u00f3 assim conseguirei tomar e realizar decis\u00f5es acertivas sobre meu futuro. Obrigada por essa oportunidade! Saio daqui mais forte!&#8221;<\/p>\n<p style=\"text-align: right;\">Estudante do curso de Licenciatura em Matem\u00e1tica &#8211; Junho de 2024.<\/p>\n<p>&nbsp;<\/p>\n<p style=\"text-align: center;\">&#8220;A palestra realizada nas Escolas Municipais de Pelotas C\u00edrculo Oper\u00e1rio Pelotense e Professora Maria Helena Vargas da Silveira foram de muita valia para os estudantes. Foi um momento de muita import\u00e2ncia para os educandos que tiveram a oportunidade de escutar dos acad\u00eamicos de Licenciatura em Matem\u00e1tica algumas maneiras de como otimizar seu tempo para estudar e aproveitar da melhor forma poss\u00edvel esses momentos. Cabe salientar que tiveram a oportunidade de falar sobre futuro profissional e conhecer um pouco da Universidade Federal de Pelotas.&#8221;<\/p>\n<p style=\"text-align: right;\">Professora da rede municipal de Pelotas &#8211; Maio de 2024.<\/p>\n<p>&nbsp;<\/p>\n<p style=\"text-align: center;\">&#8220;Gostaria de agradecer pela palestra e pelo ensinamentos repassados, pois para mim foi importante para minha caminhada do ensino superior. Obrigado.&#8221;<\/p>\n<p style=\"text-align: right;\">Estudante do curso de Licenciatura em Matem\u00e1tica \u00e0 dist\u00e2ncia &#8211; Mar\u00e7o de 2024.<\/p>\n<p>&nbsp;<\/p>\n<p style=\"text-align: center;\">&#8220;Sou ingressante do CLMD e tive meu primeiro contato com o LEIAA hoje, achei muito proveitoso porque ofereceu um norte aos ingressantes. Sou grata.&#8221;<\/p>\n<p style=\"text-align: right;\">Estudante do curso de Licenciatura em Matem\u00e1tica \u00e0 dist\u00e2ncia &#8211; Mar\u00e7o de 2024.<\/p>\n<p>&nbsp;<\/p>\n<p style=\"text-align: center;\">&#8220;Foram encontros de muita valia para minha forma\u00e7\u00e3o, ajudou na maneira de estudar com maior produtividade. Temas como auto efic\u00e1cia, teoria social cognitiva, me ajudaram a construir uma rotina de estudos baseado na organiza\u00e7\u00e3o do tempo e ambiente adequado para melhor aproveitamento. As Cartas de Gerv\u00e1sio me fizeram refletir sobre a import\u00e2ncia do agendamento de tarefas por sua import\u00e2ncia. Em fim, ao final deixou saudades o conv\u00edvio com nosso professor e colegas, principalmente na troca de experi\u00eancias.&#8221;<\/p>\n<p style=\"text-align: right;\">Estudante do curso de Licenciatura em Matem\u00e1tica &#8211; Janeiro de 2024.<\/p>\n<p>&nbsp;<\/p>\n<p style=\"text-align: center;\">&#8220;Gostaria de agradecer imensamente pela oficina. Al\u00e9m da did\u00e1tica excelente, o encontro foi muito interativo. O professor conseguiu trazer boas discuss\u00f5es sobre o assunto. Consegui identificar v\u00e1rios pontos sobre minha rotina e pensar em novas adapta\u00e7\u00f5es para estudar melhor.&#8221;<\/p>\n<p style=\"text-align: right;\">\u00a0 Estudante do curso de Licenciatura em Matem\u00e1tica &#8211; Dezembro de 2023.<\/p>\n<p>&nbsp;<\/p>\n<p style=\"text-align: center;\">&#8220;Cada encontro no LEIAA \u00e9 enriquecedor em busca do autoconhecimento e isso contribui demais para ter uma aprendizagem de qualidade. Espero que em 2024, possamos compartilhar de mais experi\u00eancias de qualidade como foram as deste ano. Para quem ainda n\u00e3o conhece o projeto, recomendo que busque informa\u00e7\u00f5es e possa usufruir assim como eu.&#8221;<\/p>\n<p style=\"text-align: right;\">\u00a0 \u00a0 \u00a0 \u00a0 \u00a0 \u00a0 \u00a0 \u00a0 \u00a0 \u00a0 \u00a0 \u00a0 \u00a0 \u00a0 \u00a0 \u00a0 \u00a0 \u00a0 \u00a0 \u00a0 \u00a0 \u00a0 \u00a0 \u00a0 \u00a0 \u00a0 \u00a0 \u00a0 \u00a0 \u00a0 \u00a0 \u00a0Estudante do curso de Licenciatura em Matem\u00e1tica &#8211; Dezembro de 2023.<\/p>\n<p>&nbsp;<\/p>\n<p style=\"text-align: center;\">\u00a0 \u00a0&#8220;O Projeto LEIAA tem sido um grande parceiro das minhas disciplinas de Pesquisa em Turismo I e Pesquisa em Turismo II, nas quais h\u00e1 alguns anos a C\u00e9lia e o C\u00edcero t\u00eam ministrado oficinas de autorregula\u00e7\u00e3o da aprendizagem. As oficinas s\u00e3o momentos ricos de di\u00e1logos, trocas e reflex\u00f5es. Sinto que todos n\u00f3s, professora e alunos, aprendemos muito com as atividades propostas, no sentido de conhecermos as teorias que norteiam esse processo bem como as aplica\u00e7\u00f5es pr\u00e1ticas para nos autorregularmos na nossa aprendizagem. S\u00e3o dicas valiosas para nos conhecermos melhor e identificarmos as melhores t\u00e9cnicas de estudo conforme as nossas caracter\u00edsticas, necessidades e limita\u00e7\u00f5es. Fico muito feliz ao escutar de meus alunos que as oficinas promovem uma nova perspectiva \u00e0 organiza\u00e7\u00e3o de seus estudos! Sou muito grata ao Projeto, nas figuras do C\u00edcero e da C\u00e9lia, pela disponibilidade e parceria!&#8221;<\/p>\n<p style=\"text-align: right;\">\u00a0 \u00a0 \u00a0 \u00a0 \u00a0 \u00a0 \u00a0 \u00a0 \u00a0 \u00a0 \u00a0 \u00a0 \u00a0 \u00a0 \u00a0 \u00a0 \u00a0 \u00a0 \u00a0 \u00a0 \u00a0 \u00a0 \u00a0 \u00a0 \u00a0 \u00a0 \u00a0 \u00a0 \u00a0 \u00a0 \u00a0 \u00a0 \u00a0 \u00a0 \u00a0 \u00a0 \u00a0 \u00a0 \u00a0 \u00a0 \u00a0 \u00a0 \u00a0 \u00a0 \u00a0 \u00a0 \u00a0 \u00a0 \u00a0 \u00a0 \u00a0 \u00a0 \u00a0 \u00a0 \u00a0 \u00a0 \u00a0 \u00a0 \u00a0 \u00a0Professora da UFPel &#8211; Dezembro de 2023.<\/p>\n<p>&nbsp;<\/p>\n<p style=\"text-align: center;\">&#8220;Adorei participar dos encontros, pois \u00e9 um espa\u00e7o interessante de poder partilhar com outras pessoas sobre a gradua\u00e7\u00e3o, sobre os pontos negativos e positivos e como cada um reage com as dificuldades, etc que aparecem ao longo da gradua\u00e7\u00e3o. Esses encontros me fizeram refletir muito sobre a forma que estudo, sobre a procrastina\u00e7\u00e3o e outros aspectos, foi muito interessante.&#8221;<\/p>\n<p style=\"text-align: right;\">Estudante do curso de Licenciatura em Matem\u00e1tica &#8211; Setembro de 2023.<\/p>\n<p>&nbsp;<\/p>\n<p style=\"text-align: center;\">&#8220;Parab\u00e9ns gostei muito de participar dos encontros mesmo sendo online. Muitas, diversas e profundas reflex\u00f5es! Por muita das vezes me imaginei, fiquei impressionada com as semelhan\u00e7as das situa\u00e7\u00f5es vividas por Gerv\u00e1sio quando estava lendo as cartas. Muito feliz em poder participar mesmo sendo a dist\u00e2ncia. Gratid\u00e3o! Abra\u00e7o!&#8221;<\/p>\n<p style=\"text-align: right;\">Estudante do curso de Licenciatura em Matem\u00e1tica &#8211; Setembro de 2023.<\/p>\n<p>&nbsp;<\/p>\n<p style=\"text-align: center;\">&#8220;Entrei nessa roda de conversa, o projeto LEIAA, com intuito de conseguir criar novos h\u00e1bitos de estudos e junto aos outros participantes poder aprender como ter um aprendizado significativo, como sou aluno do primeiro semestre do curso de Licenciatura em Matem\u00e1tica, estava muito perdido em meio a minha organiza\u00e7\u00e3o. Hoje depois de ter passado por essa roda de conversa, vejo que j\u00e1 tive um melhor desempenho nas disciplinas, tudo consequ\u00eancia da minha nova maneira de estudar, que j\u00e1 me trouxe muitos benef\u00edcios, como a sonhada nota dez em uma prova da faculdade, o que muitos me disseram que era quase imposs\u00edvel de conseguir, ainda mais sendo aluno do primeiro semestre onde ainda estamos nos descobrindo dentro da faculdade. Agrade\u00e7o muito ao LEIAA, e a autorregula\u00e7\u00e3o \u00e9 muito importante e vale a pena tentar!&#8221;<\/p>\n<p style=\"text-align: right;\">Estudante do curso de Licenciatura em Matem\u00e1tica &#8211; Setembro de 2023.<\/p>\n<p>&nbsp;<\/p>\n<p style=\"text-align: center;\">&#8220;S\u00f3 elogios ao projeto LEIAA, me inscrevi por curiosidade e adorei poder compartilhar desafios, ang\u00fastias e trocar ideias com outros colegas, isso me aproximou mais do Campus pois estudo online, ainda que v\u00e1 no Polo n\u00e3o tinha contato mais direto com colegas de outras cidades e dos que v\u00e3o no presencial. Achei genial o uso das leituras das cartas do Gerv\u00e1sio para nos provocar a refletir sobre nossas pr\u00e1ticas de estudo e organiza\u00e7\u00e3o do tempo, o texto narrativo provocou curiosidade, e nos colocou no lugar do Gerv\u00e1sio em alguns momentos, se fosse textos simples de dicas n\u00e3o teria tanto impacto. Parab\u00e9ns aos organizadores do projeto.&#8221;<\/p>\n<p style=\"text-align: right;\">Estudante do curso de Licenciatura em Matem\u00e1tica &#8211; Setembro de 2023.<\/p>\n<p>&nbsp;<\/p>\n<p style=\"text-align: center;\">&#8220;Foi uma experi\u00eancia gratificante pois. por j\u00e1 desenvolver algumas t\u00e9cnicas de estudo e ter algumas leituras no campo de atua\u00e7\u00e3o e da neuroci\u00eancia voltada ao aprendizado, pude comparar alguns m\u00e9todos e ferramentas relatadas nos encontros. De forma a ampliar meu conhecimento no assunto.&#8221;<\/p>\n<p style=\"text-align: right;\">Estudante do curso de Licenciatura em Matem\u00e1tica &#8211; Junho de 2023.<\/p>\n<p>&nbsp;<\/p>\n<p style=\"text-align: center;\">&#8220;O projeto LEIAA representa uma parte essencial na minha caminhada acad\u00eamica. Tive a oportunidade de discutir diversos assuntos e refletir sobre a minha maneira de estudar. Tamb\u00e9m pude aprender sobre diferentes estrat\u00e9gias de aprendizagem, muitas das quais pratico at\u00e9 hoje. Agrade\u00e7o imensamente pela oportunidade e pela iniciativa fomentada pelo projeto, seja no ambiente escolar, universit\u00e1rio ou na pr\u00f3pria rotina di\u00e1ria, todos deveriam conhecer\/aprender sobre autorregula\u00e7\u00e3o da aprendizagem. &#8220;<\/p>\n<p style=\"text-align: right;\">Estudante do curso de Licenciatura em Matem\u00e1tica &#8211; Junho de 2023.<\/p>\n<p>&nbsp;<\/p>\n<p style=\"text-align: center;\">&#8220;Muito bom o encontro. Apresentou uma maneira do aluno se organizar nos estudos, estabelecer prioridades, criar agenda de compromissos.&#8221;<\/p>\n<p style=\"text-align: right;\">Estudante do curso de Licenciatura em Matem\u00e1tica &#8211; Fevereiro de 2023.<\/p>\n<p>&nbsp;<\/p>\n<p style=\"text-align: center;\">&#8220;Participar do grupo LEIAA foi um divisor na minha mentalidade quanto estudante. Tanto as conversas com o grupo quanto as cartas do Gerv\u00e1sio foram incr\u00edveis e mudaram muito minha percep\u00e7\u00e3o do que \u00e9 ser um discente. Fico muito feliz por ter me envolvido no projeto e tenho certeza que vou levar esse aprendizado para o resto da vida.&#8221;<\/p>\n<p style=\"text-align: right;\">Estudante do curso de Licenciatura em Matem\u00e1tica &#8211; Agosto de 2022.<\/p>\n<p>&nbsp;<\/p>\n<p style=\"text-align: center;\">&#8220;Estou contente demais por ter participado do incr\u00edvel Projeto LEIAA! Foi atrav\u00e9s dele que eu tive o primeiro encontro com o querido professor C\u00edcero, com colegas do curso e tamb\u00e9m com a universidade! Nos encontros, debatemos sobre algumas cartas do Gerv\u00e1sio, as quais eu me identifiquei muito, por\u00e9m n\u00e3o me senti sozinha, pois v\u00e1rias pessoas enfrentam os mesmos problemas e\/ou situa\u00e7\u00f5es que eu, sendo assim, todos est\u00e3o na mesma mar\u00e9. Para quem nunca participou do projeto, recomendo que se inscreva, pois \u00e9 de suma import\u00e2ncia para a nossa jornada acad\u00eamica, j\u00e1 que \u00e9 nele que aprendemos sobre diversas quest\u00f5es, dentre elas, como ter disciplina, lidar com a procrastina\u00e7\u00e3o e tamb\u00e9m com os desafios. Me senti acolhida demais pelos envolvidos!&#8221;<\/p>\n<p style=\"text-align: right;\">Estudante do curso de Licenciatura em Matem\u00e1tica &#8211; Agosto de 2022.<\/p>\n<p>&nbsp;<\/p>\n<p style=\"text-align: center;\">&#8220;S\u00f3 tenho a agradecer pela oportunidade, foi de suma import\u00e2ncia para mim, me fez repensar meus m\u00e9todos de estudo, me revelou dicas valiosas.&#8221;<\/p>\n<p style=\"text-align: right;\">Estudante do curso de Licenciatura em Matem\u00e1tica &#8211; Mar\u00e7o de 2022.<\/p>\n<p>&nbsp;<\/p>\n<p style=\"text-align: center;\">&#8220;Quando fiz minha inscri\u00e7\u00e3o para participar do projeto LEIAA, n\u00e3o tinha a no\u00e7\u00e3o de quanto seria importante, tanto pelas dicas repassadas como pela acolhida. Os encontros foram fant\u00e1sticos e tomar conhecimento das cartas de Gerv\u00e1sio foi incr\u00edvel. Agradecimento especial ao professor Cicero, sem d\u00favida o melhor professor, e aos colegas. Muito obrigada&#8221;<\/p>\n<p style=\"text-align: right;\">Estudante do curso de Licenciatura em Matem\u00e1tica &#8211; Mar\u00e7o de 2022.<\/p>\n<p>&nbsp;<\/p>\n<p style=\"text-align: center;\">&#8220;Gostaria de deixar meu relato de agradecimento, ao projeto LEIAA e tamb\u00e9m ao Projeto GAMA, por ter me ajudado a superar o desafio que foi voltar a estudar depois de anos. As leituras dos relatos das cartas e as conversas dos encontros no s\u00e1bado pela manh\u00e3, me deram \u00e2nimo a superar os desafios. Sempre temos que fazer uma reflex\u00e3o de como nos melhorar como estudantes, com muita organiza\u00e7\u00e3o, planejamento e serenidade. Temos que ter humildade em aprender com quem j\u00e1 passou por esta situa\u00e7\u00e3o e devemos ouvir nossa voz interior ou ser\u00e1 nosso umbigo kkkkk, que sempre far\u00e1 de tudo para nos ajudar. Por fim um Feliz Natal e Ano Novo a todos, em especial a todos que participam deste projeto que na minha vis\u00e3o, \u00e9 essencial que todos que est\u00e3o ingressando na universidade participem.&#8221;<\/p>\n<p style=\"text-align: right;\">Estudante do curso de Licenciatura em Matem\u00e1tica &#8211; Dezembro de 2021.<\/p>\n<p>&nbsp;<\/p>\n<p>&#8220;Me sinto honrada em ter participado deste projeto! Aqui pude aprender mais a respeito da vida acad\u00eamica e a refletir sobre os pontos que podem ser melhorados! Tamb\u00e9m pude compartilhar sonhos que cultivei por tanto tempo e que agora est\u00e3o se tornando realidade! Como foi emocionante, \u00e9 imposs\u00edvel encontrar palavras, foi mais do que eu possa descrever!&#8221;<\/p>\n<p style=\"text-align: right;\">Estudante do curso de Licenciatura em Matem\u00e1tica &#8211; Outubro de 2021.<\/p>\n<p>&nbsp;<\/p>\n<p style=\"text-align: center;\">&#8220;Foi muito importante e significativo para mim ter participado deste projeto! Me fez refletir muito sobre minha jornada at\u00e9 aqui e sobre meus atos. \u00c9 muito importante para n\u00f3s, em nossa dif\u00edcil caminhada acad\u00eamica, nos identificar com algo ou algu\u00e9m e ver que n\u00e3o estamos sozinhos, que outras pessoas est\u00e3o passando pelas mesmas coisas que n\u00f3s, e este projeto me trouxe reflex\u00f5es important\u00edssimas, que me fizeram repensar meus atos, o que talvez estou fazendo de errado e como melhorar. As cartas tem um conte\u00fado muito rico, que fez eu me identificar com cada palavra do nosso querido Gerv\u00e1sio. Que bom que participei deste projeto, afinal as leituras e os di\u00e1logos nos s\u00e1bados somaram muitas coisas boas em minha vida!&#8221;<\/p>\n<p style=\"text-align: right;\">Estudante do curso de Licenciatura em Matem\u00e1tica &#8211;\u00a0 Maio de 2021<\/p>\n<p>&nbsp;<\/p>\n<p style=\"text-align: center;\">&#8220;Me faltam palavras para descrever o qu\u00e3o importante foi participar deste projeto! O mais incr\u00edvel de participar foi ver que todos temos dificuldades, alguns em pontos diferentes de outros, mas todos n\u00f3s precisamos falar com algu\u00e9m sobre isso! Foi importante pra mim escutar os depoimentos dos colegas e poder falar os meus! Me senti muito acolhida por todos neste projeto! Foi um aprendizado que vou levar sempre comigo! Sem falar que aprendi tamb\u00e9m a me conhecer melhor! Gostaria de deixar aqui o meu muito obrigada por ter a chance de participar!&#8221;<\/p>\n<p style=\"text-align: right;\">Estudante do curso de Licenciatura em Matem\u00e1tica &#8211;\u00a0 Abril de 2021<\/p>\n<p>&nbsp;<\/p>\n<p style=\"text-align: center;\">&#8220;S\u00f3 tenho a agradecer, pois foi de muita import\u00e2ncia este projeto, me ajudou a me conhecer e a perceber que n\u00e3o \u00e9 s\u00f3 eu que tenho dificuldades de acompanhar o ritmo que \u00e9 estudar uma gradua\u00e7\u00e3o e o conversar, desabafar e romper barreiras \u00e9 para todos, s\u00f3 me repetindo obrigada.&#8221;<\/p>\n<p style=\"text-align: right;\">Estudante do curso de Licenciatura em Matem\u00e1tica &#8211; Abril de 2021<\/p>\n<p>&nbsp;<\/p>\n<p style=\"text-align: center;\">&#8220;Como \u00e9 bom encontrar um lugar onde eu pude compartilhar as minhas dificuldades e perceber que n\u00e3o estou sozinho quanto aos obst\u00e1culos durante a aprendizagem, principalmente por estar 100% do meu tempo em casa, estudando comigo mesmo, separar um tempo na minha semana para refletir sobre os temas que as cartas do Gerv\u00e1sio abordam foi essencial. Como estudante de gradua\u00e7\u00e3o a reflex\u00e3o que a atividade prop\u00f5e sobre o nosso pr\u00f3prio processo de aprendizado \u00e9 muito enriquecedora. Me senti abra\u00e7ado!&#8221;<\/p>\n<p style=\"text-align: right;\">Estudante do curso de Licenciatura em Matem\u00e1tica &#8211; Abril de 2021<\/p>\n","protected":false},"excerpt":{"rendered":"<p>Este espa\u00e7o \u00e9 destinado para que voc\u00ea que participou do projeto LEIAA possa deixar seu sua impress\u00e3o, coment\u00e1rio, sugest\u00e3o ou cr\u00edtica. Fique \u00e0 vontade! Para deixar um depoimento sobre o projeto LEIAA, clique AQUI. &nbsp; Depoimentos: &nbsp; &#8220;Nunca tinha tido a oportunidade de ter aula com o professor C\u00edcero e fico muito feliz dele ser [&hellip;]<\/p>\n","protected":false},"author":1127,"featured_media":0,"parent":0,"menu_order":0,"comment_status":"closed","ping_status":"closed","template":"","meta":{"footnotes":""},"class_list":["post-21","page","type-page","status-publish","hentry"],"_links":{"self":[{"href":"https:\/\/wp.ufpel.edu.br\/leiaa\/wp-json\/wp\/v2\/pages\/21","targetHints":{"allow":["GET"]}}],"collection":[{"href":"https:\/\/wp.ufpel.edu.br\/leiaa\/wp-json\/wp\/v2\/pages"}],"about":[{"href":"https:\/\/wp.ufpel.edu.br\/leiaa\/wp-json\/wp\/v2\/types\/page"}],"author":[{"embeddable":true,"href":"https:\/\/wp.ufpel.edu.br\/leiaa\/wp-json\/wp\/v2\/users\/1127"}],"replies":[{"embeddable":true,"href":"https:\/\/wp.ufpel.edu.br\/leiaa\/wp-json\/wp\/v2\/comments?post=21"}],"version-history":[{"count":27,"href":"https:\/\/wp.ufpel.edu.br\/leiaa\/wp-json\/wp\/v2\/pages\/21\/revisions"}],"predecessor-version":[{"id":565,"href":"https:\/\/wp.ufpel.edu.br\/leiaa\/wp-json\/wp\/v2\/pages\/21\/revisions\/565"}],"wp:attachment":[{"href":"https:\/\/wp.ufpel.edu.br\/leiaa\/wp-json\/wp\/v2\/media?parent=21"}],"curies":[{"name":"wp","href":"https:\/\/api.w.org\/{rel}","templated":true}]}}