{"id":177,"date":"2022-06-07T22:55:04","date_gmt":"2022-06-08T01:55:04","guid":{"rendered":"https:\/\/wp.ufpel.edu.br\/leiaa\/?page_id=177"},"modified":"2022-06-07T22:55:04","modified_gmt":"2022-06-08T01:55:04","slug":"publicacoes","status":"publish","type":"page","link":"https:\/\/wp.ufpel.edu.br\/leiaa\/publicacoes\/","title":{"rendered":"Publica\u00e7\u00f5es"},"content":{"rendered":"<p style=\"text-align: center;\"><strong>Trabalhos publicados pela equipe do Projeto LEIAA<\/strong><\/p>\n<p>Esta p\u00e1gina \u00e9 dedicada \u00e0s publica\u00e7\u00f5es de trabalhos feitas pelo Projeto atrav\u00e9s de analises e reflex\u00f5es feitas acerca das atividades ofertadas. \u00c0 quem interessar ver o Projeto LEIAA de uma perspectiva mais t\u00e9cnica e te\u00f3rica.<\/p>\n<p>&nbsp;<\/p>\n<p style=\"text-align: center;\"><strong>2021<\/strong><\/p>\n<p style=\"text-align: center;\"><a href=\"https:\/\/cti.ufpel.edu.br\/siepe\/arquivos\/2021\/G5_02227.pdf\">A APRENDIZAGEM AUTORREGULADA E A FORMA\u00c7\u00c3O DE PROFESSORES DE MATEM\u00c1TICA: REFLEX\u00d5ES A PARTIR DE UMA EXPERI\u00caNCIA NO PROJETO LEIAA<\/a><\/p>\n<p>&nbsp;<\/p>\n<p><strong>Autores:<\/strong> Rodrigo Oliveira Moreira, Aline de Souza Muniz, Gustavo Weirich Corr\u00eaa e Felipe Gon\u00e7alves de Souza.<\/p>\n<p><strong>Orientador:<\/strong> C\u00edcero Nachtigall<\/p>\n","protected":false},"excerpt":{"rendered":"<p>Trabalhos publicados pela equipe do Projeto LEIAA Esta p\u00e1gina \u00e9 dedicada \u00e0s publica\u00e7\u00f5es de trabalhos feitas pelo Projeto atrav\u00e9s de analises e reflex\u00f5es feitas acerca das atividades ofertadas. \u00c0 quem interessar ver o Projeto LEIAA de uma perspectiva mais t\u00e9cnica e te\u00f3rica. &nbsp; 2021 A APRENDIZAGEM AUTORREGULADA E A FORMA\u00c7\u00c3O DE PROFESSORES DE MATEM\u00c1TICA: REFLEX\u00d5ES [&hellip;]<\/p>\n","protected":false},"author":1127,"featured_media":0,"parent":0,"menu_order":0,"comment_status":"closed","ping_status":"closed","template":"","meta":{"footnotes":""},"class_list":["post-177","page","type-page","status-publish","hentry"],"_links":{"self":[{"href":"https:\/\/wp.ufpel.edu.br\/leiaa\/wp-json\/wp\/v2\/pages\/177","targetHints":{"allow":["GET"]}}],"collection":[{"href":"https:\/\/wp.ufpel.edu.br\/leiaa\/wp-json\/wp\/v2\/pages"}],"about":[{"href":"https:\/\/wp.ufpel.edu.br\/leiaa\/wp-json\/wp\/v2\/types\/page"}],"author":[{"embeddable":true,"href":"https:\/\/wp.ufpel.edu.br\/leiaa\/wp-json\/wp\/v2\/users\/1127"}],"replies":[{"embeddable":true,"href":"https:\/\/wp.ufpel.edu.br\/leiaa\/wp-json\/wp\/v2\/comments?post=177"}],"version-history":[{"count":1,"href":"https:\/\/wp.ufpel.edu.br\/leiaa\/wp-json\/wp\/v2\/pages\/177\/revisions"}],"predecessor-version":[{"id":179,"href":"https:\/\/wp.ufpel.edu.br\/leiaa\/wp-json\/wp\/v2\/pages\/177\/revisions\/179"}],"wp:attachment":[{"href":"https:\/\/wp.ufpel.edu.br\/leiaa\/wp-json\/wp\/v2\/media?parent=177"}],"curies":[{"name":"wp","href":"https:\/\/api.w.org\/{rel}","templated":true}]}}