{"id":168,"date":"2022-06-07T22:54:33","date_gmt":"2022-06-08T01:54:33","guid":{"rendered":"https:\/\/wp.ufpel.edu.br\/leiaa\/?page_id=168"},"modified":"2023-06-03T22:08:32","modified_gmt":"2023-06-04T01:08:32","slug":"recursos","status":"publish","type":"page","link":"https:\/\/wp.ufpel.edu.br\/leiaa\/recursos\/","title":{"rendered":"Recursos"},"content":{"rendered":"<p style=\"text-align: justify;\">Como o Projeto LEIAA tem o prop\u00f3sito de auxiliar os alunos a refletirem sobre seu estudo e buscarem uma melhora do mesmo, al\u00e9m das dicas passadas em nossos eventuais encontros, decidimos criar esta p\u00e1gina para disponibilizar aos estudantes alguns recursos iniciais para incentivar a cria\u00e7\u00e3o de h\u00e1bitos de estudo e utiliza\u00e7\u00e3o de estrat\u00e9gias para vencer a procrastina\u00e7\u00e3o e os distratores.<\/p>\n<p style=\"text-align: justify;\">Nesta p\u00e1gina poder\u00e3o encontrar conte\u00fados como a agenda semanal, que poder\u00e1 ser modificada conforme a rotina do estudante que for utilizar, al\u00e9m de v\u00eddeos com dicas sobre estudar e as estrat\u00e9gias que acreditamos serem eficientes. Futuramente ser\u00e3o adicionados cada vez mais conte\u00fados para auxiliar a quem tiver interesse em melhorar os m\u00e9todos de estudo e regular a sua aprendizagem.<\/p>\n<p><a href=\"https:\/\/wp.ufpel.edu.br\/leiaa\/agenda-semanal\/\">Agenda Semanal\u00a0<\/a><\/p>\n<p><a href=\"https:\/\/wp.ufpel.edu.br\/leiaa\/pomodoro\/\">T\u00e9cnica Pomodoro<\/a><\/p>\n","protected":false},"excerpt":{"rendered":"<p>Como o Projeto LEIAA tem o prop\u00f3sito de auxiliar os alunos a refletirem sobre seu estudo e buscarem uma melhora do mesmo, al\u00e9m das dicas passadas em nossos eventuais encontros, decidimos criar esta p\u00e1gina para disponibilizar aos estudantes alguns recursos iniciais para incentivar a cria\u00e7\u00e3o de h\u00e1bitos de estudo e utiliza\u00e7\u00e3o de estrat\u00e9gias para vencer [&hellip;]<\/p>\n","protected":false},"author":1127,"featured_media":0,"parent":0,"menu_order":0,"comment_status":"closed","ping_status":"closed","template":"","meta":{"footnotes":""},"class_list":["post-168","page","type-page","status-publish","hentry"],"_links":{"self":[{"href":"https:\/\/wp.ufpel.edu.br\/leiaa\/wp-json\/wp\/v2\/pages\/168","targetHints":{"allow":["GET"]}}],"collection":[{"href":"https:\/\/wp.ufpel.edu.br\/leiaa\/wp-json\/wp\/v2\/pages"}],"about":[{"href":"https:\/\/wp.ufpel.edu.br\/leiaa\/wp-json\/wp\/v2\/types\/page"}],"author":[{"embeddable":true,"href":"https:\/\/wp.ufpel.edu.br\/leiaa\/wp-json\/wp\/v2\/users\/1127"}],"replies":[{"embeddable":true,"href":"https:\/\/wp.ufpel.edu.br\/leiaa\/wp-json\/wp\/v2\/comments?post=168"}],"version-history":[{"count":3,"href":"https:\/\/wp.ufpel.edu.br\/leiaa\/wp-json\/wp\/v2\/pages\/168\/revisions"}],"predecessor-version":[{"id":350,"href":"https:\/\/wp.ufpel.edu.br\/leiaa\/wp-json\/wp\/v2\/pages\/168\/revisions\/350"}],"wp:attachment":[{"href":"https:\/\/wp.ufpel.edu.br\/leiaa\/wp-json\/wp\/v2\/media?parent=168"}],"curies":[{"name":"wp","href":"https:\/\/api.w.org\/{rel}","templated":true}]}}