{"id":844,"date":"2020-07-14T11:52:40","date_gmt":"2020-07-14T14:52:40","guid":{"rendered":"https:\/\/wp.ufpel.edu.br\/leh\/?page_id=844"},"modified":"2023-04-21T00:53:33","modified_gmt":"2023-04-21T03:53:33","slug":"dissertacoes","status":"publish","type":"page","link":"https:\/\/wp.ufpel.edu.br\/leh\/dissertacoes\/","title":{"rendered":"Disserta\u00e7\u00f5es"},"content":{"rendered":"<p style=\"text-align: justify;\">Essa \u00e1rea \u00e9 reservada para a disponibiliza\u00e7\u00e3o das Disserta\u00e7\u00f5es de Mestrado da equipe do LEH<\/p>\n<p>&nbsp;<\/p>\n<p style=\"text-align: justify;\">GASPAROTTO, Alessandra. <a href=\"https:\/\/lume.ufrgs.br\/bitstream\/handle\/10183\/13523\/000642241.pdf?sequence=1&amp;isAllowed=y\"><strong>&#8220;O terror renegado&#8221; Uma reflex\u00e3o sobre os epis\u00f3dios de retrata\u00e7\u00e3o p\u00fablica protagonizados por integrantes de organiza\u00e7\u00f5es de combate \u00e0 ditadura civil-militar no Brasil (1970-1975)<\/strong><\/a>. 2008. 21 f. Disserta\u00e7\u00e3o (Mestre em Hist\u00f3ria) &#8211; Universidade Federal do Rio Grande do Sul, Porto Alegre, 2008.<img loading=\"lazy\" decoding=\"async\" class=\"aligncenter wp-image-866 \" src=\"https:\/\/wp.ufpel.edu.br\/leh\/files\/2020\/07\/separador-de-pg.png\" alt=\"\" width=\"263\" height=\"53\" srcset=\"https:\/\/wp.ufpel.edu.br\/leh\/files\/2020\/07\/separador-de-pg.png 2000w, https:\/\/wp.ufpel.edu.br\/leh\/files\/2020\/07\/separador-de-pg-400x81.png 400w, https:\/\/wp.ufpel.edu.br\/leh\/files\/2020\/07\/separador-de-pg-1024x206.png 1024w, https:\/\/wp.ufpel.edu.br\/leh\/files\/2020\/07\/separador-de-pg-768x155.png 768w, https:\/\/wp.ufpel.edu.br\/leh\/files\/2020\/07\/separador-de-pg-1536x310.png 1536w\" sizes=\"auto, (max-width: 263px) 100vw, 263px\" \/><\/p>\n<p style=\"text-align: justify;\">MANKE, Lisiane Sias. <a href=\"http:\/\/guaiaca.ufpel.edu.br\/bitstream\/123456789\/1691\/1\/Lisiane%20Sias%20Manke_Dissertacao.pdf\"><strong>Doc\u00eancia leiga: Hist\u00f3ria de vida profissional de professoras prim\u00e1rias leigas (Pelotas 1960-1980)<\/strong><\/a>. 2006. 148 f. Disserta\u00e7\u00e3o (Mestre em Ci\u00eancias da Educa\u00e7\u00e3o) &#8211; Universidade Federal de Pelotas, Pelotas, 2006.<img loading=\"lazy\" decoding=\"async\" class=\"aligncenter wp-image-866 \" src=\"https:\/\/wp.ufpel.edu.br\/leh\/files\/2020\/07\/separador-de-pg.png\" alt=\"\" width=\"263\" height=\"53\" srcset=\"https:\/\/wp.ufpel.edu.br\/leh\/files\/2020\/07\/separador-de-pg.png 2000w, https:\/\/wp.ufpel.edu.br\/leh\/files\/2020\/07\/separador-de-pg-400x81.png 400w, https:\/\/wp.ufpel.edu.br\/leh\/files\/2020\/07\/separador-de-pg-1024x206.png 1024w, https:\/\/wp.ufpel.edu.br\/leh\/files\/2020\/07\/separador-de-pg-768x155.png 768w, https:\/\/wp.ufpel.edu.br\/leh\/files\/2020\/07\/separador-de-pg-1536x310.png 1536w\" sizes=\"auto, (max-width: 263px) 100vw, 263px\" \/><\/p>\n<p style=\"text-align: justify;\">TAVARES, Mauro Dillmann. <a href=\"http:\/\/www.repositorio.jesuita.org.br\/bitstream\/handle\/UNISINOS\/1846\/irmandades%20religiosas.pdf?sequence=1&amp;isAllowed=y\"><strong>Irmandades religiosas, devo\u00e7\u00e3o e ultramontanismo em Porto Alegre no bispado de Dom Sebasti\u00e3o Dias Laranjeiras (1861-1888)<\/strong><\/a>. 2007. 278f. Disserta\u00e7\u00e3o (Mestrado em Hist\u00f3ria) &#8211; Universidade do Vale do Rio dos Sinos, S\u00e3o Leopoldo, 2007.<img loading=\"lazy\" decoding=\"async\" class=\"aligncenter wp-image-866 \" src=\"https:\/\/wp.ufpel.edu.br\/leh\/files\/2020\/07\/separador-de-pg.png\" alt=\"\" width=\"263\" height=\"53\" srcset=\"https:\/\/wp.ufpel.edu.br\/leh\/files\/2020\/07\/separador-de-pg.png 2000w, https:\/\/wp.ufpel.edu.br\/leh\/files\/2020\/07\/separador-de-pg-400x81.png 400w, https:\/\/wp.ufpel.edu.br\/leh\/files\/2020\/07\/separador-de-pg-1024x206.png 1024w, https:\/\/wp.ufpel.edu.br\/leh\/files\/2020\/07\/separador-de-pg-768x155.png 768w, https:\/\/wp.ufpel.edu.br\/leh\/files\/2020\/07\/separador-de-pg-1536x310.png 1536w\" sizes=\"auto, (max-width: 263px) 100vw, 263px\" \/><\/p>\n<p style=\"text-align: justify;\">BONETE, Wilian Junior. <span style=\"color: #0000ff;\"><a style=\"color: #0000ff;\" href=\"https:\/\/cinedebateuneb.org\/_files\/200001122-041f505163\/Ensino%20de%20hist%C3%B3ria%2C%20consci%C3%AAncia%20hist%C3%B3rica%20e%20a%20educa%C3%A7%C3%A3o%20de%20jovens%20e%20adultos%20(D).pdf\"><strong>Ensino de hist\u00f3ria, consci\u00eancia hist\u00f3rica e a educa\u00e7\u00e3o de jovens e adultos.<\/strong><\/a><\/span> 2013. 198 f. Disserta\u00e7\u00e3o. (Mestrado em Hist\u00f3ria Social) \u2013 Universidade Estadual de Londrina, londrina. 2013.<\/p>\n<p><img loading=\"lazy\" decoding=\"async\" class=\"aligncenter wp-image-866 \" src=\"https:\/\/wp.ufpel.edu.br\/leh\/files\/2020\/07\/separador-de-pg.png\" alt=\"\" width=\"263\" height=\"53\" srcset=\"https:\/\/wp.ufpel.edu.br\/leh\/files\/2020\/07\/separador-de-pg.png 2000w, https:\/\/wp.ufpel.edu.br\/leh\/files\/2020\/07\/separador-de-pg-400x81.png 400w, https:\/\/wp.ufpel.edu.br\/leh\/files\/2020\/07\/separador-de-pg-1024x206.png 1024w, https:\/\/wp.ufpel.edu.br\/leh\/files\/2020\/07\/separador-de-pg-768x155.png 768w, https:\/\/wp.ufpel.edu.br\/leh\/files\/2020\/07\/separador-de-pg-1536x310.png 1536w\" sizes=\"auto, (max-width: 263px) 100vw, 263px\" \/><\/p>\n","protected":false},"excerpt":{"rendered":"<p>Essa \u00e1rea \u00e9 reservada para a disponibiliza\u00e7\u00e3o das Disserta\u00e7\u00f5es de Mestrado da equipe do LEH &nbsp; GASPAROTTO, Alessandra. &#8220;O terror renegado&#8221; Uma reflex\u00e3o sobre os epis\u00f3dios de retrata\u00e7\u00e3o p\u00fablica protagonizados por integrantes de organiza\u00e7\u00f5es de combate \u00e0 ditadura civil-militar no &hellip; <a href=\"https:\/\/wp.ufpel.edu.br\/leh\/dissertacoes\/\">Continue lendo <span class=\"meta-nav\">&rarr;<\/span><\/a><\/p>\n","protected":false},"author":778,"featured_media":0,"parent":0,"menu_order":0,"comment_status":"closed","ping_status":"closed","template":"","meta":{"footnotes":""},"class_list":["post-844","page","type-page","status-publish","hentry"],"_links":{"self":[{"href":"https:\/\/wp.ufpel.edu.br\/leh\/wp-json\/wp\/v2\/pages\/844","targetHints":{"allow":["GET"]}}],"collection":[{"href":"https:\/\/wp.ufpel.edu.br\/leh\/wp-json\/wp\/v2\/pages"}],"about":[{"href":"https:\/\/wp.ufpel.edu.br\/leh\/wp-json\/wp\/v2\/types\/page"}],"author":[{"embeddable":true,"href":"https:\/\/wp.ufpel.edu.br\/leh\/wp-json\/wp\/v2\/users\/778"}],"replies":[{"embeddable":true,"href":"https:\/\/wp.ufpel.edu.br\/leh\/wp-json\/wp\/v2\/comments?post=844"}],"version-history":[{"count":8,"href":"https:\/\/wp.ufpel.edu.br\/leh\/wp-json\/wp\/v2\/pages\/844\/revisions"}],"predecessor-version":[{"id":2233,"href":"https:\/\/wp.ufpel.edu.br\/leh\/wp-json\/wp\/v2\/pages\/844\/revisions\/2233"}],"wp:attachment":[{"href":"https:\/\/wp.ufpel.edu.br\/leh\/wp-json\/wp\/v2\/media?parent=844"}],"curies":[{"name":"wp","href":"https:\/\/api.w.org\/{rel}","templated":true}]}}