{"id":743,"date":"2020-06-17T16:59:43","date_gmt":"2020-06-17T19:59:43","guid":{"rendered":"https:\/\/wp.ufpel.edu.br\/leh\/?page_id=743"},"modified":"2022-08-16T14:42:08","modified_gmt":"2022-08-16T17:42:08","slug":"museus-virtuais","status":"publish","type":"page","link":"https:\/\/wp.ufpel.edu.br\/leh\/museus-virtuais\/","title":{"rendered":"Museus Virtuais"},"content":{"rendered":"<h2 style=\"text-align: center;\">Museu de Memes (UFF)<\/h2>\n<p style=\"text-align: justify;\">Esta \u00e9 uma plataforma muito rica e de grande utilidade, sobretudo nos tempos atuais. Com um acervo de memes vast\u00edssimo, o site est\u00e1 organizado por cole\u00e7\u00f5es\/categorias e traz toda a sorte de memes produzidos e compartilhados nas redes sociais, al\u00e9m de fornecer acesso a estudos acad\u00eamicos que t\u00eam por tem\u00e1tica o chamado \u201cuniverso mem\u00e9tico\u201d. Como projeto, \u00e9 \u00fatil tanto para a pesquisa quanto para o ensino, campo em que permite uma imers\u00e3o docente no universo discente e, a partir disso, garimpar materiais para o preparo das aulas. Al\u00e9m disso, o canal possibilita o estreitamento de la\u00e7os entre professores e alunos.<\/p>\n<p style=\"text-align: center;\">Link de acesso: <a href=\"https:\/\/www.museudememes.com.br\/\">https:\/\/www.museudememes.com.br\/<\/a><\/p>\n<p>______________________________________________________________<\/p>\n<h2 style=\"text-align: center;\">Museu Nacional<\/h2>\n<p style=\"text-align: justify;\">O Museu Nacional tem 202 anos, \u00e9 vinculado a Universidade Federal do Rio de Janeiro e possui um acervo bastante diverso, que vale a pena conhecer! Dentre suas raridades est\u00e1 a famosa Luzia, al\u00e9m de outras, como maior meteorito do mundo, Bendeg\u00f3, o caix\u00e3o de Sha-amun-en-su, e at\u00e9 um gato mumificado, destaques da cole\u00e7\u00e3o eg\u00edpcia que \u00e9 a maior da am\u00e9rica latina. Ele oferta visita virtual guiada, com fotos das salas de exposi\u00e7\u00f5es em 360\u00ba,<br \/>\ninclusive de partes do acervo que foram destru\u00eddas pelo inc\u00eandio.<\/p>\n<p style=\"text-align: center;\">Dispon\u00edvel em : <a href=\"https:\/\/artsandculture.google.com\/exhibit\/descubra-o-museu-nacional\/5gJywQA_-ABfJw?hl=pt\">https:\/\/artsandculture.google.com\/descubra-o-museu-nacional<\/a><\/p>\n<p>______________________________________________________________<\/p>\n<h2 style=\"text-align: center;\">Ouro Preto<\/h2>\n<p style=\"text-align: justify;\">Ouro Preto, em Minas Gerais, foi a primeira cidade hist\u00f3rica no Brasil a ser considerada pela UNESCO como patrim\u00f4nio da hist\u00f3ria da humanidade. Essa cidade t\u00e3o bela, e de valor hist\u00f3rico inestim\u00e1vel, conta hoje com a possibilidade de visita\u00e7\u00e3o virtual guiada, em que se pode vagar pelo centro da cidade e entrar nos seus pr\u00e9dios, de forma bastante realista.<\/p>\n<p style=\"text-align: center;\">Dispon\u00edvel em: <a href=\"http:\/\/www.eravirtual.org\/op\/\">http:\/\/www.eravirtual.org\/op\/<\/a><\/p>\n<p>______________________________________________________________<\/p>\n<h2 style=\"text-align: center;\">Museu Vale -Vila Velha- Vit\u00f3ria<\/h2>\n<p style=\"text-align: justify;\">Esse museu tem localiza\u00e7\u00e3o f\u00edsica em Vila Velha, mas n\u00e3o \u00e9 preciso ir at\u00e9 o Esp\u00edrito Santo para conhec\u00ea-lo. Sua exposi\u00e7\u00e3o mais visitada \u00e9 sobre a constru\u00e7\u00e3o da ferrovia que liga Vit\u00f3ria a Minas, mas h\u00e1 mais atra\u00e7\u00f5es, principalmente ligadas a arte contempor\u00e2nea. Dispon\u00edvel para visita virtual, \u00e9 uma \u00f3tima dica para quem quer viajar, sem sair de casa e conhecer mais sobre a hist\u00f3ria do Esp\u00edrito Santo.<\/p>\n<p style=\"text-align: center;\">Dispon\u00edvel em: <a href=\"http:\/\/www.eravirtual.org\/muv_pt\/flash\/ERA%20VIRTUAL_muv_pt.html\">http:\/\/www.eravirtual.org\/muv_pt\/flash<\/a><\/p>\n<p>______________________________________________________________<\/p>\n<h2 style=\"text-align: center;\">Museu Imperial<\/h2>\n<p style=\"text-align: justify;\">Atrav\u00e9s de fotos em 360\u00ba, \u00e9 poss\u00edvel conhecer o Museu Imperial, localizado em Petr\u00f3polis, Rio de Janeiro. Essas fotos trazem aos visitantes virtuais uma experi\u00eancia muito realista, com a sensa\u00e7\u00e3o de que se est\u00e1 a entrar nas salas do Pal\u00e1cio Imperial, que foi a \u201ccasa de ver\u00e3o\u201d de D. Pedro II.<\/p>\n<p style=\"text-align: center;\">Dispon\u00edvel em: <a href=\"http:\/\/www.xyz360.com.br\/clientes\/museu_imperial\/\">http:\/\/www.xyz360.com.br\/clientes\/museu_imperial<\/a><\/p>\n<p><!--nextpage--><\/p>\n<h2 style=\"text-align: center;\">Pinacoteca do Estado de S\u00e3o Paulo<\/h2>\n<p style=\"text-align: justify;\">A Pinacoteca de S\u00e3o Paulo \u00e9 um museu de artes visuais com \u00eanfase na produ\u00e7\u00e3o brasileira do s\u00e9culo XIX at\u00e9 a contemporaneidade e em di\u00e1logo com as culturas do mundo. Museu de arte mais antigo da cidade, fundado em 1905 pelo Governo do Estado de S\u00e3o Paulo, vem realizando mostras de sua renomada cole\u00e7\u00e3o de arte brasileira e exposi\u00e7\u00f5es tempor\u00e1rias de artistas nacionais e internacionais.<\/p>\n<p style=\"text-align: center;\">\u00c9 poss\u00edvel fazer a visita virtual a esse museu e ver seu incr\u00edvel acervo atrav\u00e9s do\u00a0link: <a href=\"http:\/\/www.iteleport.com.br\/tour3d\/pinacoteca-de-sp-acervo-permanente\/?utm_medium=website&amp;utm_source=archdaily.com.br\">http:\/\/www.iteleport.com.br\/tour3d\/pinacoteca-de-sp<\/a><\/p>\n<p>______________________________________________________________<\/p>\n<h2 style=\"text-align: center;\">Museu de Sant\u2019Ana<\/h2>\n<p style=\"text-align: justify;\">Encontro de arte, hist\u00f3ria e f\u00e9. Assim \u00e9 o Museu de Sant\u2019Ana, guardi\u00e3o de um acervo extraordin\u00e1rio de imagens que expressam o sentimento art\u00edstico e religioso do povo brasileiro.\u00a0 Para quem n\u00e3o puder visit\u00e1-lo fisicamente na cidade de Tiradentes, h\u00e1 a possibilidade de uma incr\u00edvel visita virtual guiada, com imagem em \u00f3tima resolu\u00e7\u00e3o.<\/p>\n<p style=\"text-align: center;\">Dispon\u00edvel em: <a href=\"https:\/\/www.eravirtual.org\/santana\/\">https:\/\/www.eravirtual.org\/santana\/<\/a><\/p>\n<p>______________________________________________________________<\/p>\n<h2 style=\"text-align: center;\">Museu Casa de Cora Coralina<\/h2>\n<p style=\"text-align: justify;\">Cora Coralina (Anna Lins dos Guimar\u00e3es Peixoto Bretas) foi uma importante escritora brasileira. Seu primeiro livro foi <em>Poemas dos Becos de Goi\u00e1s e hist\u00f3rias Mais<\/em>, lan\u00e7ado em 1965. Cora Coralina escreveu nove livros durante seus 95 anos, e veio a falecer em abril de 1985. Sua casa, importante museu na cidade de Goi\u00e1s, pode ser visitada atrav\u00e9s do link abaixo.<\/p>\n<p style=\"text-align: center;\">Dispon\u00edvel em: <a href=\"https:\/\/www.eravirtual.org\/cora_br\/\">https:\/\/www.eravirtual.org\/cora_br\/<\/a><\/p>\n<p>______________________________________________________________<\/p>\n<h2 style=\"text-align: center;\">Museu do Holocausto<\/h2>\n<p style=\"text-align: justify;\">O Museu do Holocausto de Curitiba \u00e9 uma proposta pioneira que uniu os eixos de educa\u00e7\u00e3o, mem\u00f3ria e pesquisa com um projeto museol\u00f3gico permanente sobre este tema.\u00a0\u00a0Idealizado pela Associa\u00e7\u00e3o Casa de Cultura Beit Yaacov, foi erguido junto ao tradicional Centro Israelita do Paran\u00e1, no centro da capital paranaense. Inaugurado em novembro de 2011 e registrado no Instituto Brasileiro de Museus (IBRAM), possui objetivos fundamentalmente educativos.<\/p>\n<p style=\"text-align: center;\">Dispon\u00edvel em: <a href=\"https:\/\/www.museudoholocausto.org.br\/\">https:\/\/www.museudoholocausto.org.br\/<\/a><\/p>\n<p>Downloads de materiais educativos sugeridos no site do Museu:<\/p>\n<ol>\n<li style=\"text-align: justify;\">Bem acima do sil\u00eancio escrevo teu nome &#8211; Poesia e Holocausto. <a href=\"https:\/\/drive.google.com\/file\/d\/1hOirj6tWg2hPzO5JMarMf8vfjKI_sUaa\/view\">Clique aqui para acessar.\u00a0\u00a0<\/a><\/li>\n<li style=\"text-align: justify;\">Nada sobre n\u00f3s sem n\u00f3s: a persegui\u00e7\u00e3o \u00e0s pessoas com defici\u00eancias durante o Holocausto. <a href=\"https:\/\/drive.google.com\/file\/d\/1FpGosl0bur5hhpp4FEPuzSBMH974rcy5\/view\">Clique aqui para acessar.\u00a0<\/a><\/li>\n<li style=\"text-align: justify;\">Tudo est\u00e1 em chamas: os 80 anos da Noite dos Cristais. <a href=\"https:\/\/drive.google.com\/file\/d\/1Xng9d47VZOiNyqWMRWZ_yRIQ0inFDYol\/view\">Clique aqui para acessar.<\/a><\/li>\n<li style=\"text-align: justify;\">80 anos do massacre de Babi Yar. <a href=\"https:\/\/drive.google.com\/file\/d\/1RrJhwSy5QlhG1aNXASxgsAMNvLwsKGj1\/view\">Clique aqui para acessar.<\/a><\/li>\n<\/ol>\n<p>______________________________________________________________<\/p>\n","protected":false},"excerpt":{"rendered":"<p>Museu de Memes (UFF) Esta \u00e9 uma plataforma muito rica e de grande utilidade, sobretudo nos tempos atuais. Com um acervo de memes vast\u00edssimo, o site est\u00e1 organizado por cole\u00e7\u00f5es\/categorias e traz toda a sorte de memes produzidos e compartilhados &hellip; <a href=\"https:\/\/wp.ufpel.edu.br\/leh\/museus-virtuais\/\">Continue lendo <span class=\"meta-nav\">&rarr;<\/span><\/a><\/p>\n","protected":false},"author":778,"featured_media":0,"parent":0,"menu_order":0,"comment_status":"closed","ping_status":"closed","template":"","meta":{"footnotes":""},"class_list":["post-743","page","type-page","status-publish","hentry"],"_links":{"self":[{"href":"https:\/\/wp.ufpel.edu.br\/leh\/wp-json\/wp\/v2\/pages\/743","targetHints":{"allow":["GET"]}}],"collection":[{"href":"https:\/\/wp.ufpel.edu.br\/leh\/wp-json\/wp\/v2\/pages"}],"about":[{"href":"https:\/\/wp.ufpel.edu.br\/leh\/wp-json\/wp\/v2\/types\/page"}],"author":[{"embeddable":true,"href":"https:\/\/wp.ufpel.edu.br\/leh\/wp-json\/wp\/v2\/users\/778"}],"replies":[{"embeddable":true,"href":"https:\/\/wp.ufpel.edu.br\/leh\/wp-json\/wp\/v2\/comments?post=743"}],"version-history":[{"count":12,"href":"https:\/\/wp.ufpel.edu.br\/leh\/wp-json\/wp\/v2\/pages\/743\/revisions"}],"predecessor-version":[{"id":1825,"href":"https:\/\/wp.ufpel.edu.br\/leh\/wp-json\/wp\/v2\/pages\/743\/revisions\/1825"}],"wp:attachment":[{"href":"https:\/\/wp.ufpel.edu.br\/leh\/wp-json\/wp\/v2\/media?parent=743"}],"curies":[{"name":"wp","href":"https:\/\/api.w.org\/{rel}","templated":true}]}}