{"id":741,"date":"2020-06-17T16:59:43","date_gmt":"2020-06-17T19:59:43","guid":{"rendered":"https:\/\/wp.ufpel.edu.br\/leh\/?page_id=741"},"modified":"2023-06-30T16:33:11","modified_gmt":"2023-06-30T19:33:11","slug":"site-com-jogos-virtuais","status":"publish","type":"page","link":"https:\/\/wp.ufpel.edu.br\/leh\/site-com-jogos-virtuais\/","title":{"rendered":"Sites com jogos virtuais"},"content":{"rendered":"<p style=\"text-align: justify;\">Aqui est\u00e3o algumas sugest\u00f5es de jogos virtuais que podem ser utilizados como recursos did\u00e1ticos. Uma maneira l\u00fadica de trabalhar temas que permeiam o conte\u00fado hist\u00f3rico.<\/p>\n<h2 style=\"text-align: center;\">BLOG S\u00d3 HIST\u00d3RIA<\/h2>\n<p style=\"text-align: justify;\">Apresenta alguns jogos online de diversos assuntos hist\u00f3ricos que podem ser indicados para os alunos, levando o ensino-aprendizagem ser mais din\u00e2mico e divertido. Jogos: Monstros Mitol\u00f3gicos, Viajando nas religi\u00f5es, Deuses Gregos, Acontecimentos em Roma, entre outros.<\/p>\n<p style=\"text-align: center;\">Dispon\u00edvel em:<a href=\"https:\/\/www.sohistoria.com.br\/jogos\/\"> https:\/\/www.sohistoria.com.br\/jogos\/<\/a><\/p>\n<p>________________________________________________________________<\/p>\n<h2 style=\"text-align: center;\">CNEC NOAS \u2013 Hist\u00f3ria<\/h2>\n<p style=\"text-align: justify;\">Jogos: F\u00e1brica de Hist\u00f3ria \u2013 Pr\u00e9 Hist\u00f3ria; Com\u00e9rcio Triangular; A viagem de Fern\u00e3o de Magalh\u00e3es; O espi\u00e3o; Quis Expans\u00e3o Ultramarina; Quis Sistema Feudal; Jogo da Mem\u00f3ria- Iluminismo e Quebra-cabe\u00e7a- Iluminismo.<\/p>\n<p style=\"text-align: center;\">Dispon\u00edvel em: <a href=\"https:\/\/www.noas.com.br\/ensino-fundamental-2\/historia\/\">https:\/\/www.noas.com.br\/ensino-fundamental-2\/historia\/<\/a><\/p>\n<p>________________________________________________________________<\/p>\n<h2 style=\"text-align: center;\">PROJETO BRINCANDO NO MUSEU NACIONAL<\/h2>\n<p style=\"text-align: justify;\">Vinculado ao Museu Nacional, o projeto possibilita diversos jogos educativos com variadas tem\u00e1ticas. Jogo dos 7 erros, jogos da mem\u00f3ria, mist\u00e9rios do Egito, Vestindo-se para a aventura, quebra cabe\u00e7a, labirinto e Hist\u00f3rias do Museu s\u00e3o os jogos ofertados pelo projeto, vale a pena conferir.<\/p>\n<p style=\"text-align: center;\">D\u00edspon\u00edvel em: <a href=\"http:\/\/www.museunacional.ufrj.br\/brincando\/\">http:\/\/www.museunacional.ufrj.br\/brincando\/<\/a><\/p>\n<p>________________________________________________________________<\/p>\n","protected":false},"excerpt":{"rendered":"<p>Aqui est\u00e3o algumas sugest\u00f5es de jogos virtuais que podem ser utilizados como recursos did\u00e1ticos. Uma maneira l\u00fadica de trabalhar temas que permeiam o conte\u00fado hist\u00f3rico. BLOG S\u00d3 HIST\u00d3RIA Apresenta alguns jogos online de diversos assuntos hist\u00f3ricos que podem ser indicados &hellip; <a href=\"https:\/\/wp.ufpel.edu.br\/leh\/site-com-jogos-virtuais\/\">Continue lendo <span class=\"meta-nav\">&rarr;<\/span><\/a><\/p>\n","protected":false},"author":778,"featured_media":0,"parent":0,"menu_order":0,"comment_status":"closed","ping_status":"closed","template":"","meta":{"footnotes":""},"class_list":["post-741","page","type-page","status-publish","hentry"],"_links":{"self":[{"href":"https:\/\/wp.ufpel.edu.br\/leh\/wp-json\/wp\/v2\/pages\/741","targetHints":{"allow":["GET"]}}],"collection":[{"href":"https:\/\/wp.ufpel.edu.br\/leh\/wp-json\/wp\/v2\/pages"}],"about":[{"href":"https:\/\/wp.ufpel.edu.br\/leh\/wp-json\/wp\/v2\/types\/page"}],"author":[{"embeddable":true,"href":"https:\/\/wp.ufpel.edu.br\/leh\/wp-json\/wp\/v2\/users\/778"}],"replies":[{"embeddable":true,"href":"https:\/\/wp.ufpel.edu.br\/leh\/wp-json\/wp\/v2\/comments?post=741"}],"version-history":[{"count":8,"href":"https:\/\/wp.ufpel.edu.br\/leh\/wp-json\/wp\/v2\/pages\/741\/revisions"}],"predecessor-version":[{"id":2316,"href":"https:\/\/wp.ufpel.edu.br\/leh\/wp-json\/wp\/v2\/pages\/741\/revisions\/2316"}],"wp:attachment":[{"href":"https:\/\/wp.ufpel.edu.br\/leh\/wp-json\/wp\/v2\/media?parent=741"}],"curies":[{"name":"wp","href":"https:\/\/api.w.org\/{rel}","templated":true}]}}