{"id":53,"date":"2017-08-11T15:38:10","date_gmt":"2017-08-11T18:38:10","guid":{"rendered":"https:\/\/wp.ufpel.edu.br\/leh\/?page_id=53"},"modified":"2017-12-22T16:06:05","modified_gmt":"2017-12-22T18:06:05","slug":"livros-didaticos","status":"publish","type":"page","link":"https:\/\/wp.ufpel.edu.br\/leh\/livros-didaticos\/","title":{"rendered":"Livros Did\u00e1ticos"},"content":{"rendered":"<p>O acervo do Laborat\u00f3rio de Ensino de Hist\u00f3ria pode ser encontrado em PDF clicando na imagem abaixo.<\/p>\n<p>&nbsp;<\/p>\n<p><a href=\"https:\/\/wp.ufpel.edu.br\/leh\/files\/2017\/12\/Planilha-Cole\u00e7\u00e3o-Livros-Did\u00e1ticos-de-Hist\u00f3ria-Atuais.pdf\"><img loading=\"lazy\" decoding=\"async\" class=\" wp-image-483 alignleft\" src=\"https:\/\/wp.ufpel.edu.br\/leh\/files\/2017\/12\/ACERVO-EST-400x245.png\" alt=\"\" width=\"287\" height=\"176\" srcset=\"https:\/\/wp.ufpel.edu.br\/leh\/files\/2017\/12\/ACERVO-EST-400x245.png 400w, https:\/\/wp.ufpel.edu.br\/leh\/files\/2017\/12\/ACERVO-EST-768x469.png 768w, https:\/\/wp.ufpel.edu.br\/leh\/files\/2017\/12\/ACERVO-EST.png 849w\" sizes=\"auto, (max-width: 287px) 100vw, 287px\" \/><\/a><\/p>\n<p>&nbsp;<\/p>\n<p>Cole\u00e7\u00e3o Livros Did\u00e1ticos de Hist\u00f3ria do LEH<\/p>\n","protected":false},"excerpt":{"rendered":"<p>O acervo do Laborat\u00f3rio de Ensino de Hist\u00f3ria pode ser encontrado em PDF clicando na imagem abaixo. &nbsp; &nbsp; Cole\u00e7\u00e3o Livros Did\u00e1ticos de Hist\u00f3ria do LEH<\/p>\n","protected":false},"author":778,"featured_media":0,"parent":0,"menu_order":0,"comment_status":"closed","ping_status":"closed","template":"","meta":{"footnotes":""},"class_list":["post-53","page","type-page","status-publish","hentry"],"_links":{"self":[{"href":"https:\/\/wp.ufpel.edu.br\/leh\/wp-json\/wp\/v2\/pages\/53","targetHints":{"allow":["GET"]}}],"collection":[{"href":"https:\/\/wp.ufpel.edu.br\/leh\/wp-json\/wp\/v2\/pages"}],"about":[{"href":"https:\/\/wp.ufpel.edu.br\/leh\/wp-json\/wp\/v2\/types\/page"}],"author":[{"embeddable":true,"href":"https:\/\/wp.ufpel.edu.br\/leh\/wp-json\/wp\/v2\/users\/778"}],"replies":[{"embeddable":true,"href":"https:\/\/wp.ufpel.edu.br\/leh\/wp-json\/wp\/v2\/comments?post=53"}],"version-history":[{"count":6,"href":"https:\/\/wp.ufpel.edu.br\/leh\/wp-json\/wp\/v2\/pages\/53\/revisions"}],"predecessor-version":[{"id":204,"href":"https:\/\/wp.ufpel.edu.br\/leh\/wp-json\/wp\/v2\/pages\/53\/revisions\/204"}],"wp:attachment":[{"href":"https:\/\/wp.ufpel.edu.br\/leh\/wp-json\/wp\/v2\/media?parent=53"}],"curies":[{"name":"wp","href":"https:\/\/api.w.org\/{rel}","templated":true}]}}