{"id":37,"date":"2017-08-11T15:19:06","date_gmt":"2017-08-11T18:19:06","guid":{"rendered":"https:\/\/wp.ufpel.edu.br\/leh\/?page_id=37"},"modified":"2022-07-05T14:00:12","modified_gmt":"2022-07-05T17:00:12","slug":"recursos-didaticos","status":"publish","type":"page","link":"https:\/\/wp.ufpel.edu.br\/leh\/recursos-didaticos\/","title":{"rendered":"Recursos Did\u00e1ticos"},"content":{"rendered":"<p style=\"text-align: center;\"><a href=\"https:\/\/wp.ufpel.edu.br\/leh\/filmes\/\"><img loading=\"lazy\" decoding=\"async\" class=\"alignleft wp-image-762 \" src=\"https:\/\/wp.ufpel.edu.br\/leh\/files\/2020\/06\/cinema-200x200.png\" alt=\"\" width=\"121\" height=\"121\" srcset=\"https:\/\/wp.ufpel.edu.br\/leh\/files\/2020\/06\/cinema-200x200.png 200w, https:\/\/wp.ufpel.edu.br\/leh\/files\/2020\/06\/cinema.png 225w\" sizes=\"auto, (max-width: 121px) 100vw, 121px\" \/><\/a><\/p>\n<p>&nbsp;<\/p>\n<p>&nbsp;<\/p>\n<p><a href=\"https:\/\/wp.ufpel.edu.br\/leh\/filmes\/\" target=\"_blank\" rel=\"noopener\">Filmes e document\u00e1rios<\/a><\/p>\n<p>&nbsp;<\/p>\n<p><a href=\"https:\/\/wp.ufpel.edu.br\/leh\/jogos\/\"><img loading=\"lazy\" decoding=\"async\" class=\"alignleft wp-image-767 \" src=\"https:\/\/wp.ufpel.edu.br\/leh\/files\/2020\/06\/jogos-fi-200x200.png\" alt=\"\" width=\"121\" height=\"121\" srcset=\"https:\/\/wp.ufpel.edu.br\/leh\/files\/2020\/06\/jogos-fi-200x200.png 200w, https:\/\/wp.ufpel.edu.br\/leh\/files\/2020\/06\/jogos-fi-400x400.png 400w, https:\/\/wp.ufpel.edu.br\/leh\/files\/2020\/06\/jogos-fi.png 512w\" sizes=\"auto, (max-width: 121px) 100vw, 121px\" \/><\/a><\/p>\n<p>&nbsp;<\/p>\n<p>&nbsp;<\/p>\n<p><a href=\"https:\/\/wp.ufpel.edu.br\/leh\/jogos\/\" target=\"_blank\" rel=\"noopener\">Jogos f\u00edsicos<\/a><\/p>\n<p>&nbsp;<\/p>\n<p><a href=\"https:\/\/wp.ufpel.edu.br\/leh\/jogos-virtuais\/\"><img loading=\"lazy\" decoding=\"async\" class=\"alignleft wp-image-768 \" src=\"https:\/\/wp.ufpel.edu.br\/leh\/files\/2020\/06\/jogos-vi-200x200.jpg\" alt=\"\" width=\"121\" height=\"121\" \/><\/a><\/p>\n<p>&nbsp;<\/p>\n<p>&nbsp;<\/p>\n<p><a href=\"https:\/\/wp.ufpel.edu.br\/leh\/jogos-virtuais\/\" target=\"_blank\" rel=\"noopener\">Jogos virtuais<\/a><\/p>\n<p>&nbsp;<\/p>\n<p>&nbsp;<\/p>\n<p style=\"text-align: center;\"><a href=\"https:\/\/wp.ufpel.edu.br\/leh\/musica\/\"><img loading=\"lazy\" decoding=\"async\" class=\"alignleft wp-image-764 \" src=\"https:\/\/wp.ufpel.edu.br\/leh\/files\/2020\/06\/musica-200x200.png\" alt=\"\" width=\"121\" height=\"121\" srcset=\"https:\/\/wp.ufpel.edu.br\/leh\/files\/2020\/06\/musica-200x200.png 200w, https:\/\/wp.ufpel.edu.br\/leh\/files\/2020\/06\/musica-400x400.png 400w, https:\/\/wp.ufpel.edu.br\/leh\/files\/2020\/06\/musica.png 512w\" sizes=\"auto, (max-width: 121px) 100vw, 121px\" \/><\/a><\/p>\n<p>&nbsp;<\/p>\n<p>&nbsp;<\/p>\n<p><a href=\"https:\/\/wp.ufpel.edu.br\/leh\/musica\/\" target=\"_blank\" rel=\"noopener\">M\u00fasicas<\/a><\/p>\n<p>&nbsp;<\/p>\n<p>&nbsp;<\/p>\n<p><a href=\"https:\/\/wp.ufpel.edu.br\/leh\/historia-em-quadrinhos\/\"><img loading=\"lazy\" decoding=\"async\" class=\"alignleft wp-image-763 \" src=\"https:\/\/wp.ufpel.edu.br\/leh\/files\/2020\/06\/HQ-200x200.png\" alt=\"\" width=\"121\" height=\"121\" srcset=\"https:\/\/wp.ufpel.edu.br\/leh\/files\/2020\/06\/HQ-200x200.png 200w, https:\/\/wp.ufpel.edu.br\/leh\/files\/2020\/06\/HQ.png 225w\" sizes=\"auto, (max-width: 121px) 100vw, 121px\" \/><\/a><\/p>\n<p>&nbsp;<\/p>\n<p>&nbsp;<\/p>\n<p><a href=\"https:\/\/wp.ufpel.edu.br\/leh\/historia-em-quadrinhos\/\" target=\"_blank\" rel=\"noopener\">Hist\u00f3rias em quadrinhos<\/a><\/p>\n<p>&nbsp;<\/p>\n<p><a href=\"https:\/\/wp.ufpel.edu.br\/leh\/museus-virtuais\/\"><img loading=\"lazy\" decoding=\"async\" class=\"alignleft wp-image-765 \" src=\"https:\/\/wp.ufpel.edu.br\/leh\/files\/2020\/06\/museu-200x200.png\" alt=\"\" width=\"121\" height=\"121\" srcset=\"https:\/\/wp.ufpel.edu.br\/leh\/files\/2020\/06\/museu-200x200.png 200w, https:\/\/wp.ufpel.edu.br\/leh\/files\/2020\/06\/museu-400x400.png 400w, https:\/\/wp.ufpel.edu.br\/leh\/files\/2020\/06\/museu.png 512w\" sizes=\"auto, (max-width: 121px) 100vw, 121px\" \/><\/a><\/p>\n<p>&nbsp;<\/p>\n<p>&nbsp;<\/p>\n<p><a href=\"https:\/\/wp.ufpel.edu.br\/leh\/museus-virtuais\/\" target=\"_blank\" rel=\"noopener\">Museus virtuais<\/a><\/p>\n<p>&nbsp;<\/p>\n<p><img loading=\"lazy\" decoding=\"async\" class=\"wp-image-1681 alignleft\" src=\"https:\/\/wp.ufpel.edu.br\/leh\/files\/2022\/07\/Vetor-De-icone-De-Linha-De-Controle-De-Jogo-PNG-Clipart-Do-Controlador-icones-De-Jogos-icones-De-Linha-Imagem-PNG-e-Vetor-Para-Download-Gratuito-400x400.jpg\" alt=\"\" width=\"121\" height=\"121\" srcset=\"https:\/\/wp.ufpel.edu.br\/leh\/files\/2022\/07\/Vetor-De-icone-De-Linha-De-Controle-De-Jogo-PNG-Clipart-Do-Controlador-icones-De-Jogos-icones-De-Linha-Imagem-PNG-e-Vetor-Para-Download-Gratuito-400x400.jpg 400w, https:\/\/wp.ufpel.edu.br\/leh\/files\/2022\/07\/Vetor-De-icone-De-Linha-De-Controle-De-Jogo-PNG-Clipart-Do-Controlador-icones-De-Jogos-icones-De-Linha-Imagem-PNG-e-Vetor-Para-Download-Gratuito-200x200.jpg 200w, https:\/\/wp.ufpel.edu.br\/leh\/files\/2022\/07\/Vetor-De-icone-De-Linha-De-Controle-De-Jogo-PNG-Clipart-Do-Controlador-icones-De-Jogos-icones-De-Linha-Imagem-PNG-e-Vetor-Para-Download-Gratuito.jpg 640w\" sizes=\"auto, (max-width: 121px) 100vw, 121px\" \/><\/p>\n<p>&nbsp;<\/p>\n<p>&nbsp;<\/p>\n<p><a href=\"https:\/\/wp.ufpel.edu.br\/leh\/producao-de-jogos\/\" target=\"_blank\" rel=\"noopener\">Produ\u00e7\u00e3o de jogos<\/a><\/p>\n<p>&nbsp;<\/p>\n<p>&nbsp;<\/p>\n<p><img loading=\"lazy\" decoding=\"async\" class=\"wp-image-1682 alignleft\" src=\"https:\/\/wp.ufpel.edu.br\/leh\/files\/2022\/07\/Duas-Telas-De-Computador-icones-gratuitos-criados-por-Freepik-400x400.png\" alt=\"\" width=\"121\" height=\"121\" srcset=\"https:\/\/wp.ufpel.edu.br\/leh\/files\/2022\/07\/Duas-Telas-De-Computador-icones-gratuitos-criados-por-Freepik-400x400.png 400w, https:\/\/wp.ufpel.edu.br\/leh\/files\/2022\/07\/Duas-Telas-De-Computador-icones-gratuitos-criados-por-Freepik-200x200.png 200w, https:\/\/wp.ufpel.edu.br\/leh\/files\/2022\/07\/Duas-Telas-De-Computador-icones-gratuitos-criados-por-Freepik.png 512w\" sizes=\"auto, (max-width: 121px) 100vw, 121px\" \/><\/p>\n<p>&nbsp;<\/p>\n<p><a href=\"https:\/\/wp.ufpel.edu.br\/leh\/producao-de-slides\/\" target=\"_blank\" rel=\"noopener\">Produ\u00e7\u00e3o de slides<\/a><\/p>\n<p>&nbsp;<\/p>\n","protected":false},"excerpt":{"rendered":"<p>&nbsp; &nbsp; Filmes e document\u00e1rios &nbsp; &nbsp; &nbsp; Jogos f\u00edsicos &nbsp; &nbsp; &nbsp; Jogos virtuais &nbsp; &nbsp; &nbsp; &nbsp; M\u00fasicas &nbsp; &nbsp; &nbsp; &nbsp; Hist\u00f3rias em quadrinhos &nbsp; &nbsp; &nbsp; Museus virtuais &nbsp; &nbsp; &nbsp; Produ\u00e7\u00e3o de jogos &nbsp; &nbsp; &hellip; <a href=\"https:\/\/wp.ufpel.edu.br\/leh\/recursos-didaticos\/\">Continue lendo <span class=\"meta-nav\">&rarr;<\/span><\/a><\/p>\n","protected":false},"author":778,"featured_media":0,"parent":0,"menu_order":0,"comment_status":"closed","ping_status":"closed","template":"","meta":{"footnotes":""},"class_list":["post-37","page","type-page","status-publish","hentry"],"_links":{"self":[{"href":"https:\/\/wp.ufpel.edu.br\/leh\/wp-json\/wp\/v2\/pages\/37","targetHints":{"allow":["GET"]}}],"collection":[{"href":"https:\/\/wp.ufpel.edu.br\/leh\/wp-json\/wp\/v2\/pages"}],"about":[{"href":"https:\/\/wp.ufpel.edu.br\/leh\/wp-json\/wp\/v2\/types\/page"}],"author":[{"embeddable":true,"href":"https:\/\/wp.ufpel.edu.br\/leh\/wp-json\/wp\/v2\/users\/778"}],"replies":[{"embeddable":true,"href":"https:\/\/wp.ufpel.edu.br\/leh\/wp-json\/wp\/v2\/comments?post=37"}],"version-history":[{"count":18,"href":"https:\/\/wp.ufpel.edu.br\/leh\/wp-json\/wp\/v2\/pages\/37\/revisions"}],"predecessor-version":[{"id":1689,"href":"https:\/\/wp.ufpel.edu.br\/leh\/wp-json\/wp\/v2\/pages\/37\/revisions\/1689"}],"wp:attachment":[{"href":"https:\/\/wp.ufpel.edu.br\/leh\/wp-json\/wp\/v2\/media?parent=37"}],"curies":[{"name":"wp","href":"https:\/\/api.w.org\/{rel}","templated":true}]}}