{"id":1876,"date":"2022-10-04T08:20:05","date_gmt":"2022-10-04T11:20:05","guid":{"rendered":"https:\/\/wp.ufpel.edu.br\/leh\/?page_id=1876"},"modified":"2025-01-25T20:52:57","modified_gmt":"2025-01-25T23:52:57","slug":"cadernos-tematicos-do-leh","status":"publish","type":"page","link":"https:\/\/wp.ufpel.edu.br\/leh\/cadernos-tematicos-do-leh\/","title":{"rendered":"Cadernos Tem\u00e1ticos do LEH"},"content":{"rendered":"<p style=\"text-align: justify;\">Os Cadernos Tem\u00e1ticos do LEH, Projeto do Laborat\u00f3rio de Ensino de Hist\u00f3ria (LEH\/UFPel), se constitui enquanto publica\u00e7\u00e3o seriada em que cada volume contempla um recorte tem\u00e1tico para o ensino da Hist\u00f3ria escolar. Conhe\u00e7a os 4 volumes lan\u00e7ados at\u00e9 o momento. <a href=\"https:\/\/www.casaletras.com\/cadernosleh\">Clique aqui.<\/a><\/p>\n<p><a href=\"https:\/\/wp.ufpel.edu.br\/leh\/files\/2025\/01\/1-1.png\"><img loading=\"lazy\" decoding=\"async\" class=\"alignleft size-medium wp-image-2684\" src=\"https:\/\/wp.ufpel.edu.br\/leh\/files\/2025\/01\/1-1-400x284.png\" alt=\"\" width=\"400\" height=\"284\" srcset=\"https:\/\/wp.ufpel.edu.br\/leh\/files\/2025\/01\/1-1-400x284.png 400w, https:\/\/wp.ufpel.edu.br\/leh\/files\/2025\/01\/1-1-800x567.png 800w, https:\/\/wp.ufpel.edu.br\/leh\/files\/2025\/01\/1-1-768x545.png 768w, https:\/\/wp.ufpel.edu.br\/leh\/files\/2025\/01\/1-1.png 1530w\" sizes=\"auto, (max-width: 400px) 100vw, 400px\" \/><\/a><\/p>\n<p>&nbsp;<\/p>\n<p>&nbsp;<\/p>\n<p>&nbsp;<\/p>\n<p>&nbsp;<\/p>\n<p>&nbsp;<\/p>\n<p>&nbsp;<\/p>\n<p>&nbsp;<\/p>\n<p><a href=\"https:\/\/wp.ufpel.edu.br\/leh\/files\/2025\/01\/2-1.png\"><img loading=\"lazy\" decoding=\"async\" class=\"alignleft size-medium wp-image-2685\" src=\"https:\/\/wp.ufpel.edu.br\/leh\/files\/2025\/01\/2-1-400x284.png\" alt=\"\" width=\"400\" height=\"284\" srcset=\"https:\/\/wp.ufpel.edu.br\/leh\/files\/2025\/01\/2-1-400x284.png 400w, https:\/\/wp.ufpel.edu.br\/leh\/files\/2025\/01\/2-1-800x567.png 800w, https:\/\/wp.ufpel.edu.br\/leh\/files\/2025\/01\/2-1-768x545.png 768w, https:\/\/wp.ufpel.edu.br\/leh\/files\/2025\/01\/2-1.png 1530w\" sizes=\"auto, (max-width: 400px) 100vw, 400px\" \/><\/a><\/p>\n<p>&nbsp;<\/p>\n<p>&nbsp;<\/p>\n","protected":false},"excerpt":{"rendered":"<p>Os Cadernos Tem\u00e1ticos do LEH, Projeto do Laborat\u00f3rio de Ensino de Hist\u00f3ria (LEH\/UFPel), se constitui enquanto publica\u00e7\u00e3o seriada em que cada volume contempla um recorte tem\u00e1tico para o ensino da Hist\u00f3ria escolar. Conhe\u00e7a os 4 volumes lan\u00e7ados at\u00e9 o momento. &hellip; <a href=\"https:\/\/wp.ufpel.edu.br\/leh\/cadernos-tematicos-do-leh\/\">Continue lendo <span class=\"meta-nav\">&rarr;<\/span><\/a><\/p>\n","protected":false},"author":778,"featured_media":0,"parent":0,"menu_order":0,"comment_status":"closed","ping_status":"closed","template":"","meta":{"footnotes":""},"class_list":["post-1876","page","type-page","status-publish","hentry"],"_links":{"self":[{"href":"https:\/\/wp.ufpel.edu.br\/leh\/wp-json\/wp\/v2\/pages\/1876","targetHints":{"allow":["GET"]}}],"collection":[{"href":"https:\/\/wp.ufpel.edu.br\/leh\/wp-json\/wp\/v2\/pages"}],"about":[{"href":"https:\/\/wp.ufpel.edu.br\/leh\/wp-json\/wp\/v2\/types\/page"}],"author":[{"embeddable":true,"href":"https:\/\/wp.ufpel.edu.br\/leh\/wp-json\/wp\/v2\/users\/778"}],"replies":[{"embeddable":true,"href":"https:\/\/wp.ufpel.edu.br\/leh\/wp-json\/wp\/v2\/comments?post=1876"}],"version-history":[{"count":4,"href":"https:\/\/wp.ufpel.edu.br\/leh\/wp-json\/wp\/v2\/pages\/1876\/revisions"}],"predecessor-version":[{"id":1882,"href":"https:\/\/wp.ufpel.edu.br\/leh\/wp-json\/wp\/v2\/pages\/1876\/revisions\/1882"}],"wp:attachment":[{"href":"https:\/\/wp.ufpel.edu.br\/leh\/wp-json\/wp\/v2\/media?parent=1876"}],"curies":[{"name":"wp","href":"https:\/\/api.w.org\/{rel}","templated":true}]}}