{"id":18,"date":"2017-07-05T15:24:36","date_gmt":"2017-07-05T18:24:36","guid":{"rendered":"https:\/\/wp.ufpel.edu.br\/leh\/?page_id=18"},"modified":"2023-03-23T03:04:35","modified_gmt":"2023-03-23T06:04:35","slug":"eventos","status":"publish","type":"page","link":"https:\/\/wp.ufpel.edu.br\/leh\/eventos\/","title":{"rendered":"Eventos"},"content":{"rendered":"<h4 style=\"text-align: justify;\">\u25ba <strong>Curso de Extens\u00e3o &#8211; Did\u00e1tica da Hist\u00f3ria e Ensino de Hist\u00f3ria: Pesquisas, Abordagens e Perspectivas (05\/04 \u00e0 28\/06 de 2023)<\/strong><\/h4>\n<h4><a href=\"https:\/\/wp.ufpel.edu.br\/leh\/files\/2023\/02\/1.jpg\"><img loading=\"lazy\" decoding=\"async\" class=\"alignnone wp-image-2079\" src=\"https:\/\/wp.ufpel.edu.br\/leh\/files\/2023\/02\/1-200x200.jpg\" alt=\"\" width=\"217\" height=\"217\" \/><\/a><\/h4>\n<h4><a href=\"https:\/\/wp.ufpel.edu.br\/leh\/eventos\/curso-didatica-da-historia\/\">Acesse aqui a p\u00e1gina do curso<\/a><\/h4>\n<h4>_____________________________________________________________________<\/h4>\n<h4 style=\"text-align: justify;\">\u25ba<strong>1\u00ba Mostra de Ensino de Hist\u00f3ria e Pr\u00e1ticas docentes (27 e 28 de setembro de 2022)<\/strong><\/h4>\n<p><a href=\"https:\/\/wp.ufpel.edu.br\/leh\/files\/2023\/03\/Ia-MOSTRA-DE-ENSINO-DE-HISTORIA-E-PRATICAS-DOCENTES.png\"><img loading=\"lazy\" decoding=\"async\" class=\"alignnone  wp-image-2099\" src=\"https:\/\/wp.ufpel.edu.br\/leh\/files\/2023\/03\/Ia-MOSTRA-DE-ENSINO-DE-HISTORIA-E-PRATICAS-DOCENTES-200x200.png\" alt=\"\" width=\"260\" height=\"260\" \/><\/a><\/p>\n<h4 style=\"text-align: justify;\">O Laborat\u00f3rio de Ensino de Hist\u00f3ria da UFPel promove, nos dias 27 e 28 de setembro, em formato h\u00edbrido, a 1\u00aa Mostra de Ensino de Hist\u00f3ria e Pr\u00e1ticas Docentes. O evento conta com duas oficinas que ser\u00e3o ministradas no formato presencial, bem como salas de apresenta\u00e7\u00f5es e discuss\u00f5es presenciais e virtuais. Carga hor\u00e1ria total: 20 horas.<\/h4>\n<h4 style=\"text-align: justify;\">As inscri\u00e7\u00f5es para apresenta\u00e7\u00f5es de trabalhos e para ouvintes seguem abertas at\u00e9 o dia 21\/09. Participe conosco e compartilhe suas experi\u00eancias e pr\u00e1tica docentes.<\/h4>\n<h4 style=\"text-align: justify;\">Quem pode se inscrever? O evento recebe inscri\u00e7\u00f5es para comunicadores e ouvintes de todos os n\u00edveis de p\u00fablico acad\u00eamico. Qual o valor das inscri\u00e7\u00f5es? O evento \u00e9 gratuito.<\/h4>\n<h4 style=\"text-align: justify;\"><strong>Confer\u00eancia de abertura:<\/strong> &#8220;O que os estudantes gostariam que seus professores de Hist\u00f3ria soubessem&#8221;, dia 27\/09 &#8211; Ministrante: Prof. Luis Fernando Cerri (UEPG)<\/h4>\n<h4 style=\"text-align: justify;\">Link de transmiss\u00e3o do lan\u00e7amento dos Cadernos e Confer\u00eancia de abertura: <a href=\"https:\/\/www.youtube.com\/watch?v=z4FaBfoIG3o&amp;ab_channel=Lehufpel\">clique aqui.<\/a><\/h4>\n<h4>Local: Audit\u00f3ria da FAE\/UFPEL com transmiss\u00e3o ao vivo pelo Canal do LEH (youtube).<\/h4>\n<h4 style=\"text-align: justify;\"><strong>OFICINAS<\/strong><\/h4>\n<h4 style=\"text-align: justify;\"><strong>Oficina 1:<\/strong> &#8220;RPG e o Ensino de Hist\u00f3ria&#8221;, dia 27\/09 &#8211; das 14hs as 17 hs.<\/h4>\n<h4 style=\"text-align: justify;\">Ministrante: Lucas Fernandes (Historiador\/UFPEL)Local: Sala 130 (LEH) &#8211; 20 vagas.<\/h4>\n<h4 style=\"text-align: justify;\"><strong>Oficina 2:<\/strong> &#8220;A constru\u00e7\u00e3o de podcast e o ensino de Hist\u00f3ria&#8221;, dia 28\/09 &#8211; das 14hs \u00e0s 17hs.<\/h4>\n<h4 style=\"text-align: justify;\">Ministrantes: Wilian Bonete (ICH\/UFPEL); Mauro Dillmann (ICH\/UFPEL) e Vit\u00f3ria Henzel (Graduanda\/UFPEL).<\/h4>\n<h4 style=\"text-align: justify;\">Local: Sala 130 (LEH) &#8211; 20 vagas.<\/h4>\n<h4 style=\"text-align: justify;\">FORMUL\u00c1RIO DE INSCRI\u00c7\u00c3O: <a href=\"https:\/\/forms.gle\/pht6VMZVMZQoQR4r6\">clique aqui.<\/a><\/h4>\n<h4>Para maiores informa\u00e7\u00f5es e novidades visite o website oficial:\u00a0 LEH\/UFPEL: <a href=\"https:\/\/wp.ufpel.edu.br\/leh\/\">https:\/\/wp.ufpel.edu.br\/leh\/<\/a> e redes sociais<\/h4>\n<h4>Contato principal:\u00a0 lehufpel2021@gmail.com<\/h4>\n<hr \/>\n<p>\u25ba <a href=\"https:\/\/www.enpeh2022.abeh.org.br\/\">Apresentamos os Grupos de Pesquisa em Di\u00e1logo<\/a> &#8211; GPD 9 aprovado na XIII edi\u00e7\u00e3o do ENPEH!<\/p>\n<p>As inscri\u00e7\u00f5es para apresenta\u00e7\u00f5es de trabalhos j\u00e1 est\u00e3o abertas e v\u00e3o at\u00e9 dia 9 de Setembro!<\/p>\n<p>O ENPEH 2022 ser\u00e1 entre 9 e 11 de Novembro e acontecer\u00e1 no formato h\u00edbrido na UFRPE, em Recife. <a href=\"https:\/\/enpeh2022.abeh.org.br\/\">Clique aqui<\/a> para mais informa\u00e7\u00f5es sobre o XIII ENPEH.<\/p>\n<hr \/>\n<p>\u25ba<a href=\"https:\/\/enpeh2022.abeh.org.br\/\">XIII ENPEH<\/a> (9 a 11 de novembro de 2022 &#8211; presencial).<\/p>\n<p style=\"text-align: justify;\">O Encontro Nacional de Pesquisadores do Ensino de Hist\u00f3ria de 2022 acontecer\u00e1 entre os dias 9 a 11 de novembro, na cidade de Recife.\u00a0O tema do evento &#8220;A pesquisa em ensino de hist\u00f3ria em tempos presentes: tens\u00f5es e (re)constru\u00e7\u00f5es&#8221;, foi definido a partir de uma consulta feita aos associados durante o XII Encontro Perspectivas do Ensino de Hist\u00f3ria de Bel\u00e9m do Par\u00e1 em 2021.<\/p>\n<hr \/>\n<p style=\"text-align: justify;\">\u25ba Mem\u00f3rias de forma\u00e7\u00e3o para o Ensino de Hist\u00f3ria: conversa com professoras(as) egressos(as) do curso de Hist\u00f3ria da UFPel (12 de agosto de 2021 &#8211; encontros quinzenais)<\/p>\n<p style=\"text-align: justify;\">Para comemorar os 40 anos da Licenciatura em Hist\u00f3ria, organizamos encontros com egressos(as) do curso desde as primeiras turmas das d\u00e9cadas de 80 at\u00e9 o presente.<\/p>\n<hr \/>\n<p style=\"text-align: justify;\">\u25ba <a href=\"https:\/\/wp.ufpel.edu.br\/eifionline\/?fbclid=IwAR2b282SBwZdEjGXqfAE9OiKi5VEfEjbVP09VkLYp6t2VgMvrdrTlRTz4uI\">V Encontro Internacional Fronteiras e Identidades<\/a> (14 a 17 de setembro de 2021 &#8211; Online)<\/p>\n<p style=\"text-align: justify;\">Encontro Internacional Fronteiras e Identidades prop\u00f5e o debate sobre quest\u00f5es associadas ao estudo das fronteiras geogr\u00e1ficas, identit\u00e1rias e disciplinares no \u00e2mbito das \u00e1reas da Hist\u00f3ria e seus desdobramentos na pol\u00edtica, cultura e sociedade na atualidade.<\/p>\n<hr \/>\n<p>\u25ba<a href=\"https:\/\/www.perspectivas2020.abeh.org.br\/site\/capa\">XI Encontro Nacional Perspectivas do Ensino de Hist\u00f3ria<\/a> (17, 18, 19 e 20 de Novembro de 2020 &#8211; Online)<\/p>\n<p style=\"text-align: justify;\">O evento ocorrer\u00e1 no formato virtual, devido a pandemia do COVID-19, salienta-se que \u00e9 um evento realizado pela ABEH (Associa\u00e7\u00e3o Brasileira de Pesquisa em Ensino de Hist\u00f3ria). E o XI Encontro trar\u00e1 nos Grupos de Reflex\u00e3o Docente a sua principal atividade, pensada, gerida, praticada e produzida a partir das demandas tem\u00e1ticas, metodol\u00f3gicas, te\u00f3ricas, investigativas e experi\u00eanciais dos professores, que ser\u00e3o os seus proponentes e participantes. Saiba mais a partir do link acima.<\/p>\n<p>\u25ba<a href=\"https:\/\/www.encontro2020.pr.anpuh.org\/\">XVII Encontro Regional de Hist\u00f3ria da ANPUH-PR<\/a> (23-25 de Novembro de 2020 &#8211; Online )<\/p>\n<p>O evento regional das atividades cient\u00edficas da ANPUH-PR. O t\u00edtulo do Encontro esse ano ser\u00e1: <strong>O Futuro do futuro do Ensino de Hist\u00f3ria<\/strong>. Al\u00e9m disso, por conta do COVID-19 ser\u00e1 um evento online.<\/p>\n<p style=\"text-align: justify;\">\u25ba<a href=\"https:\/\/www.eeh2020.anpuh-rs.org.br\/\">XV Encontro Estadual de Hist\u00f3ria da ANPUH-RS<\/a> (21 a 24 de Julho de 2020 &#8211; Online)<\/p>\n<p style=\"text-align: justify;\">O evento \u00e9 a principal das atividades cient\u00edficas da ANPUH-RS no Estado. \u00c9 realizado bienalmente, tendo um tema central escolhido de acordo com a pertin\u00eancia historiogr\u00e1fica e social. Encontro do GT Ensino de Hist\u00f3ria e Educa\u00e7\u00e3o, grupo de trabalho ligado \u00e1 ANPUH\/RS que visa pensar o encontro de poderes e saberes no Ensino de Hist\u00f3ria, junto com grupos e comunidades sociais. O Encontro Estadual de Hist\u00f3ria deste ano versar\u00e1 sobre o tema\u00a0<strong>Hist\u00f3ria &amp; Resist\u00eancias<\/strong> e ser\u00e1 na modalidade online devido a ocorr\u00eancia do COVID-19.<\/p>\n<p><!--nextpage--><\/p>\n<p style=\"text-align: justify;\">\u25ba<a href=\"https:\/\/wp.ufpel.edu.br\/jhalecaufpel\/?fbclid=IwAR3n4rL-89KfiIpUdg3ayA0l2EohRTTonIQ2KVfym6VfD9T3wTGiZAv9DP0\">XX Jornada de Hist\u00f3ria Antiga da UFPel &#8211; Melodias visuais, poesias musicais: Antiguidades sonoras<\/a> (03 a 07 de Junho de 2019)<\/p>\n<p style=\"text-align: justify;\">Promovida pelo Laborat\u00f3rio de Estudos sobre a Cer\u00e2mica Antiga LECA\/UFPel, a Jornada de Hist\u00f3ria Antiga \u2013 JHA\/UFPel pretende nesta edi\u00e7\u00e3o promover di\u00e1logo, nacional e internacional, acerca da m\u00fasica em diferentes culturas da Antiguidade e Medievo, com pesquisadores s\u00eanior e j\u00fanior.<\/p>\n<p class=\"corTexto\" style=\"text-align: justify;\">\u25ba<a href=\"https:\/\/ccs2.ufpel.edu.br\/wp\/2019\/04\/09\/2a-semana-africana-sera-realizada-de-23-a-25-de-maio\/\"> 2\u00aa Semana Africana UFPEL<\/a> (23 a 25 de maio de 2019)<\/p>\n<p style=\"text-align: justify;\">A 2\u00aa Semana Africana de Pelotas \u00e9 um evento acad\u00eamico, cultural e esportivo, organizado pelos estudantes africanos em Pelotas em parceria com o Centro Acad\u00eamico de Hist\u00f3ria, estudante de diversos cursos e conta com a Comiss\u00e3o Cient\u00edfica formada por professores do curso de Hist\u00f3ria da UFPel.<\/p>\n<p style=\"text-align: justify;\">\u25ba<a href=\"http:\/\/sistemas.bage.unipampa.edu.br\/25encontroasphe\/\">25\u00b0 Encontro da Associa\u00e7\u00e3o Sul-Rio-Grandense de Pesquisadores em Hist\u00f3ria da Educa\u00e7\u00e3o ASPHE\u00a0\u00a0<\/a>(03 e 04 de outubro de 2019)<\/p>\n<p style=\"text-align: justify;\">Associa\u00e7\u00e3o Sul-Riograndense de Pesquisadores em Hist\u00f3ria\u00a0 da Educa\u00e7\u00e3o celebrar\u00e1 assuntos importantes e caros para o fortalecimento da educa\u00e7\u00e3o e da pesquisa cr\u00edtica no Brasil: a hist\u00f3ria e a democracia.<\/p>\n<p><!--nextpage--><\/p>\n<p style=\"text-align: justify;\">\u25ba\u00a0<a href=\"https:\/\/paisagenshibridas.eba.ufrj.br\/2018\/05\/26\/morte-arte-funebre-e-patrimonio-pelotas\/\">Semin\u00e1rio Morte, arte f\u00fanebre e patrim\u00f4nio: mem\u00f3ria, simbolismo e imagin\u00e1rio<\/a> &#8211; UFPel (8 e 9 de novembro de 2018)<\/p>\n<p style=\"text-align: justify;\">O Semin\u00e1rio morte, arte f\u00fanebre e patrim\u00f4nio, realizado na UFPel tem foco tem\u00e1tico na hist\u00f3ria da morte, da arte, da arquitetura f\u00fanebre, da mem\u00f3ria e do patrim\u00f4nio cemiterial.<\/p>\n<p style=\"text-align: justify;\">\u25ba <a href=\"https:\/\/www.facebook.com\/events\/1826710477427213\/?active_tab=about\">Semin\u00e1rio Guarani Mby\u00e1: a\u00e7\u00f5es e experi\u00eancias contempor\u00e2neas<\/a> (30 de outubro a 1\u00ba de novembro)<\/p>\n<p style=\"text-align: justify;\">O \u201cSemin\u00e1rio Guarani Mby\u00e1: a\u00e7\u00f5es e experi\u00eancias contempor\u00e2neas\u201d objetiva oportunizar espa\u00e7os de reflex\u00e3o sobre a hist\u00f3ria e a cultura do povo Mby\u00e1 Guarani, bem como discutir sobre as a\u00e7\u00f5es afirmativas e a abordagem da tem\u00e1tica ind\u00edgena na escola.<\/p>\n<p style=\"text-align: justify;\">\u25ba\u00a0<a href=\"https:\/\/wp.ufpel.edu.br\/eifi\/\">IV Encontro Internacional fronteiras e Identidades<\/a> &#8211; UFPel (24 a 26 de outubro de 2018)<\/p>\n<p style=\"text-align: justify;\">Encontro Internacional Fronteiras e Identidades prop\u00f5e o debate sobre quest\u00f5es associadas ao estudo das fronteiras geogr\u00e1ficas, identit\u00e1rias e disciplinares no \u00e2mbito das \u00e1reas da Hist\u00f3ria e seus desdobramentos na pol\u00edtica, cultura e sociedade na atualidade.<\/p>\n<p id=\"seo_h1_tag\" class=\"_5gmx\" style=\"text-align: justify;\">\u25ba <a href=\"https:\/\/www.facebook.com\/events\/277594883078750\/\">Semana Acad\u00eamica da Hist\u00f3ria UFPel: Golpes e Ditaduras<\/a> (24 a 28 de setembro de 2018)<\/p>\n<p style=\"text-align: justify;\">O evento da Semana Acad\u00eamica de Hist\u00f3ria UFPel, contar\u00e1 com a tem\u00e1tica &#8220;golpes e ditaduras militares na America latina: reflexo dos regimes na sociedade.<\/p>\n<p style=\"text-align: justify;\">\u25ba <a href=\"http:\/\/asphers.blogspot.com\/2018\/04\/24-encontro-sul-rio-grandense-de.html\">24\u00ba Encontro ASPHE UNISINOS<\/a> (24 a 26 de outubro de 2018)<\/p>\n<p style=\"text-align: justify;\">Encontro Sul-Rio-Grandense de Pesquisadores em Hist\u00f3ria da Educa\u00e7\u00e3o com foco tem\u00e1tico em Hist\u00f3ria da educa\u00e7\u00e3o: sensibilidades, patrim\u00f4nio e cultura escrita.<\/p>\n<p style=\"text-align: justify;\">\u25ba\u00a0<a href=\"http:\/\/www.xperspectivas.com.br\/site\/capa\">X Encontro Nacional Perspectivas do Ensino de Hist\u00f3ria e XXIII Jornada do GT de Ensino de Hist\u00f3ria e Educa\u00e7\u00e3o da Anpuh\/RS<\/a> (16 a 18 de julho de 2018)<\/p>\n<p style=\"text-align: justify;\">Encontro do GT Ensino de Hist\u00f3ria e Educa\u00e7\u00e3o, grupo de trabalho ligado \u00e1 ANPUH\/RS que visa pensar o encontro de poderes e saberes no Ensino de Hist\u00f3ria, junto com grupos e comunidades sociais.<\/p>\n<p><!--nextpage--><\/p>\n<p style=\"text-align: justify;\">\u25ba\u00a0<a href=\"http:\/\/site.anpuh.org\/index.php\/eventos-sp\/item\/4374-5-jornada-do-gt-ensino-de-historia-e-educacao-da-anpuh-sp\">5\u00aa Jornada do GT Ensino de Hist\u00f3ria e Educa\u00e7\u00e3o da ANPUH-SP<\/a> (21 de outubro de 2017)<\/p>\n<p style=\"text-align: justify;\">Jornada de Ensino de Hist\u00f3ria realizado pelo Grupo de Trabalho de Ensino de Hist\u00f3ria e Educa\u00e7\u00e3o da ANPUH-SP com o tema Golpes dna Hist\u00f3ria e na Escola.<\/p>\n<p style=\"text-align: justify;\">\u25ba\u00a0<a href=\"https:\/\/www.facebook.com\/events\/1311622825618754\">23\u00ba Encontro ASPHE FURG\u00a0<\/a>(27 a 29 de setembro de 2017)<\/p>\n<p style=\"text-align: justify;\">Encontro Sul-Rio-Grandense de Pesquisadores em Hist\u00f3ria da Educa\u00e7\u00e3o com foco tem\u00e1tico em pesquisas regionais em Hist\u00f3ria da Educa\u00e7\u00e3o, com \u00eanfase nas categorias mem\u00f3ria e g\u00eanero.<\/p>\n<p>&nbsp;<\/p>\n<p>&nbsp;<\/p>\n<p>&nbsp;<\/p>\n<p>&nbsp;<\/p>\n<p>&nbsp;<\/p>\n<p>&nbsp;<\/p>\n<p>&nbsp;<\/p>\n<p>&nbsp;<\/p>\n<p>&nbsp;<\/p>\n<p>&nbsp;<\/p>\n","protected":false},"excerpt":{"rendered":"<p>\u25ba Curso de Extens\u00e3o &#8211; Did\u00e1tica da Hist\u00f3ria e Ensino de Hist\u00f3ria: Pesquisas, Abordagens e Perspectivas (05\/04 \u00e0 28\/06 de 2023) Acesse aqui a p\u00e1gina do curso _____________________________________________________________________ \u25ba1\u00ba Mostra de Ensino de Hist\u00f3ria e Pr\u00e1ticas docentes (27 e 28 &hellip; <a href=\"https:\/\/wp.ufpel.edu.br\/leh\/eventos\/\">Continue lendo <span class=\"meta-nav\">&rarr;<\/span><\/a><\/p>\n","protected":false},"author":293,"featured_media":0,"parent":0,"menu_order":0,"comment_status":"closed","ping_status":"closed","template":"","meta":{"footnotes":""},"class_list":["post-18","page","type-page","status-publish","hentry"],"_links":{"self":[{"href":"https:\/\/wp.ufpel.edu.br\/leh\/wp-json\/wp\/v2\/pages\/18","targetHints":{"allow":["GET"]}}],"collection":[{"href":"https:\/\/wp.ufpel.edu.br\/leh\/wp-json\/wp\/v2\/pages"}],"about":[{"href":"https:\/\/wp.ufpel.edu.br\/leh\/wp-json\/wp\/v2\/types\/page"}],"author":[{"embeddable":true,"href":"https:\/\/wp.ufpel.edu.br\/leh\/wp-json\/wp\/v2\/users\/293"}],"replies":[{"embeddable":true,"href":"https:\/\/wp.ufpel.edu.br\/leh\/wp-json\/wp\/v2\/comments?post=18"}],"version-history":[{"count":38,"href":"https:\/\/wp.ufpel.edu.br\/leh\/wp-json\/wp\/v2\/pages\/18\/revisions"}],"predecessor-version":[{"id":2100,"href":"https:\/\/wp.ufpel.edu.br\/leh\/wp-json\/wp\/v2\/pages\/18\/revisions\/2100"}],"wp:attachment":[{"href":"https:\/\/wp.ufpel.edu.br\/leh\/wp-json\/wp\/v2\/media?parent=18"}],"curies":[{"name":"wp","href":"https:\/\/api.w.org\/{rel}","templated":true}]}}