{"id":1738,"date":"2022-07-07T12:25:44","date_gmt":"2022-07-07T15:25:44","guid":{"rendered":"https:\/\/wp.ufpel.edu.br\/leh\/?page_id=1738"},"modified":"2022-07-07T12:38:08","modified_gmt":"2022-07-07T15:38:08","slug":"revistas","status":"publish","type":"page","link":"https:\/\/wp.ufpel.edu.br\/leh\/revistas\/","title":{"rendered":"Revistas"},"content":{"rendered":"<p>Rela\u00e7\u00e3o de revistas acad\u00eamicas com publica\u00e7\u00f5es na \u00e1rea de Ensino de Hist\u00f3ria:<\/p>\n<h2><strong>Revista Hist\u00f3ria Hoje <\/strong><\/h2>\n<p style=\"text-align: justify;\">A Revista Hist\u00f3ria Hoje &#8211; de acesso livre &#8211; \u00e9 uma publica\u00e7\u00e3o semestral da Associa\u00e7\u00e3o Nacional de Hist\u00f3ria &#8211; ANPUH &#8211; Brasil que se dedica a divulgar resultados de pesquisa, reflex\u00f5es, projetos e experi\u00eancias voltados para temas que privilegiem a articula\u00e7\u00e3o entre Hist\u00f3ria, Ensino de Hist\u00f3ria e Forma\u00e7\u00e3o Docente e tamb\u00e9m a criar um espa\u00e7o institucional de debate sobre os diferentes lugares de atua\u00e7\u00e3o dos profissionais da \u00e1rea, especialmente nos \u00e2mbitos das escolas de Educa\u00e7\u00e3o B\u00e1sica e dos cursos superiores. <a href=\"https:\/\/rhhj.anpuh.org\/RHHJ\">Clique aqui para acessar.<\/a><\/p>\n<p>______________________________________________________________<\/p>\n<h2><strong>Hist\u00f3ria &amp; Ensino<\/strong><\/h2>\n<p style=\"text-align: justify;\">A Revista Hist\u00f3ria &amp; Ensino \u00e9 uma publica\u00e7\u00e3o do Laborat\u00f3rio de Ensino de Historia do Programa de P\u00f3s Gradua\u00e7\u00e3o em Hist\u00f3ria Social da Universidade Estadual de Londrina. Publica artigos in\u00e9ditos, tradu\u00e7\u00f5es, resenhas e entrevistas relacionados ao Ensino de Hist\u00f3ria. <a href=\"https:\/\/www.uel.br\/revistas\/uel\/index.php\/histensino\">Clique aqui para acessar.<\/a><\/p>\n<p>______________________________________________________________<\/p>\n<h2><strong>A Revista do LHISTE<\/strong><\/h2>\n<p style=\"text-align: justify;\">A Revista do LHISTE \u2013 Laborat\u00f3rio de Ensino de Hist\u00f3ria e Educa\u00e7\u00e3o da UFRGS \u2013 \u00e9 uma publica\u00e7\u00e3o semestral especializada em trabalhos acad\u00eamicos sobre o ensino de hist\u00f3ria, em todos os n\u00edveis e etapas educativas, al\u00e9m de sua intersec\u00e7\u00e3o com outras \u00e1reas do conhecimento. Constitui-se, portanto, em espa\u00e7o para a comunica\u00e7\u00e3o de pesquisas e reflex\u00f5es sobre a pr\u00e1tica docente, os processos de aprendizagem, a constru\u00e7\u00e3o de curr\u00edculos em hist\u00f3ria, a forma\u00e7\u00e3o de professores, a mem\u00f3ria e a educa\u00e7\u00e3o patrimonial e o ensino de hist\u00f3ria e a interdisciplinaridade, entre outros temas caros ao campo. <a href=\"https:\/\/seer.ufrgs.br\/index.php\/revistadolhiste\/about\">Clique aqui para acessar.<\/a><\/p>\n<p>______________________________________________________________<\/p>\n<h2><strong>Revista Palavras Abehrtas<\/strong><\/h2>\n<p style=\"text-align: justify;\">A revista Palavras Abehrtas vem tecendo algumas considera\u00e7\u00f5es provis\u00f3rias sobre a divulga\u00e7\u00e3o cient\u00edfica em ensino de hist\u00f3ria. Acredita que fazer divulga\u00e7\u00e3o cient\u00edfica em ensino de hist\u00f3ria \u00e9 colocar em debate a multiplicidade de cria\u00e7\u00f5es realizadas nos diversos lugares em que o campo se expressa: ensino superior, educa\u00e7\u00e3o b\u00e1sica, espa\u00e7os de mem\u00f3ria, produ\u00e7\u00f5es culturais, ruas, pra\u00e7as, mundo digital&#8230; A revista \u00e9 composta por seis colunas, sendo publicada uma edi\u00e7\u00e3o por m\u00eas. Os textos dever\u00e3o estar conformes ao escopo de cada coluna e adequados \u00e0s normas de formata\u00e7\u00e3o, al\u00e9m de respeitar os princ\u00edpios \u00e9ticos da Revista.\u00a0 <a href=\"https:\/\/palavrasabehrtas.abeh.org.br\/index.php\/palavrasABEHrtas\/divulgacaocientifica\">Clique aqui para acessar.<\/a><\/p>\n<p>______________________________________________________________<\/p>\n<h2><strong>Revista Discente Of\u00edcios de Clio<\/strong><\/h2>\n<p style=\"text-align: justify;\">A Revista Discente Of\u00edcios de Clio \u00e9 um projeto ligado ao Laborat\u00f3rio de Ensino de Hist\u00f3ria (LEH), e ao Programa de P\u00f3s-Gradu\u00e7\u00e3o em Hist\u00f3ria (PPGH), ambos da Universidade Federal de Pelotas (UFPel). A Revista tem periodicidade semestral e objetiva proporcionar aos graduandos e p\u00f3s graduandos, um espa\u00e7o qualificado de debate e de incentivo ao incremento da pesquisa. A revista possui um dossi\u00ea permanente denominado Educa\u00e7\u00e3o. \u00a0<a href=\"https:\/\/periodicos.ufpel.edu.br\/ojs2\/index.php\/CLIO\/index\">Clique aqui para acessar.<\/a><\/p>\n<p>______________________________________________________________<\/p>\n<h2><b>Perspectivas e Di\u00e1logos: Revista de Hist\u00f3ria Social e Pr\u00e1ticas de Ensino\u00a0<\/b><\/h2>\n<p style=\"text-align: justify;\"><span style=\"font-weight: 400;\">Perspectivas e Di\u00e1logos: Revista de Hist\u00f3ria Social e Pr\u00e1ticas de Ensino \u00e9 um peri\u00f3dico semestral, online,\u00a0 associado ao grupo de pesquisa N\u00facleo de Hist\u00f3ria Social e Pr\u00e1ticas de Ensino (Nhipe\/Cnpq) do Departamento de Ci\u00eancias Humanas, campus VI, da Universidade do Estado da Bahia, localizado na cidade de Caetit\u00e9, Bahia, e vinculado ao Programa de P\u00f3s-Gradua\u00e7\u00e3o em Ensino, Linguagem e Sociedade (PPGELS) do Departamento de Ci\u00eancias Humanas, <\/span><i><span style=\"font-weight: 400;\">Campus<\/span><\/i><span style=\"font-weight: 400;\"> VI, da Universidade do Estado da Bahia. A Revista tem por objetivo divulgar produ\u00e7\u00f5es originais e in\u00e9ditas de relev\u00e2ncia cient\u00edfica na \u00e1rea de Hist\u00f3ria com \u00eanfase na Hist\u00f3ria Social, na Hist\u00f3ria da Educa\u00e7\u00e3o e Pesquisa e Pr\u00e1ticas de Ensino de Hist\u00f3ria. A Revista dialoga com a\u00a0 literatura, a filosofia, a antropologia, a sociologia, a arqueologia, as variadas linguagens imag\u00e9ticas e sonoras (cinema, fotografia, iconografia, m\u00fasica) e com as tecnologias de informa\u00e7\u00e3o e de comunica\u00e7\u00e3o na pesquisa e no ensino. <a href=\"https:\/\/www.revistas.uneb.br\/index.php\/nhipe\/index\">Clique aqui para acessar.\u00a0<\/a><\/span><\/p>\n<p>______________________________________________________________<\/p>\n<h2><b>Revista Ensino &amp; Pesquisa<\/b><\/h2>\n<p style=\"text-align: justify;\"><span style=\"font-weight: 400;\">A revista Ensino &amp; Pesquisa \u00e9 um peri\u00f3dico quadrimestral vinculado \u00e0 Universidade Estadual do Paran\u00e1 (UNESPAR), campus de Uni\u00e3o da Vit\u00f3ria. Trata-se de uma revista cient\u00ed\u00adfica de car\u00e1ter multidisciplinar com finalidade de publicar artigos cient\u00ed\u00adficos das diferentes \u00e1reas de conhecimento, incluindo as Ci\u00eancias Exatas, Naturais, Humanas e Educa\u00e7\u00e3o. A partir do ano de 2014 a revista Ensino &amp; Pesquisa passa por uma reformula\u00e7\u00e3o, tornando-se ve\u00ed\u00adculo de difus\u00e3o da produ\u00e7\u00e3o decorrente de pesquisas sobre as licenciaturas e forma\u00e7\u00e3o docente. Tal mudan\u00e7a foi incentivada pela necessidade de se fortalecer a pesquisa sobre a forma\u00e7\u00e3o docente, inicial e continuada. Participam deste peri\u00f3dico cient\u00ed\u00adfico pesquisadores de diversas Institui\u00e7\u00f5es, sendo que a proposta primordial \u00e9 oferecer a todos os interessados um espa\u00e7o para divulga\u00e7\u00e3o de suas produ\u00e7\u00f5es cient\u00ed\u00adficas. A Revista apresenta fluxo cont\u00ed\u00adnuo para submiss\u00e3o de textos. <a href=\"https:\/\/periodicos.unespar.edu.br\/index.php\/ensinoepesquisa\/about\">Clique aqui para acessar.\u00a0<\/a><\/span><\/p>\n<p>______________________________________________________________<\/p>\n<h2><b>Educa\u00e7\u00e3o B\u00e1sica em Revista<\/b><\/h2>\n<p style=\"text-align: justify;\"><span style=\"font-weight: 400;\">A circula\u00e7\u00e3o de ideias a partir de publica\u00e7\u00f5es \u00e9 fundamental para o desenvolvimento e consolida\u00e7\u00e3o do conhecimento em determinada \u00e1rea. No que tange \u00e0 Educa\u00e7\u00e3o B\u00e1sica, as ideias e os relatos de pr\u00e1ticas carecem de um suporte material para sua circula\u00e7\u00e3o. Nesse sentido, a Revista EBR \u2013 Educa\u00e7\u00e3o B\u00e1sica Revista foi pensada para suprir a necessidade de uma publica\u00e7\u00e3o na qual os professores possam relatar, expor, debater sobre suas pr\u00e1ticas e conhecimentos produzidos e reproduzidos no ambiente escolar. A ideia de criar uma revista que atenda aos professores da Educa\u00e7\u00e3o B\u00e1sica vem ganhando for\u00e7a a partir da conversa entre professores dos diversos n\u00edveis de ensino. <a href=\"http:\/\/www.educacaobasicarevista.com.br\/index.php\/ebr\/about\">Clique aqui para acessar.\u00a0<\/a><\/span><\/p>\n<p>______________________________________________________________<\/p>\n<p>&nbsp;<\/p>\n","protected":false},"excerpt":{"rendered":"<p>Rela\u00e7\u00e3o de revistas acad\u00eamicas com publica\u00e7\u00f5es na \u00e1rea de Ensino de Hist\u00f3ria: Revista Hist\u00f3ria Hoje A Revista Hist\u00f3ria Hoje &#8211; de acesso livre &#8211; \u00e9 uma publica\u00e7\u00e3o semestral da Associa\u00e7\u00e3o Nacional de Hist\u00f3ria &#8211; ANPUH &#8211; Brasil que se dedica &hellip; <a href=\"https:\/\/wp.ufpel.edu.br\/leh\/revistas\/\">Continue lendo <span class=\"meta-nav\">&rarr;<\/span><\/a><\/p>\n","protected":false},"author":778,"featured_media":0,"parent":0,"menu_order":0,"comment_status":"closed","ping_status":"closed","template":"","meta":{"footnotes":""},"class_list":["post-1738","page","type-page","status-publish","hentry"],"_links":{"self":[{"href":"https:\/\/wp.ufpel.edu.br\/leh\/wp-json\/wp\/v2\/pages\/1738","targetHints":{"allow":["GET"]}}],"collection":[{"href":"https:\/\/wp.ufpel.edu.br\/leh\/wp-json\/wp\/v2\/pages"}],"about":[{"href":"https:\/\/wp.ufpel.edu.br\/leh\/wp-json\/wp\/v2\/types\/page"}],"author":[{"embeddable":true,"href":"https:\/\/wp.ufpel.edu.br\/leh\/wp-json\/wp\/v2\/users\/778"}],"replies":[{"embeddable":true,"href":"https:\/\/wp.ufpel.edu.br\/leh\/wp-json\/wp\/v2\/comments?post=1738"}],"version-history":[{"count":4,"href":"https:\/\/wp.ufpel.edu.br\/leh\/wp-json\/wp\/v2\/pages\/1738\/revisions"}],"predecessor-version":[{"id":1750,"href":"https:\/\/wp.ufpel.edu.br\/leh\/wp-json\/wp\/v2\/pages\/1738\/revisions\/1750"}],"wp:attachment":[{"href":"https:\/\/wp.ufpel.edu.br\/leh\/wp-json\/wp\/v2\/media?parent=1738"}],"curies":[{"name":"wp","href":"https:\/\/api.w.org\/{rel}","templated":true}]}}