{"id":1679,"date":"2022-07-05T13:46:24","date_gmt":"2022-07-05T16:46:24","guid":{"rendered":"https:\/\/wp.ufpel.edu.br\/leh\/?page_id=1679"},"modified":"2022-08-04T08:54:15","modified_gmt":"2022-08-04T11:54:15","slug":"producao-de-slides","status":"publish","type":"page","link":"https:\/\/wp.ufpel.edu.br\/leh\/producao-de-slides\/","title":{"rendered":"Produ\u00e7\u00e3o de slides"},"content":{"rendered":"<p>Os materiais did\u00e1ticos que seguem foram pesquisados e organizados pelos estudantes vinculados ao PIBID \u2013 Hist\u00f3ria\/UFPel, edi\u00e7\u00e3o 2020:<\/p>\n<h2>Prezi<\/h2>\n<p style=\"text-align: justify;\">Uma ferramenta online que permite a cria\u00e7\u00e3o de apresenta\u00e7\u00f5es animadas e mais din\u00e2micas do que os slides do PowerPoint. O site conta com estruturas \u00fanicas para a cria\u00e7\u00e3o de apresenta\u00e7\u00f5es, permitindo que se monte uma apresenta\u00e7\u00e3o como sobre uma lousa, podendo desenhar e escrever sobre uma superf\u00edcie de livre cria\u00e7\u00e3o, sendo tamb\u00e9m poss\u00edvel utilizar apresenta\u00e7\u00f5es p\u00fablicas compartilhadas por outros usu\u00e1rios. Foi desenvolvido pela empresa de mesmo nome e tem como fundadores o programador Peter Arvai, o designer Adam Somlai-Fischer e o cientista da computa\u00e7\u00e3o Peter Halacsy.<\/p>\n<p style=\"text-align: center;\"><a href=\"https:\/\/prezi.com\" rel=\"noopener\">Clique aqui para acessar<\/a><\/p>\n<p>______________________________________________________________<\/p>\n<h2>Canva<\/h2>\n<p style=\"text-align: justify;\">\u00c9 uma plataforma online que permite a cria\u00e7\u00e3o de artes e design para v\u00e1rios segmentos de forma simples. O site, ou aplicativo, pode ser usado para produzir cart\u00f5es comemorativos, convites, imagens de capa para redes sociais, slides e at\u00e9 mesmo curr\u00edculos. Seu grande diferencial est\u00e1 na sua galeria de <em>templates<\/em>, que conta com uma enorme variedade de modelos prontos. A Canva \u00e9 atualmente uma empresa muito bem avaliada que tem como seus desenvolvedores a programadora Meelanie Perkins, Cliff Obrecht e Cameron Adams.<\/p>\n<p style=\"text-align: center;\"><a href=\"https:\/\/www.canva.com\/\" rel=\"noopener\">Clique aqui para acessar<\/a><\/p>\n<p>______________________________________________________________<\/p>\n<h2>Slidesgo<\/h2>\n<p style=\"text-align: justify;\">\u00c9 um site com designers, que ap\u00f3s serem baixados para o Powerpoint ou Google Slides, tornam-se edit\u00e1veis, possuindo temas como: Hist\u00f3ria, volta \u00e0s aulas, crian\u00e7as, tecnologias. Oferecendo ilustra\u00e7\u00f5es, fotos, \u00edcones, maquetes e modelos de apresenta\u00e7\u00f5es, possui tamb\u00e9m a op\u00e7\u00e3o de ser usu\u00e1rio premium ou utilizar gr\u00e1tis. O site \u00e9 administrado pela Freepik Company e pode ser utilizado para planejamentos de aulas de hist\u00f3ria e apresenta\u00e7\u00f5es em geral.<\/p>\n<p style=\"text-align: center;\"><a href=\"https:\/\/slidesgo.com\/pt\" rel=\"noopener\">Clique aqui para acessar<\/a><\/p>\n<p>______________________________________________________________<\/p>\n<h2>PowerPoint<\/h2>\n<p style=\"text-align: justify;\">Aplicativo desenvolvido pela Microsoft, \u00e9 normalmente o primeiro contato que alunos e professores t\u00eam com a cria\u00e7\u00e3o de slides, sua interface \u00e9 moderna e de f\u00e1cil uso, e seus <em>templates<\/em> mesmo b\u00e1sicos s\u00e3o bonitos e cumprem o papel b\u00e1sico. Por mais que n\u00e3o tenha tantos recursos de edi\u00e7\u00e3o de imagens, ou de busca de complementos, ainda \u00e9 o recurso mais acess\u00edvel do mercado, pois seu acesso online \u00e9 totalmente gratuito.<\/p>\n<p style=\"text-align: center;\"><a href=\"https:\/\/www.microsoft.com\/pt-br\/microsoft-365\/powerpoint\" rel=\"noopener\">Clique aqui para acessar<\/a><\/p>\n<p>______________________________________________________________<\/p>\n<h2>Powtoon<\/h2>\n<p style=\"text-align: justify;\">Embora seja um site estadunidense, e por isso tendo o ingl\u00eas como linguagem oficial da interface, \u00e9 extremamente \u00fatil e de f\u00e1cil utiliza\u00e7\u00e3o, com diversos <em>templates<\/em> prontos e gratuitos para serem utilizados. Ao fazer o cadastro, que \u00e9 necess\u00e1rio para o acesso mas n\u00e3o possui taxas, \u00e9 apresentado um pequeno question\u00e1rio para filtrar os principais modelos de slide que s\u00e3o utilizados para as categorias que o usu\u00e1rio selecionou, facilitando a busca por um <em>template<\/em> adequado.<\/p>\n<p style=\"text-align: center;\"><a href=\"https:\/\/www.powtoon.com\" rel=\"noopener\">Clique aqui para acessar<\/a><\/p>\n<p>______________________________________________________________<\/p>\n<p><!--nextpage--><\/p>\n<h2>Adobe Spark<\/h2>\n<p>Uma vers\u00e3o em portugu\u00eas do <em>Powtool<\/em>, possui os mesmos recursos que ele por\u00e9m com modelos diferentes e a adi\u00e7\u00e3o de alguns recursos, no <em>Adobe Spark<\/em> n\u00e3o \u00e9 poss\u00edvel somente a cria\u00e7\u00e3o de slides mas tamb\u00e9m de outras utilidades midi\u00e1ticas, como<em> templates<\/em> para posts de <em>Instagram<\/em> e <em>Facebook<\/em> e montagem de fotos.<\/p>\n<p style=\"text-align: center;\"><a href=\"https:\/\/spark.adobe.com\/pt-BR\/sp\/\" rel=\"noopener\">Clique aqui para acessar<\/a><\/p>\n<p>______________________________________________________________<\/p>\n<h2>Slide Share<\/h2>\n<p>A ferramenta para o compartilhamento de slides, possui apresenta\u00e7\u00f5es com diversas tem\u00e1ticas e modelos que, embora n\u00e3o edit\u00e1veis, podem ser baixados e modificados usando um aplicativo da escolha do usu\u00e1rio. O site ainda conta com uma sele\u00e7\u00e3o de livros indicados, dependendo do <em>template<\/em> que for escolhido.<\/p>\n<p style=\"text-align: center;\"><a href=\"https:\/\/pt.slideshare.net\/\" rel=\"noopener\">Clique aqui para acessar<\/a><\/p>\n<p>______________________________________________________________<\/p>\n<h2>Trakto<\/h2>\n<p style=\"text-align: justify;\">Criado inicialmente como uma plataforma para auxiliar o empreendedor brasileiro, \u00e9 preciso lembrar que os recursos do site s\u00e3o extremamente compat\u00edveis para a cria\u00e7\u00e3o de slides, pois possui ferramentas de edi\u00e7\u00e3o muito boas para aqueles que desejam fazer apresenta\u00e7\u00f5es mais coloridas e vivas.<\/p>\n<p style=\"text-align: center;\"><a href=\"https:\/\/www.trakto.io\/\" rel=\"noopener\">Clique aqui para acessar<\/a><\/p>\n<p>______________________________________________________________<\/p>\n<h2>Sway<\/h2>\n<p style=\"text-align: justify;\">Outro produto da Microsoft, o Sway possui ferramentas muito semelhantes ao PowerPoint, por\u00e9m com uma interface mais bonita e f\u00e1cil de manusear, al\u00e9m de modelos e ferramentas novas para a edi\u00e7\u00e3o de slides. Ele tamb\u00e9m permite carregar documentos prontos e os editar, uma boa op\u00e7\u00e3o para quem quer adicionar apenas alguns complementos nos slides.<\/p>\n<p style=\"text-align: center;\"><a href=\"https:\/\/sway.office.com\/\" rel=\"noopener\">Clique aqui para acessar<\/a><\/p>\n<p>______________________________________________________________<\/p>\n<h2>Liveboard<\/h2>\n<p style=\"text-align: justify;\">Outro site que n\u00e3o foi criado com a inten\u00e7\u00e3o de abordar slides, mas que acaba auxiliando nesses, o <em>Liveboard<\/em> permite que o usu\u00e1rio crie pastas com diversos documentos e que outros acessem elas, al\u00e9m de possuir aulas ao vivo em que o administrador da sala recebe um quadro em branco na tela para ir preenchendo junto com os alunos. Os desenhos criados nessas aulas podem ser arquivados no site, e assim adicionados a apresenta\u00e7\u00f5es.<\/p>\n<p style=\"text-align: center;\"><a href=\"https:\/\/liveboard.online\/\" rel=\"noopener\">Clique aqui para acessar<\/a><\/p>\n<p>______________________________________________________________<\/p>\n","protected":false},"excerpt":{"rendered":"<p>Os materiais did\u00e1ticos que seguem foram pesquisados e organizados pelos estudantes vinculados ao PIBID \u2013 Hist\u00f3ria\/UFPel, edi\u00e7\u00e3o 2020: Prezi Uma ferramenta online que permite a cria\u00e7\u00e3o de apresenta\u00e7\u00f5es animadas e mais din\u00e2micas do que os slides do PowerPoint. O site &hellip; <a href=\"https:\/\/wp.ufpel.edu.br\/leh\/producao-de-slides\/\">Continue lendo <span class=\"meta-nav\">&rarr;<\/span><\/a><\/p>\n","protected":false},"author":778,"featured_media":0,"parent":0,"menu_order":0,"comment_status":"closed","ping_status":"closed","template":"","meta":{"footnotes":""},"class_list":["post-1679","page","type-page","status-publish","hentry"],"_links":{"self":[{"href":"https:\/\/wp.ufpel.edu.br\/leh\/wp-json\/wp\/v2\/pages\/1679","targetHints":{"allow":["GET"]}}],"collection":[{"href":"https:\/\/wp.ufpel.edu.br\/leh\/wp-json\/wp\/v2\/pages"}],"about":[{"href":"https:\/\/wp.ufpel.edu.br\/leh\/wp-json\/wp\/v2\/types\/page"}],"author":[{"embeddable":true,"href":"https:\/\/wp.ufpel.edu.br\/leh\/wp-json\/wp\/v2\/users\/778"}],"replies":[{"embeddable":true,"href":"https:\/\/wp.ufpel.edu.br\/leh\/wp-json\/wp\/v2\/comments?post=1679"}],"version-history":[{"count":5,"href":"https:\/\/wp.ufpel.edu.br\/leh\/wp-json\/wp\/v2\/pages\/1679\/revisions"}],"predecessor-version":[{"id":1805,"href":"https:\/\/wp.ufpel.edu.br\/leh\/wp-json\/wp\/v2\/pages\/1679\/revisions\/1805"}],"wp:attachment":[{"href":"https:\/\/wp.ufpel.edu.br\/leh\/wp-json\/wp\/v2\/media?parent=1679"}],"curies":[{"name":"wp","href":"https:\/\/api.w.org\/{rel}","templated":true}]}}