{"id":1678,"date":"2022-07-05T13:46:24","date_gmt":"2022-07-05T16:46:24","guid":{"rendered":"https:\/\/wp.ufpel.edu.br\/leh\/?page_id=1678"},"modified":"2022-07-05T16:11:35","modified_gmt":"2022-07-05T19:11:35","slug":"producao-de-jogos","status":"publish","type":"page","link":"https:\/\/wp.ufpel.edu.br\/leh\/producao-de-jogos\/","title":{"rendered":"Produ\u00e7\u00e3o de jogos"},"content":{"rendered":"<h2>Wordwall<\/h2>\n<p style=\"text-align: justify;\">S\u00edntese: Wordwall \u00e9 uma plataforma para a cria\u00e7\u00e3o de jogos did\u00e1ticos que possibilita o\u00a0 desenvolvimento de uma grande variedades de jogos como, roletas, question\u00e1rios de interpreta\u00e7\u00e3o, persegui\u00e7\u00e3o de labirinto e entre outros. A ferramenta \u00e9 bem intuitiva, simples para o professor criar os jogos, da mesma maneira que \u00e9 simples para os alunos interagirem.<\/p>\n<p style=\"text-align: justify;\">Indica\u00e7\u00e3o\/Refer\u00eancia: A plataforma foi criada no Reino Unido em 2016 pela dupla Josh e<br \/>\nBen<\/p>\n<p style=\"text-align: justify;\">Link de acesso: <a href=\"https:\/\/wordwall.net\/pt\" rel=\"noopener\">clique aqui<\/a><\/p>\n<p>______________________________________________________________<\/p>\n<h2 style=\"text-align: justify;\">Kahoot!<\/h2>\n<p style=\"text-align: justify;\">S\u00edntese: O <em>Kahoot!<\/em> \u00e9 uma ferramenta digital, uma plataforma de aprendizado baseada em jogos. Os games s\u00e3o realizados atrav\u00e9s de testes de m\u00faltipla escolha, \u00e9 uma forma l\u00fadica de trabalhar o conte\u00fado desenvolvido. A ferramenta \u00e9 extremamente interessante, principalmente quando utilizada como recurso did\u00e1tico para revisar o conhecimento dos alunos.<\/p>\n<p style=\"text-align: justify;\">Indica\u00e7\u00e3o\/Refer\u00eancia: A <em>Kahoot!<\/em> foi fundada por Johan Brand, Jamie Brooker e Morten Versvik em um projeto conjunto com a Universidade Norueguesa de Ci\u00eancia e Tecnologia. Eles se uniram ao professor Alf Inge Wang e mais tarde juntaram-se ao empres\u00e1rio noruegu\u00eas \u00c5smund Furuseth. O projeto foi lan\u00e7ado em 2013.<\/p>\n<p>Link de acesso: <a href=\"https:\/\/kahoot.com\/pt\/\" rel=\"noopener\">clique aqui<\/a><\/p>\n<p>______________________________________________________________<\/p>\n<h2 style=\"text-align: justify;\">Google Formul\u00e1rios<\/h2>\n<p style=\"text-align: justify;\">S\u00edntese: O <em>Google<\/em> formul\u00e1rios vai al\u00e9m de um aplicativo gerenciador de pesquisas, pois com ele e um pouco de criatividade podemos criar atividades interativas, como jogos de perguntas e respostas com pontua\u00e7\u00e3o.<\/p>\n<p style=\"text-align: justify;\">Indica\u00e7\u00e3o\/Refer\u00eancia: <em>Google Forms<\/em> foi lan\u00e7ado em 2012 pela empresa <em>Google<\/em>.<\/p>\n<p>Link de acesso: <a href=\"https:\/\/docs.google.com\/forms\/\" rel=\"noopener\">clique aqui<\/a><\/p>\n<p>______________________________________________________________<\/p>\n<h2>PowerPoint<\/h2>\n<p style=\"text-align: justify;\">S\u00edntese: O <em>PowerPoint<\/em> \u00e9 um programa normalmente utilizado para cria\u00e7\u00e3o e exibi\u00e7\u00f5es de apresenta\u00e7\u00f5es gr\u00e1ficas, entretanto \u00e9 poss\u00edvel utilizar o programa para criar atividades did\u00e1ticas. No programa \u00e9 poss\u00edvel desenvolver jogos como jogo da forca, jogo da mem\u00f3ria e <em>quiz<\/em>, que podem ser utilizados como recursos complementares, que estimulam a participa\u00e7\u00e3o dos alunos em aulas remotas.<\/p>\n<p style=\"text-align: justify;\">Indica\u00e7\u00e3o\/Refer\u00eancia: PowerPoint \u00e9 um <em>software<\/em> lan\u00e7ado em 1990 pela empresa <em>Google<\/em>.<\/p>\n<p>Link de acesso: (Software)<\/p>\n<p>______________________________________________________________<\/p>\n<h2>Efuturo<\/h2>\n<p style=\"text-align: justify;\">S\u00edntese: O Efuturo \u00e9 uma rede social direcionada para a aprendizagem, a plataforma disponibiliza v\u00e1rios jogos prontos, al\u00e9m disso \u00e9 poss\u00edvel criar jogos, como jogos de palavras e puzzles. O site \u00e9 bem completo e permite uma grande intera\u00e7\u00e3o entre o professor e os alunos.<\/p>\n<p>Indica\u00e7\u00e3o\/Refer\u00eancia: A plataforma foi desenvolvida por Cl\u00e1udio Joaquim dos Santos<br \/>\nBraga, Rio de Janeiro.<\/p>\n<p>Link de acesso: <a href=\"https:\/\/www.efuturo.com.br\/\" rel=\"noopener\">clique aqui<\/a><\/p>\n<p>______________________________________________________________<!--nextpage--><\/p>\n<h2>Educaplay<\/h2>\n<p style=\"text-align: justify;\">S\u00edntese: O Educaplay \u00e9 uma plataforma gratuita que permite a cria\u00e7\u00e3o de jogos did\u00e1ticos, como jogos de coluna, mapa quiz, ca\u00e7a palavras, jogos da mem\u00f3ria, entre outros. No pr\u00f3prio site existem tutoriais que auxiliam o professor a desenvolv\u00ea-los. A plataforma permite o compartilhamento dos jogos atrav\u00e9s do <em>Moodle<\/em> ou do <em>Google Class Room<\/em>.<br \/>\nIndica\u00e7\u00e3o\/Refer\u00eancia: O Educaplay foi criada em 2010 na espanha pela empresa AD<br \/>\nFormaci\u00f3n.<\/p>\n<p>Link de acesso: <a href=\"https:\/\/www.educaplay.com\/\" rel=\"noopener\">clique aqui<\/a><\/p>\n<p>______________________________________________________________<\/p>\n<h2 style=\"text-align: justify;\">Microsoft Paint<\/h2>\n<p style=\"text-align: justify;\">S\u00edntese: O <em>Microsoft Paint<\/em> \u00e9 um software com a finalidade de cria\u00e7\u00e3o de desenho simples, edi\u00e7\u00f5es e montagens de fotos. Tamb\u00e9m pode ser utilizado para a cria\u00e7\u00e3o de jogos como forca, quebra cabe\u00e7a e edi\u00e7\u00f5es de imagens que podem ser utilizadas em sala de aula.<\/p>\n<p style=\"text-align: justify;\">Indica\u00e7\u00f5es\/refer\u00eancias: o paint foi criado pela empresa ZSoft Corporation e adequado para o Windows 1.0.<\/p>\n<p>Link de acesso: <a href=\"https:\/\/www.microsoft.com\/pt-br\/p\/paint-online\/9nblggh0n85q?activetab=pivot:overview\" rel=\"noopener\">clique aqui<\/a><\/p>\n<p>______________________________________________________________<\/p>\n<h2>Mentimeter<\/h2>\n<p style=\"text-align: justify;\">S\u00edntese: O <em>Mentimeter<\/em> \u00e9 uma plataforma online semelhante ao PowerPoint, que permite a cria\u00e7\u00e3o e o compartilhamento de apresenta\u00e7\u00f5es, por\u00e9m podem ser feitas apresenta\u00e7\u00f5es compartilhadas e com isso permitindo a cria\u00e7\u00e3o de question\u00e1rios interativos.<\/p>\n<p style=\"text-align: justify;\">Indica\u00e7\u00f5es\/refer\u00eancias: O aplicativo <em>Mentimeter<\/em> foi iniciado pelo empres\u00e1rio sueco Johnny Warstr\u00f6m.<\/p>\n<p>Link de acesso: <a href=\"https:\/\/www.mentimeter.com\/\" rel=\"noopener\">clique aqui<\/a><\/p>\n<p>______________________________________________________________<\/p>\n<h2>Gartic<\/h2>\n<p style=\"text-align: justify;\">S\u00edntese: <em>Gartic<\/em> \u00e9 um jogo onde \u00e9 dado um tema e um jogador vai desenhar enquanto o restante precisa acertar o desenho o mais r\u00e1pido poss\u00edvel e assim ganhando mais pontos. O tema dos desenhos podem ser escolhidos previamente e com isso esse site pode ser utilizado por um professor e seus alunos.<\/p>\n<p>Indica\u00e7\u00f5es\/Refer\u00eancias: O <em>Gartic<\/em> foi criado por Henrique e Rafael e teve seu lan\u00e7ado no ano de 2008.<\/p>\n<p>Link de acesso: <a href=\"https:\/\/gartic.com.br\/\" rel=\"noopener\">clique aqui<\/a><\/p>\n<p>______________________________________________________________<\/p>\n<h2>Google Jamboard<\/h2>\n<p style=\"text-align: justify;\">S\u00edntese: O <em>Google Jamboard<\/em> \u00e9 mais uma ferramenta da gigante empresa Google, que tem como objetivo ser um quadro em branco interativo, mas tamb\u00e9m pode ser utilizado para cria\u00e7\u00e3o de jogos como o jogo da mem\u00f3ria.<\/p>\n<p>Indica\u00e7\u00f5es\/refer\u00eancias: <em>Google Jamboard<\/em> \u00e9 um<em> software<\/em> lan\u00e7ado em 2016 pela empresa<br \/>\n<em>Google.<\/em><\/p>\n<p>Link de acesso: <a href=\"https:\/\/edu.google.com\/intl\/pt-BR\/products\/jamboard\/\" rel=\"noopener\">clique aqui<\/a><\/p>\n<p>______________________________________________________________<\/p>\n","protected":false},"excerpt":{"rendered":"<p>Wordwall S\u00edntese: Wordwall \u00e9 uma plataforma para a cria\u00e7\u00e3o de jogos did\u00e1ticos que possibilita o\u00a0 desenvolvimento de uma grande variedades de jogos como, roletas, question\u00e1rios de interpreta\u00e7\u00e3o, persegui\u00e7\u00e3o de labirinto e entre outros. A ferramenta \u00e9 bem intuitiva, simples para &hellip; <a href=\"https:\/\/wp.ufpel.edu.br\/leh\/producao-de-jogos\/\">Continue lendo <span class=\"meta-nav\">&rarr;<\/span><\/a><\/p>\n","protected":false},"author":778,"featured_media":0,"parent":0,"menu_order":0,"comment_status":"closed","ping_status":"closed","template":"","meta":{"footnotes":""},"class_list":["post-1678","page","type-page","status-publish","hentry"],"_links":{"self":[{"href":"https:\/\/wp.ufpel.edu.br\/leh\/wp-json\/wp\/v2\/pages\/1678","targetHints":{"allow":["GET"]}}],"collection":[{"href":"https:\/\/wp.ufpel.edu.br\/leh\/wp-json\/wp\/v2\/pages"}],"about":[{"href":"https:\/\/wp.ufpel.edu.br\/leh\/wp-json\/wp\/v2\/types\/page"}],"author":[{"embeddable":true,"href":"https:\/\/wp.ufpel.edu.br\/leh\/wp-json\/wp\/v2\/users\/778"}],"replies":[{"embeddable":true,"href":"https:\/\/wp.ufpel.edu.br\/leh\/wp-json\/wp\/v2\/comments?post=1678"}],"version-history":[{"count":4,"href":"https:\/\/wp.ufpel.edu.br\/leh\/wp-json\/wp\/v2\/pages\/1678\/revisions"}],"predecessor-version":[{"id":1710,"href":"https:\/\/wp.ufpel.edu.br\/leh\/wp-json\/wp\/v2\/pages\/1678\/revisions\/1710"}],"wp:attachment":[{"href":"https:\/\/wp.ufpel.edu.br\/leh\/wp-json\/wp\/v2\/media?parent=1678"}],"curies":[{"name":"wp","href":"https:\/\/api.w.org\/{rel}","templated":true}]}}