{"id":1665,"date":"2022-07-05T12:53:02","date_gmt":"2022-07-05T15:53:02","guid":{"rendered":"https:\/\/wp.ufpel.edu.br\/leh\/?page_id=1665"},"modified":"2022-07-05T15:31:37","modified_gmt":"2022-07-05T18:31:37","slug":"indicacoes-de-sites-3","status":"publish","type":"page","link":"https:\/\/wp.ufpel.edu.br\/leh\/indicacoes-de-sites-3\/","title":{"rendered":"Indica\u00e7\u00f5es de sites"},"content":{"rendered":"<p><img loading=\"lazy\" decoding=\"async\" class=\"alignnone wp-image-1673\" src=\"https:\/\/wp.ufpel.edu.br\/leh\/files\/2022\/07\/Policeman-free-vector-icons-designed-by-Freepik-400x400.png\" alt=\"\" width=\"70\" height=\"70\" srcset=\"https:\/\/wp.ufpel.edu.br\/leh\/files\/2022\/07\/Policeman-free-vector-icons-designed-by-Freepik-400x400.png 400w, https:\/\/wp.ufpel.edu.br\/leh\/files\/2022\/07\/Policeman-free-vector-icons-designed-by-Freepik-200x200.png 200w, https:\/\/wp.ufpel.edu.br\/leh\/files\/2022\/07\/Policeman-free-vector-icons-designed-by-Freepik.png 512w\" sizes=\"auto, (max-width: 70px) 100vw, 70px\" \/><a href=\"https:\/\/wp.ufpel.edu.br\/leh\/ditadura-militar\/\" target=\"_blank\" rel=\"noopener\">Ditatura Militar<\/a><\/p>\n<p><img loading=\"lazy\" decoding=\"async\" class=\"alignnone wp-image-1672\" src=\"https:\/\/wp.ufpel.edu.br\/leh\/files\/2022\/07\/Museum-free-vector-icons-designed-by-Good-Ware-400x400.png\" alt=\"\" width=\"70\" height=\"70\" srcset=\"https:\/\/wp.ufpel.edu.br\/leh\/files\/2022\/07\/Museum-free-vector-icons-designed-by-Good-Ware-400x400.png 400w, https:\/\/wp.ufpel.edu.br\/leh\/files\/2022\/07\/Museum-free-vector-icons-designed-by-Good-Ware-200x200.png 200w, https:\/\/wp.ufpel.edu.br\/leh\/files\/2022\/07\/Museum-free-vector-icons-designed-by-Good-Ware.png 512w\" sizes=\"auto, (max-width: 70px) 100vw, 70px\" \/><a href=\"https:\/\/wp.ufpel.edu.br\/leh\/educacao-patrimonial-2\/\" target=\"_blank\" rel=\"noopener\">Educa\u00e7\u00e3o Patrimonial<\/a><\/p>\n<p><img loading=\"lazy\" decoding=\"async\" class=\"alignnone wp-image-1671\" src=\"https:\/\/wp.ufpel.edu.br\/leh\/files\/2022\/07\/icons8-internet-50.png\" alt=\"\" width=\"70\" height=\"70\" \/><a href=\"https:\/\/wp.ufpel.edu.br\/leh\/sites-de-conteudo-historico\/\" target=\"_blank\" rel=\"noopener\">Sites de conte\u00fado hist\u00f3rico<\/a><\/p>\n<p><img loading=\"lazy\" decoding=\"async\" class=\"alignnone wp-image-1671\" src=\"https:\/\/wp.ufpel.edu.br\/leh\/files\/2022\/07\/icons8-internet-50.png\" alt=\"\" width=\"70\" height=\"70\" \/><a href=\"https:\/\/wp.ufpel.edu.br\/leh\/sites-de-para-mapas\/\" target=\"_blank\" rel=\"noopener\">Sites de\/para mapas<\/a><\/p>\n","protected":false},"excerpt":{"rendered":"<p>Ditatura Militar Educa\u00e7\u00e3o Patrimonial Sites de conte\u00fado hist\u00f3rico Sites de\/para mapas<\/p>\n","protected":false},"author":778,"featured_media":0,"parent":0,"menu_order":0,"comment_status":"closed","ping_status":"closed","template":"","meta":{"footnotes":""},"class_list":["post-1665","page","type-page","status-publish","hentry"],"_links":{"self":[{"href":"https:\/\/wp.ufpel.edu.br\/leh\/wp-json\/wp\/v2\/pages\/1665","targetHints":{"allow":["GET"]}}],"collection":[{"href":"https:\/\/wp.ufpel.edu.br\/leh\/wp-json\/wp\/v2\/pages"}],"about":[{"href":"https:\/\/wp.ufpel.edu.br\/leh\/wp-json\/wp\/v2\/types\/page"}],"author":[{"embeddable":true,"href":"https:\/\/wp.ufpel.edu.br\/leh\/wp-json\/wp\/v2\/users\/778"}],"replies":[{"embeddable":true,"href":"https:\/\/wp.ufpel.edu.br\/leh\/wp-json\/wp\/v2\/comments?post=1665"}],"version-history":[{"count":4,"href":"https:\/\/wp.ufpel.edu.br\/leh\/wp-json\/wp\/v2\/pages\/1665\/revisions"}],"predecessor-version":[{"id":1701,"href":"https:\/\/wp.ufpel.edu.br\/leh\/wp-json\/wp\/v2\/pages\/1665\/revisions\/1701"}],"wp:attachment":[{"href":"https:\/\/wp.ufpel.edu.br\/leh\/wp-json\/wp\/v2\/media?parent=1665"}],"curies":[{"name":"wp","href":"https:\/\/api.w.org\/{rel}","templated":true}]}}