{"id":1634,"date":"2022-07-05T09:46:46","date_gmt":"2022-07-05T12:46:46","guid":{"rendered":"https:\/\/wp.ufpel.edu.br\/leh\/?page_id=1634"},"modified":"2022-07-07T15:17:39","modified_gmt":"2022-07-07T18:17:39","slug":"podcast-pibid","status":"publish","type":"page","link":"https:\/\/wp.ufpel.edu.br\/leh\/podcast-pibid\/","title":{"rendered":"Podcast PIBID"},"content":{"rendered":"<p style=\"text-align: justify;\">Durante o per\u00edodo de janeiro e fevereiro de 2021, foi proposto para estudantes do PIBID Hist\u00f3ria da Universidade Federal de Pelotas a produ\u00e7\u00e3o de\u00a0<i>podcasts<\/i>. A proposta consistia em duas etapas: inicialmente, planejar o\u00a0<i>podcast\u00a0<\/i>no formato de Plano de Aula utilizando os conhecimentos acad\u00eamicos adquiridos durante o semestre de aula e a segunda parte, execut\u00e1-lo.<\/p>\n<p style=\"text-align: justify;\"><strong>Proposta do trabalho:<\/strong> a<span style=\"text-align: justify;\">\u00a0produ\u00e7\u00e3o do <\/span><em style=\"text-align: justify;\">podcast<\/em><span style=\"text-align: justify;\"> foi a segunda etapa de um trabalho realizado durante o recesso das aulas da Universidade Federal de Pelotas, em fevereiro de 2021. A proposta consistia na constru\u00e7\u00e3o de um plano de aula e sua posterior execu\u00e7\u00e3o em <\/span><em style=\"text-align: justify;\">podcast<\/em><span style=\"text-align: justify;\">. O trabalho deveria abordar bibliografias lidas no ano de 2020 nas cadeiras da gradua\u00e7\u00e3o em Hist\u00f3ria, mas voltada para o p\u00fablico alvo da educa\u00e7\u00e3o b\u00e1sica, considerando as demandas impostas pela Base Nacional Comum Curricular (BNCC). O assunto, bibliografia, ano escolar a que a aula se dirigia e produ\u00e7\u00e3o, ficou a crit\u00e9rio dos bolsistas, devendo compreender o tempo de 20 a 40 minutos. O trabalho foi conduzido pela supervisora Profa. Natiele Gon\u00e7alves Mesquita (SEDUC\/RS e Rede Municipal de Pelotas).<\/span><\/p>\n<div>\n<p dir=\"ltr\">Abaixo, alguns <em>podcasts<\/em> produzidos:<\/p>\n<ol>\n<li dir=\"ltr\">Autor: Bruno Pereira<\/li>\n<\/ol>\n<p dir=\"ltr\">\u00a0 Assunto: Queda de Roma e periodiza\u00e7\u00e3o da Hist\u00f3ria\/Dura\u00e7\u00e3o: 20\u201904<\/p>\n<p>\u00a0 Para acessar o <em>podcast <\/em><a href=\"https:\/\/drive.google.com\/file\/d\/12imLEracYgM6RmU23BxQ3OwE7t-t1X0l\/view?usp=drivesdk\">clique aqui.\u00a0<\/a><\/p>\n<ol start=\"2\">\n<li dir=\"ltr\">\n<p dir=\"ltr\">Autora: Natali Peres<\/p>\n<\/li>\n<\/ol>\n<p dir=\"ltr\">\u00a0 Assunto: Mulheres medievais\/Dura\u00e7\u00e3o: 37\u201942<\/p>\n<p dir=\"ltr\">\u00a0 Para acessar o <em>podcast<\/em> <a href=\"https:\/\/drive.google.com\/file\/d\/1JfTLk6sSicHVhXjfz690cWbeamTNNs3y\/view?usp=drivesdk\">clique aqui<\/a>.<\/p>\n<ol start=\"3\">\n<li dir=\"ltr\">\n<p dir=\"ltr\">Autora: Vit\u00f3ria Henzel<\/p>\n<\/li>\n<\/ol>\n<p dir=\"ltr\">\u00a0 Assunto: Escravid\u00e3o na Antiguidade e Medievo\/Dura\u00e7\u00e3o: 22\u201937<\/p>\n<p dir=\"ltr\">\u00a0 Para acessar o\u00a0<em>podcast<\/em> <a href=\"https:\/\/drive.google.com\/file\/d\/1Zg7EaLQM4y1beqDzSZpa9rEY8qHJSewY\/view?usp=drivesdk\">clique aqui<\/a>.<\/p>\n<p dir=\"ltr\">\n<p>&nbsp;<\/p>\n<\/div>\n","protected":false},"excerpt":{"rendered":"<p>Durante o per\u00edodo de janeiro e fevereiro de 2021, foi proposto para estudantes do PIBID Hist\u00f3ria da Universidade Federal de Pelotas a produ\u00e7\u00e3o de\u00a0podcasts. A proposta consistia em duas etapas: inicialmente, planejar o\u00a0podcast\u00a0no formato de Plano de Aula utilizando os &hellip; <a href=\"https:\/\/wp.ufpel.edu.br\/leh\/podcast-pibid\/\">Continue lendo <span class=\"meta-nav\">&rarr;<\/span><\/a><\/p>\n","protected":false},"author":778,"featured_media":0,"parent":0,"menu_order":0,"comment_status":"closed","ping_status":"closed","template":"","meta":{"footnotes":""},"class_list":["post-1634","page","type-page","status-publish","hentry"],"_links":{"self":[{"href":"https:\/\/wp.ufpel.edu.br\/leh\/wp-json\/wp\/v2\/pages\/1634","targetHints":{"allow":["GET"]}}],"collection":[{"href":"https:\/\/wp.ufpel.edu.br\/leh\/wp-json\/wp\/v2\/pages"}],"about":[{"href":"https:\/\/wp.ufpel.edu.br\/leh\/wp-json\/wp\/v2\/types\/page"}],"author":[{"embeddable":true,"href":"https:\/\/wp.ufpel.edu.br\/leh\/wp-json\/wp\/v2\/users\/778"}],"replies":[{"embeddable":true,"href":"https:\/\/wp.ufpel.edu.br\/leh\/wp-json\/wp\/v2\/comments?post=1634"}],"version-history":[{"count":3,"href":"https:\/\/wp.ufpel.edu.br\/leh\/wp-json\/wp\/v2\/pages\/1634\/revisions"}],"predecessor-version":[{"id":1761,"href":"https:\/\/wp.ufpel.edu.br\/leh\/wp-json\/wp\/v2\/pages\/1634\/revisions\/1761"}],"wp:attachment":[{"href":"https:\/\/wp.ufpel.edu.br\/leh\/wp-json\/wp\/v2\/media?parent=1634"}],"curies":[{"name":"wp","href":"https:\/\/api.w.org\/{rel}","templated":true}]}}