{"id":1632,"date":"2022-07-05T09:46:46","date_gmt":"2022-07-05T12:46:46","guid":{"rendered":"https:\/\/wp.ufpel.edu.br\/leh\/?page_id=1632"},"modified":"2022-07-05T15:25:35","modified_gmt":"2022-07-05T18:25:35","slug":"podcast","status":"publish","type":"page","link":"https:\/\/wp.ufpel.edu.br\/leh\/podcast\/","title":{"rendered":"Podcast"},"content":{"rendered":"<p style=\"text-align: justify;\">Os materiais did\u00e1ticos que seguem foram pesquisados e organizados pelos estudantes vinculados ao PIBID &#8211; Hist\u00f3ria\/UFPel, edi\u00e7\u00e3o 2020:<\/p>\n<p><img loading=\"lazy\" decoding=\"async\" class=\"wp-image-1652 alignleft\" src=\"https:\/\/wp.ufpel.edu.br\/leh\/files\/2022\/07\/forma-de-microfone-preto-icones-em-vetor-livre-criados-por-Dave-Gandy-400x400.png\" alt=\"\" width=\"101\" height=\"101\" srcset=\"https:\/\/wp.ufpel.edu.br\/leh\/files\/2022\/07\/forma-de-microfone-preto-icones-em-vetor-livre-criados-por-Dave-Gandy-400x400.png 400w, https:\/\/wp.ufpel.edu.br\/leh\/files\/2022\/07\/forma-de-microfone-preto-icones-em-vetor-livre-criados-por-Dave-Gandy-200x200.png 200w, https:\/\/wp.ufpel.edu.br\/leh\/files\/2022\/07\/forma-de-microfone-preto-icones-em-vetor-livre-criados-por-Dave-Gandy.png 512w\" sizes=\"auto, (max-width: 101px) 100vw, 101px\" \/><\/p>\n<p>&nbsp;<\/p>\n<p>&nbsp;<\/p>\n<p><a href=\"https:\/\/wp.ufpel.edu.br\/leh\/podcast-historicos\/\">Podcast Hist\u00f3ricos<\/a><\/p>\n<p>&nbsp;<\/p>\n<p><img loading=\"lazy\" decoding=\"async\" class=\"wp-image-1652 alignleft\" src=\"https:\/\/wp.ufpel.edu.br\/leh\/files\/2022\/07\/forma-de-microfone-preto-icones-em-vetor-livre-criados-por-Dave-Gandy-400x400.png\" alt=\"\" width=\"101\" height=\"101\" srcset=\"https:\/\/wp.ufpel.edu.br\/leh\/files\/2022\/07\/forma-de-microfone-preto-icones-em-vetor-livre-criados-por-Dave-Gandy-400x400.png 400w, https:\/\/wp.ufpel.edu.br\/leh\/files\/2022\/07\/forma-de-microfone-preto-icones-em-vetor-livre-criados-por-Dave-Gandy-200x200.png 200w, https:\/\/wp.ufpel.edu.br\/leh\/files\/2022\/07\/forma-de-microfone-preto-icones-em-vetor-livre-criados-por-Dave-Gandy.png 512w\" sizes=\"auto, (max-width: 101px) 100vw, 101px\" \/><\/p>\n<p>&nbsp;<\/p>\n<p>&nbsp;<\/p>\n<p><a href=\"https:\/\/wp.ufpel.edu.br\/leh\/podcast-pibid\/\">Podcast PIBID<\/a><\/p>\n<p>&nbsp;<\/p>\n<p>&nbsp;<\/p>\n<p>&nbsp;<\/p>\n","protected":false},"excerpt":{"rendered":"<p>Os materiais did\u00e1ticos que seguem foram pesquisados e organizados pelos estudantes vinculados ao PIBID &#8211; Hist\u00f3ria\/UFPel, edi\u00e7\u00e3o 2020: &nbsp; &nbsp; Podcast Hist\u00f3ricos &nbsp; &nbsp; &nbsp; Podcast PIBID &nbsp; &nbsp; &nbsp;<\/p>\n","protected":false},"author":778,"featured_media":0,"parent":0,"menu_order":0,"comment_status":"closed","ping_status":"closed","template":"","meta":{"footnotes":""},"class_list":["post-1632","page","type-page","status-publish","hentry"],"_links":{"self":[{"href":"https:\/\/wp.ufpel.edu.br\/leh\/wp-json\/wp\/v2\/pages\/1632","targetHints":{"allow":["GET"]}}],"collection":[{"href":"https:\/\/wp.ufpel.edu.br\/leh\/wp-json\/wp\/v2\/pages"}],"about":[{"href":"https:\/\/wp.ufpel.edu.br\/leh\/wp-json\/wp\/v2\/types\/page"}],"author":[{"embeddable":true,"href":"https:\/\/wp.ufpel.edu.br\/leh\/wp-json\/wp\/v2\/users\/778"}],"replies":[{"embeddable":true,"href":"https:\/\/wp.ufpel.edu.br\/leh\/wp-json\/wp\/v2\/comments?post=1632"}],"version-history":[{"count":4,"href":"https:\/\/wp.ufpel.edu.br\/leh\/wp-json\/wp\/v2\/pages\/1632\/revisions"}],"predecessor-version":[{"id":1700,"href":"https:\/\/wp.ufpel.edu.br\/leh\/wp-json\/wp\/v2\/pages\/1632\/revisions\/1700"}],"wp:attachment":[{"href":"https:\/\/wp.ufpel.edu.br\/leh\/wp-json\/wp\/v2\/media?parent=1632"}],"curies":[{"name":"wp","href":"https:\/\/api.w.org\/{rel}","templated":true}]}}