{"id":1629,"date":"2022-07-05T09:46:46","date_gmt":"2022-07-05T12:46:46","guid":{"rendered":"https:\/\/wp.ufpel.edu.br\/leh\/?page_id=1629"},"modified":"2022-07-05T15:46:57","modified_gmt":"2022-07-05T18:46:57","slug":"sites-de-conteudo-historico","status":"publish","type":"page","link":"https:\/\/wp.ufpel.edu.br\/leh\/sites-de-conteudo-historico\/","title":{"rendered":"Sites de conte\u00fado hist\u00f3rico"},"content":{"rendered":"<p style=\"text-align: justify;\">Os materiais did\u00e1ticos que seguem foram pesquisados e organizados pelos estudantes vinculados ao PIBID &#8211; Hist\u00f3ria\/UFPel, edi\u00e7\u00e3o 2020:<\/p>\n<h2 style=\"text-align: justify;\"><span style=\"font-family: times new roman, times, serif;\">Canal Nerdologia<\/span><\/h2>\n<p style=\"text-align: justify;\">\u00c9 um canal no youtube de divulga\u00e7\u00e3o cient\u00edfica, que produz dois v\u00eddeos por semana sobre hist\u00f3ria, pol\u00edtica, sociedade e ci\u00eancias. Os v\u00eddeos possuem uma narrativa \u00e1gil para explicar e expandir o assunto atrav\u00e9s um padr\u00e3o visual atrativo: sobre uma tela que simula um quadro negro, as informa\u00e7\u00f5es s\u00e3o escritas ou desenhadas em giz. S\u00e3o complementadas por ilustra\u00e7\u00f5es, colagens de fotos, anima\u00e7\u00f5es e segmentos de v\u00eddeo que remetem a filmes, seriados e livros relacionados ao tema. O canal foi criado e comandado pelo professor e doutor em biologia \u00c1tila Iamarino, e pelo professor de hist\u00f3ria Felipe Figueiredo.<\/p>\n<p style=\"text-align: center;\"><a href=\"https:\/\/www.youtube.com\/user\/nerdologia\" rel=\"noopener\">Clique aqui para acessar<\/a><\/p>\n<p>______________________________________________________________<\/p>\n<h2 style=\"text-align: justify;\"><span style=\"font-family: times new roman, times, serif;\">Canal Se liga &#8211; Enem e Vestibulares<\/span><\/h2>\n<p style=\"text-align: justify;\">Um canal desenvolvido pelo professor de Hist\u00f3ria Walter Solla junto do produtor Ary Neto, \u00e9 voltado para vestibulandos e pessoas que queiram aprender sobre os mais variados assuntos, teve como foco desde a sua cria\u00e7\u00e3o o ensino de hist\u00f3ria de forma simples e com uma linguagem acess\u00edvel. Atualmente, conta com o apoio de 18 professores com as suas especialidades, divididos nas \u00e1reas de humanas, ci\u00eancias da natureza, matem\u00e1tica, linguagem e reda\u00e7\u00e3o.<\/p>\n<p style=\"text-align: center;\"><a href=\"https:\/\/www.youtube.com\/c\/seliganessahistoria\/featured\" rel=\"noopener\">Clique aqui para acessar<\/a><\/p>\n<p>______________________________________________________________<\/p>\n<h2 style=\"text-align: justify;\"><span style=\"font-family: times new roman, times, serif;\">Canal Foca na Hist\u00f3ria<\/span><\/h2>\n<p style=\"text-align: justify;\">Foca na Hist\u00f3ria \u00e9 um canal e blog cujo conte\u00fado \u00e9 voltado para as hist\u00f3rias da Mitologia Grega e Antiga, ele possui quadrinhos pr\u00f3prios de mitos gregos, al\u00e9m da produ\u00e7\u00e3o de v\u00eddeos sobre essa tem\u00e1tica, \u00e9 administrado por Bruno \u201cDon Foca\u201d, que em suas redes sociais afirma ser um professor de hist\u00f3ria e produtor de conte\u00fados culturais. Uma caracter\u00edstica marcante, principalmente do blog, \u00e9 que possui diversas refer\u00eancia bibliogr\u00e1ficas para o acesso de todos.<\/p>\n<p style=\"text-align: center;\"><a href=\"https:\/\/www.youtube.com\/channel\/UCI5WkIKM1kPDKUR9g2ImnKQ\" rel=\"noopener\">Clique aqui para acessar<\/a><\/p>\n<p>______________________________________________________________<\/p>\n<h2 style=\"text-align: justify;\"><span style=\"font-family: times new roman, times, serif;\">Leitura ObrigaHIST\u00d3RIA<\/span><\/h2>\n<p style=\"text-align: justify;\">O Leitura ObrigaHIST\u00d3RIA \u00e9 um canal dedicado a Hist\u00f3ria P\u00fablica e demais Ci\u00eancias Humanas, focado em v\u00eddeos expositivos que buscam levar conte\u00fado acad\u00eamico a p\u00fablicos mais amplos. O canal \u00e9 formado por Icles Rodrigues (historiador e mestre em Hist\u00f3ria pela UFSC), Luanna Jalles (historiadora formada pela UFSC) e Mariane Pisani (formada em Ci\u00eancias Sociais pela UFSC, mestre em Antropologia pela UFSC e doutora em Antropologia pela USP, atualmente professora na UFT).<\/p>\n<p style=\"text-align: center;\"><a href=\"https:\/\/www.youtube.com\/c\/obrigahistoria\/\">Clique aqui para acessar<\/a><\/p>\n<p>______________________________________________________________<\/p>\n<h2 style=\"text-align: justify;\"><span style=\"font-family: times new roman, times, serif;\">Curta Hist\u00f3ria<\/span><\/h2>\n<p style=\"text-align: justify;\">O Curta Hist\u00f3ria \u00e9 um canal do Laborat\u00f3rio de Ensino de Hist\u00f3ria da Unioeste (Universidade Estadual do Oeste do Paran\u00e1) dedicado \u00e0 divulga\u00e7\u00e3o cient\u00edfica, visando auxiliar, com v\u00eddeos curtos e criativos, professores de ensino fundamental e m\u00e9dio que buscam recursos audiovisuais para suas aulas. O laborat\u00f3rio, assim como o Canal, tem como respons\u00e1vel a Prof. Claudia Monteiro e conta com o aux\u00edlio de graduandos do curso de Hist\u00f3ria Licenciatura, integrantes do Programa de Resid\u00eancia Pedag\u00f3gica.<\/p>\n<p style=\"text-align: center;\"><a href=\"https:\/\/www.youtube.com\/c\/CurtaHist\u00f3ria\/featured\" rel=\"noopener\">Clique aqui para acessar<\/a><\/p>\n<p>______________________________________________________________<\/p>\n<h2 style=\"text-align: justify;\"><span style=\"font-family: times new roman, times, serif;\">Canal Hist\u00f3ria e Tu<\/span><\/h2>\n<p style=\"text-align: justify;\">O canal Hist\u00f3ria e tu foi criado em 2013, pelos professores Danilo, que \u00e9 professor de hist\u00f3ria, e pela professora Zilmar, que \u00e9 professor de hist\u00f3ria e p\u00f3s graduando em hist\u00f3ria da arte. \u00c9 por meio da arte que os professores Danilo e Zilmar se juntaram para publicar v\u00eddeos sobre hist\u00f3ria geral, das religi\u00f5es, filosofia, cinema e m\u00fasica. Ao inv\u00e9s dos professores, os v\u00eddeos cont\u00e9m imagens, \u00e1udios e ilustra\u00e7\u00f5es e uma forma bem descontra\u00edda de ministrar os conte\u00fados que atraem muita visualiza\u00e7\u00e3o para o canal.<\/p>\n<p style=\"text-align: center;\"><a href=\"https:\/\/www.youtube.com\/channel\/UCaC3mNKKYcuAtaSuCUzU5VA\" rel=\"noopener\">Clique aqui para acessar<\/a><\/p>\n<p>______________________________________________________________<\/p>\n<h2 style=\"text-align: justify;\"><span style=\"font-family: times new roman, times, serif;\">Parab\u00f3lica<\/span><\/h2>\n<p style=\"text-align: justify;\">O canal Parab\u00f3lica foi idealizado pelo professor Pedro Renn\u00f3, graduado e especialista em Hist\u00f3ria, respectivamente, pela CBM e UFMG. O professor atua como professor de cursos preparat\u00f3rios e compartilha v\u00eddeos interativos de diversas tem\u00e1ticas, a fim de auxiliar os estudantes. As tem\u00e1ticas v\u00e3o de Hist\u00f3ria Geral \u00e0 Hist\u00f3ria do Brasil, tamb\u00e9m pontuando assuntos de cunho sociol\u00f3gico e filos\u00f3fico.<\/p>\n<p style=\"text-align: center;\"><a href=\"https:\/\/www.youtube.com\/c\/Parab\u00f3lica\" rel=\"noopener\">Clique aqui para acessar<\/a><\/p>\n<p>______________________________________________________________<\/p>\n<h2 style=\"text-align: justify;\"><span style=\"font-family: times new roman, times, serif;\">Historizando<\/span><\/h2>\n<p style=\"text-align: justify;\">O canal Historizando foi desenvolvido por Tatiana Rezende, que \u00e9 formada em Hist\u00f3ria pela UFMG em 2012 e em Comunica\u00e7\u00e3o Social (Jornalismo) tamb\u00e9m na UFMG em 2016. e conta com uma produ\u00e7\u00e3o bem trabalhada, contendo imagens e \u00e1udios e indica\u00e7\u00f5es de leitura e outras plataformas para maior entendimento do assunto. Al\u00e9m disso, o canal tamb\u00e9m disponibiliza uma s\u00e9rie de v\u00eddeos com corre\u00e7\u00f5es e resolu\u00e7\u00f5es de quest\u00f5es para o Enem e demais vestibulares e <em>lives<\/em> para discuss\u00f5es e d\u00favidas.<\/p>\n<p style=\"text-align: center;\"><a href=\"https:\/\/www.youtube.com\/c\/Historizando\" rel=\"noopener\">Clique aqui para acessar<\/a><\/p>\n<p>______________________________________________________________<\/p>\n<p><!--nextpage--><\/p>\n<h2 style=\"text-align: justify;\"><span style=\"font-family: times new roman, times, serif;\">Caixa de Hist\u00f3ria<\/span><\/h2>\n<p style=\"text-align: justify;\">Desenvolvido e escrito pelos professores Helenice Rocha Luis Reznik, Marcia Gon\u00e7alves e Rui Aniceto, da UERJ, e Marcelo Magalh\u00e3es, da Unirio, esse blog tem como objetivo apresentar o projeto \u201cCaixa de Hist\u00f3ria\u201d, que consiste em entregar uma caixa com 10 pastas contendo diferentes documentos hist\u00f3ricos e desenvolver atividades com os alunos a partir disso.<\/p>\n<p style=\"text-align: center;\"><a href=\"http:\/\/projetocaixadehistoria.blogspot.com\/\" rel=\"noopener\">Clique aqui para acessar<\/a><\/p>\n<p>______________________________________________________________<\/p>\n<h2 style=\"text-align: justify;\"><span style=\"font-family: times new roman, times, serif;\">Detetives do Passado<\/span><\/h2>\n<p style=\"text-align: justify;\">Um projeto desenvolvido por Keila Grinberg e Anita Almeida, historiadoras e professoras do Departamento de Hist\u00f3ria da UNIRIO, o blog tem como intuito divulgar as aulas, e os resultados obtidos, a partir da utiliza\u00e7\u00e3o das Oficinas de Hist\u00f3ria e nas atividades desenvolvidas nas disciplinas Metodologia do Ensino de Hist\u00f3ria e Semin\u00e1rio de Pesquisa em Ensino de Hist\u00f3ria, ministradas aos alunos do curso de gradua\u00e7\u00e3o em Hist\u00f3ria da UNIRIO.<\/p>\n<p style=\"text-align: center;\"><a href=\"http:\/\/detetivesdopassado.blogspot.com\/\" rel=\"noopener\">Clique aqui para acessar<\/a><\/p>\n<p>______________________________________________________________<\/p>\n<h2>Portal do Professor do MEC<\/h2>\n<p style=\"text-align: justify;\">O Portal se constitui em um grande banco de planos de aula elaborados por professores\/as de todo o pa\u00eds. \u00c9 poss\u00edvel procurar por temas espec\u00edficos (Ex: Revolu\u00e7\u00e3o Francesa, Grandes Navega\u00e7\u00f5es, etc) e direcionar para o p\u00fablico alvo desejado (Ensino Fundamental, Ensino M\u00e9dio, Educa\u00e7\u00e3o de Jovens e Adultos). Os Planos s\u00e3o apresentados de forma detalhada, com os objetivos de aprendizagem, o passo a passo da aula e \u00a0as propostas de atividades, com sugest\u00f5es de materiais did\u00e1ticos e audiovisuais.<\/p>\n<p style=\"text-align: center;\"><a href=\"http:\/\/portaldoprofessor.mec.gov.br\/espacoDaAula.html?fbclid=IwAR36GHJr0lbaoDSxMDdq41tMT7lTaDJWmpU3MndpT66VIKuEbyNQgXX8VUM\">Clique aqui para acessar<\/a><\/p>\n<p>______________________________________________________________<\/p>\n<h2>Ensinar Hist\u00f3ria<\/h2>\n<p style=\"text-align: justify;\">O site produzido pela autora da Cole\u00e7\u00e3o \u201cHist\u00f3ria em documento\u201d, Joelza Ester Domingues. O site disponibiliza uma s\u00e9rie de sugest\u00f5es de materiais did\u00e1ticos e paradid\u00e1ticos (jogos, documentos, contos e textos mitol\u00f3gicos, jogos educativos, infogr\u00e1ficos, etc).<\/p>\n<p style=\"text-align: center;\"><a href=\"http:\/\/www.ensinarhistoriajoelza.com.br\/?fbclid=IwAR2ZdmSFGY40viFWbAdf9OYrGK4kQUJam0dumNn2FOBcMrsUg8Q94ZiKCKo\">Clique aqui para acessar<\/a><\/p>\n<p>______________________________________________________________<\/p>\n<h2>Desenhando a Hist\u00f3ria (grupo do Facebook)<\/h2>\n<p style=\"text-align: justify;\">Com a proposta de ensinar Hist\u00f3ria a partir de desenhos, o grupo administrado por Kennedy Belo Pamplona apresenta desenhos tem\u00e1ticos bastante \u00fateis para ilustrar e refletir sobre os conte\u00fados hist\u00f3ricos, quais sejam. O conte\u00fado \u00e9 de acesso aberto e permite uma aproxima\u00e7\u00e3o importante com os alunos neste momento excepcional.<\/p>\n<p style=\"text-align: center;\"><a href=\"https:\/\/www.facebook.com\/groups\/488074715107278\/?ref=group_header\">Clique aqui para acessar<\/a><\/p>\n<p>______________________________________________________________<\/p>\n<h2>Blog do Professor Tarcivan<\/h2>\n<p>Apresenta artigos, v\u00eddeos, resumos e atividades de Hist\u00f3ria.<\/p>\n<p style=\"text-align: center;\"><a href=\"http:\/\/www.tarcivan.com\/\">Clique aqui para acessar<\/a><\/p>\n<p>______________________________________________________________<\/p>\n<h2>Caf\u00e9 Hist\u00f3ria<\/h2>\n<p style=\"text-align: justify;\">\u00c9 um portal de divulga\u00e7\u00e3o cient\u00edfica voltado para historiadores e para o p\u00fablico em geral, no qual se preza principalmente a divulga\u00e7\u00e3o da produ\u00e7\u00e3o acad\u00eamica.<\/p>\n<p style=\"text-align: center;\"><a href=\"https:\/\/www.cafehistoria.com.br\/\">Clique aqui para acessar<\/a><\/p>\n<p>______________________________________________________________<\/p>\n<h2>Blog do Professor Claudinei<\/h2>\n<p style=\"text-align: justify;\">\u00c9 um blog com conte\u00fado de Hist\u00f3ria e Geografia, destinado a alunos do ensino fundamental e m\u00e9dio, onde \u00e9 poss\u00edvel encontrar sugest\u00f5es de links, v\u00eddeos, atividades, entre outros.<\/p>\n<p style=\"text-align: center;\"><a href=\"http:\/\/profclaudineihistgeog.blogspot.com\/\">Clique aqui para acessar<\/a><\/p>\n<p>______________________________________________________________<\/p>\n<p>&nbsp;<\/p>\n","protected":false},"excerpt":{"rendered":"<p>Os materiais did\u00e1ticos que seguem foram pesquisados e organizados pelos estudantes vinculados ao PIBID &#8211; Hist\u00f3ria\/UFPel, edi\u00e7\u00e3o 2020: Canal Nerdologia \u00c9 um canal no youtube de divulga\u00e7\u00e3o cient\u00edfica, que produz dois v\u00eddeos por semana sobre hist\u00f3ria, pol\u00edtica, sociedade e ci\u00eancias. &hellip; <a href=\"https:\/\/wp.ufpel.edu.br\/leh\/sites-de-conteudo-historico\/\">Continue lendo <span class=\"meta-nav\">&rarr;<\/span><\/a><\/p>\n","protected":false},"author":778,"featured_media":0,"parent":0,"menu_order":0,"comment_status":"closed","ping_status":"closed","template":"","meta":{"footnotes":""},"class_list":["post-1629","page","type-page","status-publish","hentry"],"_links":{"self":[{"href":"https:\/\/wp.ufpel.edu.br\/leh\/wp-json\/wp\/v2\/pages\/1629","targetHints":{"allow":["GET"]}}],"collection":[{"href":"https:\/\/wp.ufpel.edu.br\/leh\/wp-json\/wp\/v2\/pages"}],"about":[{"href":"https:\/\/wp.ufpel.edu.br\/leh\/wp-json\/wp\/v2\/types\/page"}],"author":[{"embeddable":true,"href":"https:\/\/wp.ufpel.edu.br\/leh\/wp-json\/wp\/v2\/users\/778"}],"replies":[{"embeddable":true,"href":"https:\/\/wp.ufpel.edu.br\/leh\/wp-json\/wp\/v2\/comments?post=1629"}],"version-history":[{"count":6,"href":"https:\/\/wp.ufpel.edu.br\/leh\/wp-json\/wp\/v2\/pages\/1629\/revisions"}],"predecessor-version":[{"id":1702,"href":"https:\/\/wp.ufpel.edu.br\/leh\/wp-json\/wp\/v2\/pages\/1629\/revisions\/1702"}],"wp:attachment":[{"href":"https:\/\/wp.ufpel.edu.br\/leh\/wp-json\/wp\/v2\/media?parent=1629"}],"curies":[{"name":"wp","href":"https:\/\/api.w.org\/{rel}","templated":true}]}}