{"id":1374,"date":"2021-07-30T17:24:40","date_gmt":"2021-07-30T20:24:40","guid":{"rendered":"https:\/\/wp.ufpel.edu.br\/leh\/?page_id=1374"},"modified":"2021-08-23T11:06:21","modified_gmt":"2021-08-23T14:06:21","slug":"ditadura-militar","status":"publish","type":"page","link":"https:\/\/wp.ufpel.edu.br\/leh\/ditadura-militar\/","title":{"rendered":"Ditadura Militar"},"content":{"rendered":"<h1 style=\"text-align: justify\"><span style=\"font-family: times new roman, times, serif\">O tema da aula \u00e9:\u00a0 ditadura militar!<\/span><\/h1>\n<p style=\"text-align: justify\"><span style=\"font-family: times new roman, times, serif;font-size: 14pt\">Professor, professora: voc\u00ea quer abordar o tema da ditadura civil-militar no Brasil (1964-1985) em sala de aula e est\u00e1 \u00e0 procura de materiais?\u00a0 Na lista abaixo, h\u00e1 v\u00e1rios sites que disponibilizam textos, imagens, documentos da \u00e9poca, v\u00eddeos e sequ\u00eancias did\u00e1ticas, entre outras propostas direcionadas \u00e0 estudantes da Educa\u00e7\u00e3o B\u00e1sica.<\/span><\/p>\n<p style=\"text-align: justify\"><span style=\"font-family: times new roman, times, serif;font-size: 14pt\"><strong>Mem\u00f3rias Reveladas &#8211; Centro de Refer\u00eancia das Lutas Pol\u00edticas no Brasil (1964-1985). <\/strong><\/span><\/p>\n<p style=\"text-align: justify\"><span style=\"font-family: times new roman, times, serif;font-size: 14pt\">Criado em 2005, o Centro integra, em rede, diferentes arquivos com o objetivo de reconstituir a mem\u00f3ria social sobre as lutas pol\u00edticas que marcaram o per\u00edodo de ditadura militar. Neste portal \u00e9 poss\u00edvel consultar informa\u00e7\u00f5es e documentos e acessar ambientes virtuais sobre o tema, como \u00e9 o caso da \u201cRota das passeatas\u201d, \u201cLinha do Tempo\u201d e \u201cBrasil Nunca Mais\u201d, muito interessantes para o uso em sala de aula.<\/span><\/p>\n<p style=\"text-align: center\"><span style=\"font-family: times new roman, times, serif\"><span style=\"font-size: 14pt\">Acesse clicando aqui: <\/span><a href=\"http:\/\/www.memoriasreveladas.gov.br\/\"><span style=\"font-size: 14pt\">http:\/\/www.memoriasreveladas.gov.br\/<\/span><\/a><\/span><\/p>\n<hr \/>\n<p style=\"text-align: justify\"><span style=\"font-family: times new roman, times, serif;font-size: 14pt\"><strong>Hist\u00f3ria da Ditadura<\/strong><\/span><\/p>\n<p style=\"text-align: justify\"><span style=\"font-family: times new roman, times, serif;font-size: 14pt\">Trata-se de um site organizado por um grupo de historiadores que busca divulgar materiais produzidos sobre a hist\u00f3ria da ditadura no Brasil, e tamb\u00e9m registros da \u00e9poca, como documentos oficiais, imagens, v\u00eddeos, publica\u00e7\u00f5es da imprensa, depoimentos, etc. H\u00e1 uma se\u00e7\u00e3o especifica chamada \u201cNa escola\u201d, onde h\u00e1 textos sobre o ensino de tem\u00e1ticas relativas \u00e0s ditaduras e propostas de atividades e planos de aula com sugest\u00f5es de abordagem sobre tais tem\u00e1ticas.<\/span><\/p>\n<p style=\"text-align: center\"><span style=\"font-family: times new roman, times, serif\"><span style=\"font-size: 14pt\">Acesse clicando aqui:<\/span><a href=\"http:\/\/historiadaditadura.com.br\/\"><span style=\"font-size: 14pt\"> http:\/\/historiadaditadura.com.br\/<\/span><\/a><\/span><\/p>\n<hr \/>\n<p style=\"text-align: justify\"><span style=\"font-family: times new roman, times, serif;font-size: 14pt\"><strong>Mem\u00f3rias da Ditadura &#8211; Instituto Vladimir Herzog\/SDH-PR <\/strong><\/span><\/p>\n<p style=\"text-align: justify\"><span style=\"font-family: times new roman, times, serif;font-size: 14pt\">Neste site h\u00e1 v\u00e1rios materiais e abordagens sobre a ditadura; a s\u00e9rie \u201cSequ\u00eancias did\u00e1ticas\u201d, por exemplo, apresenta atividades espec\u00edficas para diferentes momentos\/caracter\u00edsticas\/temas do per\u00edodo.<\/span><\/p>\n<p style=\"text-align: center\"><span style=\"font-family: times new roman, times, serif\"><span style=\"font-size: 14pt\">Acesse clicando aqui: <\/span><a href=\"http:\/\/memoriasdaditadura.org.br\/\"><span style=\"font-size: 14pt\">http:\/\/memoriasdaditadura.org.br\/<\/span><\/a><\/span><\/p>\n<hr \/>\n<p style=\"text-align: justify\"><span style=\"font-family: times new roman, times, serif;font-size: 14pt\"><strong>Centro de Pesquisa e Documenta\u00e7\u00e3o de Hist\u00f3ria Contempor\u00e2nea do Brasil\/FGV <\/strong><\/span><\/p>\n<p style=\"text-align: justify\"><span style=\"font-family: times new roman, times, serif;font-size: 14pt\">Neste site podemos encontrar e baixar artigos e livros sobre o per\u00edodo militar, imagens, informa\u00e7\u00f5es e documentos relacionados ao tema, al\u00e9m de depoimentos concedidos ao Programa de Hist\u00f3ria Oral da Institui\u00e7\u00e3o, que conta com entrevistas realizadas com in\u00fameros pol\u00edticos, membros das For\u00e7as Armadas e de diferentes entidades e institui\u00e7\u00f5es.<\/span><\/p>\n<p style=\"text-align: center\"><span style=\"font-family: times new roman, times, serif\"><span style=\"font-size: 14pt\">Acesse clicando aqui: <\/span><a href=\"http:\/\/www.cpdoc.fgv.br\"><span style=\"font-size: 14pt\">http:\/\/www.cpdoc.fgv.br<\/span><\/a><\/span><\/p>\n<hr \/>\n<p style=\"text-align: justify\"><span style=\"font-family: times new roman, times, serif;font-size: 14pt\"><strong>Projeto &#8220;Resist\u00eancia em Arquivo: Mem\u00f3ria e Hist\u00f3ria da Ditadura&#8221; \u2013 Arquivo P\u00fablico do Rio Grande do Sul<\/strong><\/span><\/p>\n<p style=\"text-align: justify\"><span style=\"font-family: times new roman, times, serif;font-size: 14pt\">O projeto disponibiliza v\u00e1rias propostas de atividades did\u00e1ticas com documentos da ditadura.\u00a0Recentemente, foi publicada uma colet\u00e2nea com as propostas desenvolvidas no ano de 2014.<\/span><\/p>\n<p style=\"text-align: center\"><span style=\"font-family: times new roman, times, serif;font-size: 14pt\">A colet\u00e2nea est\u00e1 dispon\u00edvel atrav\u00e9s do link: <a href=\"https:\/\/arquivopublicors.files.wordpress.com\/2015\/08\/publicac3a7c3a3o-final.pdf\">https:\/\/arquivopublicors.files.wordpress.com\/2015\/08\/publicac3a7c3a3o-final.pdf<\/a><\/span><\/p>\n<p style=\"text-align: center\"><span style=\"font-family: times new roman, times, serif\"><span style=\"font-size: 14pt\">Acesse o site clicando aqui: <\/span><a href=\"https:\/\/resistenciaemarquivo.wordpress.com\/\"><span style=\"font-size: 14pt\">https:\/\/resistenciaemarquivo.wordpress.com\/<\/span><\/a><\/span><\/p>\n<p style=\"text-align: justify\"><span style=\"font-family: times new roman, times, serif\"><!--nextpage--><\/span><\/p>\n<p style=\"text-align: justify\"><span style=\"font-family: times new roman, times, serif;font-size: 14pt\"><strong>Arquivo Nacional<\/strong><\/span><br \/>\n<span style=\"font-family: times new roman, times, serif;font-size: 14pt\">O site do Arquivo Nacional \u00e9 primordial para buscar documentos hist\u00f3ricos. \u00c9 a \u00e1rea de trabalho remota dos historiadores e pesquisadores. No caso da ditadura, por l\u00e1 \u00e9 poss\u00edvel encontrar documentos valiosos sobre a atua\u00e7\u00e3o da censura, por exemplo. Para isto, basta fazer um cadastro simples e acessar a aba (localizada \u00e0 esquerda) Servi\u00e7os ao Cidad\u00e3o\/Consulta a Acervo\/SIAN. Assim, \u00e9 poss\u00edvel pesquisar por palavras-chave e selecionar o per\u00edodo desejado. H\u00e1 milhares de arquivos dispon\u00edveis na plataforma para acesso direto e download. Como fonte prim\u00e1ria, seu uso \u00e9 de grande valia para a produ\u00e7\u00e3o de conhecimento hist\u00f3rico, seja a partir do emprego dos documentos para historicizar um fato, ou para a produ\u00e7\u00e3o de atividades de an\u00e1lise documental. Uma sugest\u00e3o de trabalho com documentos sobre a ditadura seria encontrar, por exemplo, um arquivo da censura de divers\u00f5es p\u00fablicas (de m\u00fasicas, novelas, filmes, pe\u00e7as) e analis\u00e1-lo em sala, com os alunos, a fim de debater as formas de atua\u00e7\u00e3o da censura e consequente supress\u00e3o de direitos e liberdades, comum nos governos militares.<\/span><\/p>\n<p style=\"text-align: center\"><span style=\"font-family: times new roman, times, serif\"><span style=\"font-size: 14pt\">Link de acesso ao site: <\/span><a href=\"http:\/\/arquivonacional.gov.br\/br\/\"><span style=\"font-size: 14pt\">http:\/\/arquivonacional.gov.br\/br\/<\/span><\/a><\/span><\/p>\n<hr \/>\n<p style=\"text-align: justify\"><span style=\"font-family: times new roman, times, serif;font-size: 14pt\"><strong>Sugest\u00e3o de leitura<\/strong><\/span><br \/>\n<span style=\"font-family: times new roman, times, serif;font-size: 14pt\">O artigo discute a import\u00e2ncia da m\u00fasica de protesto, composta durante o per\u00edodo ditatorial, enquanto documento hist\u00f3rico e instrumento did\u00e1tico, visando auxiliar o professor a preparar uma aula mais cr\u00edtica e, ao mesmo tempo, enriquecida pedagogicamente.<\/span><\/p>\n<p style=\"text-align: center\"><span style=\"font-family: times new roman, times, serif;font-size: 14pt\">Link de acesso: <a href=\"https:\/\/periodicos.unemat.br\/index.php\/ppgedu\/article\/view\/3858\">https:\/\/periodicos.unemat.br\/index.php\/ppgedu\/article\/view\/3858<\/a><\/span><\/p>\n<hr \/>\n<p style=\"text-align: justify\">\n","protected":false},"excerpt":{"rendered":"<p>O tema da aula \u00e9:\u00a0 ditadura militar! Professor, professora: voc\u00ea quer abordar o tema da ditadura civil-militar no Brasil (1964-1985) em sala de aula e est\u00e1 \u00e0 procura de materiais?\u00a0 Na lista abaixo, h\u00e1 v\u00e1rios sites que disponibilizam textos, imagens, &hellip; <a href=\"https:\/\/wp.ufpel.edu.br\/leh\/ditadura-militar\/\">Continue lendo <span class=\"meta-nav\">&rarr;<\/span><\/a><\/p>\n","protected":false},"author":778,"featured_media":0,"parent":0,"menu_order":0,"comment_status":"closed","ping_status":"closed","template":"","meta":{"footnotes":""},"class_list":["post-1374","page","type-page","status-publish","hentry"],"_links":{"self":[{"href":"https:\/\/wp.ufpel.edu.br\/leh\/wp-json\/wp\/v2\/pages\/1374","targetHints":{"allow":["GET"]}}],"collection":[{"href":"https:\/\/wp.ufpel.edu.br\/leh\/wp-json\/wp\/v2\/pages"}],"about":[{"href":"https:\/\/wp.ufpel.edu.br\/leh\/wp-json\/wp\/v2\/types\/page"}],"author":[{"embeddable":true,"href":"https:\/\/wp.ufpel.edu.br\/leh\/wp-json\/wp\/v2\/users\/778"}],"replies":[{"embeddable":true,"href":"https:\/\/wp.ufpel.edu.br\/leh\/wp-json\/wp\/v2\/comments?post=1374"}],"version-history":[{"count":4,"href":"https:\/\/wp.ufpel.edu.br\/leh\/wp-json\/wp\/v2\/pages\/1374\/revisions"}],"predecessor-version":[{"id":1387,"href":"https:\/\/wp.ufpel.edu.br\/leh\/wp-json\/wp\/v2\/pages\/1374\/revisions\/1387"}],"wp:attachment":[{"href":"https:\/\/wp.ufpel.edu.br\/leh\/wp-json\/wp\/v2\/media?parent=1374"}],"curies":[{"name":"wp","href":"https:\/\/api.w.org\/{rel}","templated":true}]}}