{"id":1348,"date":"2021-07-30T13:14:27","date_gmt":"2021-07-30T16:14:27","guid":{"rendered":"https:\/\/wp.ufpel.edu.br\/leh\/?page_id=1348"},"modified":"2023-06-30T16:40:47","modified_gmt":"2023-06-30T19:40:47","slug":"livros-digitalizados","status":"publish","type":"page","link":"https:\/\/wp.ufpel.edu.br\/leh\/livros-digitalizados\/","title":{"rendered":"Livros Digitalizados"},"content":{"rendered":"<p>Disponibilizamos os livros digitalizados at\u00e9 o momento pertencentes a cole\u00e7\u00e3o I, dispon\u00edveis no acervo do LEH:<\/p>\n<h2 style=\"text-align: justify;\">SERRANO, Jonathas. Ep\u00edtome de Hist\u00f3ria do Brasil. 4\u00aa ed. F. Briguiet &amp; Cia. 1944.<a href=\"https:\/\/drive.google.com\/file\/d\/1C7OOXCyxrDiVrSv0pGHqNRTwjFdaEVp_\/view?usp=sharing\"><img loading=\"lazy\" decoding=\"async\" class=\"aligncenter wp-image-1356\" src=\"https:\/\/wp.ufpel.edu.br\/leh\/files\/2021\/07\/epitome-de-Historia-do-Brasil-214x400.png\" alt=\"\" width=\"200\" height=\"374\" \/><\/a><\/h2>\n<p style=\"text-align: center;\">Para acessar a obra completa: <a href=\"https:\/\/drive.google.com\/file\/d\/1C7OOXCyxrDiVrSv0pGHqNRTwjFdaEVp_\/view?usp=sharing\">Clique aqui<\/a><\/p>\n<hr \/>\n<h2 style=\"text-align: justify;\">SILVA, Joaquim. Hist\u00f3ria do Brasil para o quarto ano ginasial. 8\u00aa ed. Companhia editora nacional. 1943.<a href=\"https:\/\/drive.google.com\/file\/d\/1EcYAFf7jkWnPXcaoKsFAg4MmpLo-C6LE\/view?usp=sharing\"><img loading=\"lazy\" decoding=\"async\" class=\"aligncenter wp-image-1357\" src=\"https:\/\/wp.ufpel.edu.br\/leh\/files\/2021\/07\/Historia-do-Brasil-265x400.png\" alt=\"\" width=\"200\" height=\"302\" \/><\/a><\/h2>\n<p style=\"text-align: center;\">Para acessar a obra completa: <a href=\"https:\/\/drive.google.com\/file\/d\/1EcYAFf7jkWnPXcaoKsFAg4MmpLo-C6LE\/view?usp=sharing\">clique aqui<\/a><\/p>\n<hr \/>\n<p>&nbsp;<\/p>\n","protected":false},"excerpt":{"rendered":"<p>Disponibilizamos os livros digitalizados at\u00e9 o momento pertencentes a cole\u00e7\u00e3o I, dispon\u00edveis no acervo do LEH: SERRANO, Jonathas. Ep\u00edtome de Hist\u00f3ria do Brasil. 4\u00aa ed. F. Briguiet &amp; Cia. 1944. Para acessar a obra completa: Clique aqui SILVA, Joaquim. Hist\u00f3ria &hellip; <a href=\"https:\/\/wp.ufpel.edu.br\/leh\/livros-digitalizados\/\">Continue lendo <span class=\"meta-nav\">&rarr;<\/span><\/a><\/p>\n","protected":false},"author":778,"featured_media":0,"parent":0,"menu_order":0,"comment_status":"closed","ping_status":"closed","template":"","meta":{"footnotes":""},"class_list":["post-1348","page","type-page","status-publish","hentry"],"_links":{"self":[{"href":"https:\/\/wp.ufpel.edu.br\/leh\/wp-json\/wp\/v2\/pages\/1348","targetHints":{"allow":["GET"]}}],"collection":[{"href":"https:\/\/wp.ufpel.edu.br\/leh\/wp-json\/wp\/v2\/pages"}],"about":[{"href":"https:\/\/wp.ufpel.edu.br\/leh\/wp-json\/wp\/v2\/types\/page"}],"author":[{"embeddable":true,"href":"https:\/\/wp.ufpel.edu.br\/leh\/wp-json\/wp\/v2\/users\/778"}],"replies":[{"embeddable":true,"href":"https:\/\/wp.ufpel.edu.br\/leh\/wp-json\/wp\/v2\/comments?post=1348"}],"version-history":[{"count":8,"href":"https:\/\/wp.ufpel.edu.br\/leh\/wp-json\/wp\/v2\/pages\/1348\/revisions"}],"predecessor-version":[{"id":2318,"href":"https:\/\/wp.ufpel.edu.br\/leh\/wp-json\/wp\/v2\/pages\/1348\/revisions\/2318"}],"wp:attachment":[{"href":"https:\/\/wp.ufpel.edu.br\/leh\/wp-json\/wp\/v2\/media?parent=1348"}],"curies":[{"name":"wp","href":"https:\/\/api.w.org\/{rel}","templated":true}]}}