{"id":26,"date":"2015-12-25T16:25:09","date_gmt":"2015-12-25T18:25:09","guid":{"rendered":"https:\/\/wp.ufpel.edu.br\/legin\/?page_id=26"},"modified":"2024-05-13T15:20:04","modified_gmt":"2024-05-13T18:20:04","slug":"equipe","status":"publish","type":"page","link":"https:\/\/wp.ufpel.edu.br\/legin\/equipe\/","title":{"rendered":"Equipe"},"content":{"rendered":"<p><span style=\"font-size: 12pt;\"><strong><span style=\"font-family: tahoma, arial, helvetica, sans-serif;\">COORDENADORES<\/span><\/strong><\/span><\/p>\n<p><span style=\"font-size: 12pt; font-family: tahoma, arial, helvetica, sans-serif;\">Dr. <a href=\"http:\/\/lattes.cnpq.br\/1010854680087943\" target=\"_blank\" rel=\"noopener\">Marco Antonio Tonus Marinho<\/a><\/span><\/p>\n<p><span style=\"font-size: 12pt; font-family: tahoma, arial, helvetica, sans-serif;\">Dr. <a href=\"http:\/\/lattes.cnpq.br\/3632078197153438\" target=\"_blank\" rel=\"noopener\">Marco Silva Gottschalk<\/a><\/span><\/p>\n<p><span style=\"font-size: 12pt; font-family: tahoma, arial, helvetica, sans-serif;\">Dra. <a href=\"http:\/\/lattes.cnpq.br\/2719193494210903\" target=\"_blank\" rel=\"noopener\">Monica Laner Blauth<\/a><\/span><\/p>\n<p>&nbsp;<\/p>\n<p><span style=\"font-family: tahoma, arial, helvetica, sans-serif; font-size: 12pt;\"><strong>ACAD\u00caMICOS<\/strong><\/span><\/p>\n<p><strong><span style=\"font-family: tahoma, arial, helvetica, sans-serif; font-size: 12pt;\">Inicia\u00e7\u00e3o cient\u00edfica \/ TCC<\/span><\/strong><\/p>\n<p><span style=\"font-family: tahoma, arial, helvetica, sans-serif; font-size: 12pt;\"><em><a href=\"http:\/\/lattes.cnpq.br\/7174474877005711\" target=\"_blank\" rel=\"noopener\">La\u00eds Cardoso Valad\u00e3o<\/a><\/em>. In\u00edcio: 2023. Ci\u00eancias Biol\u00f3gicas &#8211; Universidade Federal de Pelotas. Bolsista FAPERGS. Orientador: Marco Antonio Tonus Marinho<\/span><\/p>\n<p><span style=\"font-family: tahoma, arial, helvetica, sans-serif; font-size: 12pt;\"><em><a href=\"http:\/\/lattes.cnpq.br\/0660358978388627\" target=\"_blank\" rel=\"noopener\">Murilo dos Santos Fernandes<\/a><\/em>. In\u00edcio: 2023. Ci\u00eancias Biol\u00f3gicas &#8211; Universidade Federal de Pelotas. Bolsista CNPq. Orientador: Marco Silva Gottschalk<\/span><\/p>\n<p><span style=\"font-family: tahoma, arial, helvetica, sans-serif; font-size: 12pt;\"><em><a href=\"http:\/\/lattes.cnpq.br\/1967205574519412\" target=\"_blank\" rel=\"noopener\">Rafaela Clack Meggiato<\/a><\/em>. In\u00edcio: 2023. Ci\u00eancias Biol\u00f3gicas &#8211; Universidade Federal de Pelotas. Orientadora: Monica Laner Blauth.<\/span><\/p>\n<p>&nbsp;<\/p>\n<p><span style=\"font-size: 12pt; font-family: tahoma, arial, helvetica, sans-serif;\"><strong>Mestrandos<\/strong><\/span><\/p>\n<p><span style=\"font-family: tahoma, arial, helvetica, sans-serif; font-size: 12pt;\"><em><a href=\"http:\/\/lattes.cnpq.br\/6144412066664259\">Bibiana Luizi Groff<\/a><\/em>. In\u00edcio: 2024. PPG Biodiversidade Animal &#8211; Universidade Federal de Pelotas. Bolsista: CAPES. Orientador: Marco Silva Gottschalk<\/span><\/p>\n<p><em><a href=\"http:\/\/lattes.cnpq.br\/8373369643866831\" target=\"_blank\" rel=\"noopener\"><span style=\"font-family: tahoma, arial, helvetica, sans-serif; font-size: 12pt;\">Martim Braulio Peres Silva<\/span><\/a><\/em><span style=\"font-family: tahoma, arial, helvetica, sans-serif; font-size: 12pt;\">. In\u00edcio: 2024. PPG Biodiversidade Animal &#8211; Universidade Federal de Pelotas. Bolsista: CAPES.\u00a0Orientador: Marco Silva Gottschalk. <\/span><span style=\"font-family: tahoma, arial, helvetica, sans-serif; font-size: medium;\">Coorientadora: Juliana Cordeiro (IB &#8211; UFPel).<\/span><\/p>\n<p>&nbsp;<\/p>\n<p><span style=\"font-size: 12pt; font-family: tahoma, arial, helvetica, sans-serif;\"><strong>Doutorandos<\/strong><\/span><\/p>\n<p><span style=\"font-family: tahoma, arial, helvetica, sans-serif; font-size: 12pt;\"><em><a href=\"http:\/\/lattes.cnpq.br\/2112925139352722\" target=\"_blank\" rel=\"noopener\">Camila Furtado Dalmorra Barcelos<\/a><\/em>. Levantamento de d\u00edpteros simbovinos em Pelotas-RS. In\u00edcio: 2023. PPG Microbiologia e Parasitologia &#8211; Universidade Federal de Pelotas Bolsista: CAPES. Orientador: Rodrigo Casqueiro Cunha (FV &#8211; UFPel). Coorientador: Marco Antonio Tonus Marinho.<\/span><\/p>\n","protected":false},"excerpt":{"rendered":"<p>COORDENADORES Dr. Marco Antonio Tonus Marinho Dr. Marco Silva Gottschalk Dra. Monica Laner Blauth &nbsp; ACAD\u00caMICOS Inicia\u00e7\u00e3o cient\u00edfica \/ TCC La\u00eds Cardoso Valad\u00e3o. In\u00edcio: 2023. Ci\u00eancias Biol\u00f3gicas &#8211; Universidade Federal de Pelotas. Bolsista FAPERGS. Orientador: Marco Antonio Tonus Marinho Murilo dos Santos Fernandes. In\u00edcio: 2023. Ci\u00eancias Biol\u00f3gicas &#8211; Universidade Federal de Pelotas. Bolsista CNPq. Orientador: &hellip; <a href=\"https:\/\/wp.ufpel.edu.br\/legin\/equipe\/\" class=\"more-link\">Continuar lendo <span class=\"screen-reader-text\">Equipe<\/span><\/a><\/p>\n","protected":false},"author":603,"featured_media":0,"parent":0,"menu_order":1,"comment_status":"closed","ping_status":"closed","template":"","meta":{"footnotes":""},"class_list":["post-26","page","type-page","status-publish","hentry"],"jetpack_sharing_enabled":true,"_links":{"self":[{"href":"https:\/\/wp.ufpel.edu.br\/legin\/wp-json\/wp\/v2\/pages\/26","targetHints":{"allow":["GET"]}}],"collection":[{"href":"https:\/\/wp.ufpel.edu.br\/legin\/wp-json\/wp\/v2\/pages"}],"about":[{"href":"https:\/\/wp.ufpel.edu.br\/legin\/wp-json\/wp\/v2\/types\/page"}],"author":[{"embeddable":true,"href":"https:\/\/wp.ufpel.edu.br\/legin\/wp-json\/wp\/v2\/users\/603"}],"replies":[{"embeddable":true,"href":"https:\/\/wp.ufpel.edu.br\/legin\/wp-json\/wp\/v2\/comments?post=26"}],"version-history":[{"count":33,"href":"https:\/\/wp.ufpel.edu.br\/legin\/wp-json\/wp\/v2\/pages\/26\/revisions"}],"predecessor-version":[{"id":252,"href":"https:\/\/wp.ufpel.edu.br\/legin\/wp-json\/wp\/v2\/pages\/26\/revisions\/252"}],"wp:attachment":[{"href":"https:\/\/wp.ufpel.edu.br\/legin\/wp-json\/wp\/v2\/media?parent=26"}],"curies":[{"name":"wp","href":"https:\/\/api.w.org\/{rel}","templated":true}]}}