{"id":250,"date":"2024-05-11T22:16:20","date_gmt":"2024-05-12T01:16:20","guid":{"rendered":"https:\/\/wp.ufpel.edu.br\/legin\/?page_id=250"},"modified":"2024-05-11T22:21:06","modified_gmt":"2024-05-12T01:21:06","slug":"galeria-de-fotos","status":"publish","type":"page","link":"https:\/\/wp.ufpel.edu.br\/legin\/galeria-de-fotos\/","title":{"rendered":"Galeria de fotos"},"content":{"rendered":"<p>&nbsp;<\/p>\n<figure id=\"attachment_228\" aria-describedby=\"caption-attachment-228\" style=\"width: 424px\" class=\"wp-caption alignnone\"><a href=\"https:\/\/wp.ufpel.edu.br\/legin\/files\/2022\/01\/bibiana-coleta-fungos-i-scaled.jpg\"><img loading=\"lazy\" decoding=\"async\" class=\"size-medium wp-image-228\" src=\"https:\/\/wp.ufpel.edu.br\/legin\/files\/2022\/01\/bibiana-coleta-fungos-i-424x239.jpg\" alt=\"\" width=\"424\" height=\"239\" srcset=\"https:\/\/wp.ufpel.edu.br\/legin\/files\/2022\/01\/bibiana-coleta-fungos-i-424x239.jpg 424w, https:\/\/wp.ufpel.edu.br\/legin\/files\/2022\/01\/bibiana-coleta-fungos-i-212x119.jpg 212w, https:\/\/wp.ufpel.edu.br\/legin\/files\/2022\/01\/bibiana-coleta-fungos-i-768x432.jpg 768w, https:\/\/wp.ufpel.edu.br\/legin\/files\/2022\/01\/bibiana-coleta-fungos-i-1536x864.jpg 1536w, https:\/\/wp.ufpel.edu.br\/legin\/files\/2022\/01\/bibiana-coleta-fungos-i-2048x1152.jpg 2048w\" sizes=\"auto, (max-width: 424px) 100vw, 424px\" \/><\/a><figcaption id=\"caption-attachment-228\" class=\"wp-caption-text\">Bibiana Luizi Groff coletando fungos para an\u00e1lise da fauna emergente de insetos no Horto Bot\u00e2nico Irm\u00e3o Teorodo Lu\u00eds &#8211; Cap\u00e3o do Le\u00e3o, RS<\/figcaption><\/figure>\n<figure id=\"attachment_211\" aria-describedby=\"caption-attachment-211\" style=\"width: 424px\" class=\"wp-caption alignnone\"><a href=\"https:\/\/wp.ufpel.edu.br\/legin\/files\/2020\/05\/XISEGED-Poster-44-scaled.jpg\"><img loading=\"lazy\" decoding=\"async\" class=\"size-medium wp-image-211\" src=\"https:\/\/wp.ufpel.edu.br\/legin\/files\/2020\/05\/XISEGED-Poster-44-424x238.jpg\" alt=\"\" width=\"424\" height=\"238\" srcset=\"https:\/\/wp.ufpel.edu.br\/legin\/files\/2020\/05\/XISEGED-Poster-44-424x238.jpg 424w, https:\/\/wp.ufpel.edu.br\/legin\/files\/2020\/05\/XISEGED-Poster-44-212x119.jpg 212w, https:\/\/wp.ufpel.edu.br\/legin\/files\/2020\/05\/XISEGED-Poster-44-768x432.jpg 768w, https:\/\/wp.ufpel.edu.br\/legin\/files\/2020\/05\/XISEGED-Poster-44-1536x863.jpg 1536w, https:\/\/wp.ufpel.edu.br\/legin\/files\/2020\/05\/XISEGED-Poster-44-2048x1151.jpg 2048w\" sizes=\"auto, (max-width: 424px) 100vw, 424px\" \/><\/a><figcaption id=\"caption-attachment-211\" class=\"wp-caption-text\">Marcos Henrique Frech Telles no XI SEGED<\/figcaption><\/figure>\n<figure id=\"attachment_210\" aria-describedby=\"caption-attachment-210\" style=\"width: 424px\" class=\"wp-caption alignnone\"><a href=\"https:\/\/wp.ufpel.edu.br\/legin\/files\/2020\/05\/XISEGED-Poster-28-scaled.jpg\"><img loading=\"lazy\" decoding=\"async\" class=\"size-medium wp-image-210\" src=\"https:\/\/wp.ufpel.edu.br\/legin\/files\/2020\/05\/XISEGED-Poster-28-424x238.jpg\" alt=\"\" width=\"424\" height=\"238\" srcset=\"https:\/\/wp.ufpel.edu.br\/legin\/files\/2020\/05\/XISEGED-Poster-28-424x238.jpg 424w, https:\/\/wp.ufpel.edu.br\/legin\/files\/2020\/05\/XISEGED-Poster-28-212x119.jpg 212w, https:\/\/wp.ufpel.edu.br\/legin\/files\/2020\/05\/XISEGED-Poster-28-768x432.jpg 768w, https:\/\/wp.ufpel.edu.br\/legin\/files\/2020\/05\/XISEGED-Poster-28-1536x863.jpg 1536w, https:\/\/wp.ufpel.edu.br\/legin\/files\/2020\/05\/XISEGED-Poster-28-2048x1151.jpg 2048w\" sizes=\"auto, (max-width: 424px) 100vw, 424px\" \/><\/a><figcaption id=\"caption-attachment-210\" class=\"wp-caption-text\">Mayara Ferreira Mendes, Laura Viana, Angel Larroza, Nat\u00e1lia Vizenci, Camila Dalmorra no XI SEGED<\/figcaption><\/figure>\n<figure id=\"attachment_208\" aria-describedby=\"caption-attachment-208\" style=\"width: 179px\" class=\"wp-caption alignnone\"><a href=\"https:\/\/wp.ufpel.edu.br\/legin\/files\/2020\/05\/XISEGED-Poster-21-scaled.jpg\"><img loading=\"lazy\" decoding=\"async\" class=\"size-medium wp-image-208\" src=\"https:\/\/wp.ufpel.edu.br\/legin\/files\/2020\/05\/XISEGED-Poster-21-179x318.jpg\" alt=\"\" width=\"179\" height=\"318\" srcset=\"https:\/\/wp.ufpel.edu.br\/legin\/files\/2020\/05\/XISEGED-Poster-21-179x318.jpg 179w, https:\/\/wp.ufpel.edu.br\/legin\/files\/2020\/05\/XISEGED-Poster-21-89x159.jpg 89w, https:\/\/wp.ufpel.edu.br\/legin\/files\/2020\/05\/XISEGED-Poster-21-768x1367.jpg 768w, https:\/\/wp.ufpel.edu.br\/legin\/files\/2020\/05\/XISEGED-Poster-21-863x1536.jpg 863w, https:\/\/wp.ufpel.edu.br\/legin\/files\/2020\/05\/XISEGED-Poster-21-1151x2048.jpg 1151w, https:\/\/wp.ufpel.edu.br\/legin\/files\/2020\/05\/XISEGED-Poster-21-scaled.jpg 1438w\" sizes=\"auto, (max-width: 179px) 100vw, 179px\" \/><\/a><figcaption id=\"caption-attachment-208\" class=\"wp-caption-text\">Mayara Ferreira Mendes no XISEGED<\/figcaption><\/figure>\n<figure id=\"attachment_207\" aria-describedby=\"caption-attachment-207\" style=\"width: 179px\" class=\"wp-caption alignnone\"><a href=\"https:\/\/wp.ufpel.edu.br\/legin\/files\/2020\/05\/XISEGED-Poster-13-scaled.jpg\"><img loading=\"lazy\" decoding=\"async\" class=\"size-medium wp-image-207\" src=\"https:\/\/wp.ufpel.edu.br\/legin\/files\/2020\/05\/XISEGED-Poster-13-179x318.jpg\" alt=\"\" width=\"179\" height=\"318\" srcset=\"https:\/\/wp.ufpel.edu.br\/legin\/files\/2020\/05\/XISEGED-Poster-13-179x318.jpg 179w, https:\/\/wp.ufpel.edu.br\/legin\/files\/2020\/05\/XISEGED-Poster-13-89x159.jpg 89w, https:\/\/wp.ufpel.edu.br\/legin\/files\/2020\/05\/XISEGED-Poster-13-768x1367.jpg 768w, https:\/\/wp.ufpel.edu.br\/legin\/files\/2020\/05\/XISEGED-Poster-13-863x1536.jpg 863w, https:\/\/wp.ufpel.edu.br\/legin\/files\/2020\/05\/XISEGED-Poster-13-1151x2048.jpg 1151w, https:\/\/wp.ufpel.edu.br\/legin\/files\/2020\/05\/XISEGED-Poster-13-scaled.jpg 1438w\" sizes=\"auto, (max-width: 179px) 100vw, 179px\" \/><\/a><figcaption id=\"caption-attachment-207\" class=\"wp-caption-text\">Robson Crepes Correia no XI SEGED<\/figcaption><\/figure>\n<figure id=\"attachment_209\" aria-describedby=\"caption-attachment-209\" style=\"width: 424px\" class=\"wp-caption alignnone\"><a href=\"https:\/\/wp.ufpel.edu.br\/legin\/files\/2020\/05\/XISEGED-Poster-24-scaled.jpg\"><img loading=\"lazy\" decoding=\"async\" class=\"size-medium wp-image-209\" src=\"https:\/\/wp.ufpel.edu.br\/legin\/files\/2020\/05\/XISEGED-Poster-24-424x238.jpg\" alt=\"\" width=\"424\" height=\"238\" srcset=\"https:\/\/wp.ufpel.edu.br\/legin\/files\/2020\/05\/XISEGED-Poster-24-424x238.jpg 424w, https:\/\/wp.ufpel.edu.br\/legin\/files\/2020\/05\/XISEGED-Poster-24-212x119.jpg 212w, https:\/\/wp.ufpel.edu.br\/legin\/files\/2020\/05\/XISEGED-Poster-24-768x432.jpg 768w, https:\/\/wp.ufpel.edu.br\/legin\/files\/2020\/05\/XISEGED-Poster-24-1536x863.jpg 1536w, https:\/\/wp.ufpel.edu.br\/legin\/files\/2020\/05\/XISEGED-Poster-24-2048x1151.jpg 2048w\" sizes=\"auto, (max-width: 424px) 100vw, 424px\" \/><\/a><figcaption id=\"caption-attachment-209\" class=\"wp-caption-text\">Hermes Jos\u00e9 Schmitz, Yasmin Abelaira Silveira, Monica Laner Blauth, Vera L\u00facia da Silva Valente Gaiesky no XI SEGED<\/figcaption><\/figure>\n<figure id=\"attachment_206\" aria-describedby=\"caption-attachment-206\" style=\"width: 179px\" class=\"wp-caption alignnone\"><a href=\"https:\/\/wp.ufpel.edu.br\/legin\/files\/2020\/05\/XISEGED-Poster-11-scaled.jpg\"><img loading=\"lazy\" decoding=\"async\" class=\"size-medium wp-image-206\" src=\"https:\/\/wp.ufpel.edu.br\/legin\/files\/2020\/05\/XISEGED-Poster-11-179x318.jpg\" alt=\"\" width=\"179\" height=\"318\" srcset=\"https:\/\/wp.ufpel.edu.br\/legin\/files\/2020\/05\/XISEGED-Poster-11-179x318.jpg 179w, https:\/\/wp.ufpel.edu.br\/legin\/files\/2020\/05\/XISEGED-Poster-11-89x159.jpg 89w, https:\/\/wp.ufpel.edu.br\/legin\/files\/2020\/05\/XISEGED-Poster-11-768x1367.jpg 768w, https:\/\/wp.ufpel.edu.br\/legin\/files\/2020\/05\/XISEGED-Poster-11-863x1536.jpg 863w, https:\/\/wp.ufpel.edu.br\/legin\/files\/2020\/05\/XISEGED-Poster-11-1151x2048.jpg 1151w, https:\/\/wp.ufpel.edu.br\/legin\/files\/2020\/05\/XISEGED-Poster-11-scaled.jpg 1438w\" sizes=\"auto, (max-width: 179px) 100vw, 179px\" \/><\/a><figcaption id=\"caption-attachment-206\" class=\"wp-caption-text\">Yasmin Abelaira Silveira no XI SEGED<\/figcaption><\/figure>\n<figure id=\"attachment_55\" aria-describedby=\"caption-attachment-55\" style=\"width: 424px\" class=\"wp-caption alignnone\"><a href=\"https:\/\/wp.ufpel.edu.br\/legin\/files\/2015\/12\/Coleta-restinga-Mo\u00e7ambique.jpg\"><img loading=\"lazy\" decoding=\"async\" class=\"size-medium wp-image-55\" src=\"https:\/\/wp.ufpel.edu.br\/legin\/files\/2015\/12\/Coleta-restinga-Mo\u00e7ambique-424x318.jpg\" alt=\"\" width=\"424\" height=\"318\" srcset=\"https:\/\/wp.ufpel.edu.br\/legin\/files\/2015\/12\/Coleta-restinga-Mo\u00e7ambique-424x318.jpg 424w, https:\/\/wp.ufpel.edu.br\/legin\/files\/2015\/12\/Coleta-restinga-Mo\u00e7ambique-212x159.jpg 212w, https:\/\/wp.ufpel.edu.br\/legin\/files\/2015\/12\/Coleta-restinga-Mo\u00e7ambique-768x576.jpg 768w\" sizes=\"auto, (max-width: 424px) 100vw, 424px\" \/><\/a><figcaption id=\"caption-attachment-55\" class=\"wp-caption-text\">Marco Silva Gottschalk, Eduardo Cardoso, Monica Laner Blauth e Ingrid Lessa em coleta de drosofil\u00eddeos na Restinga Mo\u00e7ambique, Florian\u00f3polis, SC<\/figcaption><\/figure>\n<figure id=\"attachment_63\" aria-describedby=\"caption-attachment-63\" style=\"width: 353px\" class=\"wp-caption alignnone\"><a href=\"https:\/\/wp.ufpel.edu.br\/legin\/files\/2015\/12\/DEFESA-MAYARA-e1471704518477.jpg\"><img loading=\"lazy\" decoding=\"async\" class=\"size-medium wp-image-63\" src=\"https:\/\/wp.ufpel.edu.br\/legin\/files\/2015\/12\/DEFESA-MAYARA-e1471704518477-353x318.jpg\" alt=\"\" width=\"353\" height=\"318\" srcset=\"https:\/\/wp.ufpel.edu.br\/legin\/files\/2015\/12\/DEFESA-MAYARA-e1471704518477-353x318.jpg 353w, https:\/\/wp.ufpel.edu.br\/legin\/files\/2015\/12\/DEFESA-MAYARA-e1471704518477-177x159.jpg 177w, https:\/\/wp.ufpel.edu.br\/legin\/files\/2015\/12\/DEFESA-MAYARA-e1471704518477.jpg 669w\" sizes=\"auto, (max-width: 353px) 100vw, 353px\" \/><\/a><figcaption id=\"caption-attachment-63\" class=\"wp-caption-text\">Marco Silva Gottschalk, Mayara Ferreira Mendes, Monica Laner Blauth, Vera L\u00facia da Silva Valente Gaiesky e Jean Lucas Poppe, na defesa do TCC da Mayara Ferreira Mendes.<\/figcaption><\/figure>\n","protected":false},"excerpt":{"rendered":"<p>&nbsp;<\/p>\n","protected":false},"author":603,"featured_media":0,"parent":0,"menu_order":0,"comment_status":"closed","ping_status":"closed","template":"","meta":{"footnotes":""},"class_list":["post-250","page","type-page","status-publish","hentry"],"jetpack_sharing_enabled":true,"_links":{"self":[{"href":"https:\/\/wp.ufpel.edu.br\/legin\/wp-json\/wp\/v2\/pages\/250","targetHints":{"allow":["GET"]}}],"collection":[{"href":"https:\/\/wp.ufpel.edu.br\/legin\/wp-json\/wp\/v2\/pages"}],"about":[{"href":"https:\/\/wp.ufpel.edu.br\/legin\/wp-json\/wp\/v2\/types\/page"}],"author":[{"embeddable":true,"href":"https:\/\/wp.ufpel.edu.br\/legin\/wp-json\/wp\/v2\/users\/603"}],"replies":[{"embeddable":true,"href":"https:\/\/wp.ufpel.edu.br\/legin\/wp-json\/wp\/v2\/comments?post=250"}],"version-history":[{"count":3,"href":"https:\/\/wp.ufpel.edu.br\/legin\/wp-json\/wp\/v2\/pages\/250\/revisions"}],"predecessor-version":[{"id":256,"href":"https:\/\/wp.ufpel.edu.br\/legin\/wp-json\/wp\/v2\/pages\/250\/revisions\/256"}],"wp:attachment":[{"href":"https:\/\/wp.ufpel.edu.br\/legin\/wp-json\/wp\/v2\/media?parent=250"}],"curies":[{"name":"wp","href":"https:\/\/api.w.org\/{rel}","templated":true}]}}