{"id":13,"date":"2015-12-25T15:43:20","date_gmt":"2015-12-25T17:43:20","guid":{"rendered":"https:\/\/wp.ufpel.edu.br\/legin\/?page_id=13"},"modified":"2021-12-15T14:51:22","modified_gmt":"2021-12-15T17:51:22","slug":"contato","status":"publish","type":"page","link":"https:\/\/wp.ufpel.edu.br\/legin\/contato\/","title":{"rendered":"Contato"},"content":{"rendered":"<div style=\"text-align: left\"><span style=\"font-size: 12pt;font-family: tahoma, arial, helvetica, sans-serif\"><b>Laborat\u00f3rio de Gen\u00e9tica e Evolu\u00e7\u00e3o de Insetos (LEGIN)<\/b><\/span><\/div>\n<div style=\"text-align: left\"><span style=\"font-size: 12pt;font-family: tahoma, arial, helvetica, sans-serif\">Universidade Federal de Pelotas (UFPel)<\/span><\/div>\n<p style=\"text-align: left\"><span style=\"font-size: 12pt;font-family: tahoma, arial, helvetica, sans-serif\">Instituto de Biologia (IB)<\/span><br \/>\n<span style=\"font-size: 12pt;font-family: tahoma, arial, helvetica, sans-serif\">Departamento de Ecologia, Zoologia e Gen\u00e9tica (DEZG), pr\u00e9dio 23<\/span><\/p>\n<div style=\"text-align: left\"><span style=\"font-size: 12pt;font-family: tahoma, arial, helvetica, sans-serif\">Caixa Postal 354<\/span><\/div>\n<div style=\"text-align: left\"><span style=\"font-size: 12pt;font-family: tahoma, arial, helvetica, sans-serif\">CEP 96010-900<\/span><\/div>\n<div style=\"text-align: left\"><span style=\"font-size: 12pt;font-family: tahoma, arial, helvetica, sans-serif\">Pelotas &#8211; RS &#8211; Brasil<\/span><\/div>\n<div style=\"text-align: left\"><span style=\"font-size: 12pt;font-family: tahoma, arial, helvetica, sans-serif\"><a href=\"https:\/\/www.google.com.br\/maps\/place\/Instituto+De+Biologia+UFPel\/@-31.8004013,-52.4200878,676m\/data=!3m2!1e3!4b1!4m2!3m1!1s0x9511cbb8fcb47f4d:0xc1d4d3e647bcf709!6m1!1e1?hl=pt-BR\" target=\"_blank\" rel=\"noopener noreferrer\">Localiza\u00e7\u00e3o<\/a><\/span><\/div>\n<div style=\"text-align: left\"><\/div>\n<div style=\"text-align: left\"><\/div>\n<div style=\"text-align: left\">\n<p><span style=\"font-size: 12pt;font-family: tahoma, arial, helvetica, sans-serif\"><b>E-mail<\/b><\/span><\/p>\n<p><span style=\"font-size: 12pt;font-family: tahoma, arial, helvetica, sans-serif\"><em>Monica Laner Blauth<\/em>: blauth.monica@gmail.com,monica.blauth@ufpel.edu.br\u00a0 \u00a0 <\/span><\/p>\n<p><span style=\"font-size: 12pt;font-family: tahoma, arial, helvetica, sans-serif\"><em>Marco Silva Gottschalk<\/em>: gotts007@yahoo.com, marco.gottschalk@ufpel.edu.br<\/span><\/p>\n<\/div>\n<div>\n<div style=\"text-align: left\"><\/div>\n<div style=\"text-align: left\"><span style=\"font-size: 12pt;font-family: tahoma, arial, helvetica, sans-serif\"><b>Telefones<\/b><\/span><\/div>\n<div style=\"text-align: left\"><span style=\"font-size: 12pt;font-family: tahoma, arial, helvetica, sans-serif\">(53) 3275-7340\u00a0(secretaria do DEZG)<\/span><\/div>\n<div style=\"text-align: left\"><span style=\"font-size: 12pt;font-family: tahoma, arial, helvetica, sans-serif\">(53) 3275-7326 (gabinete Marco)<\/span><\/div>\n<\/div>\n","protected":false},"excerpt":{"rendered":"<p>Laborat\u00f3rio de Gen\u00e9tica e Evolu\u00e7\u00e3o de Insetos (LEGIN) Universidade Federal de Pelotas (UFPel) Instituto de Biologia (IB) Departamento de Ecologia, Zoologia e Gen\u00e9tica (DEZG), pr\u00e9dio 23 Caixa Postal 354 CEP 96010-900 Pelotas &#8211; RS &#8211; Brasil Localiza\u00e7\u00e3o E-mail Monica Laner Blauth: blauth.monica@gmail.com,monica.blauth@ufpel.edu.br\u00a0 \u00a0 Marco Silva Gottschalk: gotts007@yahoo.com, marco.gottschalk@ufpel.edu.br Telefones (53) 3275-7340\u00a0(secretaria do DEZG) (53) 3275-7326 &hellip; <a href=\"https:\/\/wp.ufpel.edu.br\/legin\/contato\/\" class=\"more-link\">Continuar lendo <span class=\"screen-reader-text\">Contato<\/span><\/a><\/p>\n","protected":false},"author":603,"featured_media":0,"parent":0,"menu_order":0,"comment_status":"closed","ping_status":"closed","template":"","meta":{"footnotes":""},"class_list":["post-13","page","type-page","status-publish","hentry"],"jetpack_sharing_enabled":true,"_links":{"self":[{"href":"https:\/\/wp.ufpel.edu.br\/legin\/wp-json\/wp\/v2\/pages\/13","targetHints":{"allow":["GET"]}}],"collection":[{"href":"https:\/\/wp.ufpel.edu.br\/legin\/wp-json\/wp\/v2\/pages"}],"about":[{"href":"https:\/\/wp.ufpel.edu.br\/legin\/wp-json\/wp\/v2\/types\/page"}],"author":[{"embeddable":true,"href":"https:\/\/wp.ufpel.edu.br\/legin\/wp-json\/wp\/v2\/users\/603"}],"replies":[{"embeddable":true,"href":"https:\/\/wp.ufpel.edu.br\/legin\/wp-json\/wp\/v2\/comments?post=13"}],"version-history":[{"count":12,"href":"https:\/\/wp.ufpel.edu.br\/legin\/wp-json\/wp\/v2\/pages\/13\/revisions"}],"predecessor-version":[{"id":72,"href":"https:\/\/wp.ufpel.edu.br\/legin\/wp-json\/wp\/v2\/pages\/13\/revisions\/72"}],"wp:attachment":[{"href":"https:\/\/wp.ufpel.edu.br\/legin\/wp-json\/wp\/v2\/media?parent=13"}],"curies":[{"name":"wp","href":"https:\/\/api.w.org\/{rel}","templated":true}]}}