{"id":11,"date":"2015-12-25T15:47:55","date_gmt":"2015-12-25T17:47:55","guid":{"rendered":"https:\/\/wp.ufpel.edu.br\/legin\/?page_id=11"},"modified":"2022-01-20T18:18:07","modified_gmt":"2022-01-20T21:18:07","slug":"links-interessantes","status":"publish","type":"page","link":"https:\/\/wp.ufpel.edu.br\/legin\/links-interessantes\/","title":{"rendered":"Links interessantes"},"content":{"rendered":"<p><span style=\"font-family: helvetica, arial, sans-serif;font-size: 12pt\"><strong>Sites e Bancos de Dados<\/strong><\/span><\/p>\n<p><span style=\"font-family: helvetica, arial, sans-serif;font-size: 12pt\"><a href=\"https:\/\/wp.ufpel.edu.br\/legin\/files\/2021\/12\/Catalogo-Taxonomico-da-Fauna-do-Brasil.jpeg\"><img loading=\"lazy\" decoding=\"async\" class=\"alignnone  wp-image-216\" src=\"https:\/\/wp.ufpel.edu.br\/legin\/files\/2021\/12\/Catalogo-Taxonomico-da-Fauna-do-Brasil.jpeg\" alt=\"\" width=\"203\" height=\"120\" \/><\/a><a href=\"http:\/\/fauna.jbrj.gov.br\/fauna\/listaBrasil\/PrincipalUC\/PrincipalUC.do?lingua=pt\" target=\"_blank\" rel=\"noopener\">Cat\u00e1logo Taxon\u00f4mico da Fauna do Brasil<\/a>\u00a0&#8211;\u00a0<a href=\"http:\/\/fauna.jbrj.gov.br\/fauna\/listaBrasil\/ConsultaPublicaUC\/BemVindoConsultaPublicaConsultar.do?invalidatePageControlCounter=1&amp;lingua=&amp;jsonRank=&amp;rankTaxon=32767&amp;nomeTaxon=&amp;autor=&amp;nomeVernaculo=&amp;nomeCompleto=Drosophilidae+Rondani%2C+1856&amp;formaVida=QUALQUER&amp;substrato=QUALQUER&amp;ocorrencia=OCORRE&amp;regiao=QUALQUER&amp;estado=QUALQUER&amp;endemismo=TODOS&amp;origem=TODOS&amp;mostrarAte=SUB_ESPECIE&amp;opcoesBusca=NOME_ACEITO\" target=\"_blank\" rel=\"noopener\">Drosophilidae<\/a><\/span><\/p>\n<p><span style=\"font-family: helvetica, arial, sans-serif;font-size: 12pt\"><a href=\"https:\/\/wp.ufpel.edu.br\/legin\/files\/2021\/12\/Taxodros.jpg\"><img loading=\"lazy\" decoding=\"async\" class=\"alignnone wp-image-217\" src=\"https:\/\/wp.ufpel.edu.br\/legin\/files\/2021\/12\/Taxodros-424x318.jpg\" alt=\"\" width=\"182\" height=\"136\" srcset=\"https:\/\/wp.ufpel.edu.br\/legin\/files\/2021\/12\/Taxodros-424x318.jpg 424w, https:\/\/wp.ufpel.edu.br\/legin\/files\/2021\/12\/Taxodros-212x159.jpg 212w, https:\/\/wp.ufpel.edu.br\/legin\/files\/2021\/12\/Taxodros.jpg 460w\" sizes=\"auto, (max-width: 182px) 100vw, 182px\" \/> \u00a0 \u00a0<\/a><a href=\"http:\/\/taxodros.uzh.ch\/\" target=\"_blank\" rel=\"noopener\">Taxodros<\/a><\/span><\/p>\n<p><span style=\"font-family: helvetica, arial, sans-serif;font-size: 12pt\"><a href=\"https:\/\/wp.ufpel.edu.br\/legin\/files\/2021\/12\/Taxodros.jpg\"><img loading=\"lazy\" decoding=\"async\" class=\"alignnone  wp-image-219\" src=\"https:\/\/wp.ufpel.edu.br\/legin\/files\/2021\/12\/flybase-212x103.jpg\" alt=\"\" width=\"319\" height=\"155\" srcset=\"https:\/\/wp.ufpel.edu.br\/legin\/files\/2021\/12\/flybase-212x103.jpg 212w, https:\/\/wp.ufpel.edu.br\/legin\/files\/2021\/12\/flybase-424x207.jpg 424w, https:\/\/wp.ufpel.edu.br\/legin\/files\/2021\/12\/flybase.jpg 590w\" sizes=\"auto, (max-width: 319px) 100vw, 319px\" \/> \u00a0 \u00a0 \u00a0 \u00a0<\/a><a href=\"http:\/\/flybase.org\/\" target=\"_blank\" rel=\"noopener\">Flybase<\/a><\/span><br \/>\n<span style=\"font-family: helvetica, arial, sans-serif;font-size: 12pt\"><a href=\"http:\/\/www.ou.edu\/journals\/dis\/\" target=\"_blank\" rel=\"noopener\">Drosophila Infomation Service &#8211; DIS<\/a><\/span><\/p>\n<p><span style=\"font-family: helvetica, arial, sans-serif;font-size: 12pt\"><a href=\"http:\/\/www.drosophila.jp\/jdd\/index_en.html\" target=\"_blank\" rel=\"noopener\">Japan Drosophila Database- JDD<br \/>\n<\/a><\/span><\/p>\n<p>&nbsp;<\/p>\n<p><span style=\"font-family: helvetica, arial, sans-serif;font-size: 12pt\"><strong>Programas de P\u00f3s-Gradua\u00e7\u00e3o<\/strong><\/span><\/p>\n<p><img loading=\"lazy\" decoding=\"async\" class=\" wp-image-234\" src=\"https:\/\/wp.ufpel.edu.br\/legin\/files\/2022\/01\/Logo-PPGBAN-212x65.png\" alt=\"\" width=\"333\" height=\"102\" srcset=\"https:\/\/wp.ufpel.edu.br\/legin\/files\/2022\/01\/Logo-PPGBAN-212x65.png 212w, https:\/\/wp.ufpel.edu.br\/legin\/files\/2022\/01\/Logo-PPGBAN-424x130.png 424w, https:\/\/wp.ufpel.edu.br\/legin\/files\/2022\/01\/Logo-PPGBAN.png 732w\" sizes=\"auto, (max-width: 333px) 100vw, 333px\" \/><\/p>\n<p><a href=\"https:\/\/www.ufrgs.br\/ppgban\/\" target=\"_blank\" rel=\"noopener\">Programa de P\u00f3s-Gradua\u00e7\u00e3o em Biologia Animal<\/a><br \/>\nUniversidade Federal do Rio Grande do Sul<br \/>\nPorto Alegre, RS<\/p>\n<p><img loading=\"lazy\" decoding=\"async\" class=\" wp-image-235\" style=\"font-weight: bold;background-color: transparent;color: #707070;font-family: 'Noto Sans', sans-serif;text-align: inherit\" src=\"https:\/\/wp.ufpel.edu.br\/legin\/files\/2022\/01\/PPGBA_VC_60mm_CMYK-71x159.jpg\" alt=\"\" width=\"131\" height=\"294\" \/><\/p>\n<p><a href=\"https:\/\/www.ufsm.br\/cursos\/pos-graduacao\/santa-maria\/ppgba\/\">Programa de P\u00f3s-Gradua\u00e7\u00e3o em Biodiversidade Animal<\/a><br \/>\nUniversidade Federal de Santa Maria<br \/>\nSanta Maria, RS<\/p>\n<p><img loading=\"lazy\" decoding=\"async\" class=\"size-thumbnail wp-image-236\" style=\"font-weight: bold;background-color: transparent;color: #707070;font-family: 'Noto Sans', sans-serif;text-align: inherit\" src=\"https:\/\/wp.ufpel.edu.br\/legin\/files\/2022\/01\/ppgbm-200x159.png\" alt=\"\" width=\"200\" height=\"159\" srcset=\"https:\/\/wp.ufpel.edu.br\/legin\/files\/2022\/01\/ppgbm-200x159.png 200w, https:\/\/wp.ufpel.edu.br\/legin\/files\/2022\/01\/ppgbm.png 252w\" sizes=\"auto, (max-width: 200px) 100vw, 200px\" \/><span style=\"font-weight: bold;background-color: transparent;color: #707070;font-family: 'Noto Sans', sans-serif;text-align: inherit\">\u00a0 \u00a0 \u00a0 \u00a0 \u00a0 \u00a0 \u00a0<\/span><\/p>\n<p style=\"text-align: left\"><span style=\"background-color: transparent;color: #707070;font-family: 'Noto Sans', sans-serif;text-align: inherit\"><a style=\"font-family: 'Noto Serif', serif;font-size: 17px\" href=\"http:\/\/www.ufrgs.br\/ppgbm\/pt\" target=\"_blank\" rel=\"noopener\"><span style=\"font-family: helvetica, arial, sans-serif;font-size: 12pt\">Programa de P\u00f3s-Gradua\u00e7\u00e3o em Gen\u00e9tica e Biologia Molecular<\/span><\/a><\/span><br \/>\n<span style=\"background-color: transparent;color: #707070;font-family: helvetica, arial, sans-serif;text-align: inherit;font-size: 12pt\"><span style=\"color: #333333\">Universidade Federal do Rio Grande do Sul <\/span><\/span><br \/>\n<span style=\"background-color: transparent;color: #707070;font-family: helvetica, arial, sans-serif;text-align: inherit;font-size: 12pt\"><span style=\"color: #333333\">Porto Alegre, RS<\/span> \u00a0 \u00a0 \u00a0 \u00a0 \u00a0 \u00a0 \u00a0 \u00a0 \u00a0 \u00a0 \u00a0 \u00a0 \u00a0 \u00a0 \u00a0 \u00a0 \u00a0 \u00a0 \u00a0<\/span><\/p>\n<div class=\"mceTemp\"><\/div>\n<p>&nbsp;<\/p>\n<p>&nbsp;<\/p>\n","protected":false},"excerpt":{"rendered":"<p>Sites e Bancos de Dados Cat\u00e1logo Taxon\u00f4mico da Fauna do Brasil\u00a0&#8211;\u00a0Drosophilidae \u00a0 \u00a0Taxodros \u00a0 \u00a0 \u00a0 \u00a0Flybase Drosophila Infomation Service &#8211; DIS Japan Drosophila Database- JDD &nbsp; Programas de P\u00f3s-Gradua\u00e7\u00e3o Programa de P\u00f3s-Gradua\u00e7\u00e3o em Biologia Animal Universidade Federal do Rio Grande do Sul Porto Alegre, RS Programa de P\u00f3s-Gradua\u00e7\u00e3o em Biodiversidade Animal Universidade Federal de &hellip; <a href=\"https:\/\/wp.ufpel.edu.br\/legin\/links-interessantes\/\" class=\"more-link\">Continuar lendo <span class=\"screen-reader-text\">Links interessantes<\/span><\/a><\/p>\n","protected":false},"author":603,"featured_media":0,"parent":0,"menu_order":0,"comment_status":"closed","ping_status":"closed","template":"","meta":{"footnotes":""},"class_list":["post-11","page","type-page","status-publish","hentry"],"jetpack_sharing_enabled":true,"_links":{"self":[{"href":"https:\/\/wp.ufpel.edu.br\/legin\/wp-json\/wp\/v2\/pages\/11","targetHints":{"allow":["GET"]}}],"collection":[{"href":"https:\/\/wp.ufpel.edu.br\/legin\/wp-json\/wp\/v2\/pages"}],"about":[{"href":"https:\/\/wp.ufpel.edu.br\/legin\/wp-json\/wp\/v2\/types\/page"}],"author":[{"embeddable":true,"href":"https:\/\/wp.ufpel.edu.br\/legin\/wp-json\/wp\/v2\/users\/603"}],"replies":[{"embeddable":true,"href":"https:\/\/wp.ufpel.edu.br\/legin\/wp-json\/wp\/v2\/comments?post=11"}],"version-history":[{"count":11,"href":"https:\/\/wp.ufpel.edu.br\/legin\/wp-json\/wp\/v2\/pages\/11\/revisions"}],"predecessor-version":[{"id":237,"href":"https:\/\/wp.ufpel.edu.br\/legin\/wp-json\/wp\/v2\/pages\/11\/revisions\/237"}],"wp:attachment":[{"href":"https:\/\/wp.ufpel.edu.br\/legin\/wp-json\/wp\/v2\/media?parent=11"}],"curies":[{"name":"wp","href":"https:\/\/api.w.org\/{rel}","templated":true}]}}