{"id":846,"date":"2017-10-28T20:39:44","date_gmt":"2017-10-28T22:39:44","guid":{"rendered":"https:\/\/wp.ufpel.edu.br\/legadolaclau\/?page_id=846"},"modified":"2022-07-07T19:38:44","modified_gmt":"2022-07-07T22:38:44","slug":"gt-5-teoria-do-discurso-metodos-e-tecnicas-de-pesquisa","status":"publish","type":"page","link":"https:\/\/wp.ufpel.edu.br\/legadolaclau\/eventos-anteriores\/anais-do-simposio-pos-estruturalismo-e-teoria-sociall\/sumario\/gt-5-teoria-do-discurso-metodos-e-tecnicas-de-pesquisa\/","title":{"rendered":"GT 5 \u2013 Teoria do Discurso, m\u00e9todos e t\u00e9cnicas de pesquisa"},"content":{"rendered":"<p style=\"font-weight: 400;\"><strong>Coordena\u00e7\u00e3o: Bianca Linhares (UFPel), Everton Garcia da Costa (UFRGS), Larissa Russo Gon\u00e7alves (UFPel).<\/strong><\/p>\n<p>Robson de Costa Souza<br \/>\nP\u00f3s-estruturalismo, g\u00eanero e religi\u00e3o: breves considera\u00e7\u00f5es te\u00f3ricas na interface com a tem\u00e1tica da \u201creligi\u00e3o p\u00fablica\u201d\u00a0<a href=\"https:\/\/wp.ufpel.edu.br\/legadolaclau\/pt\/eventos-anteriores\/anais-do-simposio-pos-estruturalismo-e-teoria-sociall\/sumario\/gt-5-teoria-do-discurso-metodos-e-tecnicas-de-pesquisa\/robson-da-costa-de-souza-2\/\" rel=\"attachment wp-att-960\">PDF<\/a><\/p>\n<p>Bianca Linhares; Larissa Russo Gon\u00e7alves<br \/>\nUtiliza\u00e7\u00e3o do software Nvivo para analisar a ideologia em documentos: um exemplo a partir de uma nova metodologia de classifica\u00e7\u00e3o dos partidos brasileiros\u00a0<a href=\"https:\/\/wp.ufpel.edu.br\/legadolaclau\/pt\/eventos-anteriores\/anais-do-simposio-pos-estruturalismo-e-teoria-sociall\/sumario\/gt-5-teoria-do-discurso-metodos-e-tecnicas-de-pesquisa\/bianca-linhares-larissa-russo-2\/\" rel=\"attachment wp-att-961\">PDF<\/a><\/p>\n<p>Carolina dos Santos; Lucas Garcia da Silva; Simone Muniz Puyo<br \/>\nO PMDB \u00e0 luz da Teoria do Discurso: o legislativo peemedebista de 2013\u00a0<a href=\"https:\/\/wp.ufpel.edu.br\/legadolaclau\/pt\/eventos-anteriores\/anais-do-simposio-pos-estruturalismo-e-teoria-sociall\/sumario\/gt-5-teoria-do-discurso-metodos-e-tecnicas-de-pesquisa\/carolina-dos-santos-lucas-garcia-simone-muniz-puyo-2\/\" rel=\"attachment wp-att-962\">PDF<\/a><\/p>\n<p>Eucaris Ferreira<br \/>\nO estudo de emancipa\u00e7\u00e3o no campo curricular: possibilidades te\u00f3rico-metodol\u00f3gicas\u00a0<a href=\"https:\/\/wp.ufpel.edu.br\/legadolaclau\/pt\/eventos-anteriores\/anais-do-simposio-pos-estruturalismo-e-teoria-sociall\/sumario\/gt-5-teoria-do-discurso-metodos-e-tecnicas-de-pesquisa\/eucaris-ferreira-2\/\" rel=\"attachment wp-att-963\">PDF<\/a><\/p>\n<p>Glaucia Eunice Gon\u00e7alves da Silva<br \/>\nTeoria do discurso e etnografia p\u00f3s-estruturalista: aproxima\u00e7\u00f5es metodol\u00f3gicas para investiga\u00e7\u00e3o no campo da educa\u00e7\u00e3o especial\u00a0<a href=\"https:\/\/wp.ufpel.edu.br\/legadolaclau\/pt\/eventos-anteriores\/anais-do-simposio-pos-estruturalismo-e-teoria-sociall\/sumario\/gt-5-teoria-do-discurso-metodos-e-tecnicas-de-pesquisa\/glaucia-eunice-goncalves-da-silva-3\/\" rel=\"attachment wp-att-964\">PDF<\/a><\/p>\n<p>Let\u00edcia Baron; Mariele Domingues<br \/>\nPartidos Pol\u00edticos: uma nova metodologia de classifica\u00e7\u00e3o\u00a0<a href=\"https:\/\/wp.ufpel.edu.br\/legadolaclau\/pt\/eventos-anteriores\/anais-do-simposio-pos-estruturalismo-e-teoria-sociall\/sumario\/gt-5-teoria-do-discurso-metodos-e-tecnicas-de-pesquisa\/leticia-baron-mariele-domingues-2\/\" rel=\"attachment wp-att-965\">PDF<\/a><\/p>\n<p>Marcelo Buttelli<br \/>\nA constru\u00e7\u00e3o da hegemonia da resposta jur\u00eddico-penal: aportes te\u00f3rico-metodol\u00f3gicos iniciais\u00a0<a href=\"https:\/\/wp.ufpel.edu.br\/legadolaclau\/pt\/eventos-anteriores\/anais-do-simposio-pos-estruturalismo-e-teoria-sociall\/sumario\/gt-5-teoria-do-discurso-metodos-e-tecnicas-de-pesquisa\/marcelo-buttelli-2\/\" rel=\"attachment wp-att-966\">PDF<\/a><\/p>\n<p>Rafael Straforini; Linovaldo Miranda Campos<br \/>\n\u201cComo querer Laclaunear\u201d: A Teoria do Discurso como fundamento do APEGEO-Unicamp \u2013 \u201co que h\u00e1 de bom\u2026\u201d\u00a0<a href=\"https:\/\/wp.ufpel.edu.br\/legadolaclau\/pt\/eventos-anteriores\/anais-do-simposio-pos-estruturalismo-e-teoria-sociall\/sumario\/gt-5-teoria-do-discurso-metodos-e-tecnicas-de-pesquisa\/rafael-straforini-linovaldo-miranda-campos-2\/\" rel=\"attachment wp-att-967\">PDF<\/a><\/p>\n<p>Romulo Fernando Lemos Gomes<br \/>\nPor uma Teoria da Democracia Digital Popular\u00a0<a href=\"https:\/\/wp.ufpel.edu.br\/legadolaclau\/pt\/eventos-anteriores\/anais-do-simposio-pos-estruturalismo-e-teoria-sociall\/sumario\/gt-5-teoria-do-discurso-metodos-e-tecnicas-de-pesquisa\/romulo-gomes-2\/\" rel=\"attachment wp-att-968\">PDF<\/a><\/p>\n<p>Alan Kozlakowski<br \/>\nDeslocamento constitutivo no plano das aulas \u2013 ensaio sobre as formas constitutivas na l\u00f3gica dos PPC no ensino superior brasileiro\u00a0<a href=\"https:\/\/wp.ufpel.edu.br\/legadolaclau\/pt\/eventos-anteriores\/anais-do-simposio-pos-estruturalismo-e-teoria-sociall\/sumario\/gt-5-teoria-do-discurso-metodos-e-tecnicas-de-pesquisa\/allan-kozlakowski-2\/\" rel=\"attachment wp-att-969\">PDF<\/a><\/p>\n","protected":false},"excerpt":{"rendered":"<p>Coordena\u00e7\u00e3o: Bianca Linhares (UFPel), Everton Garcia da Costa (UFRGS), Larissa Russo Gon\u00e7alves (UFPel). Robson de Costa Souza P\u00f3s-estruturalismo, g\u00eanero e religi\u00e3o: breves considera\u00e7\u00f5es te\u00f3ricas na interface com a tem\u00e1tica da \u201creligi\u00e3o p\u00fablica\u201d\u00a0PDF Bianca Linhares; Larissa Russo Gon\u00e7alves Utiliza\u00e7\u00e3o do software Nvivo para analisar a ideologia em documentos: um exemplo a partir de uma nova metodologia &hellip; <a href=\"https:\/\/wp.ufpel.edu.br\/legadolaclau\/eventos-anteriores\/anais-do-simposio-pos-estruturalismo-e-teoria-sociall\/sumario\/gt-5-teoria-do-discurso-metodos-e-tecnicas-de-pesquisa\/\" class=\"more-link\">Continue lendo <span class=\"screen-reader-text\">GT 5 \u2013 Teoria do Discurso, m\u00e9todos e t\u00e9cnicas de pesquisa<\/span> <span class=\"meta-nav\">&rarr;<\/span><\/a><\/p>\n","protected":false},"author":528,"featured_media":0,"parent":831,"menu_order":0,"comment_status":"closed","ping_status":"closed","template":"","meta":{"jetpack_post_was_ever_published":false,"footnotes":""},"class_list":["post-846","page","type-page","status-publish","hentry"],"jetpack_sharing_enabled":true,"jetpack_shortlink":"https:\/\/wp.me\/P8yPuk-dE","jetpack_likes_enabled":true,"publishpress_future_action":{"enabled":false,"date":"2026-04-13 12:49:54","action":"change-status","newStatus":"draft","terms":[],"taxonomy":"","extraData":[]},"publishpress_future_workflow_manual_trigger":{"enabledWorkflows":[]},"_links":{"self":[{"href":"https:\/\/wp.ufpel.edu.br\/legadolaclau\/wp-json\/wp\/v2\/pages\/846","targetHints":{"allow":["GET"]}}],"collection":[{"href":"https:\/\/wp.ufpel.edu.br\/legadolaclau\/wp-json\/wp\/v2\/pages"}],"about":[{"href":"https:\/\/wp.ufpel.edu.br\/legadolaclau\/wp-json\/wp\/v2\/types\/page"}],"author":[{"embeddable":true,"href":"https:\/\/wp.ufpel.edu.br\/legadolaclau\/wp-json\/wp\/v2\/users\/528"}],"replies":[{"embeddable":true,"href":"https:\/\/wp.ufpel.edu.br\/legadolaclau\/wp-json\/wp\/v2\/comments?post=846"}],"version-history":[{"count":8,"href":"https:\/\/wp.ufpel.edu.br\/legadolaclau\/wp-json\/wp\/v2\/pages\/846\/revisions"}],"predecessor-version":[{"id":1834,"href":"https:\/\/wp.ufpel.edu.br\/legadolaclau\/wp-json\/wp\/v2\/pages\/846\/revisions\/1834"}],"up":[{"embeddable":true,"href":"https:\/\/wp.ufpel.edu.br\/legadolaclau\/wp-json\/wp\/v2\/pages\/831"}],"wp:attachment":[{"href":"https:\/\/wp.ufpel.edu.br\/legadolaclau\/wp-json\/wp\/v2\/media?parent=846"}],"curies":[{"name":"wp","href":"https:\/\/api.w.org\/{rel}","templated":true}]}}