{"id":840,"date":"2017-10-28T20:38:24","date_gmt":"2017-10-28T22:38:24","guid":{"rendered":"https:\/\/wp.ufpel.edu.br\/legadolaclau\/?page_id=840"},"modified":"2022-07-07T19:37:15","modified_gmt":"2022-07-07T22:37:15","slug":"gt-3-teoria-do-discurso-ciencia-e-tecnologia","status":"publish","type":"page","link":"https:\/\/wp.ufpel.edu.br\/legadolaclau\/eventos-anteriores\/anais-do-simposio-pos-estruturalismo-e-teoria-sociall\/sumario\/gt-3-teoria-do-discurso-ciencia-e-tecnologia\/","title":{"rendered":"GT 3 \u2013 Teoria do discurso, ci\u00eancia e tecnologia"},"content":{"rendered":"<p style=\"font-weight: 400;\"><strong>Coordena\u00e7\u00e3o: L\u00e9o Peixoto Rodrigues (UFPel), Camila Prates (UFPel), Carolina Costa dos Santos (UFPel).<\/strong><\/p>\n<p>Murilo Paiotti Dias; L\u00e9o Peixoto Rodrigues<br \/>\nAspectos da Teoria do Discurso e da psican\u00e1lise apropriados por Chantal Mouffe em seu modelo pluralista agon\u00edstico: uma abordagem do debate sobre o \u201cEscola Sem Partido\u201d em grupos de direita no Facebook\u00a0<a href=\"https:\/\/wp.ufpel.edu.br\/legadolaclau\/pt\/eventos-anteriores\/anais-do-simposio-pos-estruturalismo-e-teoria-sociall\/sumario\/gt-3-teoria-do-discurso-ciencia-e-tecnologia\/murilo-paiotti-dias-e-leo-peixoto-rodrigues-gt-3-2\/\" rel=\"attachment wp-att-972\">PDF<\/a><\/p>\n<p>Carolina Costa Dos Santos<br \/>\nA Teoria do Discurso de Ernesto Laclau e a epistemologia da Thomas Kuhn: o discurso do (e enquanto) paradigma\u00a0<a href=\"https:\/\/wp.ufpel.edu.br\/legadolaclau\/pt\/eventos-anteriores\/anais-do-simposio-pos-estruturalismo-e-teoria-sociall\/sumario\/gt-3-teoria-do-discurso-ciencia-e-tecnologia\/carolina-dos-santos-2\/\" rel=\"attachment wp-att-973\">PDF<\/a><\/p>\n<p>Luciana Velloso<br \/>\nTradu\u00e7\u00f5es e Pr\u00e1ticas em quest\u00e3o sobre o uso de tecnologias\u00a0<a href=\"https:\/\/wp.ufpel.edu.br\/legadolaclau\/pt\/eventos-anteriores\/anais-do-simposio-pos-estruturalismo-e-teoria-sociall\/sumario\/gt-3-teoria-do-discurso-ciencia-e-tecnologia\/luciana-velloso\/\" rel=\"attachment wp-att-944\">PDF<\/a><\/p>\n<p>Camila Dellagnese Prates<br \/>\nDemandas e controv\u00e9rsias no projeto de minera\u00e7\u00e3o Ca\u00e7apava do Sul\u00a0<a href=\"https:\/\/wp.ufpel.edu.br\/legadolaclau\/pt\/eventos-anteriores\/anais-do-simposio-pos-estruturalismo-e-teoria-sociall\/sumario\/gt-3-teoria-do-discurso-ciencia-e-tecnologia\/camila-dellagnese\/\" rel=\"attachment wp-att-945\">PDF<\/a><\/p>\n<p>Ot\u00e1vio Vinhas<br \/>\nTeoria do Discurso nas M\u00eddias Sociais: reflex\u00f5es laclaunianas \u00e0 luz da Teria Ator-Rede\u00a0<a href=\"https:\/\/wp.ufpel.edu.br\/legadolaclau\/pt\/eventos-anteriores\/anais-do-simposio-pos-estruturalismo-e-teoria-sociall\/sumario\/gt-3-teoria-do-discurso-ciencia-e-tecnologia\/otavio-vinhas\/\" rel=\"attachment wp-att-946\">PDF<\/a><\/p>\n<p>Ricardo Cortez Lopes<br \/>\nDi\u00e1logos poss\u00edveis entre Teoria das Representa\u00e7\u00f5es Sociais e P\u00f3s-Estruturalismo\u00a0<a href=\"https:\/\/wp.ufpel.edu.br\/legadolaclau\/pt\/eventos-anteriores\/anais-do-simposio-pos-estruturalismo-e-teoria-sociall\/sumario\/gt-3-teoria-do-discurso-ciencia-e-tecnologia\/ricardo-cortez-lopes\/\" rel=\"attachment wp-att-947\">PDF<\/a><\/p>\n<p>Leonardo Monteiro Crespo de Almeida<br \/>\nUniversalismo e fragmenta\u00e7\u00e3o contempor\u00e2nea dos movimentos sociais: um di\u00e1logo entre Ernesto Laclau, Chantal Mouffe e Gilles Deleuze\u00a0<a href=\"https:\/\/wp.ufpel.edu.br\/legadolaclau\/pt\/eventos-anteriores\/anais-do-simposio-pos-estruturalismo-e-teoria-sociall\/sumario\/gt-3-teoria-do-discurso-ciencia-e-tecnologia\/leonardo-monteiro-crespo-de-almeida\/\" rel=\"attachment wp-att-948\">PDF<\/a><\/p>\n<p>Gabriel Bandeira Coelho<br \/>\nA Teoria do Discurso como possibilidade epistemol\u00f3gica aos ESCT: uma abordagem sobre o campo cient\u00edfico interdisciplinar\u00a0<a href=\"https:\/\/wp.ufpel.edu.br\/legadolaclau\/pt\/eventos-anteriores\/anais-do-simposio-pos-estruturalismo-e-teoria-sociall\/sumario\/gt-3-teoria-do-discurso-ciencia-e-tecnologia\/gabriel-bandeira-coelho\/\" rel=\"attachment wp-att-949\">PDF<\/a><\/p>\n","protected":false},"excerpt":{"rendered":"<p>Coordena\u00e7\u00e3o: L\u00e9o Peixoto Rodrigues (UFPel), Camila Prates (UFPel), Carolina Costa dos Santos (UFPel). Murilo Paiotti Dias; L\u00e9o Peixoto Rodrigues Aspectos da Teoria do Discurso e da psican\u00e1lise apropriados por Chantal Mouffe em seu modelo pluralista agon\u00edstico: uma abordagem do debate sobre o \u201cEscola Sem Partido\u201d em grupos de direita no Facebook\u00a0PDF Carolina Costa Dos Santos &hellip; <a href=\"https:\/\/wp.ufpel.edu.br\/legadolaclau\/eventos-anteriores\/anais-do-simposio-pos-estruturalismo-e-teoria-sociall\/sumario\/gt-3-teoria-do-discurso-ciencia-e-tecnologia\/\" class=\"more-link\">Continue lendo <span class=\"screen-reader-text\">GT 3 \u2013 Teoria do discurso, ci\u00eancia e tecnologia<\/span> <span class=\"meta-nav\">&rarr;<\/span><\/a><\/p>\n","protected":false},"author":528,"featured_media":0,"parent":831,"menu_order":0,"comment_status":"closed","ping_status":"closed","template":"","meta":{"jetpack_post_was_ever_published":false,"footnotes":""},"class_list":["post-840","page","type-page","status-publish","hentry"],"jetpack_sharing_enabled":true,"jetpack_shortlink":"https:\/\/wp.me\/P8yPuk-dy","jetpack_likes_enabled":true,"publishpress_future_action":{"enabled":false,"date":"2026-04-15 15:06:43","action":"change-status","newStatus":"draft","terms":[],"taxonomy":"","extraData":[]},"publishpress_future_workflow_manual_trigger":{"enabledWorkflows":[]},"_links":{"self":[{"href":"https:\/\/wp.ufpel.edu.br\/legadolaclau\/wp-json\/wp\/v2\/pages\/840","targetHints":{"allow":["GET"]}}],"collection":[{"href":"https:\/\/wp.ufpel.edu.br\/legadolaclau\/wp-json\/wp\/v2\/pages"}],"about":[{"href":"https:\/\/wp.ufpel.edu.br\/legadolaclau\/wp-json\/wp\/v2\/types\/page"}],"author":[{"embeddable":true,"href":"https:\/\/wp.ufpel.edu.br\/legadolaclau\/wp-json\/wp\/v2\/users\/528"}],"replies":[{"embeddable":true,"href":"https:\/\/wp.ufpel.edu.br\/legadolaclau\/wp-json\/wp\/v2\/comments?post=840"}],"version-history":[{"count":9,"href":"https:\/\/wp.ufpel.edu.br\/legadolaclau\/wp-json\/wp\/v2\/pages\/840\/revisions"}],"predecessor-version":[{"id":1832,"href":"https:\/\/wp.ufpel.edu.br\/legadolaclau\/wp-json\/wp\/v2\/pages\/840\/revisions\/1832"}],"up":[{"embeddable":true,"href":"https:\/\/wp.ufpel.edu.br\/legadolaclau\/wp-json\/wp\/v2\/pages\/831"}],"wp:attachment":[{"href":"https:\/\/wp.ufpel.edu.br\/legadolaclau\/wp-json\/wp\/v2\/media?parent=840"}],"curies":[{"name":"wp","href":"https:\/\/api.w.org\/{rel}","templated":true}]}}