{"id":837,"date":"2017-10-28T20:37:43","date_gmt":"2017-10-28T22:37:43","guid":{"rendered":"https:\/\/wp.ufpel.edu.br\/legadolaclau\/?page_id=837"},"modified":"2022-07-07T19:36:33","modified_gmt":"2022-07-07T22:36:33","slug":"gt-2-teoria-do-discurso-e-mobilizacoes-sociais-na-america-latina","status":"publish","type":"page","link":"https:\/\/wp.ufpel.edu.br\/legadolaclau\/eventos-anteriores\/anais-do-simposio-pos-estruturalismo-e-teoria-sociall\/sumario\/gt-2-teoria-do-discurso-e-mobilizacoes-sociais-na-america-latina\/","title":{"rendered":"GT 2 \u2013 Teoria do Discurso e Mobiliza\u00e7\u00f5es Sociais na Am\u00e9rica Latina"},"content":{"rendered":"<p style=\"font-weight: 400;\"><strong>Coordena\u00e7\u00e3o: Daniel de Mendon\u00e7a (UFPel), Michele Diana da Luz (UFPel) e Sandra Regina Barbosa Parzianello (UFPel).<\/strong><\/p>\n<p>Juan Ignacio Gonz\u00e1lez<br \/>\nLos estudiantes brasile\u00f1os y el Pueblo (1964-1968)\u00a0<a href=\"https:\/\/wp.ufpel.edu.br\/legadolaclau\/pt\/eventos-anteriores\/anais-do-simposio-pos-estruturalismo-e-teoria-sociall\/sumario\/gt-2-teoria-do-discurso-e-mobilizacoes-sociais-na-america-latina\/juan-ignacio-gonzalez-2\/\" rel=\"attachment wp-att-928\">PDF<\/a><\/p>\n<p>Joanildo Burity<br \/>\nForma\u00e7\u00e3o, convencimento e mobiliza\u00e7\u00e3o: a constru\u00e7\u00e3o do povo nas institui\u00e7\u00f5es e redes ecum\u00eanicas\u00a0<a href=\"https:\/\/wp.ufpel.edu.br\/legadolaclau\/pt\/eventos-anteriores\/anais-do-simposio-pos-estruturalismo-e-teoria-sociall\/sumario\/gt-2-teoria-do-discurso-e-mobilizacoes-sociais-na-america-latina\/joanildo-burity-2\/\" rel=\"attachment wp-att-929\">PDF<\/a><\/p>\n<p>Andr\u00e9 Urban Kist; Monika Dowbor<br \/>\nAntagonismo e agonismo na Federa\u00e7\u00e3o Oper\u00e1ria de S\u00e3o Paulo. Cr\u00edticas aos sindicatos oficiais\u00a0<a href=\"https:\/\/wp.ufpel.edu.br\/legadolaclau\/pt\/eventos-anteriores\/anais-do-simposio-pos-estruturalismo-e-teoria-sociall\/sumario\/gt-2-teoria-do-discurso-e-mobilizacoes-sociais-na-america-latina\/andre-urban-kist-e-monika-dowbor-2\/\" rel=\"attachment wp-att-930\">PDF<\/a><\/p>\n<p>Felipe Cavaliere Tavares<br \/>\nDemocracia Radical, Movimentos Sociais e a conquista da Hegemonia Pol\u00edtica\u00a0<a href=\"https:\/\/wp.ufpel.edu.br\/legadolaclau\/pt\/eventos-anteriores\/anais-do-simposio-pos-estruturalismo-e-teoria-sociall\/sumario\/gt-2-teoria-do-discurso-e-mobilizacoes-sociais-na-america-latina\/felipe-cavaliere-tavares-2\/\" rel=\"attachment wp-att-931\">PDF<\/a><\/p>\n<p>Marcia Betania de Oliveira<br \/>\nOcupa\u00e7\u00f5es de escolas: movimentos sociais em defesa da educa\u00e7\u00e3o p\u00fablica\u00a0<a href=\"https:\/\/wp.ufpel.edu.br\/legadolaclau\/pt\/eventos-anteriores\/anais-do-simposio-pos-estruturalismo-e-teoria-sociall\/sumario\/gt-2-teoria-do-discurso-e-mobilizacoes-sociais-na-america-latina\/marcia-betania-de-oliveira-2\/\" rel=\"attachment wp-att-932\">PDF<\/a><\/p>\n<p>Marcos Augusto de Castro Peres<br \/>\nUm movimento social do semi\u00e1rido? A Articula\u00e7\u00e3o do Semi\u00e1rido Brasileiro entre a sustentabilidade e a reforma agr\u00e1ria\u00a0<a href=\"https:\/\/wp.ufpel.edu.br\/legadolaclau\/pt\/eventos-anteriores\/anais-do-simposio-pos-estruturalismo-e-teoria-sociall\/sumario\/gt-2-teoria-do-discurso-e-mobilizacoes-sociais-na-america-latina\/marcos-peres-2\/\" rel=\"attachment wp-att-933\">PDF<\/a><\/p>\n<p>Mar\u00eda Cecilia Ipar<br \/>\nA dimens\u00e3o do \u201cafeto\u201d e a influ\u00eancia da psican\u00e1lise na conceptualiza\u00e7\u00e3o do populismo de Ernesto Laclau\u00a0<a href=\"https:\/\/wp.ufpel.edu.br\/legadolaclau\/pt\/eventos-anteriores\/anais-do-simposio-pos-estruturalismo-e-teoria-sociall\/sumario\/gt-2-teoria-do-discurso-e-mobilizacoes-sociais-na-america-latina\/maria-cecilia-ipar-2\/\" rel=\"attachment wp-att-936\">PDF<\/a><\/p>\n<p>Sandra Barbosa Parzianello<br \/>\n\u00c9 Greve Geral: An\u00e1lise dos movimentos sociais no Brasil sob a vis\u00e3o de Ernesto Laclau\u00a0<a href=\"https:\/\/wp.ufpel.edu.br\/legadolaclau\/pt\/eventos-anteriores\/anais-do-simposio-pos-estruturalismo-e-teoria-sociall\/sumario\/gt-2-teoria-do-discurso-e-mobilizacoes-sociais-na-america-latina\/sandra-barbosa-parzianello-2\/\" rel=\"attachment wp-att-937\">PDF<\/a><\/p>\n<p>Alejandro Varas; Marcela Mandiola<br \/>\nProblemas, preguntas y alternativas del antagonismo: algunas reflexiones desde la historia de Chile y sus luchas\u00a0<a href=\"https:\/\/wp.ufpel.edu.br\/legadolaclau\/pt\/eventos-anteriores\/anais-do-simposio-pos-estruturalismo-e-teoria-sociall\/sumario\/gt-2-teoria-do-discurso-e-mobilizacoes-sociais-na-america-latina\/alejandro-varas-e-marcela-mandiola-2\/\" rel=\"attachment wp-att-938\">PDF<\/a><\/p>\n<p>Mayra Goulart<br \/>\nLuta hegem\u00f4nica e populismo: Solu\u00e7\u00f5es agon\u00edsticas para o desafio identit\u00e1rio\u00a0<a href=\"https:\/\/wp.ufpel.edu.br\/legadolaclau\/pt\/eventos-anteriores\/anais-do-simposio-pos-estruturalismo-e-teoria-sociall\/sumario\/gt-2-teoria-do-discurso-e-mobilizacoes-sociais-na-america-latina\/mayra-goulart-gt2\/\" rel=\"attachment wp-att-940\">PDF<\/a><\/p>\n","protected":false},"excerpt":{"rendered":"<p>Coordena\u00e7\u00e3o: Daniel de Mendon\u00e7a (UFPel), Michele Diana da Luz (UFPel) e Sandra Regina Barbosa Parzianello (UFPel). Juan Ignacio Gonz\u00e1lez Los estudiantes brasile\u00f1os y el Pueblo (1964-1968)\u00a0PDF Joanildo Burity Forma\u00e7\u00e3o, convencimento e mobiliza\u00e7\u00e3o: a constru\u00e7\u00e3o do povo nas institui\u00e7\u00f5es e redes ecum\u00eanicas\u00a0PDF Andr\u00e9 Urban Kist; Monika Dowbor Antagonismo e agonismo na Federa\u00e7\u00e3o Oper\u00e1ria de S\u00e3o Paulo. &hellip; <a href=\"https:\/\/wp.ufpel.edu.br\/legadolaclau\/eventos-anteriores\/anais-do-simposio-pos-estruturalismo-e-teoria-sociall\/sumario\/gt-2-teoria-do-discurso-e-mobilizacoes-sociais-na-america-latina\/\" class=\"more-link\">Continue lendo <span class=\"screen-reader-text\">GT 2 \u2013 Teoria do Discurso e Mobiliza\u00e7\u00f5es Sociais na Am\u00e9rica Latina<\/span> <span class=\"meta-nav\">&rarr;<\/span><\/a><\/p>\n","protected":false},"author":528,"featured_media":0,"parent":831,"menu_order":0,"comment_status":"closed","ping_status":"closed","template":"","meta":{"jetpack_post_was_ever_published":false,"footnotes":""},"class_list":["post-837","page","type-page","status-publish","hentry"],"jetpack_sharing_enabled":true,"jetpack_shortlink":"https:\/\/wp.me\/P8yPuk-dv","jetpack_likes_enabled":true,"publishpress_future_action":{"enabled":false,"date":"2026-04-25 10:57:13","action":"change-status","newStatus":"draft","terms":[],"taxonomy":"","extraData":[]},"publishpress_future_workflow_manual_trigger":{"enabledWorkflows":[]},"_links":{"self":[{"href":"https:\/\/wp.ufpel.edu.br\/legadolaclau\/wp-json\/wp\/v2\/pages\/837","targetHints":{"allow":["GET"]}}],"collection":[{"href":"https:\/\/wp.ufpel.edu.br\/legadolaclau\/wp-json\/wp\/v2\/pages"}],"about":[{"href":"https:\/\/wp.ufpel.edu.br\/legadolaclau\/wp-json\/wp\/v2\/types\/page"}],"author":[{"embeddable":true,"href":"https:\/\/wp.ufpel.edu.br\/legadolaclau\/wp-json\/wp\/v2\/users\/528"}],"replies":[{"embeddable":true,"href":"https:\/\/wp.ufpel.edu.br\/legadolaclau\/wp-json\/wp\/v2\/comments?post=837"}],"version-history":[{"count":8,"href":"https:\/\/wp.ufpel.edu.br\/legadolaclau\/wp-json\/wp\/v2\/pages\/837\/revisions"}],"predecessor-version":[{"id":1831,"href":"https:\/\/wp.ufpel.edu.br\/legadolaclau\/wp-json\/wp\/v2\/pages\/837\/revisions\/1831"}],"up":[{"embeddable":true,"href":"https:\/\/wp.ufpel.edu.br\/legadolaclau\/wp-json\/wp\/v2\/pages\/831"}],"wp:attachment":[{"href":"https:\/\/wp.ufpel.edu.br\/legadolaclau\/wp-json\/wp\/v2\/media?parent=837"}],"curies":[{"name":"wp","href":"https:\/\/api.w.org\/{rel}","templated":true}]}}