{"id":834,"date":"2017-10-28T20:36:59","date_gmt":"2017-10-28T22:36:59","guid":{"rendered":"https:\/\/wp.ufpel.edu.br\/legadolaclau\/?page_id=834"},"modified":"2022-07-07T19:35:42","modified_gmt":"2022-07-07T22:35:42","slug":"gt-1-teoria-do-discurso-e-seus-interlocutores","status":"publish","type":"page","link":"https:\/\/wp.ufpel.edu.br\/legadolaclau\/eventos-anteriores\/anais-do-simposio-pos-estruturalismo-e-teoria-sociall\/sumario\/gt-1-teoria-do-discurso-e-seus-interlocutores\/","title":{"rendered":"GT 1 \u2013 Teoria do Discurso e seus Interlocutores"},"content":{"rendered":"<p style=\"font-weight: 400;\"><strong>Coordena\u00e7\u00e3o: Nadir Lara J\u00fanior (USP), Felipe Corral de Freitas (UnB), Kamila Nascimento (UFPel), Murilo Paiotti Dias (UFPel)<\/strong><\/p>\n<p>Alexandre Neves Sapper<br \/>\nToda determina\u00e7\u00e3o \u00e9 nega\u00e7\u00e3o: Uma an\u00e1lise da possibilidade do antagonismo do uno ser ele pr\u00f3prio\u00a0<a href=\"https:\/\/wp.ufpel.edu.br\/legadolaclau\/pt\/eventos-anteriores\/anais-do-simposio-pos-estruturalismo-e-teoria-sociall\/sumario\/gt-1-teoria-do-discurso-e-seus-interlocutores\/alexandre-sapper-2\/\" rel=\"attachment wp-att-918\">PDF<\/a><\/p>\n<p>Nadir Lara Junior<br \/>\nTeoria do discurso, fantasia e psican\u00e1lise\u00a0<a href=\"https:\/\/wp.ufpel.edu.br\/legadolaclau\/pt\/eventos-anteriores\/anais-do-simposio-pos-estruturalismo-e-teoria-sociall\/sumario\/gt-1-teoria-do-discurso-e-seus-interlocutores\/nadir-lara-junior-2\/\" rel=\"attachment wp-att-919\">PDF<\/a><\/p>\n<p>Murilo Dias<br \/>\nA interlocu\u00e7\u00e3o entre a Teoria do Discurso no pluralismo agon\u00edstico de Chantal Mouffe com algumas no\u00e7\u00f5es psicanal\u00edsticas\u00a0<a href=\"https:\/\/wp.ufpel.edu.br\/legadolaclau\/pt\/eventos-anteriores\/anais-do-simposio-pos-estruturalismo-e-teoria-sociall\/sumario\/gt-1-teoria-do-discurso-e-seus-interlocutores\/murilo-dias-2\/\" rel=\"attachment wp-att-920\">PDF<\/a><\/p>\n<p>Mayra Goulart<br \/>\nPirro versus C\u00e9sar: Solu\u00e7\u00f5es agon\u00edsticas sobre a aporia entre soberania popular e direitos humanos\u00a0<a href=\"https:\/\/wp.ufpel.edu.br\/legadolaclau\/pt\/eventos-anteriores\/anais-do-simposio-pos-estruturalismo-e-teoria-sociall\/sumario\/gt-1-teoria-do-discurso-e-seus-interlocutores\/mayra-goulart-2\/\" rel=\"attachment wp-att-921\">PDF<\/a><\/p>\n<p>Hor\u00e1cio Martinez<br \/>\nLaclau e Wittgenstein sobre linguagem, discurso e persuas\u00e3o\u00a0<a href=\"https:\/\/wp.ufpel.edu.br\/legadolaclau\/pt\/eventos-anteriores\/anais-do-simposio-pos-estruturalismo-e-teoria-sociall\/sumario\/gt-1-teoria-do-discurso-e-seus-interlocutores\/horacio-martinez-2\/\" rel=\"attachment wp-att-934\">PDF<\/a><\/p>\n<p>Fernando Modelli<br \/>\nO conceito de Povo no p\u00f3s-estruturalismo: repensando a quest\u00e3o de plebe Brasil\u00a0<a href=\"https:\/\/wp.ufpel.edu.br\/legadolaclau\/pt\/eventos-anteriores\/anais-do-simposio-pos-estruturalismo-e-teoria-sociall\/sumario\/gt-1-teoria-do-discurso-e-seus-interlocutores\/fernando-modelli-2\/\" rel=\"attachment wp-att-922\">PDF<\/a><\/p>\n<p>Felipe Freitas<br \/>\nOs sentidos (conceitos) de liberdade na teoria pol\u00edtica: outra perspectiva a partir da Teoria do Discurso\u00a0<a href=\"https:\/\/wp.ufpel.edu.br\/legadolaclau\/pt\/eventos-anteriores\/anais-do-simposio-pos-estruturalismo-e-teoria-sociall\/sumario\/gt-1-teoria-do-discurso-e-seus-interlocutores\/felipe-freitas-2\/\" rel=\"attachment wp-att-923\">PDF<\/a><\/p>\n<p>Diane Southier<br \/>\nEm defesa de Gramsci: por uma leitura cr\u00edtica de Laclau e Mouffe\u00a0<a href=\"https:\/\/wp.ufpel.edu.br\/legadolaclau\/pt\/eventos-anteriores\/anais-do-simposio-pos-estruturalismo-e-teoria-sociall\/sumario\/gt-1-teoria-do-discurso-e-seus-interlocutores\/diane-southier-3\/\" rel=\"attachment wp-att-924\">PDF<\/a><\/p>\n<p>Camila Batista<br \/>\nA influ\u00eancia de Slavoj \u017di\u017eek no texto de 1992 de Ernesto Laclau\u00a0<a href=\"https:\/\/wp.ufpel.edu.br\/legadolaclau\/pt\/eventos-anteriores\/anais-do-simposio-pos-estruturalismo-e-teoria-sociall\/sumario\/gt-1-teoria-do-discurso-e-seus-interlocutores\/camila-batista-2\/\" rel=\"attachment wp-att-925\">PDF<\/a><\/p>\n<p>Alejandro Varas; Marcela Mandiola<br \/>\nLos Antagonismos nodales: una alternativa al problema de la lucha de clases en Laclau y \u017di\u017eek\u00a0<a href=\"https:\/\/wp.ufpel.edu.br\/legadolaclau\/pt\/eventos-anteriores\/anais-do-simposio-pos-estruturalismo-e-teoria-sociall\/sumario\/gt-1-teoria-do-discurso-e-seus-interlocutores\/alejandro-varas-2\/\" rel=\"attachment wp-att-926\">PDF<\/a><\/p>\n","protected":false},"excerpt":{"rendered":"<p>Coordena\u00e7\u00e3o: Nadir Lara J\u00fanior (USP), Felipe Corral de Freitas (UnB), Kamila Nascimento (UFPel), Murilo Paiotti Dias (UFPel) Alexandre Neves Sapper Toda determina\u00e7\u00e3o \u00e9 nega\u00e7\u00e3o: Uma an\u00e1lise da possibilidade do antagonismo do uno ser ele pr\u00f3prio\u00a0PDF Nadir Lara Junior Teoria do discurso, fantasia e psican\u00e1lise\u00a0PDF Murilo Dias A interlocu\u00e7\u00e3o entre a Teoria do Discurso no pluralismo &hellip; <a href=\"https:\/\/wp.ufpel.edu.br\/legadolaclau\/eventos-anteriores\/anais-do-simposio-pos-estruturalismo-e-teoria-sociall\/sumario\/gt-1-teoria-do-discurso-e-seus-interlocutores\/\" class=\"more-link\">Continue lendo <span class=\"screen-reader-text\">GT 1 \u2013 Teoria do Discurso e seus Interlocutores<\/span> <span class=\"meta-nav\">&rarr;<\/span><\/a><\/p>\n","protected":false},"author":528,"featured_media":0,"parent":831,"menu_order":0,"comment_status":"closed","ping_status":"closed","template":"","meta":{"jetpack_post_was_ever_published":false,"footnotes":""},"class_list":["post-834","page","type-page","status-publish","hentry"],"jetpack_sharing_enabled":true,"jetpack_shortlink":"https:\/\/wp.me\/P8yPuk-ds","jetpack_likes_enabled":true,"publishpress_future_action":{"enabled":false,"date":"2026-04-18 07:44:35","action":"change-status","newStatus":"draft","terms":[],"taxonomy":"","extraData":[]},"publishpress_future_workflow_manual_trigger":{"enabledWorkflows":[]},"_links":{"self":[{"href":"https:\/\/wp.ufpel.edu.br\/legadolaclau\/wp-json\/wp\/v2\/pages\/834","targetHints":{"allow":["GET"]}}],"collection":[{"href":"https:\/\/wp.ufpel.edu.br\/legadolaclau\/wp-json\/wp\/v2\/pages"}],"about":[{"href":"https:\/\/wp.ufpel.edu.br\/legadolaclau\/wp-json\/wp\/v2\/types\/page"}],"author":[{"embeddable":true,"href":"https:\/\/wp.ufpel.edu.br\/legadolaclau\/wp-json\/wp\/v2\/users\/528"}],"replies":[{"embeddable":true,"href":"https:\/\/wp.ufpel.edu.br\/legadolaclau\/wp-json\/wp\/v2\/comments?post=834"}],"version-history":[{"count":19,"href":"https:\/\/wp.ufpel.edu.br\/legadolaclau\/wp-json\/wp\/v2\/pages\/834\/revisions"}],"predecessor-version":[{"id":1830,"href":"https:\/\/wp.ufpel.edu.br\/legadolaclau\/wp-json\/wp\/v2\/pages\/834\/revisions\/1830"}],"up":[{"embeddable":true,"href":"https:\/\/wp.ufpel.edu.br\/legadolaclau\/wp-json\/wp\/v2\/pages\/831"}],"wp:attachment":[{"href":"https:\/\/wp.ufpel.edu.br\/legadolaclau\/wp-json\/wp\/v2\/media?parent=834"}],"curies":[{"name":"wp","href":"https:\/\/api.w.org\/{rel}","templated":true}]}}